{"id":20528,"date":"2024-05-27T22:19:22","date_gmt":"2024-05-27T22:19:22","guid":{"rendered":"http:\/\/dgbellvietnam.com\/san-pham\/traction-battery-drop-tester\/"},"modified":"2024-09-12T16:10:30","modified_gmt":"2024-09-12T09:10:30","slug":"traction-battery-drop-tester","status":"publish","type":"product","link":"https:\/\/dgbellvietnam.com\/en\/san-pham\/traction-battery-drop-tester\/","title":{"rendered":"M\u00e1y th\u1eed nghi\u1ec7m th\u1ea3 pin k\u00e9o"},"content":{"rendered":"<div id=\"tab-description\" class=\"woocommerce-Tabs-panel woocommerce-Tabs-panel--description panel entry-content active\" role=\"tabpanel\" aria-labelledby=\"tab-title-description\">\n<p><strong>C\u00e1c y\u00eau c\u1ea7u ti\u00eau chu\u1ea9n c\u00f3 li\u00ean quan<\/strong><\/p>\n<p>Th\u1eed nghi\u1ec7m an to\u00e0n cho cell l\u01b0u tr\u1eef \u0111\u01a1n<\/p>\n<h4>C\u00e1c b\u01b0\u1edbc th\u1eed nghi\u1ec7m th\u1ea3 r\u01a1i<\/h4>\n<ol>\n<li>S\u1ea1c cell l\u01b0u tr\u1eef \u0111\u01a1n theo 6.1.3<\/li>\n<li>Th\u1ea3 c\u00e1c c\u1ef1c d\u01b0\u01a1ng-\u00e2m c\u1ee7a cell t\u1eeb \u0111\u1ed9 cao 1,5m xu\u1ed1ng s\u00e0n b\u00ea t\u00f4ng\uff1b<\/li>\n<li>Quan s\u00e1t trong 1 gi\u1edd<\/li>\n<\/ol>\n<p><strong>Th\u1eed nghi\u1ec7m an to\u00e0n m\u00f4-\u0111un pin<\/strong><\/p>\n<ol>\n<li>S\u1ea1c m\u00f4-\u0111un pin theo ti\u00eau chu\u1ea9n 6.1.4<\/li>\n<li>Th\u1ea3 c\u00e1c c\u1ef1c d\u01b0\u01a1ng-\u00e2m c\u1ee7a pin t\u1eeb \u0111\u1ed9 cao 1,2m xu\u1ed1ng s\u00e0n b\u00ea t\u00f4ng<\/li>\n<li>Quan s\u00e1t trong 1 gi\u1edd<\/li>\n<\/ol>\n<p><strong>Ti\u00eau chu\u1ea9n<\/strong><\/p>\n<ul>\n<li>UL 2580<\/li>\n<\/ul>\n<p><strong>Th\u00f4ng s\u1ed1 k\u1ef9 thu\u1eadt<\/strong><\/p>\n<table width=\"756\">\n<tbody>\n<tr>\n<td width=\"159\">M\u1eabu<\/td>\n<td width=\"597\">BF-F-315ST<\/td>\n<\/tr>\n<tr>\n<td width=\"159\">Chi\u1ec1u cao th\u1ea3 r\u01a1i<\/td>\n<td width=\"597\">300~1500mm (C\u00f3 th\u1ec3 \u0111i\u1ec1u ch\u1ec9nh)<\/td>\n<\/tr>\n<tr>\n<td width=\"159\">Ch\u1ebf \u0111\u1ed9 hi\u1ec3n th\u1ecb<\/td>\n<td width=\"597\">M\u00e0n h\u00ecnh k\u1ef9 thu\u1eadt s\u1ed1, c\u00f3 th\u1ec3 \u0111i\u1ec1u ch\u1ec9nh<\/td>\n<\/tr>\n<tr>\n<td width=\"159\">T\u1ea3i tr\u1ecdng t\u1ed1i \u0111a<\/td>\n<td width=\"597\">0~70KG (c\u00f3 th\u1ec3 t\u00f9y ch\u1ec9nh 100KG, 200KG, &#8230;)<\/td>\n<\/tr>\n<tr>\n<td width=\"159\">Ph\u01b0\u01a1ng ph\u00e1p th\u1eed nghi\u1ec7m<\/td>\n<td width=\"597\">Th\u1ea3 m\u1eb7t, c\u1ea1nh, g\u00f3c<\/td>\n<\/tr>\n<tr>\n<td width=\"159\">Ph\u01b0\u01a1ng ph\u00e1p \u0111i\u1ec1u khi\u1ec3n<\/td>\n<td width=\"597\">M\u00e1y &amp; B\u1ed9 \u0111i\u1ec1u khi\u1ec3n \u0111i\u1ec1u khi\u1ec3n t\u1eeb xa \u0111\u1ed9c l\u1eadp<\/td>\n<\/tr>\n<tr>\n<td width=\"159\">Ph\u01b0\u01a1ng ph\u00e1p th\u1ea3 &amp; n\u00e2ng<\/td>\n<td width=\"597\">\u0110i\u1ec7n<\/td>\n<\/tr>\n<tr>\n<td width=\"159\">K\u00edch th\u01b0\u1edbc m\u1eabu t\u1ed1i \u0111a<\/td>\n<td width=\"597\">W800 X D600 X H800mm (C\u00f3 th\u1ec3 t\u00f9y ch\u1ec9nh)<\/td>\n<\/tr>\n<tr>\n<td width=\"159\">K\u00edch th\u01b0\u1edbc t\u1ed5ng th\u1ec3<\/td>\n<td width=\"597\">W1200 X D1700 X H2400mm<\/td>\n<\/tr>\n<tr>\n<td width=\"159\">Ch\u1ea5t li\u1ec7u s\u00e0n th\u1ea3 r\u01a1i<\/td>\n<td width=\"597\">T\u1ea5m th\u00e9p ti\u00eau chu\u1ea9n (T\u00f9y ch\u1ecdn: T\u1ea5m xi m\u0103ng, t\u1ea5m \u0111\u00e1 c\u1ea9m th\u1ea1ch, t\u1ea5m g\u1ed7)<\/td>\n<\/tr>\n<tr>\n<td width=\"159\">Ngu\u1ed3n \u0111i\u1ec7n<\/td>\n<td width=\"597\">AC 380V 50HZ\u00a0 0.75KW<\/td>\n<\/tr>\n<tr>\n<td width=\"159\">Tr\u1ecdng l\u01b0\u1ee3ng m\u00e1y<\/td>\n<td width=\"597\">Kho\u1ea3ng 750KG<\/td>\n<\/tr>\n<tr>\n<td width=\"159\">Thi\u1ebft b\u1ecb b\u00e1o \u0111\u1ed9ng an to\u00e0n<\/td>\n<td width=\"597\">R\u00f2 r\u1ec9 \u0111i\u1ec7n, qu\u00e1 nhi\u1ec7t, qu\u00e1 \u00e1p, qu\u00e1 t\u1ea3i, b\u1ea3o v\u1ec7 qu\u00e1 d\u00f2ng, b\u00e1o \u0111\u1ed9ng \u0111\u00e8n \u00e2m thanh b\u1ea5t th\u01b0\u1eddng, b\u00e1o \u0111\u1ed9ng kh\u00f3i, v.v.<\/td>\n<\/tr>\n<tr>\n<td width=\"159\">Thi\u1ebft b\u1ecb b\u1ea3o v\u1ec7 an to\u00e0n<\/td>\n<td width=\"597\">H\u00e0ng r\u00e0o ch\u1ed1ng ch\u00e1y n\u1ed5 bao quanh<\/td>\n<\/tr>\n<\/tbody>\n<\/table>\n<\/div>\n","protected":false},"excerpt":{"rendered":"<p>M\u00e1y th\u1eed nghi\u1ec7m th\u1ea3 pin k\u00e9o m\u00f4 ph\u1ecfng pin t\u1eeb \u0111\u1ed9 cao 1m ~ 1,5m, r\u01a1i xu\u1ed1ng s\u00e0n b\u00ea t\u00f4ng (ho\u1eb7c g\u1ed7 c\u1ee9ng d\u00e0y 30mm), m\u1ed7i pin theo b\u1ea5t k\u1ef3 h\u01b0\u1edbng n\u00e0o (m\u1eb7t, g\u00f3c, c\u1ea1nh) r\u01a1i t\u1ef1 do 3 l\u1ea7n, pin kh\u00f4ng \u0111\u01b0\u1ee3c b\u1eaft l\u1eeda, kh\u00f4ng ph\u00e1t n\u1ed5.<\/p>\n","protected":false},"featured_media":20529,"comment_status":"closed","ping_status":"closed","template":"","meta":[],"product_brand":[],"product_cat":[63,70,72],"product_tag":[],"class_list":{"0":"post-20528","1":"product","2":"type-product","3":"status-publish","4":"has-post-thumbnail","6":"product_cat-buong-thu-nghiem-pin","7":"product_cat-iec-62619","8":"product_cat-ul-2580","10":"first","11":"instock","12":"shipping-taxable","13":"product-type-simple"},"acf":[],"_links":{"self":[{"href":"https:\/\/dgbellvietnam.com\/en\/wp-json\/wp\/v2\/product\/20528","targetHints":{"allow":["GET"]}}],"collection":[{"href":"https:\/\/dgbellvietnam.com\/en\/wp-json\/wp\/v2\/product"}],"about":[{"href":"https:\/\/dgbellvietnam.com\/en\/wp-json\/wp\/v2\/types\/product"}],"replies":[{"embeddable":true,"href":"https:\/\/dgbellvietnam.com\/en\/wp-json\/wp\/v2\/comments?post=20528"}],"wp:featuredmedia":[{"embeddable":true,"href":"https:\/\/dgbellvietnam.com\/en\/wp-json\/wp\/v2\/media\/20529"}],"wp:attachment":[{"href":"https:\/\/dgbellvietnam.com\/en\/wp-json\/wp\/v2\/media?parent=20528"}],"wp:term":[{"taxonomy":"product_brand","embeddable":true,"href":"https:\/\/dgbellvietnam.com\/en\/wp-json\/wp\/v2\/product_brand?post=20528"},{"taxonomy":"product_cat","embeddable":true,"href":"https:\/\/dgbellvietnam.com\/en\/wp-json\/wp\/v2\/product_cat?post=20528"},{"taxonomy":"product_tag","embeddable":true,"href":"https:\/\/dgbellvietnam.com\/en\/wp-json\/wp\/v2\/product_tag?post=20528"}],"curies":[{"name":"wp","href":"https:\/\/api.w.org\/{rel}","templated":true}]}}