{"id":20526,"date":"2024-05-27T22:19:16","date_gmt":"2024-05-27T22:19:16","guid":{"rendered":"http:\/\/dgbellvietnam.com\/san-pham\/battery-crush-nail-penetration-tester\/"},"modified":"2024-09-12T16:19:20","modified_gmt":"2024-09-12T09:19:20","slug":"battery-crush-nail-penetration-tester","status":"publish","type":"product","link":"https:\/\/dgbellvietnam.com\/en\/san-pham\/battery-crush-nail-penetration-tester\/","title":{"rendered":"M\u00e1y th\u1eed \u0111\u00e2m, \u00e9p, nghi\u1ec1n pin"},"content":{"rendered":"<div id=\"tab-description\" class=\"woocommerce-Tabs-panel woocommerce-Tabs-panel--description panel entry-content active\" role=\"tabpanel\" aria-labelledby=\"tab-title-description\">\n<p><strong>\u1ee8ng d\u1ee5ng<\/strong><\/p>\n<p>D\u00f2ng m\u00e1y n\u00e0y c\u1ee7a DGBell \u0111\u01b0\u1ee3c s\u1eed d\u1ee5ng \u0111\u1ec3 m\u00f4 ph\u1ecfng vi\u1ec7c s\u1eed d\u1ee5ng, v\u1eadn chuy\u1ec3n, l\u01b0u v\u00e0 lo\u1ea1i b\u1ecf c\u00e1c lo\u1ea1i pin kh\u00e1c nhau trong \u0111i\u1ec1u ki\u1ec7n nhi\u1ec7t \u0111\u1ed9 nh\u1ea5t \u0111\u1ecbnh khi pin b\u1ecb nghi\u1ec1n \u00e9p (nh\u01b0 n\u00e9n ch\u1eb7t) ho\u1eb7c b\u1ecb \u0111inh xuy\u00ean th\u1ee7ng, v\u00e0 \u0111\u1ec3 \u0111\u00e1nh gi\u00e1 hi\u1ec7u su\u1ea5t an to\u00e0n c\u1ee7a pin. Pin \u0111\u1ea1t \u0111\u01b0\u1ee3c ch\u1ee9ng nh\u1eadn l\u00e0 kh\u00f4ng b\u1ecb ph\u00e2n h\u1ee7y, kh\u00f4ng b\u1ecb v\u1ee1 v\u00e0 kh\u00f4ng ch\u00e1y.<\/p>\n<p><strong>Ti\u00eau chu\u1ea9n<\/strong><\/p>\n<ul>\n<li>UL 2580<\/li>\n<\/ul>\n<p><strong><b>Th\u00f4ng s\u1ed1 k\u1ef9 thu\u1eadt<\/b><\/strong><\/p>\n<div id=\"tablepress-33-scroll-wrapper\" class=\"tablepress-scroll-wrapper\">\n<table id=\"tablepress-33\" class=\"tablepress tablepress-id-33 tablepress-responsive\">\n<thead>\n<tr class=\"row-1 odd\">\n<th class=\"column-1\">M\u1eabu<\/th>\n<th class=\"column-2\">BE-6047C-20T<\/th>\n<th class=\"column-3\">BE-6047C-50T<\/th>\n<\/tr>\n<\/thead>\n<tbody class=\"row-hover\">\n<tr class=\"row-2 even\">\n<td class=\"column-1\">\u00c1p su\u1ea5t (T)<\/td>\n<td class=\"column-2\">20<\/td>\n<td class=\"column-3\">50<\/td>\n<\/tr>\n<tr class=\"row-3 odd\">\n<td class=\"column-1\">C\u1ea5u tr\u00fac<\/td>\n<td class=\"column-2\">D\u1ecdc<\/td>\n<td class=\"column-3\">Ngang<\/td>\n<\/tr>\n<tr class=\"row-4 even\">\n<td class=\"column-1\">Ph\u01b0\u01a1ng ph\u00e1p n\u00e9n<\/td>\n<td class=\"column-2\">D\u1ecdc<\/td>\n<td class=\"column-3\">Ngang<\/td>\n<\/tr>\n<tr class=\"row-5 odd\">\n<td class=\"column-1\">Bu\u1ed3ng<\/td>\n<td class=\"column-2\">C\u1ea5u tr\u00fac d\u1ecdc \u0111\u1ed9c l\u1eadp v\u00e0 h\u1ec7 th\u1ed1ng \u0111i\u1ec1u khi\u1ec3n<\/td>\n<td class=\"column-3\">C\u1ea5u tr\u00fac ngang \u0111\u1ed9c l\u1eadp v\u00e0 h\u1ec7 th\u1ed1ng \u0111i\u1ec1u khi\u1ec3n<\/td>\n<\/tr>\n<tr class=\"row-6 even\">\n<td class=\"column-1\">Kh\u00f4ng gian th\u1eed nghi\u1ec7m<\/td>\n<td class=\"column-2\">W600 X D600 X H400mm<\/td>\n<td class=\"column-3\">W1000 X D1000 X H1000mm<\/td>\n<\/tr>\n<tr class=\"row-7 odd\">\n<td class=\"column-1\">K\u00edch th\u01b0\u1edbc t\u1ed5ng th\u1ec3<\/td>\n<td class=\"column-2\">W1300\u00a0X D870 X H2100mm<\/td>\n<td class=\"column-3\">W3860 X D1230 X H2300mm<\/td>\n<\/tr>\n<tr class=\"row-8 even\">\n<td class=\"column-1\">Ngu\u1ed3n \u0111i\u1ec7n<\/td>\n<td class=\"column-2\" colspan=\"2\">AC380V 50HZ<\/td>\n<\/tr>\n<tr class=\"row-9 odd\">\n<td class=\"column-1\">T\u1ed1c \u0111\u1ed9 n\u00e9n<\/td>\n<td class=\"column-2\" colspan=\"2\">1~400mm\/min\uff08C\u00f3 th\u1ec3 \u0111i\u1ec1u ch\u1ec9nh\uff09<\/td>\n<\/tr>\n<tr class=\"row-10 even\">\n<td class=\"column-1\">T\u1ed1c \u0111\u1ed9 xuy\u00ean \u0111inh<\/td>\n<td class=\"column-2\" colspan=\"2\">1~40mm\/s<\/td>\n<\/tr>\n<tr class=\"row-11 odd\">\n<td class=\"column-1\">Ph\u01b0\u01a1ng ph\u00e1p th\u1eed<\/td>\n<td class=\"column-2\" colspan=\"2\">L\u1ef1c v\u00e0 \u0111\u1ed9 d\u1ecbch chuy\u1ec3n (bi\u1ebfn d\u1ea1ng), \u0111i\u1ec7n \u00e1p ho\u1eb7c k\u1ebft h\u1ee3p c\u1ea3 ba<\/td>\n<\/tr>\n<tr class=\"row-12 even\">\n<td class=\"column-1\">Ph\u01b0\u01a1ng ph\u00e1p \u0111i\u1ec1u khi\u1ec3n<\/td>\n<td class=\"column-2\" colspan=\"2\">\u0110i\u1ec1u khi\u1ec3n t\u1eeb xa b\u1eb1ng m\u00e1y t\u00ednh, l\u1ef1c, \u0111\u1ed9 d\u1ecbch chuy\u1ec3n, \u0111i\u1ec7n \u00e1p t\u1ed5ng ho\u1eb7c \u0111i\u1ec7n \u00e1p \u0111\u01a1n c\u00f3 th\u1ec3 \u0111\u01b0\u1ee3c ho\u00e0n th\u00e0nh \u0111\u1ed9c l\u1eadp ho\u1eb7c k\u1ebft h\u1ee3p th\u00e0nh bi\u1ebfn \u0111i\u1ec1u khi\u1ec3n, th\u1eed nghi\u1ec7m s\u1ebd d\u1eebng l\u1ea1i khi c\u00f3 b\u1ea5t k\u1ef3 \u0111i\u1ec1u ki\u1ec7n n\u00e0o \u0111\u1ea1t \u0111\u1ebfn gi\u00e1 tr\u1ecb \u0111\u00e3 \u0111\u1eb7t.<\/td>\n<\/tr>\n<tr class=\"row-13 odd\">\n<td class=\"column-1\">Ch\u1ebf \u0111\u1ed9 truy\u1ec1n \u0111\u1ed9ng<\/td>\n<td class=\"column-2\" colspan=\"2\">Servo \u0111i\u1ec7n th\u1ee7y l\u1ef1c<\/td>\n<\/tr>\n<tr class=\"row-14 even\">\n<td class=\"column-1\">\u0110\u1ed9 ch\u00ednh x\u00e1c n\u00e9n<\/td>\n<td class=\"column-2\" colspan=\"2\">\u00b10.5%<\/td>\n<\/tr>\n<tr class=\"row-15 odd\">\n<td class=\"column-1\">\u0110\u1ed9 ch\u00ednh x\u00e1c xuy\u00ean \u0111inh<\/td>\n<td class=\"column-2\" colspan=\"2\">\u00b11mm\/s<\/td>\n<\/tr>\n<tr class=\"row-16 even\">\n<td class=\"column-1\">Bi\u1ebfn d\u1ea1ng n\u00e9n<\/td>\n<td class=\"column-2\" colspan=\"2\">0~100% b\u1ed9 nhi\u1ec1u b\u00e1nh r\u0103ng, t\u1ea3i bi\u1ebfn d\u1ea1ng n\u00e9n nhi\u1ec1u l\u1edbp c\u00f3 s\u1eb5n<\/td>\n<\/tr>\n<tr class=\"row-17 odd\">\n<td class=\"column-1\">\u0110\u1ed3 g\u00e1 n\u00e9n<\/td>\n<td class=\"column-2\" colspan=\"2\">\u0110\u1ea7u g\u00e1 n\u00e9n h\u00ecnh d\u1ea1ng \u0111\u1eb7c bi\u1ec7t (300X150mm), T\u1ea5m n\u00e9n ph\u1eb3ng, T\u1ea5m n\u00e9n h\u1ed3 quang (B\u00e1n k\u00ednh 75mm), \u0111\u1ed3 g\u00e1 c\u00f3 k\u00edch th\u01b0\u1edbc kh\u00e1c nhau theo c\u00e1c ti\u00eau chu\u1ea9n kh\u00e1c nhau<\/td>\n<\/tr>\n<tr class=\"row-18 even\">\n<td class=\"column-1\">M\u00f4-\u0111un thu th\u1eadp d\u1eef li\u1ec7u<\/td>\n<td class=\"column-2\" colspan=\"2\">Thu th\u1eadp v\u00e0 c\u00f4 l\u1eadp t\u1eeb xa \u0111\u1ed9c l\u1eadp, K\u00eanh thu th\u1eadp \u0111i\u1ec7n \u00e1p, nhi\u1ec7t \u0111\u1ed9, d\u00f2ng \u0111i\u1ec7n \u0111a k\u00eanh, \u0111\u1ea3m b\u1ea3o d\u1eef li\u1ec7u ch\u00ednh x\u00e1c, T\u1ea7n s\u1ed1 thu th\u1eadp 100HZ<\/td>\n<\/tr>\n<tr class=\"row-19 odd\">\n<td class=\"column-1\">Thi\u1ebft b\u1ecb b\u00e1o \u0111\u1ed9ng an to\u00e0n<\/td>\n<td class=\"column-2\" colspan=\"2\">R\u00f2 r\u1ec9 \u0111i\u1ec7n, qu\u00e1 \u00e1p, qu\u00e1 t\u1ea3i v\u00e0 qu\u00e1 nhi\u1ec7t, b\u1ea3o v\u1ec7 qu\u00e1 d\u00f2ng, b\u00e1o \u0111\u1ed9ng \u00e2m thanh v\u00e0 \u00e1nh s\u00e1ng b\u1ea5t th\u01b0\u1eddng, \u0111\u00e8n b\u00e1o kh\u00f3i, v.v.<\/td>\n<\/tr>\n<tr class=\"row-20 even\">\n<td class=\"column-1\">Thi\u1ebft b\u1ecb an to\u00e0n<\/td>\n<td class=\"column-2\" colspan=\"2\">H\u1ec7 th\u1ed1ng gi\u00e1m s\u00e1t video, h\u1ec7 th\u1ed1ng ph\u00f2ng ch\u1ed1ng ch\u00e1y n\u1ed5 an to\u00e0n, kh\u00f3i, thi\u1ebft b\u1ecb b\u00e1o kh\u00f3i, \u0111\u00e8n ch\u1ed1ng ch\u00e1y n\u1ed5, v.v.<\/td>\n<\/tr>\n<tr class=\"row-21 odd\">\n<td class=\"column-1\">C\u1ea5u h\u00ecnh ti\u00eau chu\u1ea9n<\/td>\n<td class=\"column-2\" colspan=\"2\">Bu\u1ed3ng th\u1eed nghi\u1ec7m \u0111\u00e2m \u00e9p, t\u1ee7 \u0111i\u1ec1u khi\u1ec3n m\u00e1y t\u00ednh, ph\u1ea7n m\u1ec1m \u0111i\u1ec1u khi\u1ec3n, thu th\u1eadp nhi\u1ec7t \u0111\u1ed9 d\u00f2ng \u0111i\u1ec7n \u0111i\u1ec7n \u00e1p h\u1ec7 th\u1ed1ng, thi\u1ebft b\u1ecb \u00e9p, h\u1ec7 th\u1ed1ng gi\u00e1m s\u00e1t video, h\u1ec7 th\u1ed1ng ch\u1eefa ch\u00e1y, m\u00e1y t\u00ednh, v.v. M\u1ed7i m\u1ed9t b\u1ed9.<\/td>\n<\/tr>\n<\/tbody>\n<\/table>\n<p>&nbsp;<\/p>\n<\/div>\n<\/div>\n","protected":false},"excerpt":{"rendered":"<p>Th\u1eed nghi\u1ec7m pin trong \u0111i\u1ec1u ki\u1ec7n nh\u1ea5t \u0111\u1ecbnh b\u1eb1ng c\u00e1ch n\u00e9n \u00e9p v\u00e0 \u0111\u00f3ng \u0111inh l\u00ean pin \u0111\u1ec3 ch\u1ee9ng minh hi\u1ec7u su\u1ea5t an to\u00e0n c\u1ee7a pin.<\/p>\n","protected":false},"featured_media":20527,"comment_status":"closed","ping_status":"closed","template":"","meta":[],"product_brand":[],"product_cat":[63],"product_tag":[],"class_list":{"0":"post-20526","1":"product","2":"type-product","3":"status-publish","4":"has-post-thumbnail","6":"product_cat-buong-thu-nghiem-pin","8":"first","9":"instock","10":"shipping-taxable","11":"product-type-simple"},"acf":[],"_links":{"self":[{"href":"https:\/\/dgbellvietnam.com\/en\/wp-json\/wp\/v2\/product\/20526","targetHints":{"allow":["GET"]}}],"collection":[{"href":"https:\/\/dgbellvietnam.com\/en\/wp-json\/wp\/v2\/product"}],"about":[{"href":"https:\/\/dgbellvietnam.com\/en\/wp-json\/wp\/v2\/types\/product"}],"replies":[{"embeddable":true,"href":"https:\/\/dgbellvietnam.com\/en\/wp-json\/wp\/v2\/comments?post=20526"}],"wp:featuredmedia":[{"embeddable":true,"href":"https:\/\/dgbellvietnam.com\/en\/wp-json\/wp\/v2\/media\/20527"}],"wp:attachment":[{"href":"https:\/\/dgbellvietnam.com\/en\/wp-json\/wp\/v2\/media?parent=20526"}],"wp:term":[{"taxonomy":"product_brand","embeddable":true,"href":"https:\/\/dgbellvietnam.com\/en\/wp-json\/wp\/v2\/product_brand?post=20526"},{"taxonomy":"product_cat","embeddable":true,"href":"https:\/\/dgbellvietnam.com\/en\/wp-json\/wp\/v2\/product_cat?post=20526"},{"taxonomy":"product_tag","embeddable":true,"href":"https:\/\/dgbellvietnam.com\/en\/wp-json\/wp\/v2\/product_tag?post=20526"}],"curies":[{"name":"wp","href":"https:\/\/api.w.org\/{rel}","templated":true}]}}