{"id":20521,"date":"2024-05-27T22:19:04","date_gmt":"2024-05-27T22:19:04","guid":{"rendered":"http:\/\/dgbellvietnam.com\/san-pham\/cell-battery-crush-test-equipment-vertical\/"},"modified":"2024-09-13T10:27:26","modified_gmt":"2024-09-13T03:27:26","slug":"cell-battery-crush-test-equipment-vertical","status":"publish","type":"product","link":"https:\/\/dgbellvietnam.com\/en\/san-pham\/cell-battery-crush-test-equipment-vertical\/","title":{"rendered":"Thi\u1ebft b\u1ecb th\u1eed nghi\u1ec7m \u0111\u1ed9 n\u00e9n c\u1ee7a cell pin (d\u1ecdc)"},"content":{"rendered":"<div id=\"tab-description\" class=\"woocommerce-Tabs-panel woocommerce-Tabs-panel--description panel entry-content active\" role=\"tabpanel\" aria-labelledby=\"tab-title-description\">\n<p><strong>T\u00ednh n\u0103ng ch\u00ednh<\/strong><\/p>\n<ol>\n<li>C\u00f3 s\u1eb5n xuy\u00ean \u0111inh t\u1ed1c \u0111\u1ed9 cao, l\u00ean \u0111\u1ebfn 200mm\/gi\u00e2y. (C\u00f4ng ngh\u1ec7 \u0111\u01b0\u1ee3c c\u1ea5p b\u1eb1ng s\u00e1ng ch\u1ebf)<\/li>\n<li>Quy tr\u00ecnh c\u00f3 \u0111\u1ed9 ch\u00ednh x\u00e1c cao: Truy\u1ec1n \u0111\u1ed9ng servo \u0111i\u1ec7n (\u00c1p su\u1ea5t \u2264 10 t\u1ea5n), Truy\u1ec1n \u0111\u1ed9ng servo \u0111i\u1ec7n th\u1ee7y l\u1ef1c (\u00c1p su\u1ea5t&gt; 10 t\u1ea5n)<\/li>\n<li>Ki\u1ec3m so\u00e1t &amp; Thu th\u1eadp: Thu th\u1eadp d\u1eef li\u1ec7u th\u1eddi gian th\u1ef1c t\u00edch h\u1ee3p \u0111\u1ed9c \u0111\u00e1o, t\u1ea5t c\u1ea3 d\u1eef li\u1ec7u hi\u1ec3n th\u1ecb trong m\u1ed9t b\u1ea3ng \u0111i\u1ec1u khi\u1ec3n, ki\u1ec3m so\u00e1t ch\u00ednh x\u00e1c trong to\u00e0n b\u1ed9 qu\u00e1 tr\u00ecnh.<\/li>\n<li>H\u1ec7 th\u1ed1ng gi\u00e1m s\u00e1t: Gi\u00e1m s\u00e1t nhi\u1ec7t \u0111\u1ed9 d\u1ea7u th\u1ee7y l\u1ef1c, \u0111\u1ea3m b\u1ea3o an to\u00e0n cho thi\u1ebft b\u1ecb trong qu\u00e1 tr\u00ecnh th\u1eed nghi\u1ec7m nghi\u1ec1n ngay c\u1ea3 khi x\u1ea3y ra n\u1ed5.<\/li>\n<li>\u0110i\u1ec1u khi\u1ec3n t\u1eeb xa: \u0110i\u1ec1u khi\u1ec3n t\u1eeb xa b\u1eb1ng PC l\u00ean \u0111\u1ebfn 10 m\u00e9t, \u0111\u1ea3m b\u1ea3o an to\u00e0n cho ng\u01b0\u1eddi v\u1eadn h\u00e0nh.<\/li>\n<\/ol>\n<p><img fetchpriority=\"high\" decoding=\"async\" class=\"alignnone wp-image-1347\" title=\"cell-battery-crush-test-equipmentvertical3-300x101-png\" src=\"http:\/\/dgbellvietnam.com\/wp-content\/uploads\/2024\/05\/cell-battery-crush-test-equipmentvertical3-300x101-png.webp\" width=\"594\" height=\"200\" data-lazyloaded=\"1\" data-src=\"data:image\/svg+xml;base64,PHN2ZyB4bWxucz0iaHR0cHM6Ly93d3cudzMub3JnLzIwMDAvc3ZnIiB3aWR0aD0iNTk0IiBoZWlnaHQ9IjIwMCIgdmlld0JveD0iMCAwIDU5NCAyMDAiPjxyZWN0IHdpZHRoPSIxMDAlIiBoZWlnaHQ9IjEwMCUiIHN0eWxlPSJmaWxsOiNjZmQ0ZGI7ZmlsbC1vcGFjaXR5OiAwLjE7Ii8+PC9zdmc+\" data-srcset=\"http:\/\/dgbellvietnam.com\/wp-content\/uploads\/2024\/05\/cell-battery-crush-test-equipmentvertical3-300x101-png.webp 300w, https:\/\/belltestchamber.com\/wp-content\/uploads\/2019\/04\/Cell-Battery-Crush-Test-EquipmentVertical3-510x172.png.webp 510w, https:\/\/belltestchamber.com\/wp-content\/uploads\/2019\/04\/Cell-Battery-Crush-Test-EquipmentVertical3.png.webp 529w\" data-sizes=\"(max-width: 594px) 100vw, 594px\" \/><\/p>\n<p><strong>Ti\u00eau chu\u1ea9n<\/strong><\/p>\n<ul>\n<li>UL 2580<\/li>\n<li>ECE R100<\/li>\n<\/ul>\n<p><strong>Th\u00f4ng s\u1ed1 k\u1ef9 thu\u1eadt<\/strong><\/p>\n<div id=\"tablepress-31-scroll-wrapper\" class=\"tablepress-scroll-wrapper\">\n<table id=\"tablepress-31\" class=\"tablepress tablepress-id-31 tablepress-responsive\">\n<thead>\n<tr class=\"row-1 odd\">\n<th class=\"column-1\">M\u1eabu<\/th>\n<th class=\"column-2\">BE-6045C-20T<\/th>\n<th class=\"column-3\">BE-6045C-50T<\/th>\n<\/tr>\n<\/thead>\n<tbody class=\"row-hover\">\n<tr class=\"row-2 even\">\n<td class=\"column-1\">\u00c1p su\u1ea5t\uff08T\uff09<\/td>\n<td class=\"column-2\">20<\/td>\n<td class=\"column-3\">50<\/td>\n<\/tr>\n<tr class=\"row-3 odd\">\n<td class=\"column-1\">C\u1ea5u tr\u00fac<\/td>\n<td class=\"column-2\">Ki\u1ec3u d\u1ecdc<\/td>\n<td class=\"column-3\">Ki\u1ec3u d\u1ecdc<\/td>\n<\/tr>\n<tr class=\"row-4 even\">\n<td class=\"column-1\">Ph\u01b0\u01a1ng ph\u00e1p n\u00e9n<\/td>\n<td class=\"column-2\">D\u1ecdc<\/td>\n<td class=\"column-3\">D\u1ecdc<\/td>\n<\/tr>\n<tr class=\"row-5 odd\">\n<td class=\"column-1\">Bu\u1ed3ng<\/td>\n<td class=\"column-2\">M\u00e1y th\u1eed nghi\u1ec7m v\u00e0 h\u1ec7 th\u1ed1ng \u0111i\u1ec1u khi\u1ec3n d\u1ecdc \u0111\u1ed9c l\u1eadp<\/td>\n<td class=\"column-3\">M\u00e1y th\u1eed nghi\u1ec7m v\u00e0 h\u1ec7 th\u1ed1ng \u0111i\u1ec1u khi\u1ec3n d\u1ecdc \u0111\u1ed9c l\u1eadp<\/td>\n<\/tr>\n<tr class=\"row-6 even\">\n<td class=\"column-1\">Kh\u00f4ng gian th\u1eed nghi\u1ec7m<\/td>\n<td class=\"column-2\">W600 X D600 X H400mm<\/td>\n<td class=\"column-3\">W600 X D600 X H400mm<\/td>\n<\/tr>\n<tr class=\"row-7 odd\">\n<td class=\"column-1\">K\u00edch th\u01b0\u1edbc t\u1ed5ng th\u1ec3<\/td>\n<td class=\"column-2\" colspan=\"2\">W1300\u00a0X D800 X H2100mm<\/td>\n<\/tr>\n<tr class=\"row-8 even\">\n<td class=\"column-1\">Ngu\u1ed3n \u0111i\u1ec7n<\/td>\n<td class=\"column-2\" colspan=\"2\">AC380V 50HZ<\/td>\n<\/tr>\n<tr class=\"row-9 odd\">\n<td class=\"column-1\">T\u1ed1c \u0111\u1ed9 n\u00e9n<\/td>\n<td class=\"column-2\" colspan=\"2\">1~400mm\/ph\u00fat\uff08C\u00f3 th\u1ec3 ki\u1ec3m so\u00e1t\uff09<\/td>\n<\/tr>\n<tr class=\"row-10 even\">\n<td class=\"column-1\">\u0110i\u1ec1u ki\u1ec7n th\u1eed nghi\u1ec7m<\/td>\n<td class=\"column-2\" colspan=\"2\">L\u1ef1c, \u0111\u1ed9 d\u1ecbch chuy\u1ec3n\uff08bi\u1ebfn d\u1ea1ng), \u0111i\u1ec7n \u00e1p, m\u1ed9t trong ba k\u1ebft h\u1ee3p<\/td>\n<\/tr>\n<tr class=\"row-11 odd\">\n<td class=\"column-1\">Ph\u01b0\u01a1ng ph\u00e1p \u0111i\u1ec1u khi\u1ec3n<\/td>\n<td class=\"column-2\" colspan=\"2\">\u0110i\u1ec1u khi\u1ec3n t\u1eeb xa b\u1eb1ng m\u00e1y t\u00ednh<\/td>\n<\/tr>\n<tr class=\"row-12 even\">\n<td class=\"column-1\">Ph\u01b0\u01a1ng ph\u00e1p truy\u1ec1n \u0111\u1ed9ng<\/td>\n<td class=\"column-2\" colspan=\"2\">Servo th\u1ee7y l\u1ef1c \u0111i\u1ec7n<\/td>\n<\/tr>\n<tr class=\"row-13 odd\">\n<td class=\"column-1\">\u0110\u1ed9 ch\u00ednh x\u00e1c n\u00e9n<\/td>\n<td class=\"column-2\" colspan=\"2\">\u00b10.5%<\/td>\n<\/tr>\n<tr class=\"row-14 even\">\n<td class=\"column-1\">Bi\u1ebfn d\u1ea1ng n\u00e9n<\/td>\n<td class=\"column-2\" colspan=\"2\">0~100% b\u1ed9 b\u00e1nh r\u0103ng \u0111a c\u1ea5p\uff0cc\u00f3 s\u1eb5n cho bi\u1ebfn d\u1ea1ng nghi\u1ec1n nhi\u1ec1u l\u1edbp<\/td>\n<\/tr>\n<tr class=\"row-15 odd\">\n<td class=\"column-1\">K\u00eanh thu th\u1eadp \u0111i\u1ec7n \u00e1p ch\u00ednh<\/td>\n<td class=\"column-2\" colspan=\"2\">1 k\u00eanh<\/td>\n<\/tr>\n<tr class=\"row-16 even\">\n<td class=\"column-1\">\u0110\u1ed3 g\u00e1 n\u00e9n<\/td>\n<td class=\"column-2\" colspan=\"2\">\u0110\u1ea7u n\u00e9n n\u1eeda xi lanh c\u00f3 b\u00e1n k\u00ednh 75mm, \u0111\u1ed3 g\u00e1 c\u00f3 k\u00edch th\u01b0\u1edbc kh\u00e1c nhau theo c\u00e1c ti\u00eau chu\u1ea9n kh\u00e1c nhau<\/td>\n<\/tr>\n<tr class=\"row-17 odd\">\n<td class=\"column-1\">M\u00f4-\u0111un thu th\u1eadp d\u1eef li\u1ec7u<\/td>\n<td class=\"column-2\" colspan=\"2\">L\u1ea5y m\u1eabu t\u1eeb xa \u0111\u1ed9c l\u1eadp, nhi\u1ec1u \u0111i\u1ec7n \u00e1p, nhi\u1ec7t \u0111\u1ed9, k\u00eanh thu th\u1eadp d\u00f2ng \u0111i\u1ec7n (t\u00f9y ch\u1ecdn); T\u1ea7n s\u1ed1 thu th\u1eadp 100Hz<\/td>\n<\/tr>\n<tr class=\"row-18 even\">\n<td class=\"column-1\">Thi\u1ebft b\u1ecb b\u00e1o \u0111\u1ed9ng an to\u00e0n<\/td>\n<td class=\"column-2\" colspan=\"2\">R\u00f2 r\u1ec9 \u0111i\u1ec7n, qu\u00e1 nhi\u1ec7t, qu\u00e1 \u00e1p, qu\u00e1 t\u1ea3i, b\u1ea3o v\u1ec7 qu\u00e1 d\u00f2ng, b\u00e1o \u0111\u1ed9ng \u00e2m thanh b\u1ea5t th\u01b0\u1eddng, b\u00e1o \u0111\u1ed9ng kh\u00f3i, v.v.<\/td>\n<\/tr>\n<tr class=\"row-19 odd\">\n<td class=\"column-1\">Thi\u1ebft b\u1ecb an to\u00e0n<\/td>\n<td class=\"column-2\" colspan=\"2\">H\u1ec7 th\u1ed1ng gi\u00e1m s\u00e1t camera, h\u1ec7 th\u1ed1ng b\u1ea3o v\u1ec7 an to\u00e0n v\u00e0 ch\u1ed1ng ch\u00e1y n\u1ed5, h\u1ec7 th\u1ed1ng ph\u00e1t th\u1ea3i kh\u00f3i, thi\u1ebft b\u1ecb b\u00e1o kh\u00f3i, thi\u1ebft b\u1ecb chi\u1ebfu s\u00e1ng ch\u1ed1ng ch\u00e1y n\u1ed5, v.v.<\/td>\n<\/tr>\n<tr class=\"row-20 even\">\n<td class=\"column-1\">C\u1ea5u h\u00ecnh ti\u00eau chu\u1ea9n<\/td>\n<td class=\"column-2\" colspan=\"2\">M\u00e1y n\u00e9n, t\u1ee7 m\u00e1y t\u00ednh, ph\u1ea7n m\u1ec1m \u0111i\u1ec1u khi\u1ec3n, h\u1ec7 th\u1ed1ng l\u1ea5y m\u1eabu nhi\u1ec7t \u0111\u1ed9 d\u00f2ng \u0111i\u1ec7n \u00e1p, \u0111\u1ed3 g\u00e1 n\u00e9n, h\u1ec7 th\u1ed1ng gi\u00e1m s\u00e1t camera, h\u1ec7 th\u1ed1ng ch\u1eefa ch\u00e1y, m\u00e1y t\u00ednh<\/td>\n<\/tr>\n<\/tbody>\n<\/table>\n<\/div>\n<\/div>\n","protected":false},"excerpt":{"rendered":"<p>T\u00ednh n\u0103ng ch\u00ednh C\u00f3 s\u1eb5n xuy\u00ean \u0111inh t\u1ed1c \u0111\u1ed9 cao, l\u00ean \u0111\u1ebfn 200mm\/gi\u00e2y. (C\u00f4ng ngh\u1ec7 \u0111\u01b0\u1ee3c c\u1ea5p b\u1eb1ng s\u00e1ng ch\u1ebf) Quy tr\u00ecnh c\u00f3 \u0111\u1ed9 ch\u00ednh x\u00e1c cao: Truy\u1ec1n \u0111\u1ed9ng servo \u0111i\u1ec7n (\u00c1p su\u1ea5t \u2264 10 t\u1ea5n), Truy\u1ec1n \u0111\u1ed9ng servo \u0111i\u1ec7n th\u1ee7y l\u1ef1c (\u00c1p su\u1ea5t&gt; 10 t\u1ea5n) Ki\u1ec3m so\u00e1t &amp; Thu th\u1eadp: Thu th\u1eadp d\u1eef li\u1ec7u<\/p>\n","protected":false},"featured_media":20522,"comment_status":"closed","ping_status":"closed","template":"","meta":[],"product_brand":[],"product_cat":[63,69],"product_tag":[],"class_list":{"0":"post-20521","1":"product","2":"type-product","3":"status-publish","4":"has-post-thumbnail","6":"product_cat-buong-thu-nghiem-pin","7":"product_cat-ece-r100","9":"first","10":"instock","11":"shipping-taxable","12":"product-type-simple"},"acf":[],"_links":{"self":[{"href":"https:\/\/dgbellvietnam.com\/en\/wp-json\/wp\/v2\/product\/20521","targetHints":{"allow":["GET"]}}],"collection":[{"href":"https:\/\/dgbellvietnam.com\/en\/wp-json\/wp\/v2\/product"}],"about":[{"href":"https:\/\/dgbellvietnam.com\/en\/wp-json\/wp\/v2\/types\/product"}],"replies":[{"embeddable":true,"href":"https:\/\/dgbellvietnam.com\/en\/wp-json\/wp\/v2\/comments?post=20521"}],"wp:featuredmedia":[{"embeddable":true,"href":"https:\/\/dgbellvietnam.com\/en\/wp-json\/wp\/v2\/media\/20522"}],"wp:attachment":[{"href":"https:\/\/dgbellvietnam.com\/en\/wp-json\/wp\/v2\/media?parent=20521"}],"wp:term":[{"taxonomy":"product_brand","embeddable":true,"href":"https:\/\/dgbellvietnam.com\/en\/wp-json\/wp\/v2\/product_brand?post=20521"},{"taxonomy":"product_cat","embeddable":true,"href":"https:\/\/dgbellvietnam.com\/en\/wp-json\/wp\/v2\/product_cat?post=20521"},{"taxonomy":"product_tag","embeddable":true,"href":"https:\/\/dgbellvietnam.com\/en\/wp-json\/wp\/v2\/product_tag?post=20521"}],"curies":[{"name":"wp","href":"https:\/\/api.w.org\/{rel}","templated":true}]}}