{"id":20519,"date":"2024-05-27T22:18:58","date_gmt":"2024-05-27T22:18:58","guid":{"rendered":"http:\/\/dgbellvietnam.com\/san-pham\/thermal-abuse-test-chamber-test-battery-module\/"},"modified":"2024-09-13T15:37:28","modified_gmt":"2024-09-13T08:37:28","slug":"thermal-abuse-test-chamber-test-battery-module","status":"publish","type":"product","link":"https:\/\/dgbellvietnam.com\/en\/san-pham\/thermal-abuse-test-chamber-test-battery-module\/","title":{"rendered":"Bu\u1ed3ng th\u1eed nghi\u1ec7m l\u1ea1m d\u1ee5ng nhi\u1ec7t \u2013 M\u00f4-\u0111un pin th\u1eed nghi\u1ec7m"},"content":{"rendered":"<div id=\"tab-description\" class=\"woocommerce-Tabs-panel woocommerce-Tabs-panel--description panel entry-content active\" role=\"tabpanel\" aria-labelledby=\"tab-title-description\">\n<p><strong>Ti\u00eau chu\u1ea9n<\/strong><\/p>\n<ul>\n<li>IEC 62133<\/li>\n<li>IEC 62619<\/li>\n<li>UL 1642<\/li>\n<\/ul>\n<p><strong>Y\u00eau c\u1ea7u ti\u00eau chu\u1ea9n c\u00f3 li\u00ean quan<\/strong><\/p>\n<h4>Th\u1eed nghi\u1ec7m an to\u00e0n cell l\u01b0u tr\u1eef<\/h4>\n<p>C\u00e1c b\u01b0\u1edbc th\u1eed nghi\u1ec7m gia nhi\u1ec7t:<\/p>\n<ul>\n<li>S\u1ea1c pin theo ti\u00eau chu\u1ea9n 6.1.3<\/li>\n<li>\u0110\u1eb7t pin v\u00e0o bu\u1ed3ng<\/li>\n<\/ul>\n<p>\u2013\u0110\u1ed1i v\u1edbi pin l\u01b0u tr\u1eef lithium, nhi\u1ec7t \u0111\u1ed9 l\u00f2 \u0111\u01b0\u1ee3c t\u0103ng v\u1edbi t\u1ed1c \u0111\u1ed9 5\u2103\/ph\u00fat \u0111\u1ebfn nhi\u1ec7t \u0111\u1ed9 130\u2103\u00b12\u2103, duy tr\u00ec nhi\u1ec7t \u0111\u1ed9 n\u00e0y trong 30 ph\u00fat, sau \u0111\u00f3 d\u1eebng gia nhi\u1ec7t.<\/p>\n<p>\u2013\u0110\u1ed1i v\u1edbi pin niken xyanua kim lo\u1ea1i, nhi\u1ec7t \u0111\u1ed9 l\u00f2 \u0111\u01b0\u1ee3c t\u0103ng v\u1edbi t\u1ed1c \u0111\u1ed9 5\u2103\/ph\u00fat \u0111\u1ebfn nhi\u1ec7t \u0111\u1ed9 85\u2103\u00b12\u2103, duy tr\u00ec nhi\u1ec7t \u0111\u1ed9 n\u00e0y trong 2 gi\u1edd, sau \u0111\u00f3 d\u1eebng gia nhi\u1ec7t.<\/p>\n<ul>\n<li>Quan s\u00e1t trong 1 gi\u1edd<\/li>\n<\/ul>\n<h4>Th\u1eed nghi\u1ec7m an to\u00e0n m\u00f4-\u0111un pin l\u01b0u tr\u1eef<\/h4>\n<ul>\n<li>S\u1ea1c m\u00f4-\u0111un pin theo ti\u00eau chu\u1ea9n 6.1.4<\/li>\n<li>\u0110\u1eb7t v\u00e0o bu\u1ed3ng<\/li>\n<\/ul>\n<p>&#8211; \u0110\u1ed1i v\u1edbi pin l\u01b0u tr\u1eef lithium, nhi\u1ec7t \u0111\u1ed9 l\u00f2 \u0111\u01b0\u1ee3c t\u0103ng v\u1edbi t\u1ed1c \u0111\u1ed9 5\u2103\/ph\u00fat l\u00ean nhi\u1ec7t \u0111\u1ed9 130\u2103\u00b12\u2103, duy tr\u00ec nhi\u1ec7t \u0111\u1ed9 n\u00e0y trong 30 ph\u00fat, sau \u0111\u00f3 d\u1eebng gia nhi\u1ec7t.<\/p>\n<p>\u2013 \u0110\u1ed1i v\u1edbi pin niken xyanua kim lo\u1ea1i, nhi\u1ec7t \u0111\u1ed9 l\u00f2 \u0111\u01b0\u1ee3c t\u0103ng v\u1edbi t\u1ed1c \u0111\u1ed9 5\u2103\/ph\u00fat l\u00ean nhi\u1ec7t \u0111\u1ed9 85\u2103\u00b12\u2103, duy tr\u00ec nhi\u1ec7t \u0111\u1ed9 n\u00e0y trong 2 gi\u1edd, sau \u0111\u00f3 d\u1eebng gia nhi\u1ec7t.<\/p>\n<ul>\n<li>Quan s\u00e1t trong 1 gi\u1edd<\/li>\n<\/ul>\n<p><strong><b>Th\u00f4ng s\u1ed1 k\u1ef9 thu\u1eadt<\/b><\/strong><\/p>\n<table style=\"height: 524px;\" width=\"621\">\n<tbody>\n<tr>\n<td width=\"72\">M\u1eabu<\/td>\n<td width=\"72\">BE-101-1000A<\/td>\n<\/tr>\n<tr>\n<td width=\"72\">D\u1ea3i nhi\u1ec7t \u0111\u1ed9<\/td>\n<td width=\"72\">M\u00f4i tr\u01b0\u1eddng xung quanh \u2013 200\u2103 (C\u00f3 th\u1ec3 ki\u1ec3m so\u00e1t)<\/td>\n<\/tr>\n<tr>\n<td width=\"72\">\u0110\u1ed9 ch\u00ednh x\u00e1c \u0111i\u1ec1u khi\u1ebfn<\/td>\n<td width=\"72\">\u00b10.5\u2103<\/td>\n<\/tr>\n<tr>\n<td width=\"72\">\u0110\u1ed9 \u0111\u1ed3ng \u0111\u1ec1u nhi\u1ec7t \u0111\u1ed9<\/td>\n<td width=\"72\">\u00b12.0\u2103(\u00a0No load)<\/td>\n<\/tr>\n<tr>\n<td width=\"72\">T\u1ed1c \u0111\u1ed9 t\u0103ng nhi\u1ec7t<\/td>\n<td width=\"72\">RT \u2013 150\u2103 (\u22675\u2103\/ph\u00fat, l\u1edbp l\u00f3t c\u00f3 t\u1ea3i tr\u1ecdng 40kg module)<\/td>\n<\/tr>\n<tr>\n<td width=\"72\">Nhi\u1ec7t \u0111\u1ed9 v\u01b0\u1ee3t ng\u01b0\u1ee1ng<\/td>\n<td width=\"72\">\u22662.0\u2103<\/td>\n<\/tr>\n<tr>\n<td rowspan=\"2\" width=\"72\">Ph\u01b0\u01a1ng ph\u00e1p hi\u1ec3n th\u1ecb \u0111i\u1ec1u khi\u1ec3n<\/td>\n<td width=\"72\">PLC M\u00e0n h\u00ecnh c\u1ea3m \u1ee9ng + \u0111i\u1ec1u khi\u1ec3n t\u1eeb xa, k\u1ebft n\u1ed1i m\u1ea1ng,<\/td>\n<\/tr>\n<tr>\n<td width=\"72\">Thi\u1ebft b\u1ecb b\u00e1o \u0111\u1ed9ng APP \u0111i\u1ec7n tho\u1ea1i di \u0111\u1ed9ng, c\u00f3 giao di\u1ec7n USB, giao di\u1ec7n R485 c\u00f3 th\u1ec3 k\u1ebft n\u1ed1i v\u1edbi m\u00e1y t\u00ednh \u0111i\u1ec1u khi\u1ec3n.<\/td>\n<\/tr>\n<tr>\n<td width=\"72\">K\u00edch th\u01b0\u1edbc ph\u00f2ng th\u1eed nghi\u1ec7m<\/td>\n<td width=\"72\">W1000 X D1000 X H1000 mm<\/td>\n<\/tr>\n<tr>\n<td width=\"72\">K\u00edch th\u01b0\u1edbc bu\u1ed3ng ngo\u00e0i<\/td>\n<td width=\"72\">W1400 X D1300 X H1840 mm<\/td>\n<\/tr>\n<tr>\n<td width=\"72\">Ch\u1ea5t li\u1ec7u bu\u1ed3ng trong<\/td>\n<td width=\"72\">Th\u00e9p kh\u00f4ng g\u1ec9 SUS304 (Ho\u00e0n thi\u1ec7n g\u01b0\u01a1ng)<\/td>\n<\/tr>\n<tr>\n<td width=\"72\">Ch\u1ea5t li\u1ec7u bu\u1ed3ng ngo\u00e0i<\/td>\n<td width=\"72\">T\u1ea5m th\u00e9p SECC, S\u01a1n t\u0129nh \u0111i\u1ec7n<\/td>\n<\/tr>\n<tr>\n<td width=\"72\">T\u1ea7ng h\u1ea7m<\/td>\n<td width=\"72\">C\u00f3 b\u00e1nh xe v\u1ea1n n\u0103ng<\/td>\n<\/tr>\n<tr>\n<td width=\"72\">C\u1eeda s\u1ed5 quan s\u00e1t<\/td>\n<td width=\"72\">390 X 360mm (K\u00ednh c\u01b0\u1eddng l\u1ef1c ch\u1ed1ng n\u1ed5 20mm)<\/td>\n<\/tr>\n<tr>\n<td width=\"72\">Ngu\u1ed3n \u0111i\u1ec7n<\/td>\n<td width=\"72\">380V 50HZ<\/td>\n<\/tr>\n<tr>\n<td width=\"72\">C\u00f4ng su\u1ea5t gia nhi\u1ec7t<\/td>\n<td width=\"72\">Kho\u1ea3ng 12 KW<\/td>\n<\/tr>\n<tr>\n<td rowspan=\"2\" width=\"72\">Thi\u1ebft b\u1ecb b\u1ea3o v\u1ec7 an to\u00e0n<\/td>\n<td width=\"72\">B\u1ea3o v\u1ec7 qu\u00e1 \u00e1p, qu\u00e1 nhi\u1ec7t, qu\u00e1 d\u00f2ng.<\/td>\n<\/tr>\n<tr>\n<td width=\"72\">b\u1ea3o v\u1ec7 ch\u1ed1ng \u0111o\u1ea3n m\u1ea1ch do v\u1eadn h\u00e0nh kh\u00f4ng \u0111\u00fang c\u00e1ch c\u1ee7a \u0111i\u1ec7n c\u1ef1c b\u1ed9 \u0111i\u1ec1u khi\u1ec3n v\u00e0 pin, k\u1ebft n\u1ed1i c\u1ef1c d\u01b0\u01a1ng v\u00e0 c\u1ef1c \u00e2m c\u1ee7a pin, v.v.<\/td>\n<\/tr>\n<tr>\n<td width=\"72\">Thi\u1ebft b\u1ecb an to\u00e0n<\/td>\n<td width=\"72\">H\u1ec7 th\u1ed1ng x\u1ea3 kh\u00f3i, c\u1ed5ng gi\u1ea3m \u00e1p ch\u1ed1ng ch\u00e1y n\u1ed5, \u0111\u00e8n b\u00e1o ba m\u00e0u.<\/td>\n<\/tr>\n<\/tbody>\n<\/table>\n<\/div>\n","protected":false},"excerpt":{"rendered":"<p>Bu\u1ed3ng th\u1eed nghi\u1ec7m ch\u1ed1ng l\u1ea1m d\u1ee5ng nhi\u1ec7t b\u1ea3o v\u1ec7 ch\u1ed1ng ng\u1eafn m\u1ea1ch do ho\u1ea1t \u0111\u1ed9ng kh\u00f4ng \u0111\u00fang c\u1ee7a b\u1ed9 \u0111i\u1ec1u khi\u1ec3n v\u00e0 \u0111i\u1ec7n c\u1ef1c pin, k\u1ebft n\u1ed1i c\u1ef1c d\u01b0\u01a1ng v\u00e0 c\u1ef1c \u00e2m c\u1ee7a pin, v.v.<\/p>\n","protected":false},"featured_media":20520,"comment_status":"closed","ping_status":"closed","template":"","meta":[],"product_brand":[],"product_cat":[63,70],"product_tag":[],"class_list":{"0":"post-20519","1":"product","2":"type-product","3":"status-publish","4":"has-post-thumbnail","6":"product_cat-buong-thu-nghiem-pin","7":"product_cat-iec-62619","9":"first","10":"instock","11":"shipping-taxable","12":"product-type-simple"},"acf":[],"_links":{"self":[{"href":"https:\/\/dgbellvietnam.com\/en\/wp-json\/wp\/v2\/product\/20519","targetHints":{"allow":["GET"]}}],"collection":[{"href":"https:\/\/dgbellvietnam.com\/en\/wp-json\/wp\/v2\/product"}],"about":[{"href":"https:\/\/dgbellvietnam.com\/en\/wp-json\/wp\/v2\/types\/product"}],"replies":[{"embeddable":true,"href":"https:\/\/dgbellvietnam.com\/en\/wp-json\/wp\/v2\/comments?post=20519"}],"wp:featuredmedia":[{"embeddable":true,"href":"https:\/\/dgbellvietnam.com\/en\/wp-json\/wp\/v2\/media\/20520"}],"wp:attachment":[{"href":"https:\/\/dgbellvietnam.com\/en\/wp-json\/wp\/v2\/media?parent=20519"}],"wp:term":[{"taxonomy":"product_brand","embeddable":true,"href":"https:\/\/dgbellvietnam.com\/en\/wp-json\/wp\/v2\/product_brand?post=20519"},{"taxonomy":"product_cat","embeddable":true,"href":"https:\/\/dgbellvietnam.com\/en\/wp-json\/wp\/v2\/product_cat?post=20519"},{"taxonomy":"product_tag","embeddable":true,"href":"https:\/\/dgbellvietnam.com\/en\/wp-json\/wp\/v2\/product_tag?post=20519"}],"curies":[{"name":"wp","href":"https:\/\/api.w.org\/{rel}","templated":true}]}}