{"id":20517,"date":"2024-05-27T22:18:53","date_gmt":"2024-05-27T22:18:53","guid":{"rendered":"http:\/\/dgbellvietnam.com\/san-pham\/traction-battery-short-circuit-test-machine\/"},"modified":"2024-09-13T15:46:53","modified_gmt":"2024-09-13T08:46:53","slug":"traction-battery-short-circuit-test-machine","status":"publish","type":"product","link":"https:\/\/dgbellvietnam.com\/en\/san-pham\/traction-battery-short-circuit-test-machine\/","title":{"rendered":"M\u00e1y th\u1eed nghi\u1ec7m ng\u1eafn m\u1ea1ch \u1eafc quy k\u00e9o"},"content":{"rendered":"<div id=\"tab-description\" class=\"woocommerce-Tabs-panel woocommerce-Tabs-panel--description panel entry-content active\" role=\"tabpanel\" aria-labelledby=\"tab-title-description\">\n<p><strong>Y\u00eau c\u1ea7u ti\u00eau chu\u1ea9n<\/strong><\/p>\n<p>Th\u1eed nghi\u1ec7m an to\u00e0n cell l\u01b0u tr\u1eef \u0111\u01a1n<\/p>\n<h4>6.2.4 Ng\u1eafn m\u1ea1ch<\/h4>\n<ol>\n<li>S\u1ea1c cell l\u01b0u tr\u1eef \u0111\u01a1n theo ti\u00eau chu\u1ea9n 6.1.3<\/li>\n<li>C\u1ea7n ph\u1ea3i ng\u1eafn m\u1ea1ch cell b\u1eb1ng c\u00e1ch k\u1ebft n\u1ed1i c\u1ef1c d\u01b0\u01a1ng v\u00e0 c\u1ef1c \u00e2m v\u1edbi \u0111i\u1ec7n tr\u1edf ngo\u00e0i nh\u1ecf h\u01a1n 5m\u03a9 trong 10 ph\u00fat<\/li>\n<li>Quan s\u00e1t trong 1 gi\u1edd<\/li>\n<\/ol>\n<p>Th\u1eed nghi\u1ec7m an to\u00e0n m\u00f4-\u0111un pin<\/p>\n<h4>6.3.4 Ng\u1eafn m\u1ea1ch<\/h4>\n<ol>\n<li>S\u1ea1c m\u00f4-\u0111un pin theo ti\u00eau chu\u1ea9n 6.1.4<\/li>\n<li>C\u1ea7n ph\u1ea3i ng\u1eafn m\u1ea1ch module pin b\u1eb1ng c\u00e1ch k\u1ebft n\u1ed1i c\u1ef1c d\u01b0\u01a1ng v\u00e0 c\u1ef1c \u00e2m v\u1edbi \u0111i\u1ec7n tr\u1edf ngo\u00e0i nh\u1ecf h\u01a1n 5m\u03a9 trong 10 ph\u00fat<\/li>\n<li>Quan s\u00e1t trong 1 gi\u1edd<\/li>\n<\/ol>\n<p><strong>Ti\u00eau chu\u1ea9n<\/strong><\/p>\n<ul>\n<li>UL 2580<\/li>\n<\/ul>\n<p><strong>Th\u00f4ng s\u1ed1 k\u1ef9 thu\u1eadt<\/strong><\/p>\n<div id=\"tablepress-29-no-2-scroll-wrapper\" class=\"tablepress-scroll-wrapper\">\n<table id=\"tablepress-29-no-2\" class=\"tablepress tablepress-id-29 tablepress-responsive\">\n<thead>\n<tr class=\"row-1 odd\">\n<th class=\"column-1\">M\u1eabu<\/th>\n<th class=\"column-2\">BE-XL-2000A<\/th>\n<th class=\"column-3\">BE-XL-3000A<\/th>\n<th class=\"column-4\">BE-XL-5000A<\/th>\n<\/tr>\n<\/thead>\n<tbody class=\"row-hover\">\n<tr class=\"row-2 even\">\n<td class=\"column-1\">D\u00f2ng \u0111i\u1ec7n v\u1eadn h\u00e0nh t\u1ed1i \u0111a\uff08A\uff09<\/td>\n<td class=\"column-2\">2000A<\/td>\n<td class=\"column-3\">3000A<\/td>\n<td class=\"column-4\">5000A<\/td>\n<\/tr>\n<tr class=\"row-3 odd\">\n<td class=\"column-1\">D\u00f2ng \u0111i\u1ec7n t\u1ee9c th\u1eddi t\u1ed1i \u0111a (A)<\/td>\n<td class=\"column-2\">3000A<\/td>\n<td class=\"column-3\">4000A<\/td>\n<td class=\"column-4\">6000A<\/td>\n<\/tr>\n<tr class=\"row-4 even\">\n<td class=\"column-1\">D\u1ea3i nhi\u1ec7t \u0111\u1ed9<\/td>\n<td class=\"column-2\" colspan=\"3\">Nhi\u1ec7t \u0111\u1ed9 m\u00f4i tr\u01b0\u1eddng<\/td>\n<\/tr>\n<tr class=\"row-5 odd\">\n<td class=\"column-1\">\u0110i\u1ec7n tr\u1edf trong<\/td>\n<td class=\"column-2\" colspan=\"3\">\uff1c1m\u03a9,\uff1c5m\u03a9,\uff1c10m\u03a9,\uff1c20m\u03a9,\uff1c50m\u03a9,\uff1c100m\u03a9 (T\u00f9y ch\u1ecdn)<\/td>\n<\/tr>\n<tr class=\"row-6 even\">\n<td class=\"column-1\">Ch\u1ebf \u0111\u1ed9 \u0111i\u1ec1u khi\u1ec3n<\/td>\n<td class=\"column-2\" colspan=\"3\">M\u00e0n h\u00ecnh c\u1ea3m \u1ee9ng PLC + \u0110i\u1ec1u khi\u1ec3n t\u1eeb xa b\u1eb1ng m\u00e1y t\u00ednh + B\u1ed9 \u0111i\u1ec1u khi\u1ec3n t\u1eeb xa<\/td>\n<\/tr>\n<tr class=\"row-7 odd\">\n<td class=\"column-1\">K\u00edch th\u01b0\u1edbc t\u1ed5ng th\u1ec3<\/td>\n<td class=\"column-2\" colspan=\"3\">W700xD1050xH1830mm<\/td>\n<\/tr>\n<tr class=\"row-8 even\">\n<td class=\"column-1\">K\u00edch th\u01b0\u1edbc bu\u1ed3ng ch\u1ed1ng ch\u00e1y n\u1ed5<\/td>\n<td class=\"column-2\" colspan=\"3\">800 X 800 X 800mm,1000 X 1000 X 1000mm\u00a0(Optional)<\/td>\n<\/tr>\n<tr class=\"row-9 odd\">\n<td class=\"column-1\">D\u1ea3i \u0111o \u0111i\u1ec7n \u00e1p<\/td>\n<td class=\"column-2\" colspan=\"3\">0~500V<\/td>\n<\/tr>\n<tr class=\"row-10 even\">\n<td class=\"column-1\">Th\u1eddi gian ph\u1ea3n h\u1ed3i ng\u1eafn m\u1ea1ch<\/td>\n<td class=\"column-2\" colspan=\"3\">\u226620ms<\/td>\n<\/tr>\n<tr class=\"row-11 odd\">\n<td class=\"column-1\">Giao di\u1ec7n d\u1eef li\u1ec7u<\/td>\n<td class=\"column-2\" colspan=\"3\">USB, Th\u1ebb d\u1eef li\u1ec7u, v.v.<\/td>\n<\/tr>\n<tr class=\"row-12 even\">\n<td class=\"column-1\">M\u00f4-\u0111un thu th\u1eadp d\u1eef li\u1ec7u<\/td>\n<td class=\"column-2\" colspan=\"3\">Thu th\u1eadp t\u1eeb xa \u0111\u1ed9c l\u1eadp, nhi\u1ec1u k\u00eanh thu th\u1eadp \u0111i\u1ec7n \u00e1p\/nhi\u1ec7t \u0111\u1ed9\/d\u00f2ng \u0111i\u1ec7n \u0111\u1ea3m b\u1ea3o \u0111\u1ed9 ch\u00ednh x\u00e1c c\u1ee7a d\u1eef li\u1ec7u. T\u1ea7n s\u1ed1 thu th\u1eadp 100HZ<\/td>\n<\/tr>\n<tr class=\"row-13 odd\">\n<td class=\"column-1\">Ch\u1ebf \u0111\u1ed9 ng\u1eafn m\u1ea1ch<\/td>\n<td class=\"column-2\" colspan=\"3\">D\u1eadp h\u1ed3 quang b\u1eb1ng kh\u00ed n\u00e9n + ch\u00e2n kh\u00f4ng<\/td>\n<\/tr>\n<tr class=\"row-14 even\">\n<td class=\"column-1\">Thi\u1ebft b\u1ecb an to\u00e0n<\/td>\n<td class=\"column-2\" colspan=\"3\">R\u00f2 r\u1ec9 \u0111i\u1ec7n, b\u1ea3o v\u1ec7 qu\u00e1 d\u00f2ng, thi\u1ebft b\u1ecb b\u00e1o kh\u00f3i, b\u00e1o \u0111\u1ed9ng \u0111\u00e8n \u00e2m thanh b\u1ea5t th\u01b0\u1eddng.<\/td>\n<\/tr>\n<tr class=\"row-15 odd\">\n<td class=\"column-1\">\u0110\u1ed3 g\u00e1 th\u1eed nghi\u1ec7m<\/td>\n<td class=\"column-2\" colspan=\"3\">T\u00f9y ch\u1ec9nh theo \u0111i\u1ec1u ki\u1ec7n ki\u1ec3m tra th\u1ef1c t\u1ebf<\/td>\n<\/tr>\n<tr class=\"row-16 even\">\n<td class=\"column-1\">Ngu\u1ed3n \u0111i\u1ec7n<\/td>\n<td class=\"column-2\" colspan=\"3\">220V 50HZ<\/td>\n<\/tr>\n<\/tbody>\n<\/table>\n<\/div>\n<\/div>\n","protected":false},"excerpt":{"rendered":"<p>Y\u00eau c\u1ea7u ti\u00eau chu\u1ea9n Th\u1eed nghi\u1ec7m an to\u00e0n cell l\u01b0u tr\u1eef \u0111\u01a1n 6.2.4 Ng\u1eafn m\u1ea1ch S\u1ea1c cell l\u01b0u tr\u1eef \u0111\u01a1n theo ti\u00eau chu\u1ea9n 6.1.3 C\u1ea7n ph\u1ea3i ng\u1eafn m\u1ea1ch cell b\u1eb1ng c\u00e1ch k\u1ebft n\u1ed1i c\u1ef1c d\u01b0\u01a1ng v\u00e0 c\u1ef1c \u00e2m v\u1edbi \u0111i\u1ec7n tr\u1edf ngo\u00e0i nh\u1ecf h\u01a1n 5m\u03a9 trong 10 ph\u00fat Quan s\u00e1t trong 1 gi\u1edd Th\u1eed nghi\u1ec7m<\/p>\n","protected":false},"featured_media":20518,"comment_status":"closed","ping_status":"closed","template":"","meta":[],"product_brand":[],"product_cat":[63],"product_tag":[],"class_list":{"0":"post-20517","1":"product","2":"type-product","3":"status-publish","4":"has-post-thumbnail","6":"product_cat-buong-thu-nghiem-pin","8":"first","9":"instock","10":"shipping-taxable","11":"product-type-simple"},"acf":[],"_links":{"self":[{"href":"https:\/\/dgbellvietnam.com\/en\/wp-json\/wp\/v2\/product\/20517","targetHints":{"allow":["GET"]}}],"collection":[{"href":"https:\/\/dgbellvietnam.com\/en\/wp-json\/wp\/v2\/product"}],"about":[{"href":"https:\/\/dgbellvietnam.com\/en\/wp-json\/wp\/v2\/types\/product"}],"replies":[{"embeddable":true,"href":"https:\/\/dgbellvietnam.com\/en\/wp-json\/wp\/v2\/comments?post=20517"}],"wp:featuredmedia":[{"embeddable":true,"href":"https:\/\/dgbellvietnam.com\/en\/wp-json\/wp\/v2\/media\/20518"}],"wp:attachment":[{"href":"https:\/\/dgbellvietnam.com\/en\/wp-json\/wp\/v2\/media?parent=20517"}],"wp:term":[{"taxonomy":"product_brand","embeddable":true,"href":"https:\/\/dgbellvietnam.com\/en\/wp-json\/wp\/v2\/product_brand?post=20517"},{"taxonomy":"product_cat","embeddable":true,"href":"https:\/\/dgbellvietnam.com\/en\/wp-json\/wp\/v2\/product_cat?post=20517"},{"taxonomy":"product_tag","embeddable":true,"href":"https:\/\/dgbellvietnam.com\/en\/wp-json\/wp\/v2\/product_tag?post=20517"}],"curies":[{"name":"wp","href":"https:\/\/api.w.org\/{rel}","templated":true}]}}