{"id":20515,"date":"2024-05-27T22:18:47","date_gmt":"2024-05-27T22:18:47","guid":{"rendered":"http:\/\/dgbellvietnam.com\/san-pham\/walk-in-explosion-proof-chamber-auxiliary-equipment\/"},"modified":"2024-09-13T15:30:33","modified_gmt":"2024-09-13T08:30:33","slug":"walk-in-explosion-proof-chamber-auxiliary-equipment","status":"publish","type":"product","link":"https:\/\/dgbellvietnam.com\/en\/san-pham\/walk-in-explosion-proof-chamber-auxiliary-equipment\/","title":{"rendered":"Bu\u1ed3ng ch\u1ed1ng ch\u00e1y n\u1ed5 walk-in (Thi\u1ebft b\u1ecb ph\u1ee5 tr\u1ee3)"},"content":{"rendered":"<div id=\"tab-description\" class=\"woocommerce-Tabs-panel woocommerce-Tabs-panel--description panel entry-content active\" role=\"tabpanel\" aria-labelledby=\"tab-title-description\">\n<h2><strong>\u1ee8ng d\u1ee5ng<\/strong><\/h2>\n<p>Bu\u1ed3ng ch\u1ed1ng ch\u00e1y n\u1ed5 Walk in n\u00e0y ch\u1ee7 y\u1ebfu \u0111\u01b0\u1ee3c s\u1eed d\u1ee5ng \u0111\u1ec3 ki\u1ec3m tra hi\u1ec7u su\u1ea5t an to\u00e0n c\u1ee7a pin lithium ion, pack pin. Ng\u0103n ng\u1eeba ng\u01b0\u1eddi v\u1eadn h\u00e0nh th\u1eed nghi\u1ec7m v\u00e0 c\u00e1c thi\u1ebft b\u1ecb th\u1eed nghi\u1ec7m kh\u00e1c b\u1ecb ch\u00e1y v\u00e0 ph\u00e1t n\u1ed5. \u0110\u1ed3ng th\u1eddi, bu\u1ed3ng th\u1eed nghi\u1ec7m ch\u1ed1ng ch\u00e1y n\u1ed5 c\u00f3 h\u1ec7 th\u1ed1ng x\u1ea3 kh\u00f3i c\u00f3 th\u1ec3 x\u1ea3 kh\u00f3i sinh ra trong qu\u00e1 tr\u00ecnh th\u1eed nghi\u1ec7m ra b\u00ean ngo\u00e0i.<\/p>\n<h2><strong>T\u00ednh n\u0103ng<\/strong><\/h2>\n<ul>\n<li>C\u1ea5u tr\u00fac t\u00edch h\u1ee3p v\u1edbi nhi\u1ec1u ch\u1ee9c n\u0103ng ph\u1ee5 tr\u1ee3: Chi\u1ebfu s\u00e1ng, x\u1ea3 kh\u00f3i, ch\u1eefa ch\u00e1y, thi\u1ebft b\u1ecb gi\u1ea3m \u00e1p ch\u1ed1ng ch\u00e1y n\u1ed5, v.v.<\/li>\n<li>Bu\u1ed3ng b\u00ean trong \u0111\u01b0\u1ee3c c\u1ea5u t\u1ea1o t\u1eeb c\u00e1c th\u00e0nh ph\u1ea7n ch\u1ecbu nhi\u1ec7t \u0111\u1ed9 cao v\u00e0 ch\u1ed1ng ch\u00e1y. C\u1eeda bu\u1ed3ng \u0111\u01b0\u1ee3c b\u1ecbt k\u00edn b\u1eb1ng d\u1ea3i ni\u00eam phong ch\u1ecbu nhi\u1ec7t \u0111\u1ed9 cao.<\/li>\n<li>C\u1ea5u tr\u00fac b\u00ean trong t\u00edch h\u1ee3p, kh\u00f4ng c\u00f3 l\u1ed7 ho\u1eb7c khe h\u1edf b\u00ean trong bu\u1ed3ng, d\u1ec5 v\u1ec7 sinh h\u01a1n.<\/li>\n<\/ul>\n<h2><strong>Ti\u00eau chu\u1ea9n<\/strong><\/h2>\n<ul>\n<li>UL 2580<\/li>\n<li>IEC 62619<\/li>\n<\/ul>\n<h2><strong>Th\u00f4ng s\u1ed1 k\u1ef9 thu\u1eadt<\/strong><\/h2>\n<table width=\"786\">\n<tbody>\n<tr>\n<td width=\"221\">T\u00ean s\u1ea3n ph\u1ea9m<\/td>\n<td width=\"565\">Walk in Explosion-proof Chamber (Bu\u1ed3ng ch\u1ed1ng ch\u00e1y n\u1ed5 walk-in)<\/td>\n<\/tr>\n<tr>\n<td width=\"221\">M\u1eabu<\/td>\n<td width=\"565\">BE-8214<\/td>\n<\/tr>\n<tr>\n<td width=\"221\">K\u00edch th\u01b0\u1edbc b\u00ean trong<\/td>\n<td width=\"565\">W2000 X D3000 X H2000 MM<\/td>\n<\/tr>\n<tr>\n<td width=\"221\">Ch\u1ea5t li\u1ec7u b\u00ean trong<\/td>\n<td width=\"565\">Th\u00e9p khu\u00f4n 45# c\u00f3 l\u1edbp ph\u1ee7 phun<\/td>\n<\/tr>\n<tr>\n<td width=\"221\">\u0110\u1ed9 d\u00e0y bu\u1ed3ng b\u00ean trong<\/td>\n<td width=\"565\">10mm<\/td>\n<\/tr>\n<tr>\n<td width=\"221\">K\u00edch th\u01b0\u1edbc t\u1ed5ng th\u1ec3<\/td>\n<td width=\"565\">W2300 X D3500 X H2600 MM<\/td>\n<\/tr>\n<tr>\n<td width=\"221\">\u0110\u1ed9 d\u00e0y bu\u1ed3ng b\u00ean ngo\u00e0i<\/td>\n<td width=\"565\">10mm<\/td>\n<\/tr>\n<tr>\n<td width=\"221\">Ch\u1ebf \u0111\u1ed9 v\u1eadn h\u00e0nh c\u1eeda<\/td>\n<td width=\"565\">Th\u1ee7y l\u1ef1c<\/td>\n<\/tr>\n<tr>\n<td width=\"221\">\u0110\u1ea7u ra kh\u00f4ng kh\u00ed<\/td>\n<td width=\"565\">45m\u00b3\/ph\u00fat<\/td>\n<\/tr>\n<tr>\n<td width=\"221\">T\u1ed5ng tr\u1ecdng l\u01b0\u1ee3ng<\/td>\n<td width=\"565\">X\u1ea5p x\u1ec9 8 t\u1ea5n<\/td>\n<\/tr>\n<tr>\n<td width=\"221\">Ngu\u1ed3n \u0111i\u1ec7n<\/td>\n<td width=\"565\">AC 380V, 5.5KW<\/td>\n<\/tr>\n<tr>\n<td width=\"221\">Ch\u1ee9c n\u0103ng kh\u00e1c<\/td>\n<td width=\"565\">H\u1ec7 th\u1ed1ng gi\u1ea3m \u00e1p ch\u1ed1ng ch\u00e1y n\u1ed5<\/p>\n<p>H\u1ec7 th\u1ed1ng x\u1ea3 kh\u00f3i<\/p>\n<p>H\u1ec7 th\u1ed1ng ch\u1eefa ch\u00e1y b\u1eb1ng v\u00f2i phun<\/p>\n<p>H\u1ec7 th\u1ed1ng gi\u00e1m s\u00e1t video<\/p>\n<p>H\u1ec7 th\u1ed1ng tho\u00e1t n\u01b0\u1edbc.<\/td>\n<\/tr>\n<\/tbody>\n<\/table>\n<\/div>\n","protected":false},"excerpt":{"rendered":"<p>Bu\u1ed3ng ch\u1ed1ng ch\u00e1y n\u1ed5 Walk-in n\u00e0y ch\u1ee7 y\u1ebfu \u0111\u01b0\u1ee3c s\u1eed d\u1ee5ng \u0111\u1ec3 ki\u1ec3m tra hi\u1ec7u su\u1ea5t an to\u00e0n c\u1ee7a pin lithium ion, pack pin. Ng\u0103n ng\u1eeba ng\u01b0\u1eddi v\u1eadn h\u00e0nh th\u1eed nghi\u1ec7m v\u00e0 c\u00e1c thi\u1ebft b\u1ecb th\u1eed nghi\u1ec7m kh\u00e1c b\u1ecb ch\u00e1y v\u00e0 n\u1ed5. \u0110\u1ed3ng th\u1eddi, bu\u1ed3ng th\u1eed nghi\u1ec7m ch\u1ed1ng ch\u00e1y n\u1ed5 c\u00f3 h\u1ec7 th\u1ed1ng x\u1ea3 kh\u00f3i c\u00f3 th\u1ec3 th\u1ea3i kh\u00f3i sinh ra trong qu\u00e1 tr\u00ecnh th\u1eed nghi\u1ec7m ra b\u00ean ngo\u00e0i.<\/p>\n","protected":false},"featured_media":20516,"comment_status":"closed","ping_status":"closed","template":"","meta":[],"product_brand":[],"product_cat":[63],"product_tag":[],"class_list":{"0":"post-20515","1":"product","2":"type-product","3":"status-publish","4":"has-post-thumbnail","6":"product_cat-buong-thu-nghiem-pin","8":"first","9":"instock","10":"shipping-taxable","11":"product-type-simple"},"acf":[],"_links":{"self":[{"href":"https:\/\/dgbellvietnam.com\/en\/wp-json\/wp\/v2\/product\/20515","targetHints":{"allow":["GET"]}}],"collection":[{"href":"https:\/\/dgbellvietnam.com\/en\/wp-json\/wp\/v2\/product"}],"about":[{"href":"https:\/\/dgbellvietnam.com\/en\/wp-json\/wp\/v2\/types\/product"}],"replies":[{"embeddable":true,"href":"https:\/\/dgbellvietnam.com\/en\/wp-json\/wp\/v2\/comments?post=20515"}],"wp:featuredmedia":[{"embeddable":true,"href":"https:\/\/dgbellvietnam.com\/en\/wp-json\/wp\/v2\/media\/20516"}],"wp:attachment":[{"href":"https:\/\/dgbellvietnam.com\/en\/wp-json\/wp\/v2\/media?parent=20515"}],"wp:term":[{"taxonomy":"product_brand","embeddable":true,"href":"https:\/\/dgbellvietnam.com\/en\/wp-json\/wp\/v2\/product_brand?post=20515"},{"taxonomy":"product_cat","embeddable":true,"href":"https:\/\/dgbellvietnam.com\/en\/wp-json\/wp\/v2\/product_cat?post=20515"},{"taxonomy":"product_tag","embeddable":true,"href":"https:\/\/dgbellvietnam.com\/en\/wp-json\/wp\/v2\/product_tag?post=20515"}],"curies":[{"name":"wp","href":"https:\/\/api.w.org\/{rel}","templated":true}]}}