{"id":20513,"date":"2024-05-27T22:18:41","date_gmt":"2024-05-27T22:18:41","guid":{"rendered":"http:\/\/dgbellvietnam.com\/san-pham\/customized-solar-simulation-test-chambers-bell\/"},"modified":"2024-09-16T11:18:21","modified_gmt":"2024-09-16T04:18:21","slug":"customized-solar-simulation-test-chambers-bell","status":"publish","type":"product","link":"https:\/\/dgbellvietnam.com\/en\/san-pham\/customized-solar-simulation-test-chambers-bell\/","title":{"rendered":"Bu\u1ed3ng th\u1eed nghi\u1ec7m m\u00f4 ph\u1ecfng n\u0103ng l\u01b0\u1ee3ng m\u1eb7t tr\u1eddi t\u00f9y ch\u1ec9nh"},"content":{"rendered":"<div id=\"tab-description\" class=\"woocommerce-Tabs-panel woocommerce-Tabs-panel--description panel entry-content active\" role=\"tabpanel\" aria-labelledby=\"tab-title-description\">\n<h3 data-relingo-block=\"true\">Th\u00f4ng s\u1ed1 k\u1ef9 thu\u1eadt s\u1ea3n ph\u1ea9m:<\/h3>\n<ul>\n<li data-relingo-block=\"true\"><strong>Ti\u00eau chu\u1ea9n:<\/strong> Tu\u00e2n th\u1ee7 ti\u00eau chu\u1ea9n DIN75220.<\/li>\n<li data-relingo-block=\"true\"><strong>Ph\u1ea1m vi c\u01b0\u1eddng \u0111\u1ed9 chi\u1ebfu x\u1ea1 c\u00f3 th\u1ec3 t\u00f9y ch\u1ec9nh:<\/strong> 600 \u0111\u1ebfn 1200 W\/m\u00b2.<\/li>\n<li data-relingo-block=\"true\"><strong>Khu v\u1ef1c chi\u1ebfu x\u1ea1 c\u00f3 th\u1ec3 t\u00f9y ch\u1ec9nh:<\/strong> C\u00f3 th\u1ec3 t\u00f9y ch\u1ec9nh theo y\u00eau c\u1ea7u c\u1ee7a kh\u00e1ch h\u00e0ng.<\/li>\n<li data-relingo-block=\"true\"><strong>Giao di\u1ec7n \u0111i\u1ec1u khi\u1ec3n:<\/strong> Giao di\u1ec7n \u0111i\u1ec1u khi\u1ec3n m\u00e0n h\u00ecnh c\u1ea3m \u1ee9ng \u0111\u1ec3 d\u1ec5 d\u00e0ng thao t\u00e1c v\u00e0 gi\u00e1m s\u00e1t.<\/li>\n<\/ul>\n<h3 data-relingo-block=\"true\">C\u00e1c t\u00ednh n\u0103ng ch\u00ednh:<\/h3>\n<ol>\n<li data-relingo-block=\"true\"><strong>\u0110i\u1ec1u ch\u1ec9nh c\u01b0\u1eddng \u0111\u1ed9 chi\u1ebfu x\u1ea1:<\/strong> C\u01b0\u1eddng \u0111\u1ed9 b\u1ee9c x\u1ea1 c\u00f3 th\u1ec3 \u0111i\u1ec1u ch\u1ec9nh \u0111\u1ec3 m\u00f4 ph\u1ecfng hi\u1ec7u su\u1ea5t c\u1ee7a c\u00e1c s\u1ea3n ph\u1ea9m n\u0103ng l\u01b0\u1ee3ng m\u1eb7t tr\u1eddi trong c\u00e1c \u0111i\u1ec1u ki\u1ec7n \u00e1nh s\u00e1ng kh\u00e1c nhau.<\/li>\n<li data-relingo-block=\"true\"><strong>\u0110i\u1ec1u khi\u1ec3n nhi\u1ec7t \u0111\u1ed9:<\/strong> Ki\u1ec3m so\u00e1t ch\u00ednh x\u00e1c nhi\u1ec7t \u0111\u1ed9 b\u00ean trong bu\u1ed3ng \u0111\u1ec3 \u0111\u00e1p \u1ee9ng c\u00e1c y\u00eau c\u1ea7u th\u1eed nghi\u1ec7m kh\u00e1c nhau.<\/li>\n<li data-relingo-block=\"true\"><strong>\u0110i\u1ec1u khi\u1ec3n \u0111\u1ed9 \u1ea9m:<\/strong> T\u00f9y ch\u1ecdn, c\u00f3 th\u1ec3 th\u00eam ki\u1ec3m so\u00e1t \u0111\u1ed9 \u1ea9m \u0111\u1ec3 m\u00f4 ph\u1ecfng c\u00e1c \u0111i\u1ec1u ki\u1ec7n \u0111\u1ed9 \u1ea9m m\u00f4i tr\u01b0\u1eddng kh\u00e1c nhau.<\/li>\n<li data-relingo-block=\"true\"><strong>Khu v\u1ef1c chi\u1ebfu x\u1ea1 c\u00f3 th\u1ec3 t\u00f9y ch\u1ec9nh:<\/strong> C\u00f3 th\u1ec3 \u0111\u01b0\u1ee3c \u0111i\u1ec1u ch\u1ec9nh cho ph\u00f9 h\u1ee3p v\u1edbi c\u00e1c khu v\u1ef1c \u0111\u01b0\u1ee3c chi\u1ebfu x\u1ea1 kh\u00e1c nhau t\u00f9y theo nhu c\u1ea7u c\u1ee7a kh\u00e1ch h\u00e0ng \u0111\u1ec3 \u0111\u00e1p \u1ee9ng c\u00e1c k\u00edch c\u1ee1 kh\u00e1c nhau c\u1ee7a c\u00e1c s\u1ea3n ph\u1ea9m n\u0103ng l\u01b0\u1ee3ng m\u1eb7t tr\u1eddi.<\/li>\n<li data-relingo-block=\"true\"><strong>\u0110\u1ed9 tin c\u1eady v\u00e0 \u1ed5n \u0111\u1ecbnh:<\/strong> \u0110\u01b0\u1ee3c thi\u1ebft k\u1ebf v\u00e0 s\u1ea3n xu\u1ea5t \u0111\u00e1p \u1ee9ng c\u00e1c y\u00eau c\u1ea7u ti\u00eau chu\u1ea9n, \u0111\u1ea3m b\u1ea3o h\u1ec7 th\u1ed1ng ho\u1ea1t \u0111\u1ed9ng \u1ed5n \u0111\u1ecbnh v\u00e0 tin c\u1eady.<\/li>\n<\/ol>\n<h3 data-relingo-block=\"true\">Th\u1ed1ng s\u1ed1 k\u1ef9 thu\u1eadt<\/h3>\n<table id=\"tablepress-78\" class=\"tablepress tablepress-id-78 tablepress-responsive\">\n<thead>\n<tr class=\"row-1 odd\">\n<th class=\"column-1\">M\u1eabu<\/th>\n<th class=\"column-2\">BE-SUN-6060<\/th>\n<th class=\"column-3\">BE-SUN-2615<\/th>\n<th class=\"column-4\">BE-SUN-3026<\/th>\n<th class=\"column-5\">BE-SUN-4526<\/th>\n<th class=\"column-6\">BE-SUN-5230<\/th>\n<\/tr>\n<\/thead>\n<tbody class=\"row-hover\">\n<tr class=\"row-2 even\">\n<td class=\"column-1\">Nhi\u1ec7t \u0111\u1ed9 \/ \u0110\u1ed9 \u1ea9m m\u00f4i tr\u01b0\u1eddng v\u1eadn h\u00e0nh:<\/td>\n<td class=\"column-2\" colspan=\"5\">+5~35\u00b0C \/ \u2264 90% RH<\/td>\n<\/tr>\n<tr class=\"row-3 odd\">\n<td class=\"column-1\">Ph\u01b0\u01a1ng ph\u00e1p \u0111i\u1ec1u khi\u1ec3n<\/td>\n<td class=\"column-2\" colspan=\"5\">\u0110i\u1ec1u ch\u1ec9nh PID \u0111\u1ea7u l\u1ea1nh v\u00e0 \u0111\u1ea7u n\u00f3ng \u0111\u1ed9c l\u1eadp, c\u00f3 th\u1ec3 \u0111i\u1ec1u ch\u1ec9nh li\u00ean t\u1ee5c c\u1ea3 h\u1ec7 th\u1ed1ng s\u01b0\u1edfi v\u00e0 l\u00e0m m\u00e1t.<\/td>\n<\/tr>\n<tr class=\"row-4 even\">\n<td class=\"column-1\" colspan=\"6\">S\u1ed1 li\u1ec7u hi\u1ec7u su\u1ea5t<\/td>\n<\/tr>\n<tr class=\"row-5 odd\">\n<td class=\"column-1\">Di\u1ec7n t\u00edch chi\u1ebfu x\u1ea1 (mm)<\/td>\n<td class=\"column-2\">600*600<\/td>\n<td class=\"column-3\">2600*1500<\/td>\n<td class=\"column-4\">3000*2600<\/td>\n<td class=\"column-5\">4500*2600<\/td>\n<td class=\"column-6\">5200*3000<\/td>\n<\/tr>\n<tr class=\"row-6 even\">\n<td class=\"column-1\">C\u01b0\u1eddng \u0111\u1ed9 chi\u1ebfu x\u1ea1<\/td>\n<td class=\"column-2\" colspan=\"5\">150~250W\/ \u33a1<\/td>\n<\/tr>\n<tr class=\"row-7 odd\">\n<td class=\"column-1\">D\u1ea3i quang ph\u1ed5<\/td>\n<td class=\"column-2\" colspan=\"5\">280~400nm<\/td>\n<\/tr>\n<tr class=\"row-8 even\">\n<td class=\"column-1\">\u0110\u1ed9 \u0111\u1ed3ng \u0111\u1ec1u<\/td>\n<td class=\"column-2\" colspan=\"5\">\u2264 15%<\/td>\n<\/tr>\n<tr class=\"row-9 odd\">\n<td class=\"column-1\">N\u1ed9i dung UVB<\/td>\n<td class=\"column-2\" colspan=\"5\">3~10% (v\u1edbi vi\u1ec7c s\u1eed d\u1ee5ng b\u1ed9 l\u1ecdc, c\u00f3 th\u1ec3 \u0111\u1ea1t \u0111\u01b0\u1ee3c ph\u1ea1m vi t\u1ed1t h\u01a1n t\u1eeb 5 ~ 9%)<\/td>\n<\/tr>\n<tr class=\"row-10 even\">\n<td class=\"column-1\">T\u1ec9 l\u1ec7 UVC<\/td>\n<td class=\"column-2\" colspan=\"5\">H\u1ea7u nh\u01b0 kh\u00f4ng c\u00f3<\/td>\n<\/tr>\n<tr class=\"row-11 odd\">\n<td class=\"column-1\">Ph\u1ea1m vi nhi\u1ec7t \u0111\u1ed9 m\u1eabu<\/td>\n<td class=\"column-2\" colspan=\"5\">60\u00b15\u2103<\/td>\n<\/tr>\n<tr class=\"row-12 even\">\n<td class=\"column-1\" colspan=\"6\">K\u00edch th\u01b0\u1edbc trong<\/td>\n<\/tr>\n<tr class=\"row-13 odd\">\n<td class=\"column-1\">W\uff08mm\uff09<\/td>\n<td class=\"column-2\">600<\/td>\n<td class=\"column-3\">2800<\/td>\n<td class=\"column-4\">3200<\/td>\n<td class=\"column-5\">4700<\/td>\n<td class=\"column-6\">5400<\/td>\n<\/tr>\n<tr class=\"row-14 even\">\n<td class=\"column-1\">D\uff08mm\uff09<\/td>\n<td class=\"column-2\">600<\/td>\n<td class=\"column-3\">1700<\/td>\n<td class=\"column-4\">2800<\/td>\n<td class=\"column-5\">2800<\/td>\n<td class=\"column-6\">3200<\/td>\n<\/tr>\n<tr class=\"row-15 odd\">\n<td class=\"column-1\">H\uff08mm\uff09<\/td>\n<td class=\"column-2\">1000<\/td>\n<td class=\"column-3\">1800<\/td>\n<td class=\"column-4\">1800<\/td>\n<td class=\"column-5\">1800<\/td>\n<td class=\"column-6\">1800<\/td>\n<\/tr>\n<tr class=\"row-16 even\">\n<td class=\"column-1\" colspan=\"6\">K\u00edch th\u01b0\u1edbc b\u00ean ngo\u00e0i (kh\u00f4ng bao g\u1ed3m c\u01a1 c\u1ea5u n\u00e2ng v\u00e0 chi\u1ec1u cao ngu\u1ed3n s\u00e1ng)<\/td>\n<\/tr>\n<tr class=\"row-17 odd\">\n<td class=\"column-1\">W\uff08mm\uff09<\/td>\n<td class=\"column-2\">1300<\/td>\n<td class=\"column-3\">3000<\/td>\n<td class=\"column-4\">3400<\/td>\n<td class=\"column-5\">4900<\/td>\n<td class=\"column-6\">5600<\/td>\n<\/tr>\n<tr class=\"row-18 even\">\n<td class=\"column-1\">D\uff08mm\uff09<\/td>\n<td class=\"column-2\">1700<\/td>\n<td class=\"column-3\">3500<\/td>\n<td class=\"column-4\">4600<\/td>\n<td class=\"column-5\">4600<\/td>\n<td class=\"column-6\">5200<\/td>\n<\/tr>\n<tr class=\"row-19 odd\">\n<td class=\"column-1\">H\uff08mm\uff09<\/td>\n<td class=\"column-2\">2300<\/td>\n<td class=\"column-3\">2400<\/td>\n<td class=\"column-4\">2400<\/td>\n<td class=\"column-5\">2400<\/td>\n<td class=\"column-6\">2400<\/td>\n<\/tr>\n<tr class=\"row-20 even\">\n<td class=\"column-1\" colspan=\"3\">Ph\u01b0\u01a1ng ph\u00e1p l\u00e0m m\u00e1t<\/td>\n<td class=\"column-4\" colspan=\"3\">L\u00e0m m\u00e1t b\u1eb1ng kh\u00f4ng kh\u00ed\/L\u00e0m m\u00e1t b\u1eb1ng n\u01b0\u1edbc<\/td>\n<\/tr>\n<tr class=\"row-21 odd\">\n<td class=\"column-1\" colspan=\"3\">Ngu\u1ed3n \u0111i\u1ec7n<\/td>\n<td class=\"column-4\" colspan=\"3\">AC 380V; 50Hz (3-phase +N+PE)<\/td>\n<\/tr>\n<tr class=\"row-22 even\">\n<td class=\"column-1\">C\u00f4ng su\u1ea5t \u0111\u1ecbnh m\u1ee9c (KW)<\/td>\n<td class=\"column-2\">16<\/td>\n<td class=\"column-3\">35<\/td>\n<td class=\"column-4\">50<\/td>\n<td class=\"column-5\">77<\/td>\n<td class=\"column-6\">101<\/td>\n<\/tr>\n<tr class=\"row-23 odd\">\n<td class=\"column-1\">D\u00f2ng \u0111i\u1ec7n \u0111\u1ecbnh m\u1ee9c (A)<\/td>\n<td class=\"column-2\">24<\/td>\n<td class=\"column-3\">59<\/td>\n<td class=\"column-4\">91<\/td>\n<td class=\"column-5\">142<\/td>\n<td class=\"column-6\">188<\/td>\n<\/tr>\n<tr class=\"row-24 even\">\n<td class=\"column-1\" colspan=\"3\">C\u1ea5u h\u00ecnh ti\u00eau chu\u1ea9n<\/td>\n<td class=\"column-4\">1.C\u1eeda s\u1ed5 quan s\u00e1t<br \/>\n2. Gi\u00e1 \u0111\u1ef1ng m\u1eabu<br \/>\nC\u1ea3m bi\u1ebfn 3.UV<br \/>\n4. C\u1ea3m bi\u1ebfn nhi\u1ec7t \u0111\u1ed9<br \/>\n5. C\u1ed5ng USB<br \/>\n6. L\u1ed7 c\u00e1p c\u00f3 ph\u00edch c\u1eafm silicon \u03a6100mmx2 (\u1edf c\u1ea3 hai m\u1eb7t c\u1ee7a bu\u1ed3ng)<\/td>\n<td class=\"column-5\"><\/td>\n<td class=\"column-6\"><\/td>\n<\/tr>\n<tr class=\"row-25 odd\">\n<td class=\"column-1\" colspan=\"3\">C\u1ea5u h\u00ecnh t\u00f9y ch\u1ecdn<\/td>\n<td class=\"column-4\" colspan=\"3\">1.\u0110\u00e8n LED<br \/>\n2. \u1ed4 c\u1eafm ngo\u00e0i 220V 10A<br \/>\n3. T\u1ea3i \u0111i\u1ec7n t\u1eed<br \/>\nGiao di\u1ec7n 4.LAN v\u00e0 ph\u1ea7n m\u1ec1m \u0111i\u1ec1u khi\u1ec3n t\u1eeb xa<br \/>\n5. C\u1ea5u h\u00ecnh kh\u00f4ng chu\u1ea9n kh\u00e1c<\/td>\n<\/tr>\n<tr class=\"row-26 even\">\n<td class=\"column-1\" colspan=\"6\">C\u00e1c ch\u1ec9 s\u1ed1 hi\u1ec7u su\u1ea5t \u0111\u01b0\u1ee3c \u0111o \u1edf nhi\u1ec7t \u0111\u1ed9 ph\u00f2ng +25\u00b0C, v\u1edbi c\u00e1c c\u1ea3m bi\u1ebfn \u0111\u01b0\u1ee3c \u0111\u1eb7t \u1edf c\u1eeda tho\u00e1t kh\u00ed c\u1ee7a b\u1ed9 x\u1eed l\u00fd kh\u00f4ng kh\u00ed.<\/td>\n<\/tr>\n<\/tbody>\n<\/table>\n<h3 data-relingo-block=\"true\">Ch\u00fa th\u00edch:<\/h3>\n<ul>\n<li data-relingo-block=\"true\">\u0110\u1ea3m b\u1ea3o r\u1eb1ng thi\u1ebft k\u1ebf v\u00e0 ch\u1ebf t\u1ea1o bu\u1ed3ng tu\u00e2n th\u1ee7 c\u00e1c y\u00eau c\u1ea7u c\u1ee7a ti\u00eau chu\u1ea9n DIN75220 \u0111\u1ec3 \u0111\u1ea3m b\u1ea3o t\u00ednh ch\u00ednh x\u00e1c v\u00e0 \u0111\u1ed9 tin c\u1eady c\u1ee7a k\u1ebft qu\u1ea3 th\u1eed nghi\u1ec7m.<\/li>\n<li data-relingo-block=\"true\">Khi s\u1eed d\u1ee5ng bu\u1ed3ng, h\u00e3y tu\u00e2n th\u1ee7 c\u00e1c quy tr\u00ecnh v\u1eadn h\u00e0nh trong h\u01b0\u1edbng d\u1eabn s\u1eed d\u1ee5ng \u0111\u1ec3 \u0111\u1ea3m b\u1ea3o h\u1ec7 th\u1ed1ng ho\u1ea1t \u0111\u1ed9ng an to\u00e0n v\u00e0 \u1ed5n \u0111\u1ecbnh, \u0111\u1ed3ng th\u1eddi th\u1ef1c hi\u1ec7n b\u1ea3o tr\u00ec v\u00e0 ki\u1ec3m tra th\u01b0\u1eddng xuy\u00ean \u0111\u1ec3 gi\u1eef cho thi\u1ebft b\u1ecb lu\u00f4n \u1edf t\u00ecnh tr\u1ea1ng t\u1ed1t.<\/li>\n<\/ul>\n<\/div>\n","protected":false},"excerpt":{"rendered":"<p>Bu\u1ed3ng th\u1eed nghi\u1ec7m m\u00f4 ph\u1ecfng n\u0103ng l\u01b0\u1ee3ng m\u1eb7t tr\u1eddi t\u00f9y ch\u1ec9nh c\u1ee7a Bell cung c\u1ea5p m\u00f4i tr\u01b0\u1eddng th\u1eed nghi\u1ec7m thi\u1ebft y\u1ebfu cho c\u00e1c s\u1ea3n ph\u1ea9m n\u0103ng l\u01b0\u1ee3ng m\u1eb7t tr\u1eddi, tu\u00e2n th\u1ee7 ti\u00eau chu\u1ea9n DIN75220. Ch\u00fang t\u00f4i cung c\u1ea5p c\u00e1c m\u1ee9c b\u1ee9c x\u1ea1 c\u00f3 th\u1ec3 \u0111i\u1ec1u ch\u1ec9nh trong kho\u1ea3ng t\u1eeb 600 \u0111\u1ebfn 1200 W\/m2 v\u00e0 c\u00e1c v\u00f9ng c\u00f3 th\u1ec3 t\u00f9y ch\u1ec9nh \u0111\u1ec3 ph\u00f9 h\u1ee3p v\u1edbi nhi\u1ec1u k\u00edch c\u1ee1 s\u1ea3n ph\u1ea9m kh\u00e1c nhau. C\u00e1c bu\u1ed3ng \u0111\u01b0\u1ee3c trang b\u1ecb c\u1ea3m bi\u1ebfn nhi\u1ec7t \u0111\u1ed9 v\u00e0 an to\u00e0n, \u0111\u1ea3m b\u1ea3o ho\u1ea1t \u0111\u1ed9ng \u0111\u00e1ng tin c\u1eady v\u00e0 an to\u00e0n. V\u1edbi giao di\u1ec7n m\u00e0n h\u00ecnh c\u1ea3m \u1ee9ng th\u00e2n thi\u1ec7n v\u1edbi ng\u01b0\u1eddi d\u00f9ng, c\u00e1c bu\u1ed3ng n\u00e0y \u0111\u01b0\u1ee3c thi\u1ebft k\u1ebf \u0111\u1ec3 th\u1eed nghi\u1ec7m s\u1ea3n ph\u1ea9m n\u0103ng l\u01b0\u1ee3ng m\u1eb7t tr\u1eddi hi\u1ec7u qu\u1ea3 v\u00e0 ch\u00ednh x\u00e1c.<\/p>\n","protected":false},"featured_media":20514,"comment_status":"closed","ping_status":"closed","template":"","meta":[],"product_brand":[],"product_cat":[63],"product_tag":[],"class_list":{"0":"post-20513","1":"product","2":"type-product","3":"status-publish","4":"has-post-thumbnail","6":"product_cat-buong-thu-nghiem-pin","8":"first","9":"instock","10":"shipping-taxable","11":"product-type-simple"},"acf":[],"_links":{"self":[{"href":"https:\/\/dgbellvietnam.com\/en\/wp-json\/wp\/v2\/product\/20513","targetHints":{"allow":["GET"]}}],"collection":[{"href":"https:\/\/dgbellvietnam.com\/en\/wp-json\/wp\/v2\/product"}],"about":[{"href":"https:\/\/dgbellvietnam.com\/en\/wp-json\/wp\/v2\/types\/product"}],"replies":[{"embeddable":true,"href":"https:\/\/dgbellvietnam.com\/en\/wp-json\/wp\/v2\/comments?post=20513"}],"wp:featuredmedia":[{"embeddable":true,"href":"https:\/\/dgbellvietnam.com\/en\/wp-json\/wp\/v2\/media\/20514"}],"wp:attachment":[{"href":"https:\/\/dgbellvietnam.com\/en\/wp-json\/wp\/v2\/media?parent=20513"}],"wp:term":[{"taxonomy":"product_brand","embeddable":true,"href":"https:\/\/dgbellvietnam.com\/en\/wp-json\/wp\/v2\/product_brand?post=20513"},{"taxonomy":"product_cat","embeddable":true,"href":"https:\/\/dgbellvietnam.com\/en\/wp-json\/wp\/v2\/product_cat?post=20513"},{"taxonomy":"product_tag","embeddable":true,"href":"https:\/\/dgbellvietnam.com\/en\/wp-json\/wp\/v2\/product_tag?post=20513"}],"curies":[{"name":"wp","href":"https:\/\/api.w.org\/{rel}","templated":true}]}}