{"id":20511,"date":"2024-05-27T22:18:35","date_gmt":"2024-05-27T22:18:35","guid":{"rendered":"http:\/\/dgbellvietnam.com\/san-pham\/walk-in-chamber-for-sand-dust-proof-test\/"},"modified":"2024-09-16T11:06:27","modified_gmt":"2024-09-16T04:06:27","slug":"walk-in-chamber-for-sand-dust-proof-test","status":"publish","type":"product","link":"https:\/\/dgbellvietnam.com\/en\/san-pham\/walk-in-chamber-for-sand-dust-proof-test\/","title":{"rendered":"Bu\u1ed3ng walk in d\u00e0nh cho th\u1eed nghi\u1ec7m ch\u1ed1ng c\u00e1t b\u1ee5i"},"content":{"rendered":"<div id=\"tab-description\" class=\"woocommerce-Tabs-panel woocommerce-Tabs-panel--description panel entry-content active\" role=\"tabpanel\" aria-labelledby=\"tab-title-description\">\n<p><strong>\u1ee8ng d\u1ee5ng<\/strong><\/p>\n<ol>\n<li>Cung c\u1ea5p m\u00f4i tr\u01b0\u1eddng m\u00f4 ph\u1ecfng th\u1ed5i c\u00e1t kh\u00f4 v\u00e0 ph\u00e1t th\u1ea3i b\u1ee5i.<\/li>\n<li>Ch\u1ea1y l\u00e2u v\u00e0 li\u00ean t\u1ee5c kh\u00f4ng c\u00f3 l\u1ed7i.<\/li>\n<li>\u0110\u1ea3m b\u1ea3o l\u01b0\u1ee3ng b\u1ee5i th\u1ed5i, t\u1ed1c \u0111\u1ed9 th\u1ed5i b\u1ee5i, th\u1eddi gian th\u1ed5i b\u1ee5i nh\u1ea5t \u0111\u1ecbnh v\u00e0 \u0111\u01b0\u1ee3c thi\u1ebft l\u1eadp t\u1ef1 \u0111\u1ed9ng.<\/li>\n<li>V\u1edbi kh\u1ea3 n\u0103ng h\u00fat \u1ea9m v\u00e0 ki\u1ec3m so\u00e1t nhi\u1ec7t \u0111\u1ed9, \u0111\u1ed9 \u1ea9m c\u1ee7a m\u00f4i tr\u01b0\u1eddng b\u00ean trong.<\/li>\n<li>\u0110\u1ea3m b\u1ea3o to\u00e0n b\u1ed9 b\u00e0i th\u1eed c\u00f3 th\u1ec3 t\u00e1i ch\u1ebf \u0111\u01b0\u1ee3c.<\/li>\n<li>Ch\u1ee9c n\u0103ng b\u1ea3o v\u1ec7 an to\u00e0n ho\u00e0n h\u1ea3o.<\/li>\n<\/ol>\n<p><strong>Ti\u00eau chu\u1ea9n<\/strong><\/p>\n<ul>\n<li>IEC 60529:2001 \/ GB 4208-2008 of protection provided by enclosure (IP code)<\/li>\n<li>IEC 60034-5:2000 \/ GB\/T 4942.1-2006 Rotating electrical machines \u2013 Part 5: Degree of protection provided by the integral design of rotating electrical machines (IP code) \u2013 Classification, IDT<\/li>\n<li>IEC 60068-2-68:1994 \/ GB\/T 2423.37-2006 Environmental testing \u2013 Part 2: Tests \u2013 Test L: Dust and sand IDT<\/li>\n<li>IEC 20068-1:1988 \/ GB\/T 2421-2008 Environmental testing \u2013 Part1: General and guidance, IDT<\/li>\n<li>IEC 60068-5-2:1990 \/ GB\/T 2422-2012 Environmental testing \u2013 Part 5: Guide to the drafting of test methods \u2013 Terms and definitions, IDT<\/li>\n<\/ul>\n<p><strong>Th\u00f4ng s\u1ed1 k\u1ef9 thu\u1eadt<\/strong><\/p>\n<div id=\"tablepress-27-scroll-wrapper\" class=\"tablepress-scroll-wrapper\">\n<table id=\"tablepress-27\" class=\"tablepress tablepress-id-27 tablepress-responsive\">\n<thead>\n<tr class=\"row-1 odd\">\n<th class=\"column-1\">T\u00ean s\u1ea3n ph\u1ea9m<\/th>\n<th class=\"column-2\">Walk in Dust-proof Test Chamber<\/th>\n<\/tr>\n<\/thead>\n<tbody class=\"row-hover\">\n<tr class=\"row-2 even\">\n<td class=\"column-1\">M\u1eabu<\/td>\n<td class=\"column-2\">BE-XR-12M\u00b3<\/td>\n<\/tr>\n<tr class=\"row-3 odd\">\n<td class=\"column-1\">K\u00edch th\u01b0\u1edbc trong<\/td>\n<td class=\"column-2\">W2000 X H2400 X D3000mm<\/td>\n<\/tr>\n<tr class=\"row-4 even\">\n<td class=\"column-1\">K\u00edch th\u01b0\u1edbc ngo\u00e0i<\/td>\n<td class=\"column-2\">W2400 X H3000 X D4100mm<\/td>\n<\/tr>\n<tr class=\"row-5 odd\">\n<td class=\"column-1\">T\u1ea3i tr\u1ecdng t\u1ed1i \u0111a<\/td>\n<td class=\"column-2\">\u22651000KG, \u0111\u01b0\u1ee3c trang b\u1ecb gi\u00e1 \u0111\u1ee1 m\u1eabu c\u00f3 th\u1ec3 di chuy\u1ec3n tr\u00ean ray h\u01b0\u1edbng d\u1eabn<\/td>\n<\/tr>\n<tr class=\"row-6 even\">\n<td class=\"column-1\">Quan s\u00e1t c\u1eeda s\u1ed5<\/td>\n<td class=\"column-2\">k\u00ednh c\u01b0\u1eddng l\u1ef1c 5mm kh\u1ed5 l\u1edbn 500mm*500mm, m\u00e1y h\u00fat b\u1ee5i c\u00e1t, \u0111\u00e8n chi\u1ebfu s\u00e1ng.<\/td>\n<\/tr>\n<tr class=\"row-7 odd\">\n<td class=\"column-1\">Ch\u1ea5t li\u1ec7u b\u00ean trong<\/td>\n<td class=\"column-2\">T\u1ea5m th\u00e9p kh\u00f4ng g\u1ec9 ch\u1ecbu nhi\u1ec7t v\u00e0 ch\u1ecbu l\u1ea1nh 1.0 mm SUS304#. (G\u01b0\u01a1ng ho\u00e0n th\u00e0nh).<\/td>\n<\/tr>\n<tr class=\"row-8 even\">\n<td class=\"column-1\">Ch\u1ea5t li\u1ec7u b\u00ean ngo\u00e0i<\/td>\n<td class=\"column-2\">Th\u00e9p t\u1ea5m c\u00e1n ngu\u1ed9i 1,2 mm c\u00f3 l\u1edbp ph\u1ee7 nhi\u1ec7t \u0111\u1ed9 cao.<\/td>\n<\/tr>\n<tr class=\"row-9 odd\">\n<td class=\"column-1\">D\u1ea3i nhi\u1ec7t \u0111\u1ed9<\/td>\n<td class=\"column-2\">RT+10\u2103\uff5e+80\u2103 (C\u00f3 th\u1ec3 \u0111i\u1ec1u ch\u1ec9nh))<\/td>\n<\/tr>\n<tr class=\"row-10 even\">\n<td class=\"column-1\">D\u1ea3i \u0111\u1ed9 \u1ea9m<\/td>\n<td class=\"column-2\">\u226485%R.H<\/td>\n<\/tr>\n<tr class=\"row-11 odd\">\n<td class=\"column-1\">Th\u00e0nh ph\u1ea7n b\u1ee5i<\/td>\n<td class=\"column-2\">Bao g\u1ed3m 100% kho\u00e1ng ch\u1ea5t v\u00f4 c\u01a1, h\u00e0m l\u01b0\u1ee3ng 34%-40% silica (c\u00e1t th\u1ea1ch anh c\u1ea5u tr\u00fac g\u00f3c th\u1ee9 c\u1ea5p) l\u00e0 0,2 v\u00e0 \u0111\u1ed9 c\u1ee9ng l\u00e0 7\u00b0. 17%-23% l\u00e0 oxit s\u1eaft. 26%-32% l\u00e0 ba qu\u00e1 tr\u00ecnh oxy h\u00f3a c\u1ee7a hai nh\u00f4m. Ph\u1ea7n c\u00f2n l\u1ea1i l\u00e0 t\u1ea1p ch\u1ea5t t\u1ef1 nhi\u00ean.<\/td>\n<\/tr>\n<tr class=\"row-12 even\">\n<td class=\"column-1\">Th\u00e0nh ph\u1ea7n h\u1ea1t c\u00e1t v\u00e0 b\u1ee5i<\/td>\n<td class=\"column-2\">68% about 10um\u300112% about 10-20um\u300114% about 20-50um\u30016% about 50-75um.<\/td>\n<\/tr>\n<tr class=\"row-13 odd\">\n<td class=\"column-1\">N\u1ed3ng \u0111\u1ed9 c\u00e1t<\/td>\n<td class=\"column-2\">0.177g\/m\u00b3 , 1.1\u00b10.25g\/m\u00b3 , 2.2\u00b10.5g\/m\u00b3\u00a0\u00a0(T\u00f9y ch\u1ecdn)<\/td>\n<\/tr>\n<tr class=\"row-14 even\">\n<td class=\"column-1\">Li\u1ec1u l\u01b0\u1ee3ng b\u1ee5i<\/td>\n<td class=\"column-2\">2-4kg\u00b17g\/m\u00b3 (c\u00f3 th\u1ec3 c\u00e0i \u0111\u1eb7t v\u00e0 hi\u1ec3n th\u1ecb)<\/td>\n<\/tr>\n<tr class=\"row-15 odd\">\n<td class=\"column-1\">T\u1ed1c \u0111\u1ed9 th\u1ed5i<\/td>\n<td class=\"column-2\">1\uff5e2m\/s (C\u00f3 th\u1ec3 \u0111i\u1ec1u ch\u1ec9nh, c\u00f3 th\u1ec3 c\u00e0i \u0111\u1eb7t v\u00e0 hi\u1ec3n th\u1ecb)<\/td>\n<\/tr>\n<tr class=\"row-16 even\">\n<td class=\"column-1\">V\u1eadn t\u1ed1c kh\u00f4ng kh\u00ed<\/td>\n<td class=\"column-2\">\u22642m\/s<\/td>\n<\/tr>\n<tr class=\"row-17 odd\">\n<td class=\"column-1\">Th\u1eddi gian s\u1ed1c<\/td>\n<td class=\"column-2\">\u2265999h99min (C\u00f3 th\u1ec3 \u0111i\u1ec1u ch\u1ec9nh)<\/td>\n<\/tr>\n<tr class=\"row-18 even\">\n<td class=\"column-1\">Th\u1eddi gian th\u1ed5i<\/td>\n<td class=\"column-2\">\u2265999h99min (C\u00f3 th\u1ec3 \u0111i\u1ec1u ch\u1ec9nh, \u0110i\u1ec1u khi\u1ec3n t\u1ef1 \u0111\u1ed9ng \u0111\u1ecbnh th\u1eddi gian, \u0111\u1ed9 ch\u00ednh x\u00e1c \u0111i\u1ec1u khi\u1ec3n 1 ph\u00fat)<\/td>\n<\/tr>\n<tr class=\"row-19 odd\">\n<td class=\"column-1\">H\u1ec7 th\u1ed1ng \u00e1p su\u1ea5t \u00e2m<\/td>\n<td class=\"column-2\">\u00c1p su\u1ea5t 0~-2kpa (c\u00f3 th\u1ec3 \u0111\u01b0\u1ee3c \u0111\u1eb7t v\u00e0 ki\u1ec3m so\u00e1t)<\/p>\n<p>*T\u1ed1c \u0111\u1ed9 x\u1ea3 kh\u00ed: \u226460 l\u1ea7n th\u1ec3 t\u00edch kh\u00f4ng kh\u00ed trong v\u1ecf m\u1ed7i gi\u1edd.<\/p>\n<p>*Hi\u1ec3n th\u1ecb \u00e1p su\u1ea5t trong bu\u1ed3ng th\u1eed nghi\u1ec7m.<\/td>\n<\/tr>\n<tr class=\"row-20 even\">\n<td class=\"column-1\">Khu v\u1ef1c th\u1eed<\/td>\n<td class=\"column-2\">Th\u1ed5i c\u00e1t d\u01b0\u1edbi t\u1ed1c \u0111\u1ed9 gi\u00f3 29m\/s, khu v\u1ef1c th\u1eed nghi\u1ec7m 1000*1000mm.<\/td>\n<\/tr>\n<tr class=\"row-21 odd\">\n<td class=\"column-1\">Ch\u1ebf \u0111\u1ed9 \u0111i\u1ec1u khi\u1ec3n<\/td>\n<td class=\"column-2\">B\u1ed9 \u0111i\u1ec1u khi\u1ec3n nhi\u1ec7t \u0111\u1ed9 v\u00e0 \u0111\u1ed9 \u1ea9m m\u00e0n h\u00ecnh c\u1ea3m \u1ee9ng c\u00f3 \u0111\u1ed9 ch\u00ednh x\u00e1c cao (s\u1eed d\u1ee5ng c\u1ea3m bi\u1ebfn \u0111\u1ecdc tr\u1ef1c ti\u1ebfp \u0111\u1ed9 \u1ea9m t\u01b0\u01a1ng \u0111\u1ed1i)<\/td>\n<\/tr>\n<tr class=\"row-22 even\">\n<td class=\"column-1\">Ch\u1ebf \u0111\u1ed9 v\u1eadn h\u00e0nh<\/td>\n<td class=\"column-2\">Gi\u00e1 tr\u1ecb c\u1ed1 \u0111\u1ecbnh, ch\u1ebf \u0111\u1ed9 v\u1eadn h\u00e0nh theo ch\u01b0\u01a1ng tr\u00ecnh.<\/td>\n<\/tr>\n<tr class=\"row-23 odd\">\n<td class=\"column-1\">Thi\u1ebft b\u1ecb b\u1ea3o v\u1ec7 an to\u00e0n<\/td>\n<td class=\"column-2\">Thi\u1ebft b\u1ecb b\u1ea3o v\u1ec7 n\u1ed1i \u0111\u1ea5t an to\u00e0n v\u00e0 \u0111\u00e1ng tin c\u1eady; b\u1ea3o v\u1ec7 ngu\u1ed3n \u0111i\u1ec7n d\u01b0\u1edbi \u0111i\u1ec7n \u00e1p v\u00e0 r\u00f2 r\u1ec9; b\u1ea3o v\u1ec7 qu\u00e1 t\u1ea3i \u0111\u1ed9ng c\u01a1; b\u1ea3o v\u1ec7 qu\u00e1 t\u1ea3i \u0111\u1ed9ng c\u01a1 qu\u1ea1t gi\u00f3; thi\u1ebft b\u1ecb kh\u00f3a li\u00ean \u0111\u1ed9ng an to\u00e0n tr\u00ean h\u1ec7 th\u1ed1ng.<\/td>\n<\/tr>\n<tr class=\"row-24 even\">\n<td class=\"column-1\">T\u00f9y ch\u1ecdn<\/td>\n<td class=\"column-2\">H\u1ec7 th\u1ed1ng gi\u00e1m s\u00e1t video<\/td>\n<\/tr>\n<\/tbody>\n<\/table>\n<\/div>\n<\/div>\n","protected":false},"excerpt":{"rendered":"<p>Bu\u1ed3ng th\u1eed nghi\u1ec7m ch\u1ed1ng b\u1ee5i walk in cung c\u1ea5p m\u00f4i tr\u01b0\u1eddng th\u1ed5i c\u00e1t v\u00e0 b\u1ee5i m\u00f4 ph\u1ecfng. N\u00f3 c\u00f3 th\u1ec3 ho\u1ea1t \u0111\u1ed9ng li\u00ean t\u1ee5c trong th\u1eddi gian d\u00e0i m\u00e0 kh\u00f4ng g\u1eb7p s\u1ef1 c\u1ed1.<\/p>\n","protected":false},"featured_media":20512,"comment_status":"closed","ping_status":"closed","template":"","meta":[],"product_brand":[],"product_cat":[63],"product_tag":[],"class_list":{"0":"post-20511","1":"product","2":"type-product","3":"status-publish","4":"has-post-thumbnail","6":"product_cat-buong-thu-nghiem-pin","8":"first","9":"instock","10":"shipping-taxable","11":"product-type-simple"},"acf":[],"_links":{"self":[{"href":"https:\/\/dgbellvietnam.com\/en\/wp-json\/wp\/v2\/product\/20511","targetHints":{"allow":["GET"]}}],"collection":[{"href":"https:\/\/dgbellvietnam.com\/en\/wp-json\/wp\/v2\/product"}],"about":[{"href":"https:\/\/dgbellvietnam.com\/en\/wp-json\/wp\/v2\/types\/product"}],"replies":[{"embeddable":true,"href":"https:\/\/dgbellvietnam.com\/en\/wp-json\/wp\/v2\/comments?post=20511"}],"wp:featuredmedia":[{"embeddable":true,"href":"https:\/\/dgbellvietnam.com\/en\/wp-json\/wp\/v2\/media\/20512"}],"wp:attachment":[{"href":"https:\/\/dgbellvietnam.com\/en\/wp-json\/wp\/v2\/media?parent=20511"}],"wp:term":[{"taxonomy":"product_brand","embeddable":true,"href":"https:\/\/dgbellvietnam.com\/en\/wp-json\/wp\/v2\/product_brand?post=20511"},{"taxonomy":"product_cat","embeddable":true,"href":"https:\/\/dgbellvietnam.com\/en\/wp-json\/wp\/v2\/product_cat?post=20511"},{"taxonomy":"product_tag","embeddable":true,"href":"https:\/\/dgbellvietnam.com\/en\/wp-json\/wp\/v2\/product_tag?post=20511"}],"curies":[{"name":"wp","href":"https:\/\/api.w.org\/{rel}","templated":true}]}}