{"id":20507,"date":"2024-05-27T22:18:24","date_gmt":"2024-05-27T22:18:24","guid":{"rendered":"http:\/\/dgbellvietnam.com\/san-pham\/thermal-runaway-test-machine\/"},"modified":"2024-09-13T16:24:10","modified_gmt":"2024-09-13T09:24:10","slug":"thermal-runaway-test-machine","status":"publish","type":"product","link":"https:\/\/dgbellvietnam.com\/en\/san-pham\/thermal-runaway-test-machine\/","title":{"rendered":"M\u00e1y th\u1eed nghi\u1ec7m tho\u00e1t nhi\u1ec7t"},"content":{"rendered":"<div id=\"tab-description\" class=\"woocommerce-Tabs-panel woocommerce-Tabs-panel--description panel entry-content active\" role=\"tabpanel\" aria-labelledby=\"tab-title-description\">\n<p><strong>Ti\u00eau chu\u1ea9n<\/strong><\/p>\n<ul>\n<li>UL 2580<\/li>\n<li>IEC 62619<\/li>\n<\/ul>\n<p><strong>Y\u00eau c\u1ea7u ti\u00eau chu\u1ea9n<\/strong><\/p>\n<ul>\n<li>\u0110\u1ed1i t\u01b0\u1ee3ng th\u1eed nghi\u1ec7m: \u0110\u1ed1i t\u01b0\u1ee3ng th\u1eed nghi\u1ec7m l\u00e0 to\u00e0n b\u1ed9 xe ho\u1eb7c to\u00e0n b\u1ed9 h\u1ec7 th\u1ed1ng pin ion g\u1eafn tr\u00ean xe ho\u1eb7c h\u1ec7 th\u1ed1ng con c\u1ee7a h\u1ec7 th\u1ed1ng pin lithium-ion g\u1eafn tr\u00ean xe, bao g\u1ed3m pin lithium-ion v\u00e0 pin lithium-ion \u0111\u01b0\u1ee3c k\u1ebft n\u1ed1i \u0111i\u1ec7n.<\/li>\n<li><strong>\u0110i\u1ec1u ki\u1ec7n th\u1eed nghi\u1ec7m ph\u1ea3i \u0111\u01b0\u1ee3c b\u1eaft \u0111\u1ea7u trong c\u00e1c \u0111i\u1ec1u ki\u1ec7n sau:<\/strong><\/li>\n<\/ul>\n<ol>\n<li>Th\u1eed nghi\u1ec7m ph\u1ea3i \u0111\u01b0\u1ee3c b\u1eaft \u0111\u1ea7u \u1edf nhi\u1ec7t \u0111\u1ed9 cao h\u01a1n 0\u2103, \u0111\u1ed9 \u1ea9m t\u01b0\u01a1ng \u0111\u1ed1i 15%~90% v\u00e0 \u00e1p su\u1ea5t kh\u00ed quy\u1ec3n 86~106 kpa.<\/li>\n<li>Tr\u01b0\u1edbc khi th\u1eed nghi\u1ec7m, SOC c\u1ee7a \u0111\u1ed1i t\u01b0\u1ee3ng th\u1eed nghi\u1ec7m ph\u1ea3i \u0111\u01b0\u1ee3c \u0111i\u1ec1u ch\u1ec9nh th\u00e0nh 90% ho\u1eb7c 95% ph\u1ea1m vi ho\u1ea1t \u0111\u1ed9ng SOC b\u00ecnh th\u01b0\u1eddng do nh\u00e0 s\u1ea3n xu\u1ea5t ch\u1ec9 \u0111\u1ecbnh.<\/li>\n<li>Tr\u01b0\u1edbc khi th\u1eed nghi\u1ec7m, t\u1ea5t c\u1ea3 c\u00e1c thi\u1ebft b\u1ecb th\u1eed nghi\u1ec7m ph\u1ea3i ch\u1ea1y b\u00ecnh th\u01b0\u1eddng.<\/li>\n<li>\u0110\u1ed1i t\u01b0\u1ee3ng th\u1eed nghi\u1ec7m ph\u1ea3i \u0111\u01b0\u1ee3c s\u1eeda \u0111\u1ed5i c\u00e0ng \u00edt c\u00e0ng t\u1ed1t khi th\u1eed nghi\u1ec7m v\u00e0 nh\u00e0 s\u1ea3n xu\u1ea5t ph\u1ea3i g\u1eedi danh s\u00e1ch cho t\u1ea5t c\u1ea3 c\u00e1c thay \u0111\u1ed5i.<\/li>\n<li>Th\u1eed nghi\u1ec7m ph\u1ea3i \u1edf nhi\u1ec7t \u0111\u1ed9 ph\u00f2ng ho\u1eb7c t\u1ed1c \u0111\u1ed9 gi\u00f3 kh\u00f4ng qu\u00e1 2,5 km\/h.<\/li>\n<\/ol>\n<ul>\n<li>\u0110\u1ed1i t\u01b0\u1ee3ng k\u00edch ho\u1ea1t tho\u00e1t nhi\u1ec7t: N\u00ean s\u1eed d\u1ee5ng ph\u01b0\u01a1ng ph\u00e1p gia nhi\u1ec7t v\u00e0 ch\u00e2m kim \u0111\u1ec3 th\u1eed nghi\u1ec7m tho\u00e1t nhi\u1ec7t c\u1ee7a h\u1ec7 th\u1ed1ng pin lithium-ion. Nh\u00e0 s\u1ea3n xu\u1ea5t c\u00f3 th\u1ec3 ch\u1ecdn m\u1ed9t trong s\u1ed1 c\u00e1c ph\u01b0\u01a1ng ph\u00e1p n\u00e0y.<\/li>\n<\/ul>\n<p><strong>Th\u00f4ng s\u1ed1 k\u1ef9 thu\u1eadt<\/strong><\/p>\n<div id=\"tablepress-25-scroll-wrapper\" class=\"tablepress-scroll-wrapper\">\n<table id=\"tablepress-25\" class=\"tablepress tablepress-id-25 tablepress-responsive\">\n<thead>\n<tr class=\"row-1 odd\">\n<th class=\"column-1\">T\u00ean s\u1ea3n ph\u1ea9m<\/th>\n<th class=\"column-2\">Thermal Runaway Test Machine<\/th>\n<\/tr>\n<\/thead>\n<tbody class=\"row-hover\">\n<tr class=\"row-2 even\">\n<td class=\"column-1\">M\u1eabu<\/td>\n<td class=\"column-2\">BE-8401<\/td>\n<\/tr>\n<tr class=\"row-3 odd\">\n<td class=\"column-1\">Ch\u1ebf \u0111\u1ed9 k\u00edch ho\u1ea1t<\/td>\n<td class=\"column-2\">S\u1ea1c qu\u00e1 ng\u01b0\u1ee1ng v\u00e0 gia nhi\u1ec7t (T\u00f9y ch\u1ecdn)<\/td>\n<\/tr>\n<tr class=\"row-4 even\">\n<td class=\"column-1\">K\u00eanh ch\u1ebf \u0111\u1ed9 gia nhi\u1ec7t<\/td>\n<td class=\"column-2\">2 k\u00eanh (1 k\u00eanh th\u01b0\u1eddng d\u00f9ng, 1 k\u00eanh d\u1ef1 ph\u00f2ng)<\/td>\n<\/tr>\n<tr class=\"row-5 odd\">\n<td class=\"column-1\">C\u00f4ng su\u1ea5t gia nhi\u1ec7t t\u1ed1i \u0111a<\/td>\n<td class=\"column-2\">3KW, K\u00eanh \u0111\u01a1n<\/td>\n<\/tr>\n<tr class=\"row-6 even\">\n<td class=\"column-1\">Ch\u1ebf \u0111\u1ed9 \u0111i\u1ec1u ch\u1ec9nh c\u00f4ng su\u1ea5t<\/td>\n<td class=\"column-2\">Thay \u0111\u1ed5i \u1ed1ng gia nhi\u1ec7t c\u00f3 c\u00f4ng su\u1ea5t kh\u00e1c nhau + \u0110i\u1ec1u ch\u1ec9nh d\u00f2ng \u0111i\u1ec7n \u0111\u1ea7u v\u00e0o.<\/td>\n<\/tr>\n<tr class=\"row-7 odd\">\n<td class=\"column-1\">Ngu\u1ed3n \u0111i\u1ec7n<\/td>\n<td class=\"column-2\">AC\u00a0220V 50Hz<\/td>\n<\/tr>\n<tr class=\"row-8 even\">\n<td class=\"column-1\">\u0110i\u1ec7n \u00e1p qu\u00e1 s\u1ea1c t\u1ed1i \u0111a<\/td>\n<td class=\"column-2\">10V v\u00e0 100V<\/td>\n<\/tr>\n<tr class=\"row-9 odd\">\n<td class=\"column-1\">K\u00eanh thu th\u1eadp \u0111i\u1ec7n \u00e1p<\/td>\n<td class=\"column-2\">2 k\u00eanh (C\u00f3 th\u1ec3 t\u00f9y ch\u1ec9nh)<\/td>\n<\/tr>\n<tr class=\"row-10 even\">\n<td class=\"column-1\">K\u00eanh thu th\u1eadp nhi\u1ec7t \u0111\u1ed9<\/td>\n<td class=\"column-2\">4 k\u00eanh (C\u00f3 th\u1ec3 t\u00f9y ch\u1ec9nh)<\/td>\n<\/tr>\n<tr class=\"row-11 odd\">\n<td class=\"column-1\">Ch\u1ebf \u0111\u1ed9 \u0111i\u1ec1u khi\u1ec3n<\/td>\n<td class=\"column-2\">PLC+\u0111i\u1ec1u khi\u1ec3n PC (t\u00edch h\u1ee3p PC v\u00e0 bu\u1ed3ng ch\u00ednh)<\/td>\n<\/tr>\n<tr class=\"row-12 even\">\n<td class=\"column-1\">K\u00edch th\u01b0\u1edbc t\u1ed5ng th\u1ec3 m\u00e1y ch\u1ee7 \u0111i\u1ec1u khi\u1ec3n<\/td>\n<td class=\"column-2\">W700 X D650 X H1360mm<\/td>\n<\/tr>\n<tr class=\"row-13 odd\">\n<td class=\"column-1\">K\u00edch th\u01b0\u1edbc bu\u1ed3ng ch\u1ed1ng ch\u00e1y n\u1ed5<\/td>\n<td class=\"column-2\">W2000xD3000xH2000mm (T\u00f9y ch\u1ecdn)<\/td>\n<\/tr>\n<tr class=\"row-14 even\">\n<td class=\"column-1\">T\u1ed5ng tr\u1ecdng l\u01b0\u1ee3ng<\/td>\n<td class=\"column-2\">1000KG<\/td>\n<\/tr>\n<tr class=\"row-15 odd\">\n<td class=\"column-1\">Ngu\u1ed3n \u0111i\u1ec7n<\/td>\n<td class=\"column-2\">AC\u00a0220V\u00a0,\u00a07.0KW<\/td>\n<\/tr>\n<\/tbody>\n<\/table>\n<\/div>\n<p><strong>Ph\u01b0\u01a1ng ph\u00e1p th\u1eed<\/strong><\/p>\n<p>Hai ph\u01b0\u01a1ng ph\u00e1p gia nhi\u1ec7t v\u00e0 \u0111\u00e2m \u0111inh \u0111\u01b0\u1ee3c khuy\u1ebfn ngh\u1ecb cho th\u1eed nghi\u1ec7m khu\u1ebfch t\u00e1n nhi\u1ec7t h\u1ec7 th\u1ed1ng pin lithium-ion. Nh\u00e0 s\u1ea3n xu\u1ea5t c\u00f3 th\u1ec3 ch\u1ecdn m\u1ed9t trong nh\u1eefng ph\u01b0\u01a1ng ph\u00e1p n\u00e0y ho\u1eb7c ch\u1ecdn c\u00e1c ph\u01b0\u01a1ng ph\u00e1p kh\u00e1c \u0111\u1ec3 k\u00edch ho\u1ea1t hi\u1ec7n t\u01b0\u1ee3ng tho\u00e1t nhi\u1ec7t.<\/p>\n<p><strong>\u0110\u1ed1i t\u01b0\u1ee3ng k\u00edch ho\u1ea1t hi\u1ec7n t\u01b0\u1ee3ng tho\u00e1t nhi\u1ec7t<\/strong><\/p>\n<ul>\n<li>Cell pin lithium-ion trong \u0111\u1ed1i t\u01b0\u1ee3ng th\u1eed nghi\u1ec7m.<\/li>\n<li>Ch\u1ecdn 1 cell pin lithium-ion g\u1ea7n t\u00e2m c\u1ee7a pack pin lithium-ion ho\u1eb7c \u0111\u01b0\u1ee3c bao quanh b\u1edfi c\u00e1c cell pin lithium-ion kh\u00e1c v\u00e0 kh\u00f3 t\u1ea1o ra b\u1ee9c x\u1ea1 nhi\u1ec7t.<\/li>\n<\/ul>\n<p><strong>S\u1ef1 \u0111\u00e2m xuy\u00ean \u0111inh g\u00e2y ra hi\u1ec7n t\u01b0\u1ee3ng tho\u00e1t nhi\u1ec7t<\/strong><\/p>\n<ul>\n<li>V\u1eadt li\u1ec7u xuy\u00ean \u0111inh: th\u00e9p<\/li>\n<li>\u0110\u01b0\u1eddng k\u00ednh xuy\u00ean \u0111inh: 3 mm~8 mm<\/li>\n<li>H\u00ecnh d\u1ea1ng \u0111\u1ea7u xuy\u00ean \u0111inh: h\u00ecnh n\u00f3n, g\u00f3c 20\u00b0~60\u00b0<\/li>\n<li>T\u1ed1c \u0111\u1ed9 xuy\u00ean \u0111inh: 10 mm\/gi\u00e2y ~100 mm\/gi\u00e2y<\/li>\n<li>V\u1ecb tr\u00ed v\u00e0 h\u01b0\u1edbng xuy\u00ean \u0111inh: ch\u1ecdn v\u1ecb tr\u00ed v\u00e0 h\u01b0\u1edbng c\u00f3 th\u1ec3 k\u00edch ho\u1ea1t hi\u1ec7n t\u01b0\u1ee3ng tho\u00e1t nhi\u1ec7t c\u1ee7a cell pin lithium ion (v\u00ed d\u1ee5: h\u01b0\u1edbng vu\u00f4ng g\u00f3c v\u1edbi c\u1ef1c). (H\u1ee3p t\u00e1c v\u1edbi bu\u1ed3ng th\u1eed nghi\u1ec7m xuy\u00ean \u0111inh ho\u1eb7c thi\u1ebft b\u1ecb th\u1eed nghi\u1ec7m xuy\u00ean \u0111inh \u1edf d\u01b0\u1edbi c\u00f9ng c\u1ee7a pack pin \u0111\u1ec3 ho\u00e0n t\u1ea5t th\u1eed nghi\u1ec7m)<\/li>\n<\/ul>\n<p>S\u1ef1 gia nhi\u1ec7t g\u00e2y ra hi\u1ec7n t\u01b0\u1ee3ng tho\u00e1t nhi\u1ec7t: s\u1eed d\u1ee5ng thi\u1ebft b\u1ecb gia nhi\u1ec7t d\u1ea1ng ph\u1eb3ng ho\u1eb7c h\u00ecnh que v\u00e0 b\u1ec1 m\u1eb7t ph\u1ea3i \u0111\u01b0\u1ee3c ph\u1ee7 b\u1eb1ng g\u1ed1m, kim lo\u1ea1i ho\u1eb7c l\u1edbp c\u00e1ch \u0111i\u1ec7n.<\/p>\n<p>\u0110\u1ed1i v\u1edbi thi\u1ebft b\u1ecb gia nhi\u1ec7t kh\u1ed1i c\u00f3 c\u00f9ng k\u00edch th\u01b0\u1edbc v\u1edbi cell pin lithium-ion, thi\u1ebft b\u1ecb gia nhi\u1ec7t c\u00f3 th\u1ec3 \u0111\u01b0\u1ee3c s\u1eed d\u1ee5ng \u0111\u1ec3 thay th\u1ebf m\u1ed9t trong c\u00e1c cell pin lithium-ion ti\u1ebfp x\u00fac tr\u1ef1c ti\u1ebfp v\u1edbi b\u1ec1 m\u1eb7t c\u1ee7a v\u1eadt th\u1ec3 k\u00edch ho\u1ea1t; \u0111\u1ed1i v\u1edbi thi\u1ebft b\u1ecb gia nhi\u1ec7t d\u1ea1ng m\u00e0ng m\u1ecfng, thi\u1ebft b\u1ecb n\u00e0y ph\u1ea3i lu\u00f4n \u0111\u01b0\u1ee3c g\u1eafn v\u00e0o v\u1eadt th\u1ec3 k\u00edch ho\u1ea1t.<\/p>\n<p>Di\u1ec7n t\u00edch gia nhi\u1ec7t c\u1ee7a thi\u1ebft b\u1ecb gia nhi\u1ec7t kh\u00f4ng \u0111\u01b0\u1ee3c l\u1edbn h\u01a1n di\u1ec7n t\u00edch b\u1ec1 m\u1eb7t c\u1ee7a cell pin lithium ion; b\u1ec1 m\u1eb7t gia nhi\u1ec7t c\u1ee7a thi\u1ebft b\u1ecb gia nhi\u1ec7t ti\u1ebfp x\u00fac tr\u1ef1c ti\u1ebfp v\u1edbi b\u1ec1 m\u1eb7t c\u1ee7a cell pin v\u00e0 v\u1ecb tr\u00ed c\u1ee7a thi\u1ebft b\u1ecb gia nhi\u1ec7t ph\u1ea3i t\u01b0\u01a1ng \u1ee9ng v\u1edbi v\u1ecb tr\u00ed c\u1ee7a c\u1ea3m bi\u1ebfn nhi\u1ec7t \u0111\u1ed9.<\/p>\n<p>Kh\u1edfi \u0111\u1ed9ng thi\u1ebft b\u1ecb gia nhi\u1ec7t ngay l\u1eadp t\u1ee9c \u0111\u1ec3 gia nhi\u1ec7t v\u1eadt th\u1ec3 \u0111\u01b0\u1ee3c k\u00edch ho\u1ea1t b\u1eb1ng c\u00f4ng su\u1ea5t t\u1ed1i \u0111a c\u1ee7a thi\u1ebft b\u1ecb gia nhi\u1ec7t; khi x\u1ea3y ra hi\u1ec7n t\u01b0\u1ee3ng tho\u00e1t nhi\u1ec7t ho\u1eb7c nhi\u1ec7t \u0111\u1ed9 c\u1ee7a \u0111i\u1ec3m gi\u00e1m s\u00e1t \u0111\u01b0\u1ee3c x\u00e1c \u0111\u1ecbnh \u0111\u1ea1t 300\u2103, h\u00e3y d\u1eebng k\u00edch ho\u1ea1t.<\/p>\n<\/div>\n","protected":false},"excerpt":{"rendered":"<p>M\u00e1y th\u1eed nghi\u1ec7m tho\u00e1t nhi\u1ec7t ki\u1ec3m tra to\u00e0n b\u1ed9 xe ho\u1eb7c to\u00e0n b\u1ed9 h\u1ec7 th\u1ed1ng pin ion g\u1eafn tr\u00ean xe ho\u1eb7c h\u1ec7 th\u1ed1ng con c\u1ee7a h\u1ec7 th\u1ed1ng pin lithium-ion g\u1eafn tr\u00ean xe, bao g\u1ed3m pin lithium-ion v\u00e0 pin lithium-ion \u0111\u01b0\u1ee3c k\u1ebft n\u1ed1i \u0111i\u1ec7n. Ti\u00eau chu\u1ea9n \u00e1p d\u1ee5ng l\u00e0 UL 2580, IEC 62619.<\/p>\n","protected":false},"featured_media":20508,"comment_status":"closed","ping_status":"closed","template":"","meta":[],"product_brand":[],"product_cat":[63,70,72],"product_tag":[],"class_list":{"0":"post-20507","1":"product","2":"type-product","3":"status-publish","4":"has-post-thumbnail","6":"product_cat-buong-thu-nghiem-pin","7":"product_cat-iec-62619","8":"product_cat-ul-2580","10":"first","11":"instock","12":"shipping-taxable","13":"product-type-simple"},"acf":[],"_links":{"self":[{"href":"https:\/\/dgbellvietnam.com\/en\/wp-json\/wp\/v2\/product\/20507","targetHints":{"allow":["GET"]}}],"collection":[{"href":"https:\/\/dgbellvietnam.com\/en\/wp-json\/wp\/v2\/product"}],"about":[{"href":"https:\/\/dgbellvietnam.com\/en\/wp-json\/wp\/v2\/types\/product"}],"replies":[{"embeddable":true,"href":"https:\/\/dgbellvietnam.com\/en\/wp-json\/wp\/v2\/comments?post=20507"}],"wp:featuredmedia":[{"embeddable":true,"href":"https:\/\/dgbellvietnam.com\/en\/wp-json\/wp\/v2\/media\/20508"}],"wp:attachment":[{"href":"https:\/\/dgbellvietnam.com\/en\/wp-json\/wp\/v2\/media?parent=20507"}],"wp:term":[{"taxonomy":"product_brand","embeddable":true,"href":"https:\/\/dgbellvietnam.com\/en\/wp-json\/wp\/v2\/product_brand?post=20507"},{"taxonomy":"product_cat","embeddable":true,"href":"https:\/\/dgbellvietnam.com\/en\/wp-json\/wp\/v2\/product_cat?post=20507"},{"taxonomy":"product_tag","embeddable":true,"href":"https:\/\/dgbellvietnam.com\/en\/wp-json\/wp\/v2\/product_tag?post=20507"}],"curies":[{"name":"wp","href":"https:\/\/api.w.org\/{rel}","templated":true}]}}