{"id":20505,"date":"2024-05-27T22:18:18","date_gmt":"2024-05-27T22:18:18","guid":{"rendered":"http:\/\/dgbellvietnam.com\/san-pham\/high-current-external-short-circuit-test-device\/"},"modified":"2024-09-16T10:51:50","modified_gmt":"2024-09-16T03:51:50","slug":"high-current-external-short-circuit-test-device","status":"publish","type":"product","link":"https:\/\/dgbellvietnam.com\/en\/san-pham\/high-current-external-short-circuit-test-device\/","title":{"rendered":"Thi\u1ebft b\u1ecb th\u1eed nghi\u1ec7m ng\u1eafn m\u1ea1ch ngo\u00e0i d\u00f2ng \u0111i\u1ec7n cao"},"content":{"rendered":"<div id=\"tab-description\" class=\"woocommerce-Tabs-panel woocommerce-Tabs-panel--description panel entry-content active\" role=\"tabpanel\" aria-labelledby=\"tab-title-description\">\n<p><strong>\u1ee8ng d\u1ee5ng<\/strong><\/p>\n<p><strong><b>C\u00e1c y\u00eau c\u1ea7u<\/b><\/strong><\/p>\n<p>1. \u0110\u1ed1i t\u01b0\u1ee3ng th\u1eed nghi\u1ec7m: pack pin v\u00e0 h\u1ec7 th\u1ed1ng<\/p>\n<p>2. \u0110i\u1ec1u ki\u1ec7n th\u1eed nghi\u1ec7m:<\/p>\n<ul>\n<li>Nhi\u1ec7t \u0111\u1ed9 th\u1eed nghi\u1ec7m ph\u1ea3i \u1edf m\u1ee9c 20\u00b110\u2103 ho\u1eb7c cao h\u01a1n. (Theo y\u00eau c\u1ea7u c\u1ee7a nh\u00e0 s\u1ea3n xu\u1ea5t h\u1ec7 th\u1ed1ng \u1eafc quy).<\/li>\n<li>T\u1ea5t c\u1ea3 c\u00e1c thi\u1ebft b\u1ecb b\u1ea3o v\u1ec7 \u1ea3nh h\u01b0\u1edfng \u0111\u1ebfn ch\u1ee9c n\u0103ng c\u1ee7a \u0111\u1ed1i t\u01b0\u1ee3ng th\u1eed nghi\u1ec7m v\u00e0 li\u00ean quan \u0111\u1ebfn k\u1ebft qu\u1ea3 th\u1eed nghi\u1ec7m ph\u1ea3i \u1edf tr\u1ea1ng th\u00e1i ho\u1ea1t \u0111\u1ed9ng b\u00ecnh th\u01b0\u1eddng khi b\u1eaft \u0111\u1ea7u th\u1eed nghi\u1ec7m.<\/li>\n<\/ul>\n<p>3. C\u00e1c c\u00f4ng t\u1eafc t\u01a1 \u0111\u01b0\u1ee3c s\u1eed d\u1ee5ng \u0111\u1ec3 s\u1ea1c v\u00e0 x\u1ea3 ph\u1ea3i \u0111\u01b0\u1ee3c \u0111\u00f3ng l\u1ea1i \u0111\u1ec3 ch\u1ec9 ra ch\u1ebf \u0111\u1ed9 kh\u1ea3 thi c\u1ee7a ph\u01b0\u01a1ng ti\u1ec7n v\u00e0 ch\u1ebf \u0111\u1ed9 cho ph\u00e9p s\u1ea1c b\u00ean ngo\u00e0i. N\u1ebfu kh\u00f4ng th\u1ec3 ho\u00e0n th\u00e0nh m\u1ed9t th\u1eed nghi\u1ec7m \u0111\u01a1n, h\u00e3y x\u1eed l\u00fd hai b\u00e0i th\u1eed tr\u1edf l\u00ean.<\/p>\n<p>4. C\u00e1c c\u1ef1c d\u01b0\u01a1ng v\u00e0 c\u1ef1c \u00e2m c\u1ee7a \u0111\u1ed1i t\u01b0\u1ee3ng th\u1eed nghi\u1ec7m \u0111\u01b0\u1ee3c k\u1ebft n\u1ed1i v\u1edbi nhau \u0111\u1ec3 t\u1ea1o ra ng\u1eafn m\u1ea1ch. \u0110i\u1ec7n tr\u1edf c\u1ee7a k\u1ebft n\u1ed1i (bao g\u1ed3m c\u1ea3 d\u00e2y d\u1eabn) d\u00f9ng \u0111\u1ec3 t\u1ea1o \u0111o\u1ea3n m\u1ea1ch kh\u00f4ng \u0111\u01b0\u1ee3c v\u01b0\u1ee3t qu\u00e1 5m\u03a9.<\/p>\n<p>5. Gi\u1eef ng\u1eafn m\u1ea1ch cho \u0111\u1ebfn khi \u0111\u00e1p \u1ee9ng b\u1ea5t k\u1ef3 \u0111i\u1ec1u ki\u1ec7n n\u00e0o sau \u0111\u00e2y v\u00e0 qu\u00e1 tr\u00ecnh th\u1eed nghi\u1ec7m ho\u00e0n t\u1ea5t.<\/p>\n<ul>\n<li>Ch\u1ee9c n\u0103ng b\u1ea3o v\u1ec7 c\u1ee7a \u0111\u1ed1i t\u01b0\u1ee3ng th\u1eed nghi\u1ec7m ho\u1ea1t \u0111\u1ed9ng v\u00e0 d\u00f2ng \u0111i\u1ec7n ng\u1eafn m\u1ea1ch ch\u1ea5m d\u1ee9t.<\/li>\n<li>Sau khi nhi\u1ec7t \u0111\u1ed9 v\u1ecf c\u1ee7a \u0111\u1ed1i t\u01b0\u1ee3ng th\u1eed nghi\u1ec7m \u1ed5n \u0111\u1ecbnh (\u0111\u1ed9 d\u1ed1c nhi\u1ec7t \u0111\u1ed9 nh\u1ecf h\u01a1n 4\u2103 trong v\u00f2ng 2 gi\u1edd), hi\u1ec7n t\u01b0\u1ee3ng ng\u1eafn m\u1ea1ch s\u1ebd ti\u1ebfp t\u1ee5c trong \u00edt nh\u1ea5t 1 gi\u1edd.<\/li>\n<\/ul>\n<p>6. Sau khi th\u1eed nghi\u1ec7m, quan s\u00e1t trong 2 gi\u1edd \u1edf nhi\u1ec7t \u0111\u1ed9 ph\u00f2ng.<\/p>\n<p><strong>C\u00e1c t\u00ednh n\u0103ng ch\u00ednh<\/strong><\/p>\n<ul>\n<li>Ng\u1eaft ch\u00e2n kh\u00f4ng, tr\u00e1nh h\u1ed3 quang \u0111i\u1ec7n x\u1ea3y ra h\u01b0 h\u1ecfng c\u00f4ng t\u1eafc t\u01a1.<\/li>\n<li>T\u00ecnh tr\u1ea1ng ch\u1ed1ng oxy h\u00f3a c\u1ee7a c\u00e1c b\u1ed9 ph\u1eadn ti\u1ebfp x\u00fac ch\u00ednh, \u0111\u1ea3m b\u1ea3o th\u1eddi gian v\u1eadn h\u00e0nh l\u00e2u d\u00e0i cho d\u00f2ng \u0111i\u1ec7n v\u00e0 \u0111i\u1ec7n tr\u1edf cao.<\/li>\n<li>Thu th\u1eadp d\u1eef li\u1ec7u: C\u00e1c k\u00eanh thu th\u1eadp nhi\u1ec7t \u0111\u1ed9, \u0111i\u1ec7n \u00e1p v\u00e0 d\u00f2ng \u0111i\u1ec7n (C\u00f3 s\u1eb5n cho nhi\u1ec1u k\u00eanh.)<\/li>\n<li>Ch\u1ebf \u0111\u1ed9 \u0111i\u1ec1u khi\u1ec3n: \u0110i\u1ec1u khi\u1ec3n m\u00e0n h\u00ecnh c\u1ea3m \u1ee9ng + \u0111i\u1ec1u khi\u1ec3n t\u1eeb xa m\u00e1y t\u00ednh + \u0110i\u1ec1u khi\u1ec3n t\u1eeb xa.<\/li>\n<\/ul>\n<p><strong>Ti\u00eau chu\u1ea9n thi\u1ebft b\u1ecb\u00a0<\/strong><\/p>\n<ul>\n<li>UL 2580<\/li>\n<li>ECE R100<\/li>\n<\/ul>\n<p><strong>Th\u00f4ng s\u1ed1 k\u1ef9 thu\u1eadt<\/strong><\/p>\n<div id=\"tablepress-24-scroll-wrapper\" class=\"tablepress-scroll-wrapper\">\n<table id=\"tablepress-24\" class=\"tablepress tablepress-id-24 tablepress-responsive\">\n<thead>\n<tr class=\"row-1 odd\">\n<th class=\"column-1\">T\u00ean s\u1ea3n ph\u1ea9m<\/th>\n<th class=\"column-2\" colspan=\"2\">High Current External Short circuit Test Device<\/th>\n<\/tr>\n<\/thead>\n<tbody class=\"row-hover\">\n<tr class=\"row-2 even\">\n<td class=\"column-1\">M\u1eabu<\/td>\n<td class=\"column-2\">BE-XL-10000A<\/td>\n<td class=\"column-3\">BE-XL-15000A<\/td>\n<\/tr>\n<tr class=\"row-3 odd\">\n<td class=\"column-1\">D\u00f2ng v\u1eadn h\u00e0nh t\u1ed1i \u0111a<\/td>\n<td class=\"column-2\">10000A<\/td>\n<td class=\"column-3\">16000A<\/td>\n<\/tr>\n<tr class=\"row-4 even\">\n<td class=\"column-1\">D\u00f2ng \u0111i\u1ec7n qu\u00e1 \u0111\u1ed9 t\u1ed1i \u0111a<\/td>\n<td class=\"column-2\">12000A<\/td>\n<td class=\"column-3\">16000A<\/td>\n<\/tr>\n<tr class=\"row-5 odd\">\n<td class=\"column-1\">D\u1ea3i nhi\u1ec7t \u0111\u1ed9<\/td>\n<td class=\"column-2\" colspan=\"2\">Nhi\u1ec7t \u0111\u1ed9 m\u00f4i tr\u01b0\u1eddng xung quanh<\/td>\n<\/tr>\n<tr class=\"row-6 even\">\n<td class=\"column-1\">\u0110i\u1ec7n tr\u1edf trong<\/td>\n<td class=\"column-2\" colspan=\"2\">\uff1c1m\u03a9,\u00a0\uff1c5m\u03a9,\u00a0\uff1c10m\u03a9,\u00a0\uff1c20m\u03a9,\u00a0\uff1c50m\u03a9,\uff1c100m\u03a9 (Optional)<\/td>\n<\/tr>\n<tr class=\"row-7 odd\">\n<td class=\"column-1\">Ch\u1ebf \u0111\u1ed9 \u0111i\u1ec1u khi\u1ec3n<\/td>\n<td class=\"column-2\" colspan=\"2\">\u0110\u00f3ng<\/p>\n<p>\u0110i\u1ec1u khi\u1ec3n m\u00e0n h\u00ecnh c\u1ea3m \u1ee9ng PLC + \u0111i\u1ec1u khi\u1ec3n t\u1eeb xa m\u00e1y t\u00ednh + \u0111i\u1ec1u khi\u1ec3n t\u1eeb xa<\/td>\n<\/tr>\n<tr class=\"row-8 even\">\n<td class=\"column-1\">K\u00edch th\u01b0\u1edbc ngo\u00e0i<\/td>\n<td class=\"column-2\">W700xD1050xH1830mm<\/td>\n<td class=\"column-3\">W700xD1050xH1830mm<\/td>\n<\/tr>\n<tr class=\"row-9 odd\">\n<td class=\"column-1\">K\u00edch th\u01b0\u1edbc t\u1ee7 ch\u1ed1ng ch\u00e1y n\u1ed5<\/td>\n<td class=\"column-2\" colspan=\"2\">W2000xD3000xH2000mm (T\u00f9y ch\u1ecdn)<\/td>\n<\/tr>\n<tr class=\"row-10 even\">\n<td class=\"column-1\">Ph\u1ea1m vi \u0111o \u0111i\u1ec7n \u00e1p<\/td>\n<td class=\"column-2\" colspan=\"2\">0~1000V<\/td>\n<\/tr>\n<tr class=\"row-11 odd\">\n<td class=\"column-1\">Th\u1eddi gian \u0111\u00e1p \u1ee9ng ng\u1eafn m\u1ea1ch<\/td>\n<td class=\"column-2\" colspan=\"2\">\u226620ms<\/td>\n<\/tr>\n<tr class=\"row-12 even\">\n<td class=\"column-1\">Ch\u1ebf \u0111\u1ed9 \u0111i\u1ec1u khi\u1ec3n<\/td>\n<td class=\"column-2\" colspan=\"2\">USB, th\u1ebb d\u1eef li\u1ec7u, v.v&#8230;<\/td>\n<\/tr>\n<tr class=\"row-13 odd\">\n<td class=\"column-1\">Thi\u1ebft b\u1ecb an to\u00e0n<\/td>\n<td class=\"column-2\" colspan=\"2\">H\u1ec7 th\u1ed1ng gi\u00e1m s\u00e1t video, h\u1ec7 th\u1ed1ng ch\u1ed1ng ch\u00e1y n\u1ed5, h\u1ec7 th\u1ed1ng x\u1ea3 kh\u00f3i, thi\u1ebft b\u1ecb b\u00e1o kh\u00f3i, thi\u1ebft b\u1ecb chi\u1ebfu s\u00e1ng ch\u1ed1ng ch\u00e1y n\u1ed5, v.v.<\/td>\n<\/tr>\n<tr class=\"row-14 even\">\n<td class=\"column-1\">M\u00f4-\u0111un thu th\u1eadp d\u1eef li\u1ec7u<\/td>\n<td class=\"column-2\" colspan=\"2\">C\u00e1c k\u00eanh thu th\u1eadp v\u00e0 c\u00e1ch ly t\u1eeb xa \u0111\u1ed9c l\u1eadp, nhi\u1ec1u \u0111i\u1ec7n \u00e1p\/nhi\u1ec7t \u0111\u1ed9\/d\u00f2ng \u0111i\u1ec7n \u0111\u1ea3m b\u1ea3o \u0111\u1ed9 ch\u00ednh x\u00e1c c\u1ee7a d\u1eef li\u1ec7u. T\u1ea7n s\u1ed1 thu nh\u1eadn 100HZ<\/td>\n<\/tr>\n<tr class=\"row-15 odd\">\n<td class=\"column-1\">Ph\u01b0\u01a1ng ph\u00e1p ng\u1eafn m\u1ea1ch<\/td>\n<td class=\"column-2\" colspan=\"2\">D\u1eadp t\u1eaft h\u1ed3 quang b\u1eb1ng kh\u00ed n\u00e9n + ch\u00e2n kh\u00f4ng<\/td>\n<\/tr>\n<tr class=\"row-16 even\">\n<td class=\"column-1\">Thi\u1ebft b\u1ecb c\u1ea3nh b\u00e1o an to\u00e0n<\/td>\n<td class=\"column-2\" colspan=\"2\">R\u00f2 r\u1ec9 \u0111i\u1ec7n, b\u1ea3o v\u1ec7 qu\u00e1 d\u00f2ng, c\u1ea3nh b\u00e1o \u00e2m thanh \u00e1nh s\u00e1ng b\u1ea5t th\u01b0\u1eddng, c\u1ea3nh b\u00e1o kh\u00f3i, h\u1ec7 th\u1ed1ng b\u1ea3o v\u1ec7 k\u00e9p, v.v.<\/td>\n<\/tr>\n<tr class=\"row-17 odd\">\n<td class=\"column-1\">\u0110\u1ed3 g\u00e1 th\u1eed nghi\u1ec7m<\/td>\n<td class=\"column-2\" colspan=\"2\">T\u00f9y ch\u1ec9nh theo \u0111i\u1ec1u ki\u1ec7n ki\u1ec3m tra th\u1ef1c t\u1ebf<\/td>\n<\/tr>\n<\/tbody>\n<\/table>\n<\/div>\n<\/div>\n","protected":false},"excerpt":{"rendered":"<p><strong>\u1ee8ng d\u1ee5ng<\/strong>: M\u00f4 &#8211; \u0111un pin, Pack pin, h\u1ec7 th\u1ed1ng pin ng\u1eafn m\u1ea1ch.<\/p>\n","protected":false},"featured_media":20506,"comment_status":"closed","ping_status":"closed","template":"","meta":[],"product_brand":[],"product_cat":[63,69,70,72],"product_tag":[],"class_list":{"0":"post-20505","1":"product","2":"type-product","3":"status-publish","4":"has-post-thumbnail","6":"product_cat-buong-thu-nghiem-pin","7":"product_cat-ece-r100","8":"product_cat-iec-62619","9":"product_cat-ul-2580","11":"first","12":"instock","13":"shipping-taxable","14":"product-type-simple"},"acf":[],"_links":{"self":[{"href":"https:\/\/dgbellvietnam.com\/en\/wp-json\/wp\/v2\/product\/20505","targetHints":{"allow":["GET"]}}],"collection":[{"href":"https:\/\/dgbellvietnam.com\/en\/wp-json\/wp\/v2\/product"}],"about":[{"href":"https:\/\/dgbellvietnam.com\/en\/wp-json\/wp\/v2\/types\/product"}],"replies":[{"embeddable":true,"href":"https:\/\/dgbellvietnam.com\/en\/wp-json\/wp\/v2\/comments?post=20505"}],"wp:featuredmedia":[{"embeddable":true,"href":"https:\/\/dgbellvietnam.com\/en\/wp-json\/wp\/v2\/media\/20506"}],"wp:attachment":[{"href":"https:\/\/dgbellvietnam.com\/en\/wp-json\/wp\/v2\/media?parent=20505"}],"wp:term":[{"taxonomy":"product_brand","embeddable":true,"href":"https:\/\/dgbellvietnam.com\/en\/wp-json\/wp\/v2\/product_brand?post=20505"},{"taxonomy":"product_cat","embeddable":true,"href":"https:\/\/dgbellvietnam.com\/en\/wp-json\/wp\/v2\/product_cat?post=20505"},{"taxonomy":"product_tag","embeddable":true,"href":"https:\/\/dgbellvietnam.com\/en\/wp-json\/wp\/v2\/product_tag?post=20505"}],"curies":[{"name":"wp","href":"https:\/\/api.w.org\/{rel}","templated":true}]}}