{"id":20502,"date":"2024-05-27T22:18:11","date_gmt":"2024-05-27T22:18:11","guid":{"rendered":"http:\/\/dgbellvietnam.com\/san-pham\/battery-pack-direct-cooling-test-machine\/"},"modified":"2024-09-10T15:48:08","modified_gmt":"2024-09-10T08:48:08","slug":"battery-pack-direct-cooling-test-machine","status":"publish","type":"product","link":"https:\/\/dgbellvietnam.com\/en\/san-pham\/battery-pack-direct-cooling-test-machine\/","title":{"rendered":"M\u00e1y th\u1eed l\u00e0m m\u00e1t pack pin"},"content":{"rendered":"<div id=\"tab-description\" class=\"woocommerce-Tabs-panel woocommerce-Tabs-panel--description panel entry-content active\" role=\"tabpanel\" aria-labelledby=\"tab-title-description\">\n<p><strong>\u1ee8ng d\u1ee5ng<\/strong><\/p>\n<p>M\u00e1y th\u1eed nghi\u1ec7m l\u00e0m m\u00e1t tr\u1ef1c ti\u1ebfp, l\u00e0m l\u1ea1nh\/carbon dioxide \u0111\u01b0\u1ee3c s\u1eed d\u1ee5ng chuy\u00ean d\u1ee5ng cho thi\u1ebft b\u1ecb th\u1eed nghi\u1ec7m pack pin l\u00e0m m\u00e1t tr\u1ef1c ti\u1ebfp Freon, th\u00f4ng qua vi\u1ec7c ki\u1ec3m so\u00e1t \u00e1p su\u1ea5t Freon, qu\u00e1 m\u00e1t, qu\u00e1 nhi\u1ec7t, ph\u00e2n ph\u1ed1i l\u01b0u l\u01b0\u1ee3ng kh\u1ed1i v\u00e0 c\u00e1c c\u00e1ch kh\u00e1c \u0111\u1ec3 ki\u1ec3m so\u00e1t c\u00e1c th\u00f4ng s\u1ed1 l\u00e0m vi\u1ec7c c\u1ee7a to\u00e0n b\u1ed9 m\u00e1y, nh\u1eb1m m\u00f4 ph\u1ecfng tr\u1ea1ng th\u00e1i ki\u1ec3m so\u00e1t nhi\u1ec7t \u0111\u1ed9 l\u00e0m m\u00e1t tr\u1ef1c ti\u1ebfp c\u1ee7a xe trong qu\u00e1 tr\u00ecnh th\u1eed nhi\u1ec7t. Ba ch\u1ebf \u0111\u1ed9 kh\u00e1ch h\u00e0ng c\u00f3 th\u1ec3 \u0111i\u1ec1u ch\u1ec9nh l\u00e0 l\u00e0m l\u1ea1nh t\u00f9y ch\u1ecdn, b\u01a1m nhi\u1ec7t v\u00e0 gia nhi\u1ec7t PTC.<\/p>\n<p>So v\u1edbi \u0111i\u1ec1u khi\u1ec3n nhi\u1ec7t \u0111\u1ed9 l\u00e0m m\u00e1t b\u1eb1ng ch\u1ea5t l\u1ecfng truy\u1ec1n th\u1ed1ng, h\u1ec7 th\u1ed1ng l\u00e0m m\u00e1t tr\u1ef1c ti\u1ebfp Freon l\u00e0m gi\u1ea3m c\u00e1c th\u00e0nh ph\u1ea7n chu tr\u00ecnh l\u00e0m m\u00e1t. N\u00f3c\u00f3 \u01b0u \u0111i\u1ec3m l\u00e0 \u0111\u1ed9 tin c\u1eady cao h\u01a1n, tr\u1ecdng l\u01b0\u1ee3ng nh\u1eb9 h\u01a1n, ti\u00eau th\u1ee5 \u00edt n\u0103ng l\u01b0\u1ee3ng h\u01a1n v\u00e0 \u0111i\u1ec1u ki\u1ec7n l\u00e0m vi\u1ec7c \u1ed5n \u0111\u1ecbnh h\u01a1n. \u0110\u1ed3ng th\u1eddi, \u0111\u00e2y l\u00e0 h\u01b0\u1edbng ph\u00e1t tri\u1ec3n ch\u00ednh c\u1ee7a \u0111i\u1ec1u khi\u1ec3n nhi\u1ec7t \u0111\u1ed9 xe n\u0103ng l\u01b0\u1ee3ng m\u1edbi trong t\u01b0\u01a1ng lai v\u00e0 \u0111\u01b0\u1ee3c s\u1eed d\u1ee5ng r\u1ed9ng r\u00e3i trong ph\u00e1t tri\u1ec3n s\u1ea3n ph\u1ea9m m\u1edbi v\u00e0 ki\u1ec3m so\u00e1t ch\u1ea5t l\u01b0\u1ee3ng.<\/p>\n<p><strong>Th\u00f4ng s\u1ed1 k\u1ef9 thu\u1eadt<\/strong><\/p>\n<table id=\"tablepress-79\" class=\"tablepress tablepress-id-79 tablepress-responsive\">\n<thead>\n<tr class=\"row-1 odd\">\n<th class=\"column-1\">M\u1eabu<\/th>\n<th class=\"column-2\">C\u00f4ng su\u1ea5t l\u00e0m l\u1ea1nh<\/th>\n<th class=\"column-3\">C\u00f4ng su\u1ea5t gia nhi\u1ec7t<\/th>\n<th class=\"column-4\">Qu\u00e1 nhi\u1ec7t<\/th>\n<th class=\"column-5\">Qu\u00e1 m\u00e1t<\/th>\n<th class=\"column-6\">K\u00edch th\u01b0\u1edbc b\u00ean ngo\u00e0i<br \/>\n(W*D*H) mm<\/th>\n<\/tr>\n<\/thead>\n<tbody class=\"row-hover\">\n<tr class=\"row-2 even\">\n<td class=\"column-1\">Hz05<\/td>\n<td class=\"column-2\">5 kW<\/td>\n<td class=\"column-3\">5 kW<\/td>\n<td class=\"column-4\">3\u2103\u00b12\u2103<\/td>\n<td class=\"column-5\">5\u2103\u00b13\u2103<\/td>\n<td class=\"column-6\">800*1200*1500<\/td>\n<\/tr>\n<tr class=\"row-3 odd\">\n<td class=\"column-1\">Hz10<\/td>\n<td class=\"column-2\">10 kW<\/td>\n<td class=\"column-3\">10 kW<\/td>\n<td class=\"column-4\">3\u2103\u00b12\u2103<\/td>\n<td class=\"column-5\">5\u2103\u00b13\u2103<\/td>\n<td class=\"column-6\">1000*1500*1500<\/td>\n<\/tr>\n<tr class=\"row-4 even\">\n<td class=\"column-1\">Hz20<\/td>\n<td class=\"column-2\">20 kW<\/td>\n<td class=\"column-3\">20 kW<\/td>\n<td class=\"column-4\">3\u2103\u00b12\u2103<\/td>\n<td class=\"column-5\">5\u2103\u00b13\u2103<\/td>\n<td class=\"column-6\">1350*1750*1950<\/td>\n<\/tr>\n<\/tbody>\n<\/table>\n<\/div>\n","protected":false},"excerpt":{"rendered":"<p>\u1ee8ng d\u1ee5ng M\u00e1y th\u1eed nghi\u1ec7m l\u00e0m m\u00e1t tr\u1ef1c ti\u1ebfp, l\u00e0m l\u1ea1nh\/carbon dioxide \u0111\u01b0\u1ee3c s\u1eed d\u1ee5ng chuy\u00ean d\u1ee5ng cho thi\u1ebft b\u1ecb th\u1eed nghi\u1ec7m pack pin l\u00e0m m\u00e1t tr\u1ef1c ti\u1ebfp Freon, th\u00f4ng qua vi\u1ec7c ki\u1ec3m so\u00e1t \u00e1p su\u1ea5t Freon, qu\u00e1 m\u00e1t, qu\u00e1 nhi\u1ec7t, ph\u00e2n ph\u1ed1i l\u01b0u l\u01b0\u1ee3ng kh\u1ed1i v\u00e0 c\u00e1c c\u00e1ch kh\u00e1c \u0111\u1ec3 ki\u1ec3m so\u00e1t c\u00e1c th\u00f4ng<\/p>\n","protected":false},"featured_media":20503,"comment_status":"closed","ping_status":"closed","template":"","meta":[],"product_brand":[],"product_cat":[63],"product_tag":[],"class_list":{"0":"post-20502","1":"product","2":"type-product","3":"status-publish","4":"has-post-thumbnail","6":"product_cat-buong-thu-nghiem-pin","8":"first","9":"instock","10":"shipping-taxable","11":"product-type-simple"},"acf":[],"_links":{"self":[{"href":"https:\/\/dgbellvietnam.com\/en\/wp-json\/wp\/v2\/product\/20502","targetHints":{"allow":["GET"]}}],"collection":[{"href":"https:\/\/dgbellvietnam.com\/en\/wp-json\/wp\/v2\/product"}],"about":[{"href":"https:\/\/dgbellvietnam.com\/en\/wp-json\/wp\/v2\/types\/product"}],"replies":[{"embeddable":true,"href":"https:\/\/dgbellvietnam.com\/en\/wp-json\/wp\/v2\/comments?post=20502"}],"wp:featuredmedia":[{"embeddable":true,"href":"https:\/\/dgbellvietnam.com\/en\/wp-json\/wp\/v2\/media\/20503"}],"wp:attachment":[{"href":"https:\/\/dgbellvietnam.com\/en\/wp-json\/wp\/v2\/media?parent=20502"}],"wp:term":[{"taxonomy":"product_brand","embeddable":true,"href":"https:\/\/dgbellvietnam.com\/en\/wp-json\/wp\/v2\/product_brand?post=20502"},{"taxonomy":"product_cat","embeddable":true,"href":"https:\/\/dgbellvietnam.com\/en\/wp-json\/wp\/v2\/product_cat?post=20502"},{"taxonomy":"product_tag","embeddable":true,"href":"https:\/\/dgbellvietnam.com\/en\/wp-json\/wp\/v2\/product_tag?post=20502"}],"curies":[{"name":"wp","href":"https:\/\/api.w.org\/{rel}","templated":true}]}}