{"id":20498,"date":"2024-05-27T22:18:00","date_gmt":"2024-05-27T22:18:00","guid":{"rendered":"http:\/\/dgbellvietnam.com\/san-pham\/battery-pack-liquid-cooler-test-machine\/"},"modified":"2024-09-16T10:34:05","modified_gmt":"2024-09-16T03:34:05","slug":"battery-pack-liquid-cooler-test-machine","status":"publish","type":"product","link":"https:\/\/dgbellvietnam.com\/en\/san-pham\/battery-pack-liquid-cooler-test-machine\/","title":{"rendered":"M\u00e1y th\u1eed l\u00e0m m\u00e1t ch\u1ea5t l\u1ecfng c\u1ee7a pack pin"},"content":{"rendered":"<div id=\"tab-description\" class=\"woocommerce-Tabs-panel woocommerce-Tabs-panel--description panel entry-content active\" role=\"tabpanel\" aria-labelledby=\"tab-title-description\">\n<p><strong>\u1ee8ng d\u1ee5ng<\/strong><\/p>\n<p class=\"s-rich-text-wrapper s-rich-text-wrapper s-rich-text-wrapper s-rich-text-wrapper s-rich-text-wrapper s-rich-text-wrapper s-rich-text-wrapper s-rich-text-wrapper s-rich-text-wrapper s-rich-text-wrapper\">B\u1ed9 l\u00e0m m\u00e1t ch\u1ea5t l\u1ecfng c\u1ee7a pack pin \u0111\u01b0\u1ee3c s\u1eed d\u1ee5ng \u0111\u1eb7c bi\u1ec7t \u0111\u1ec3 th\u1eed nghi\u1ec7m c\u01a1 h\u1ecdc nhi\u1ec7t v\u00e0 ch\u1ea5t l\u1ecfng c\u1ee7a pack pin l\u00e0m m\u00e1t b\u1eb1ng ch\u1ea5t l\u1ecfng. Theo y\u00eau c\u1ea7u ki\u1ec3m tra hi\u1ec7u su\u1ea5t c\u1ee7a pack pin l\u00e0m m\u00e1t b\u1eb1ng ch\u1ea5t l\u1ecfng, n\u00f3 \u0111\u01b0\u1ee3c t\u00edch h\u1ee3p nhi\u1ec1u lo\u1ea1i c\u1ea3m bi\u1ebfn hi\u1ec7u su\u1ea5t cao, c\u00f3 th\u1ec3 ki\u1ec3m tra l\u01b0u l\u01b0\u1ee3ng, \u00e1p su\u1ea5t, nhi\u1ec7t \u0111\u1ed9, \u0111\u1ed9 k\u00edn c\u1ee7a b\u1ed9 pin l\u00e0m m\u00e1t b\u1eb1ng ch\u1ea5t l\u1ecfng v\u00e0 c\u00f3 th\u1ec3 cung c\u1ea5p m\u00f4 ph\u1ecfng nhi\u1ec7t \u0111\u1ed9 v\u00f9ng nhi\u1ec7t \u0111\u1ed9 \u0111\u1ea7y \u0111\u1ee7, m\u00f4 ph\u1ecfng \u00e1p su\u1ea5t, m\u00f4 ph\u1ecfng d\u00f2ng ch\u1ea3y, v.v. S\u1ea3n ph\u1ea9m h\u1ed7 tr\u1ee3 ch\u1ebf \u0111\u1ed9 giao ti\u1ebfp nh\u01b0 CAN v\u00e0 RS485, \u0111\u1ed3ng th\u1eddi h\u1ed7 tr\u1ee3 giao ti\u1ebfp v\u1edbi m\u00e1y t\u00ednh ch\u1ee7 v\u00e0 m\u00e1y ki\u1ec3m tra s\u1ea1c v\u00e0 x\u1ea3.<\/p>\n<p><img fetchpriority=\"high\" decoding=\"async\" class=\"size-full wp-image-5176 aligncenter\" title=\"870167_460303\" src=\"http:\/\/dgbellvietnam.com\/wp-content\/uploads\/2024\/05\/870167_460303.webp\" srcset=\"http:\/\/dgbellvietnam.com\/wp-content\/uploads\/2024\/05\/870167_460303-300x123.webp 300w, http:\/\/dgbellvietnam.com\/wp-content\/uploads\/2024\/05\/870167_460303-535x219.webp 535w, http:\/\/dgbellvietnam.com\/wp-content\/uploads\/2024\/05\/870167_460303.webp 732w\" width=\"732\" height=\"299\" data-lazyloaded=\"1\" data-src=\"data:image\/svg+xml;base64,PHN2ZyB4bWxucz0iaHR0cHM6Ly93d3cudzMub3JnLzIwMDAvc3ZnIiB3aWR0aD0iNzMyIiBoZWlnaHQ9IjI5OSIgdmlld0JveD0iMCAwIDczMiAyOTkiPjxyZWN0IHdpZHRoPSIxMDAlIiBoZWlnaHQ9IjEwMCUiIHN0eWxlPSJmaWxsOiNjZmQ0ZGI7ZmlsbC1vcGFjaXR5OiAwLjE7Ii8+PC9zdmc+\" data-srcset=\"http:\/\/dgbellvietnam.com\/wp-content\/uploads\/2024\/05\/870167_460303.webp 732w, https:\/\/belltestchamber.com\/wp-content\/uploads\/2023\/11\/870167_460303-300x123.webp 300w, https:\/\/belltestchamber.com\/wp-content\/uploads\/2023\/11\/870167_460303-510x208.webp 510w\" data-sizes=\"(max-width: 732px) 100vw, 732px\" \/><\/p>\n<p><strong>Th\u00f4ng s\u1ed1 k\u1ef9 thu\u1eadt<\/strong><\/p>\n<div id=\"tablepress-24-scroll-wrapper\" class=\"tablepress-scroll-wrapper\"><img decoding=\"async\" class=\"alignnone size-full wp-image-5183\" title=\"technical-parameters\" src=\"http:\/\/dgbellvietnam.com\/wp-content\/uploads\/2024\/05\/technical-parameters.jpg\" srcset=\"http:\/\/dgbellvietnam.com\/wp-content\/uploads\/2024\/05\/technical-parameters-300x170.jpg 300w, http:\/\/dgbellvietnam.com\/wp-content\/uploads\/2024\/05\/technical-parameters-1024x580.jpg 1024w, http:\/\/dgbellvietnam.com\/wp-content\/uploads\/2024\/05\/technical-parameters-768x435.jpg 768w, http:\/\/dgbellvietnam.com\/wp-content\/uploads\/2024\/05\/technical-parameters-535x303.jpg 535w, http:\/\/dgbellvietnam.com\/wp-content\/uploads\/2024\/05\/technical-parameters.jpg 1336w\" width=\"1336\" height=\"757\" data-lazyloaded=\"1\" data-src=\"data:image\/svg+xml;base64,PHN2ZyB4bWxucz0iaHR0cHM6Ly93d3cudzMub3JnLzIwMDAvc3ZnIiB3aWR0aD0iMTMzNiIgaGVpZ2h0PSI3NTciIHZpZXdCb3g9IjAgMCAxMzM2IDc1NyI+PHJlY3Qgd2lkdGg9IjEwMCUiIGhlaWdodD0iMTAwJSIgc3R5bGU9ImZpbGw6I2NmZDRkYjtmaWxsLW9wYWNpdHk6IDAuMTsiLz48L3N2Zz4=\" data-srcset=\"http:\/\/dgbellvietnam.com\/wp-content\/uploads\/2024\/05\/technical-parameters.jpg 1336w, https:\/\/belltestchamber.com\/wp-content\/uploads\/2023\/11\/Technical-Parameters-300x170.jpg 300w, https:\/\/belltestchamber.com\/wp-content\/uploads\/2023\/11\/Technical-Parameters-1024x580.jpg 1024w, https:\/\/belltestchamber.com\/wp-content\/uploads\/2023\/11\/Technical-Parameters-768x435.jpg 768w, https:\/\/belltestchamber.com\/wp-content\/uploads\/2023\/11\/Technical-Parameters-510x289.jpg 510w\" data-sizes=\"(max-width: 1336px) 100vw, 1336px\" \/><\/div>\n<\/div>\n","protected":false},"excerpt":{"rendered":"<p><strong>\u0110\u1ed1i t\u01b0\u1ee3ng th\u1eed nghi\u1ec7m<\/strong>: Pack Pin, M\u00f4 &#8211; \u0111un pin, \u0111\u1ed9ng c\u01a1, ch\u1ea5t b\u00e1n d\u1eabn \u0111i\u1ec1u khi\u1ec3n.<\/p>\n","protected":false},"featured_media":20499,"comment_status":"closed","ping_status":"closed","template":"","meta":[],"product_brand":[],"product_cat":[63],"product_tag":[],"class_list":{"0":"post-20498","1":"product","2":"type-product","3":"status-publish","4":"has-post-thumbnail","6":"product_cat-buong-thu-nghiem-pin","8":"first","9":"instock","10":"shipping-taxable","11":"product-type-simple"},"acf":[],"_links":{"self":[{"href":"https:\/\/dgbellvietnam.com\/en\/wp-json\/wp\/v2\/product\/20498","targetHints":{"allow":["GET"]}}],"collection":[{"href":"https:\/\/dgbellvietnam.com\/en\/wp-json\/wp\/v2\/product"}],"about":[{"href":"https:\/\/dgbellvietnam.com\/en\/wp-json\/wp\/v2\/types\/product"}],"replies":[{"embeddable":true,"href":"https:\/\/dgbellvietnam.com\/en\/wp-json\/wp\/v2\/comments?post=20498"}],"wp:featuredmedia":[{"embeddable":true,"href":"https:\/\/dgbellvietnam.com\/en\/wp-json\/wp\/v2\/media\/20499"}],"wp:attachment":[{"href":"https:\/\/dgbellvietnam.com\/en\/wp-json\/wp\/v2\/media?parent=20498"}],"wp:term":[{"taxonomy":"product_brand","embeddable":true,"href":"https:\/\/dgbellvietnam.com\/en\/wp-json\/wp\/v2\/product_brand?post=20498"},{"taxonomy":"product_cat","embeddable":true,"href":"https:\/\/dgbellvietnam.com\/en\/wp-json\/wp\/v2\/product_cat?post=20498"},{"taxonomy":"product_tag","embeddable":true,"href":"https:\/\/dgbellvietnam.com\/en\/wp-json\/wp\/v2\/product_tag?post=20498"}],"curies":[{"name":"wp","href":"https:\/\/api.w.org\/{rel}","templated":true}]}}