{"id":20494,"date":"2024-05-27T22:17:48","date_gmt":"2024-05-27T22:17:48","guid":{"rendered":"http:\/\/dgbellvietnam.com\/san-pham\/external-fire-exposure-test-machine\/"},"modified":"2024-09-16T15:28:16","modified_gmt":"2024-09-16T08:28:16","slug":"external-fire-exposure-test-machine","status":"publish","type":"product","link":"https:\/\/dgbellvietnam.com\/en\/san-pham\/external-fire-exposure-test-machine\/","title":{"rendered":"M\u00e1y th\u1eed nghi\u1ec7m kh\u1ea3 n\u0103ng ti\u1ebfp x\u00fac v\u1edbi l\u1eeda b\u00ean ngo\u00e0i"},"content":{"rendered":"<div id=\"tab-description\" class=\"woocommerce-Tabs-panel woocommerce-Tabs-panel--description panel entry-content active\" role=\"tabpanel\" aria-labelledby=\"tab-title-description\">\n<p><strong>Ti\u00eau chu\u1ea9n<\/strong><\/p>\n<ul>\n<li>UL 2580<\/li>\n<li>ECE R100<\/li>\n<\/ul>\n<p><strong>Y\u00eau c\u1ea7u th\u1eed nghi\u1ec7m ti\u00eau chu\u1ea9n<\/strong><\/p>\n<ol>\n<li>\u0110\u1ed1i t\u01b0\u1ee3ng th\u1eed nghi\u1ec7m: Pack pin v\u00e0 h\u1ec7 th\u1ed1ng.<\/li>\n<li>Nhi\u1ec7t \u0111\u1ed9 m\u00f4i tr\u01b0\u1eddng th\u1eed nghi\u1ec7m ph\u1ea3i tr\u00ean 0 \u2103, t\u1ed1c \u0111\u1ed9 gi\u00f3 kh\u00f4ng qu\u00e1 2,5 km\/h v\u00e0 y\u00eau c\u1ea7u SOC c\u1ee7a b\u1ed9 pin l\u1edbn h\u01a1n 50%.<\/li>\n<li>Trong th\u1eed nghi\u1ec7m, k\u00edch th\u01b0\u1edbc c\u1ee7a t\u1ea5m ph\u1eb3ng \u0111\u1ef1ng x\u0103ng ph\u1ea3i v\u01b0\u1ee3t qu\u00e1 k\u00edch th\u01b0\u1edbc n\u1eb1m ngang c\u1ee7a \u0111\u1ed1i t\u01b0\u1ee3ng th\u1eed nghi\u1ec7m 20 cm, kh\u00f4ng qu\u00e1 50 cm. Chi\u1ec1u cao c\u1ee7a t\u1ea5m ph\u1eb3ng kh\u00f4ng \u0111\u01b0\u1ee3c cao h\u01a1n x\u0103ng qu\u00e1 8 cm. \u0110\u1ed1i t\u01b0\u1ee3ng th\u1eed nghi\u1ec7m n\u00ean \u0111\u01b0\u1ee3c \u0111\u1eb7t \u1edf gi\u1eefa. Kho\u1ea3ng c\u00e1ch gi\u1eefa m\u1ee9c x\u0103ng v\u00e0 \u0111\u1ed1i t\u01b0\u1ee3ng th\u1eed nghi\u1ec7m \u0111\u01b0\u1ee3c \u0111\u1eb7t l\u00e0 50 cm. B\u01a1m n\u01b0\u1edbc v\u00e0o \u0111\u00e1y T\u1ea5m ph\u1eb3ng tr\u01b0\u1edbc khi th\u1eed nghi\u1ec7m. S\u01a1 \u0111\u1ed3 \u0111\u1ed1t b\u00ean ngo\u00e0i \u0111\u01b0\u1ee3c hi\u1ec3n th\u1ecb trong bi\u1ec3u \u0111\u1ed3.<\/li>\n<\/ol>\n<p>&nbsp;<\/p>\n<p><img fetchpriority=\"high\" decoding=\"async\" class=\"alignnone wp-image-1343 size-full\" title=\"external-flammability-test-device1-png\" src=\"http:\/\/dgbellvietnam.com\/wp-content\/uploads\/2024\/05\/external-flammability-test-device1-png.webp\" srcset=\"http:\/\/dgbellvietnam.com\/wp-content\/uploads\/2024\/05\/external-flammability-test-device1-png-300x111.webp 300w, http:\/\/dgbellvietnam.com\/wp-content\/uploads\/2024\/05\/external-flammability-test-device1-png-1024x378.webp 1024w, http:\/\/dgbellvietnam.com\/wp-content\/uploads\/2024\/05\/external-flammability-test-device1-png-768x284.webp 768w, http:\/\/dgbellvietnam.com\/wp-content\/uploads\/2024\/05\/external-flammability-test-device1-png-535x198.webp 535w, http:\/\/dgbellvietnam.com\/wp-content\/uploads\/2024\/05\/external-flammability-test-device1-png.webp 1115w\" width=\"1115\" height=\"412\" data-lazyloaded=\"1\" data-src=\"data:image\/svg+xml;base64,PHN2ZyB4bWxucz0iaHR0cHM6Ly93d3cudzMub3JnLzIwMDAvc3ZnIiB3aWR0aD0iMTExNSIgaGVpZ2h0PSI0MTIiIHZpZXdCb3g9IjAgMCAxMTE1IDQxMiI+PHJlY3Qgd2lkdGg9IjEwMCUiIGhlaWdodD0iMTAwJSIgc3R5bGU9ImZpbGw6I2NmZDRkYjtmaWxsLW9wYWNpdHk6IDAuMTsiLz48L3N2Zz4=\" data-srcset=\"http:\/\/dgbellvietnam.com\/wp-content\/uploads\/2024\/05\/external-flammability-test-device1-png.webp 1115w, https:\/\/belltestchamber.com\/wp-content\/uploads\/2019\/04\/External-Flammability-Test-Device1-510x188.png.webp 510w, https:\/\/belltestchamber.com\/wp-content\/uploads\/2019\/04\/External-Flammability-Test-Device1-300x111.png.webp 300w, https:\/\/belltestchamber.com\/wp-content\/uploads\/2019\/04\/External-Flammability-Test-Device1-768x284.png.webp 768w, https:\/\/belltestchamber.com\/wp-content\/uploads\/2019\/04\/External-Flammability-Test-Device1-1024x378.png.webp 1024w\" data-sizes=\"(max-width: 1115px) 100vw, 1115px\" \/><\/p>\n<ul>\n<li>\n<h3>Giai \u0111o\u1ea1n th\u1eed nghi\u1ec7m 1: Tr\u01b0\u1edbc khi gia nhi\u1ec7t.<\/h3>\n<\/li>\n<\/ul>\n<p>\u0110\u1ed1t ch\u00e1y x\u0103ng c\u00e1ch \u0111\u1ed1i t\u01b0\u1ee3ng th\u1eed nghi\u1ec7m \u00edt nh\u1ea5t 3m v\u00e0 sau 60 gi\u00e2y l\u00e0m n\u00f3ng tr\u01b0\u1edbc, \u0111\u1eb7t t\u1ea5m x\u0103ng b\u00ean d\u01b0\u1edbi thi\u1ebft b\u1ecb th\u1eed nghi\u1ec7m. N\u1ebfu k\u00edch th\u01b0\u1edbc t\u1ea5m ph\u1eb3ng x\u0103ng qu\u00e1 l\u1edbn \u0111\u1ec3 di chuy\u1ec3n, b\u1ea1n c\u00f3 th\u1ec3 s\u1eed d\u1ee5ng c\u00e1ch di chuy\u1ec3n \u0111\u1ed1i t\u01b0\u1ee3ng ki\u1ec3m tra v\u00e0 gi\u00e1 \u0111\u1ee1.<\/p>\n<ul>\n<li>\n<h3>Giai \u0111o\u1ea1n th\u1eed nghi\u1ec7m 2: \u0110\u1ed1t tr\u1ef1c ti\u1ebfp.<\/h3>\n<\/li>\n<\/ul>\n<p>\u0110\u1ed1i t\u01b0\u1ee3ng th\u1eed nghi\u1ec7m \u0111\u01b0\u1ee3c ti\u1ebfp x\u00fac tr\u1ef1c ti\u1ebfp v\u1edbi ng\u1ecdn l\u1eeda trong 70 gi\u00e2y.<\/p>\n<ul>\n<li>\n<h3>Giai \u0111o\u1ea1n th\u1eed nghi\u1ec7m 3: \u0110\u1ed1t gi\u00e1n ti\u1ebfp.<\/h3>\n<\/li>\n<\/ul>\n<p>\u0110\u1eady t\u1ea5m x\u0103ng b\u1eb1ng v\u00e1ch ng\u0103n ch\u1ecbu l\u1eeda. Gi\u1eef \u0111\u1ed1i t\u01b0\u1ee3ng th\u1eed nghi\u1ec7m \u1edf t\u00ecnh tr\u1ea1ng n\u00e0y trong 60 gi\u00e2y. Ngo\u00e0i ra, theo s\u1ef1 \u0111\u1ed3ng \u00fd c\u1ee7a c\u1ea3 hai b\u00ean, \u0111\u1ed1i t\u01b0\u1ee3ng th\u1eed nghi\u1ec7m ti\u1ebfp t\u1ee5c \u0111\u01b0\u1ee3c ti\u1ebfp x\u00fac tr\u1ef1c ti\u1ebfp v\u1edbi ng\u1ecdn l\u1eeda trong 60 gi\u00e2y n\u1eefa. V\u00e1ch ng\u0103n ch\u1ecbu l\u1eeda \u0111\u01b0\u1ee3c l\u00e0m b\u1eb1ng g\u1ea1ch ch\u1ecbu l\u1eeda ti\u00eau chu\u1ea9n. K\u00edch th\u01b0\u1edbc l\u1ed7 s\u00e0ng \u0111\u01b0\u1ee3c th\u1ec3 hi\u1ec7n trong h\u00ecnh d\u01b0\u1edbi \u0111\u00e2y. V\u1eadt li\u1ec7u ch\u1ecbu l\u1eeda c\u0169ng c\u00f3 th\u1ec3 \u0111\u01b0\u1ee3c th\u1ef1c hi\u1ec7n v\u1edbi k\u00edch th\u01b0\u1edbc n\u00e0y.<\/p>\n<div><img decoding=\"async\" class=\"wp-image-4096 size-full aligncenter\" title=\"external-fire-exposure-test-machine\" src=\"http:\/\/dgbellvietnam.com\/wp-content\/uploads\/2024\/05\/external-fire-exposure-test-machine.png\" srcset=\"http:\/\/dgbellvietnam.com\/wp-content\/uploads\/2024\/05\/external-fire-exposure-test-machine-300x156.png 300w, http:\/\/dgbellvietnam.com\/wp-content\/uploads\/2024\/05\/external-fire-exposure-test-machine-535x278.png 535w, http:\/\/dgbellvietnam.com\/wp-content\/uploads\/2024\/05\/external-fire-exposure-test-machine.png 629w\" alt=\"External Fire Exposure Test Machine\" width=\"629\" height=\"327\" data-lazyloaded=\"1\" data-src=\"data:image\/svg+xml;base64,PHN2ZyB4bWxucz0iaHR0cHM6Ly93d3cudzMub3JnLzIwMDAvc3ZnIiB3aWR0aD0iNjI5IiBoZWlnaHQ9IjMyNyIgdmlld0JveD0iMCAwIDYyOSAzMjciPjxyZWN0IHdpZHRoPSIxMDAlIiBoZWlnaHQ9IjEwMCUiIHN0eWxlPSJmaWxsOiNjZmQ0ZGI7ZmlsbC1vcGFjaXR5OiAwLjE7Ii8+PC9zdmc+\" data-srcset=\"http:\/\/dgbellvietnam.com\/wp-content\/uploads\/2024\/05\/external-fire-exposure-test-machine.png 629w, https:\/\/belltestchamber.com\/wp-content\/uploads\/2019\/04\/External-Fire-Exposure-Test-Machine-300x156.png 300w, https:\/\/belltestchamber.com\/wp-content\/uploads\/2019\/04\/External-Fire-Exposure-Test-Machine-510x265.png 510w\" data-sizes=\"(max-width: 629px) 100vw, 629px\" \/><\/div>\n<div><\/div>\n<p>&nbsp;<\/p>\n<ul>\n<li>\n<h3>Giai \u0111o\u1ea1n th\u1eed nghi\u1ec7m 4: R\u1eddi kh\u1ecfi ngu\u1ed3n l\u1eeda.<\/h3>\n<\/li>\n<\/ul>\n<p>Th\u00e1o t\u1ea5m x\u0103ng ho\u1eb7c \u0111\u1ed1i t\u01b0\u1ee3ng th\u1eed nghi\u1ec7m. Sau \u0111\u00f3 quan s\u00e1t trong 2 gi\u1edd ho\u1eb7c khi nhi\u1ec7t \u0111\u1ed9 b\u00ean ngo\u00e0i c\u1ee7a \u0111\u1ed1i t\u01b0\u1ee3ng th\u1eed nghi\u1ec7m gi\u1ea3m xu\u1ed1ng d\u01b0\u1edbi 45\u00b0C.<\/p>\n<p><strong>Th\u00f4ng s\u1ed1 k\u1ef9 thu\u1eadt<\/strong><\/p>\n<table width=\"890\">\n<tbody>\n<tr>\n<td width=\"220\">T\u00ean s\u1ea3n ph\u1ea9m<\/td>\n<td colspan=\"2\" width=\"327\">External Fire Exposure Test Machine<\/td>\n<\/tr>\n<tr>\n<td width=\"220\">M\u1eabu<\/td>\n<td width=\"327\">BE-8202-2500<\/td>\n<td width=\"343\">BE-8202-3000<\/td>\n<\/tr>\n<tr>\n<td width=\"220\">Kh\u00f4ng gian th\u1eed nghi\u1ec7m<\/td>\n<td width=\"327\">W1500 X D2500 X H800mm<\/td>\n<td width=\"343\">W2000 X D3000 X H1000mm<\/td>\n<\/tr>\n<tr>\n<td width=\"220\">K\u00edch th\u01b0\u1edbc thi\u1ebft b\u1ecb<\/td>\n<td width=\"327\">W7500 X D3700 X H960mm<\/td>\n<td width=\"343\">W8500 X D4200 X H960mm<\/td>\n<\/tr>\n<tr>\n<td width=\"220\">Gi\u00e1 \u0111\u1ee1 di \u0111\u1ed9ng<\/td>\n<td width=\"327\">W1500 X D3000\u00a0mm<\/td>\n<td width=\"343\">W2200 X D3200\u00a0mm<\/td>\n<\/tr>\n<tr>\n<td width=\"220\">T\u1ea3i t\u1ed1i \u0111a<\/td>\n<td colspan=\"2\" width=\"327\">1000KG (2000KG,3000KG c\u00f3 th\u1ec3 t\u00f9y ch\u1ec9nh)<\/td>\n<\/tr>\n<tr>\n<td width=\"220\">T\u1ed1c \u0111\u1ed9 di chuy\u1ec3n gi\u00e1 \u0111\u1ee1 \u0111\u1ed1i t\u01b0\u1ee3ng<\/td>\n<td colspan=\"2\" width=\"327\">6000mm\/ph\u00fat (C\u00f3 th\u1ec3 \u0111i\u1ec1u ch\u1ec9nh)<\/td>\n<\/tr>\n<tr>\n<td width=\"220\">T\u1ed1c \u0111\u1ed9 di chuy\u1ec3n gi\u00e1 \u0111\u1ee1 ch\u1ecbu l\u1eeda<\/td>\n<td colspan=\"2\" width=\"327\">6000mm\/ph\u00fat (C\u00f3 th\u1ec3 \u0111i\u1ec1u ch\u1ec9nh)<\/td>\n<\/tr>\n<tr>\n<td width=\"220\">H\u1ec7 th\u1ed1ng \u0111i\u1ec1u khi\u1ec3n<\/td>\n<td colspan=\"2\" width=\"327\">\u0110i\u1ec1u khi\u1ec3n \u0111\u00f3ng m\u00e0n h\u00ecnh c\u1ea3m \u1ee9ng PLC + \u0111i\u1ec1u khi\u1ec3n t\u1eeb xa b\u1eb1ng m\u00e1y t\u00ednh<\/td>\n<\/tr>\n<tr>\n<td width=\"220\">Ch\u1ebf \u0111\u1ed9 \u0111\u00e1nh l\u1eeda<\/td>\n<td colspan=\"2\" width=\"327\">\u0110\u00e1nh l\u1eeda g\u00f3i \u00e1p su\u1ea5t cao t\u1ef1 \u0111\u1ed9ng<\/td>\n<\/tr>\n<tr>\n<td width=\"220\">Kho\u1ea3ng c\u00e1ch gi\u1eefa t\u1ea5m \u0111\u1ed1t v\u00e0 x\u0103ng<\/td>\n<td colspan=\"2\" width=\"327\">Kho\u1ea3ng c\u00e1ch gi\u1eefa x\u0103ng v\u00e0 \u0111\u1ed1i t\u01b0\u1ee3ng th\u1eed nghi\u1ec7m c\u00f3 th\u1ec3 \u0111\u01b0\u1ee3c \u0111i\u1ec1u ch\u1ec9nh trong ph\u1ea1m vi 450cm~550mm. M\u1eb7c \u0111\u1ecbnh l\u00e0 500mm; \u0111\u00e1y \u0111\u0129a x\u0103ng ch\u1ee9a \u0111\u1ea7y n\u01b0\u1edbc.<\/td>\n<\/tr>\n<tr>\n<td width=\"220\">K\u00edch th\u01b0\u1edbc g\u1ea1ch ch\u1ecbu l\u1eeda<\/td>\n<td colspan=\"2\" width=\"327\">Tu\u00e2n theo ti\u00eau chu\u1ea9n ECER100, K\u00edch th\u01b0\u1edbc g\u1ea1ch ch\u1ecbu l\u1eeda 240mm*120mm*70mm.<\/td>\n<\/tr>\n<tr>\n<td width=\"220\">K\u00edch th\u01b0\u1edbc t\u1ea5m x\u0103ng<\/td>\n<td colspan=\"2\" width=\"327\">3 t\u1ea5m x\u0103ng &#8211; c\u00f3 th\u1ec3 thay \u0111\u1ed5i d\u1ec5 d\u00e0ng theo k\u00edch th\u01b0\u1edbc \u0111\u1ed1i t\u01b0\u1ee3ng th\u1eed nghi\u1ec7m. chi\u1ec1u cao c\u1ee7a t\u1ea5m x\u0103ng kh\u00f4ng qu\u00e1 80 cm so v\u1edbi m\u1ee9c x\u0103ng<\/td>\n<\/tr>\n<tr>\n<td width=\"220\">Ngu\u1ed3n \u0111i\u1ec7n<\/td>\n<td width=\"327\">AC 380V,7.0KW<\/td>\n<td width=\"343\">AC 380V,8.0KW<\/td>\n<\/tr>\n<tr>\n<td width=\"220\">Tr\u1ecdng l\u01b0\u1ee3ng<\/td>\n<td width=\"327\">Kho\u1ea3ng 3.5 T\u1ea5n<\/td>\n<td width=\"343\">Kho\u1ea3ng 4.0 T\u1ea5n<\/td>\n<\/tr>\n<tr>\n<td width=\"220\">C\u00e1c y\u00eau c\u1ea7u kh\u00e1c<\/td>\n<td colspan=\"2\" width=\"327\">Khu v\u1ef1c \u0111\u00e1nh l\u1eeda c\u1ee7a t\u1ea5m x\u0103ng c\u00f3 th\u1ec3 \u0111\u01b0\u1ee3c \u0111i\u1ec1u ch\u1ec9nh theo y\u00eau c\u1ea7u.<\/p>\n<p>\u0110\u1ed5 x\u0103ng t\u1ef1 \u0111\u1ed9ng.<\/p>\n<p>\u0110i\u1ec1u khi\u1ec3n t\u1eeb xa.<\/p>\n<p>\u0110\u00e1nh l\u1eeda \u0111i\u1ec7n theo y\u00eau c\u1ea7u th\u1eed nghi\u1ec7m.<\/p>\n<p>H\u1ec7 th\u1ed1ng gi\u00e1m s\u00e1t video, h\u1ec7 th\u1ed1ng chi\u1ebfu s\u00e1ng.<\/td>\n<\/tr>\n<\/tbody>\n<\/table>\n<p>&nbsp;<\/p>\n<p><strong>Tham kh\u1ea3o<\/strong><\/p>\n<p><a href=\"https:\/\/belltestchamber.com\/external-fire-exposure-test-machine-for-battery-pack-safety.html\">https:\/\/belltestchamber.com\/external-fire-exposure-test-machine-for-battery-pack-safety.html<\/a><\/p>\n<\/div>\n","protected":false},"excerpt":{"rendered":"<p>M\u00e1y th\u1eed nghi\u1ec7m kh\u1ea3 n\u0103ng ch\u1ecbu l\u1eeda b\u00ean ngo\u00e0i c\u00f3 th\u1ec3 \u00e1p d\u1ee5ng theo ti\u00eau chu\u1ea9n ECE R100 v\u00e0 UL 2580.<\/p>\n","protected":false},"featured_media":20495,"comment_status":"closed","ping_status":"closed","template":"","meta":[],"product_brand":[],"product_cat":[63,69,72],"product_tag":[],"class_list":{"0":"post-20494","1":"product","2":"type-product","3":"status-publish","4":"has-post-thumbnail","6":"product_cat-buong-thu-nghiem-pin","7":"product_cat-ece-r100","8":"product_cat-ul-2580","10":"first","11":"instock","12":"shipping-taxable","13":"product-type-simple"},"acf":[],"_links":{"self":[{"href":"https:\/\/dgbellvietnam.com\/en\/wp-json\/wp\/v2\/product\/20494","targetHints":{"allow":["GET"]}}],"collection":[{"href":"https:\/\/dgbellvietnam.com\/en\/wp-json\/wp\/v2\/product"}],"about":[{"href":"https:\/\/dgbellvietnam.com\/en\/wp-json\/wp\/v2\/types\/product"}],"replies":[{"embeddable":true,"href":"https:\/\/dgbellvietnam.com\/en\/wp-json\/wp\/v2\/comments?post=20494"}],"wp:featuredmedia":[{"embeddable":true,"href":"https:\/\/dgbellvietnam.com\/en\/wp-json\/wp\/v2\/media\/20495"}],"wp:attachment":[{"href":"https:\/\/dgbellvietnam.com\/en\/wp-json\/wp\/v2\/media?parent=20494"}],"wp:term":[{"taxonomy":"product_brand","embeddable":true,"href":"https:\/\/dgbellvietnam.com\/en\/wp-json\/wp\/v2\/product_brand?post=20494"},{"taxonomy":"product_cat","embeddable":true,"href":"https:\/\/dgbellvietnam.com\/en\/wp-json\/wp\/v2\/product_cat?post=20494"},{"taxonomy":"product_tag","embeddable":true,"href":"https:\/\/dgbellvietnam.com\/en\/wp-json\/wp\/v2\/product_tag?post=20494"}],"curies":[{"name":"wp","href":"https:\/\/api.w.org\/{rel}","templated":true}]}}