{"id":20488,"date":"2024-05-27T22:17:38","date_gmt":"2024-05-27T22:17:38","guid":{"rendered":"http:\/\/dgbellvietnam.com\/san-pham\/walk-in-chamber-for-rapid-rate-temperature-humidity-test\/"},"modified":"2024-09-18T14:05:42","modified_gmt":"2024-09-18T07:05:42","slug":"walk-in-chamber-for-rapid-rate-temperature-humidity-test","status":"publish","type":"product","link":"https:\/\/dgbellvietnam.com\/en\/san-pham\/walk-in-chamber-for-rapid-rate-temperature-humidity-test\/","title":{"rendered":"Bu\u1ed3ng th\u1eed nghi\u1ec7m nhi\u1ec7t \u0111\u1ed9\/\u0111\u1ed9 \u1ea9m t\u1ed1c \u0111\u1ed9 nhanh"},"content":{"rendered":"<div id=\"tab-description\" class=\"woocommerce-Tabs-panel woocommerce-Tabs-panel--description panel entry-content active\" role=\"tabpanel\" aria-labelledby=\"tab-title-description\">\n<p><strong><b>Y\u00eau c\u1ea7ud<\/b><\/strong><\/p>\n<p><strong><b>S\u1ed1c nhi\u1ec7t<\/b><\/strong><\/p>\n<ol>\n<li>\u0110\u1ed1i t\u01b0\u1ee3ng th\u1eed nghi\u1ec7m: B\u1ed9 l\u01b0u tr\u1eef pin ho\u1eb7c h\u1ec7 th\u1ed1ng.<\/li>\n<li>B\u1ed9 l\u01b0u tr\u1eef pin Li-ion ho\u1eb7c h\u1ec7 th\u1ed1ng \u0111\u01b0\u1ee3c \u0111\u1eb7t trong nhi\u1ec7t \u0111\u1ed9 thay \u0111\u1ed5i (-40\u00b12) \u2103~ (85\u00b12) \u2103, th\u1eddi gian chuy\u1ec3n \u0111\u1ed5i c\u1ee7a hai nhi\u1ec7t \u0111\u1ed9 c\u1ef1c \u0111\u1ea1i l\u00e0 \u00edt h\u01a1n 30 ph\u00fat. \u0110\u1eb7t c\u00e1c \u0111\u1ed1i t\u01b0\u1ee3ng th\u1eed nghi\u1ec7m v\u00e0o m\u1ed7i nhi\u1ec7t \u0111\u1ed9 c\u1ef1c \u0111\u1ea1i gi\u1eef 8 gi\u1edd, th\u1eed nghi\u1ec7m 5 chu k\u1ef3.<\/li>\n<li>Quan s\u00e1t trong 2 gi\u1edd d\u01b0\u1edbi nhi\u1ec7t \u0111\u1ed9 ph\u00f2ng sau khi th\u1eed nghi\u1ec7m,<\/li>\n<\/ol>\n<p><strong><b>Chu k\u1ef3 \u0111\u1ed9 \u1ea9m v\u00e0 nhi\u1ec7t \u0111\u1ed9<\/b><\/strong><\/p>\n<ol>\n<li>\u0110\u1ed1i t\u01b0\u1ee3ng th\u1eed nghi\u1ec7m: B\u1ed9 l\u01b0u tr\u1eef pin ho\u1eb7c h\u1ec7 th\u1ed1ng.<\/li>\n<li>Tham kh\u1ea3o GB\/T2423.4 Test Db, bi\u1ebfn tham kh\u1ea3o Bi\u1ec3u \u0111\u1ed3 4, nhi\u1ec7t \u0111\u1ed9 cao nh\u1ea5t l\u00e0 +80\u2103, 5 chu k\u1ef3. Quan s\u00e1t trong 2 gi\u1edd \u1edf nhi\u1ec7t \u0111\u1ed9 ph\u00f2ng.<\/li>\n<\/ol>\n<h2><strong><img fetchpriority=\"high\" decoding=\"async\" class=\"alignnone wp-image-1340\" title=\"rapid-temperature-change-rate-humidity-temp-test-chamber1-300x204-png\" src=\"http:\/\/dgbellvietnam.com\/wp-content\/uploads\/2024\/05\/rapid-temperature-change-rate-humidity-temp-test-chamber1-300x204-png.webp\" width=\"385\" height=\"262\" data-lazyloaded=\"1\" data-src=\"data:image\/svg+xml;base64,PHN2ZyB4bWxucz0iaHR0cHM6Ly93d3cudzMub3JnLzIwMDAvc3ZnIiB3aWR0aD0iMzg1IiBoZWlnaHQ9IjI2MiIgdmlld0JveD0iMCAwIDM4NSAyNjIiPjxyZWN0IHdpZHRoPSIxMDAlIiBoZWlnaHQ9IjEwMCUiIHN0eWxlPSJmaWxsOiNjZmQ0ZGI7ZmlsbC1vcGFjaXR5OiAwLjE7Ii8+PC9zdmc+\" data-srcset=\"http:\/\/dgbellvietnam.com\/wp-content\/uploads\/2024\/05\/rapid-temperature-change-rate-humidity-temp-test-chamber1-300x204-png.webp 300w, https:\/\/belltestchamber.com\/wp-content\/uploads\/2019\/04\/Rapid-Temperature-Change-Rate-Humidity-Temp.-Test-Chamber1.png.webp 401w\" data-sizes=\"(max-width: 385px) 100vw, 385px\" \/><img decoding=\"async\" class=\"alignnone wp-image-1341\" title=\"rapid-temperature-change-rate-humidity-temp-test-chamber2-300x183-png\" src=\"http:\/\/dgbellvietnam.com\/wp-content\/uploads\/2024\/05\/rapid-temperature-change-rate-humidity-temp-test-chamber2-300x183-png.webp\" width=\"379\" height=\"231\" data-lazyloaded=\"1\" data-src=\"data:image\/svg+xml;base64,PHN2ZyB4bWxucz0iaHR0cHM6Ly93d3cudzMub3JnLzIwMDAvc3ZnIiB3aWR0aD0iMzc5IiBoZWlnaHQ9IjIzMSIgdmlld0JveD0iMCAwIDM3OSAyMzEiPjxyZWN0IHdpZHRoPSIxMDAlIiBoZWlnaHQ9IjEwMCUiIHN0eWxlPSJmaWxsOiNjZmQ0ZGI7ZmlsbC1vcGFjaXR5OiAwLjE7Ii8+PC9zdmc+\" data-srcset=\"http:\/\/dgbellvietnam.com\/wp-content\/uploads\/2024\/05\/rapid-temperature-change-rate-humidity-temp-test-chamber2-300x183-png.webp 300w, https:\/\/belltestchamber.com\/wp-content\/uploads\/2019\/04\/Rapid-Temperature-Change-Rate-Humidity-Temp.-Test-Chamber2.png.webp 407w\" data-sizes=\"(max-width: 379px) 100vw, 379px\" \/><\/strong><\/h2>\n<p>Y1: \u0110\u1ed9 \u1ea9m t\u01b0\u01a1ng \u0111\u1ed1i %RH; Y2: Nhi\u1ec7t \u0111\u1ed9, \u2103; X: Th\u1eddi gian, h;<\/p>\n<p>a: k\u1ebft th\u00fac qu\u00e1 tr\u00ecnh gia nhi\u1ec7t; b: b\u1eaft \u0111\u1ea7u l\u00e0m m\u00e1t;<\/p>\n<p>c: gi\u00e1 tr\u1ecb nhi\u1ec7t \u0111\u1ed9 v\u00e0 \u0111\u1ed9 \u1ea9m \u0111\u01b0\u1ee3c khuy\u1ebfn ngh\u1ecb;<\/p>\n<p>d: ng\u01b0ng t\u1ee5; e: kh\u00f4; f: 1 chu k\u1ef3.<\/p>\n<p><strong>Ti\u00eau chu\u1ea9n<\/strong><\/p>\n<ul>\n<li>UL 2580<\/li>\n<\/ul>\n<p><strong>Th\u00f4ng s\u1ed1 k\u1ef9 thu\u1eadt<\/strong><\/p>\n<table width=\"694\">\n<tbody>\n<tr>\n<td width=\"149\">T\u00ean s\u1ea3n ph\u1ea9m<\/td>\n<td width=\"545\">Rapid temperature change rate (damp-heat) Test Chamber<\/td>\n<\/tr>\n<tr>\n<td width=\"149\">M\u1eabu<\/td>\n<td width=\"545\">BTKS5-12m\u00b3-C<\/td>\n<\/tr>\n<tr>\n<td width=\"149\">K\u00edch th\u01b0\u1edbc trong<\/td>\n<td width=\"545\">W2000 X\u00a0D3000 X\u00a0H2000mm<\/td>\n<\/tr>\n<tr>\n<td width=\"149\">K\u00edch th\u01b0\u1edbc ngo\u00e0i<\/td>\n<td width=\"545\">W2400 X\u00a0D4500 X\u00a0H2940mm<\/td>\n<\/tr>\n<tr>\n<td width=\"149\">D\u1ea3i nhi\u1ec7t \u0111\u1ed9<\/td>\n<td width=\"545\">-50\u2103 ~ +150\u2103 (C\u00f3 th\u1ec3 \u0111i\u1ec1u ch\u1ec9nh)<\/td>\n<\/tr>\n<tr>\n<td width=\"149\">D\u1ea3i \u0111\u1ed9 \u1ea9m<\/td>\n<td width=\"545\">20%RH-98%RH (Khu v\u1ef1c gi\u1edbi h\u1ea1n nhi\u1ec7t \u0111\u1ed9, xem h\u00ecnh \u1ea3nh khu v\u1ef1c )<\/p>\n<p><img decoding=\"async\" class=\"alignnone size-medium wp-image-1344\" title=\"rapid-temperature-change-rate-humidity-temp-test-chamber3-300x146-jpg\" src=\"http:\/\/dgbellvietnam.com\/wp-content\/uploads\/2024\/05\/rapid-temperature-change-rate-humidity-temp-test-chamber3-300x146-jpg.webp\" width=\"300\" height=\"146\" data-lazyloaded=\"1\" data-src=\"data:image\/svg+xml;base64,PHN2ZyB4bWxucz0iaHR0cHM6Ly93d3cudzMub3JnLzIwMDAvc3ZnIiB3aWR0aD0iMzAwIiBoZWlnaHQ9IjE0NiIgdmlld0JveD0iMCAwIDMwMCAxNDYiPjxyZWN0IHdpZHRoPSIxMDAlIiBoZWlnaHQ9IjEwMCUiIHN0eWxlPSJmaWxsOiNjZmQ0ZGI7ZmlsbC1vcGFjaXR5OiAwLjE7Ii8+PC9zdmc+\" data-srcset=\"http:\/\/dgbellvietnam.com\/wp-content\/uploads\/2024\/05\/rapid-temperature-change-rate-humidity-temp-test-chamber3-300x146-jpg.webp 300w, https:\/\/belltestchamber.com\/wp-content\/uploads\/2019\/04\/Rapid-Temperature-Change-Rate-Humidity-Temp.-Test-Chamber3-510x249.jpg.webp 510w, https:\/\/belltestchamber.com\/wp-content\/uploads\/2019\/04\/Rapid-Temperature-Change-Rate-Humidity-Temp.-Test-Chamber3.jpg.webp 715w\" data-sizes=\"(max-width: 300px) 100vw, 300px\" \/><\/td>\n<\/tr>\n<tr>\n<td width=\"149\">Bi\u1ebfn \u0111\u1ed9ng nhi\u1ec7t \u0111\u1ed9<\/td>\n<td width=\"545\">\u00b10.5\u2103<\/td>\n<\/tr>\n<tr>\n<td width=\"149\">Bi\u1ebfn \u0111\u1ed9ng \u0111\u1ed9 \u1ea9m<\/td>\n<td width=\"545\">\u00b12.0\uff05RH<\/td>\n<\/tr>\n<tr>\n<td width=\"149\">\u0110\u1ed9 l\u1ec7ch nhi\u1ec7t \u0111\u1ed9<\/td>\n<td width=\"545\">2.0\u2103<\/td>\n<\/tr>\n<tr>\n<td width=\"149\">\u0110\u1ed9 l\u1ec7ch \u0111\u1ed9 \u1ea9m<\/td>\n<td width=\"545\">A) &gt;75%RH: \u2264+2, -3%RH, B) &lt;75%RH: \u2264\u00b15%RH.<\/td>\n<\/tr>\n<tr>\n<td width=\"149\">T\u1ed1c \u0111\u1ed9 gia nhi\u1ec7t<\/td>\n<td width=\"545\">\u22675\u2103\/min (From -40\u2103 up to +80\u2103, No load)<\/td>\n<\/tr>\n<tr>\n<td width=\"149\">T\u1ed1c \u0111\u1ed9 l\u00e0m m\u00e1t<\/td>\n<td width=\"545\">\u22675\u2103\/min (From -40\u2103 up to +80\u2103, No load)<\/td>\n<\/tr>\n<tr>\n<td width=\"149\">Nhi\u1ec7t \u0111\u1ed9 qu\u00e1 ng\u01b0\u1ee1ng<\/td>\n<td width=\"545\">\u2264\u00b12\u2103<\/td>\n<\/tr>\n<tr>\n<td width=\"149\">Tr\u1ecdng l\u01b0\u1ee3ng<\/td>\n<td width=\"545\">Kho\u1ea3ng 5 T\u1ea5n<\/td>\n<\/tr>\n<tr>\n<td width=\"149\">Ngu\u1ed3n \u0111i\u1ec7n<\/td>\n<td width=\"545\">AC 380V,\u00a050HZ,\u00a0127KW<\/td>\n<\/tr>\n<tr>\n<td width=\"149\">\u0110\u1ed9 \u1ed3n<\/td>\n<td width=\"545\">\u226470dB (A-Level)<\/td>\n<\/tr>\n<tr>\n<td width=\"149\">V\u1eadt li\u1ec7u b\u00ean ngo\u00e0i<\/td>\n<td width=\"545\">T\u1ea5m m\u1ea1 k\u1ebdm ph\u1ee7 nh\u1ef1a t\u0129nh \u0111i\u1ec7n ch\u1ecbu nhi\u1ec7t \u0111\u1ed9 cao \u1edf c\u1ea3 hai m\u1eb7t.<\/td>\n<\/tr>\n<tr>\n<td width=\"149\">V\u1eadt li\u1ec7u b\u00ean trong<\/td>\n<td width=\"545\">Th\u00e9p kh\u00f4ng g\u1ec9 ch\u1ecbu nhi\u1ec7t v\u00e0 l\u1ea1nh SUS# 304 d\u00e0y 1,2 mm v\u1edbi m\u1ed1i h\u00e0n k\u00edn.<\/td>\n<\/tr>\n<tr>\n<td width=\"149\">B\u1ed9 \u0111i\u1ec1u khi\u1ec3n<\/td>\n<td width=\"545\">M\u00e0n h\u00ecnh c\u1ea3m \u1ee9ng LCD TFT 7 inch m\u00e0u th\u1ef1c \u0111\u1ed9 ch\u00ednh x\u00e1c cao 24 bit.<\/p>\n<p><img loading=\"lazy\" decoding=\"async\" class=\"alignnone size-full wp-image-1345\" title=\"rapid-temperature-change-rate-humidity-temp-test-chamber4-png\" src=\"http:\/\/dgbellvietnam.com\/wp-content\/uploads\/2024\/05\/rapid-temperature-change-rate-humidity-temp-test-chamber4-png.webp\" width=\"103\" height=\"95\" data-lazyloaded=\"1\" data-src=\"data:image\/svg+xml;base64,PHN2ZyB4bWxucz0iaHR0cHM6Ly93d3cudzMub3JnLzIwMDAvc3ZnIiB3aWR0aD0iMTAzIiBoZWlnaHQ9Ijk1IiB2aWV3Qm94PSIwIDAgMTAzIDk1Ij48cmVjdCB3aWR0aD0iMTAwJSIgaGVpZ2h0PSIxMDAlIiBzdHlsZT0iZmlsbDojY2ZkNGRiO2ZpbGwtb3BhY2l0eTogMC4xOyIvPjwvc3ZnPg==\" \/><\/td>\n<\/tr>\n<tr>\n<td width=\"149\">M\u00e1y n\u00e9n<\/td>\n<td width=\"545\">M\u00e1y n\u00e9n b\u00e1n k\u00edn BOCK \/ BITZER (\u0110\u1ee9c)<\/td>\n<\/tr>\n<tr>\n<td width=\"149\">Ki\u1ec3u l\u00e0m m\u00e1t<\/td>\n<td width=\"545\">L\u00e0m m\u00e1t b\u1eb1ng kh\u00f4ng kh\u00ed ho\u1eb7c l\u00e0m m\u00e1t b\u1eb1ng n\u01b0\u1edbc (T\u00f9y ch\u1ecdn)<\/td>\n<\/tr>\n<tr>\n<td width=\"149\">Y\u00eau c\u1ea7u kh\u00e1c<\/td>\n<td width=\"545\">Xe \u0111\u1ea9y lo\u1ea1i ch\u00ednh-ph\u1ee5 \u0111\u1ec3 \u0111\u01b0a m\u1eabu v\u00e0o v\u00e0 ra kh\u1ecfi bu\u1ed3ng th\u1eed nghi\u1ec7m.<\/p>\n<p>H\u1ec7 th\u1ed1ng chi\u1ebfu s\u00e1ng ch\u1ed1ng ch\u00e1y n\u1ed5.<\/p>\n<p>H\u1ec7 th\u1ed1ng gi\u1ea3m \u00e1p ch\u1ed1ng ch\u00e1y n\u1ed5.<\/p>\n<p>H\u1ec7 th\u1ed1ng x\u1ea3 kh\u00f3i.<\/p>\n<p>H\u1ec7 th\u1ed1ng cung c\u1ea5p n\u01b0\u1edbc t\u1ef1 \u0111\u1ed9ng.<\/p>\n<p>Thi\u1ebft b\u1ecb ch\u1eefa ch\u00e1y; thi\u1ebft b\u1ecb phun; thi\u1ebft b\u1ecb b\u00e1o kh\u00f3i;<\/td>\n<\/tr>\n<\/tbody>\n<\/table>\n<\/div>\n","protected":false},"excerpt":{"rendered":"<p>Y\u00eau c\u1ea7ud S\u1ed1c nhi\u1ec7t \u0110\u1ed1i t\u01b0\u1ee3ng th\u1eed nghi\u1ec7m: B\u1ed9 l\u01b0u tr\u1eef pin ho\u1eb7c h\u1ec7 th\u1ed1ng. B\u1ed9 l\u01b0u tr\u1eef pin Li-ion ho\u1eb7c h\u1ec7 th\u1ed1ng \u0111\u01b0\u1ee3c \u0111\u1eb7t trong nhi\u1ec7t \u0111\u1ed9 thay \u0111\u1ed5i (-40\u00b12) \u2103~ (85\u00b12) \u2103, th\u1eddi gian chuy\u1ec3n \u0111\u1ed5i c\u1ee7a hai nhi\u1ec7t \u0111\u1ed9 c\u1ef1c \u0111\u1ea1i l\u00e0 \u00edt h\u01a1n 30 ph\u00fat. \u0110\u1eb7t c\u00e1c \u0111\u1ed1i t\u01b0\u1ee3ng th\u1eed nghi\u1ec7m<\/p>\n","protected":false},"featured_media":20489,"comment_status":"closed","ping_status":"closed","template":"","meta":[],"product_brand":[],"product_cat":[63,69,72],"product_tag":[],"class_list":{"0":"post-20488","1":"product","2":"type-product","3":"status-publish","4":"has-post-thumbnail","6":"product_cat-buong-thu-nghiem-pin","7":"product_cat-ece-r100","8":"product_cat-ul-2580","10":"first","11":"instock","12":"shipping-taxable","13":"product-type-simple"},"acf":[],"_links":{"self":[{"href":"https:\/\/dgbellvietnam.com\/en\/wp-json\/wp\/v2\/product\/20488","targetHints":{"allow":["GET"]}}],"collection":[{"href":"https:\/\/dgbellvietnam.com\/en\/wp-json\/wp\/v2\/product"}],"about":[{"href":"https:\/\/dgbellvietnam.com\/en\/wp-json\/wp\/v2\/types\/product"}],"replies":[{"embeddable":true,"href":"https:\/\/dgbellvietnam.com\/en\/wp-json\/wp\/v2\/comments?post=20488"}],"wp:featuredmedia":[{"embeddable":true,"href":"https:\/\/dgbellvietnam.com\/en\/wp-json\/wp\/v2\/media\/20489"}],"wp:attachment":[{"href":"https:\/\/dgbellvietnam.com\/en\/wp-json\/wp\/v2\/media?parent=20488"}],"wp:term":[{"taxonomy":"product_brand","embeddable":true,"href":"https:\/\/dgbellvietnam.com\/en\/wp-json\/wp\/v2\/product_brand?post=20488"},{"taxonomy":"product_cat","embeddable":true,"href":"https:\/\/dgbellvietnam.com\/en\/wp-json\/wp\/v2\/product_cat?post=20488"},{"taxonomy":"product_tag","embeddable":true,"href":"https:\/\/dgbellvietnam.com\/en\/wp-json\/wp\/v2\/product_tag?post=20488"}],"curies":[{"name":"wp","href":"https:\/\/api.w.org\/{rel}","templated":true}]}}