{"id":20486,"date":"2024-05-27T22:17:32","date_gmt":"2024-05-27T22:17:32","guid":{"rendered":"http:\/\/dgbellvietnam.com\/san-pham\/horizontal-battery-crush-nail-penetration-test-machine\/"},"modified":"2024-09-18T13:58:59","modified_gmt":"2024-09-18T06:58:59","slug":"horizontal-battery-crush-nail-penetration-test-machine","status":"publish","type":"product","link":"https:\/\/dgbellvietnam.com\/en\/san-pham\/horizontal-battery-crush-nail-penetration-test-machine\/","title":{"rendered":"M\u00e1y th\u1eed \u0111\u00e2m n\u00e9n pin ngang"},"content":{"rendered":"<div id=\"tab-description\" class=\"woocommerce-Tabs-panel woocommerce-Tabs-panel--description panel entry-content active\" role=\"tabpanel\" aria-labelledby=\"tab-title-description\">\n<p><strong><b>T\u00ednh n\u0103ng ch\u00ednh<\/b><\/strong><\/p>\n<ul>\n<li>\u1ed4 \u0111\u0129a xi lanh th\u1ee7y l\u1ef1c k\u00e9p, ti\u1ebft ki\u1ec7m n\u0103ng l\u01b0\u1ee3ng t\u1edbi 30%. (C\u00f4ng ngh\u1ec7 \u0111\u01b0\u1ee3c c\u1ea5p b\u1eb1ng s\u00e1ng ch\u1ebf)<\/li>\n<li>Quy tr\u00ecnh c\u00f3 \u0111\u1ed9 ch\u00ednh x\u00e1c cao, truy\u1ec1n \u0111\u1ed9ng servo \u0111i\u1ec7n-th\u1ee7y l\u1ef1c.<\/li>\n<li>V\u1eadn h\u00e0nh thi\u1ebft k\u1ebf nh\u00e2n b\u1ea3n, quy tr\u00ecnh l\u1eafp \u0111\u1eb7t m\u1eabu d\u1ec5 d\u00e0ng h\u01a1n, quy tr\u00ecnh v\u1eadn h\u00e0nh kh\u00f4ng c\u1ea7n c\u00fai xu\u1ed1ng, tr\u00e1nh ch\u1ea5n th\u01b0\u01a1ng.<\/li>\n<li>Thi\u1ebft b\u1ecb b\u1ea3o v\u1ec7 an to\u00e0n ch\u1ed1ng ch\u00e1y n\u1ed5 k\u00e9p.<\/li>\n<li>Ti\u1ebft ki\u1ec7m kh\u00f4ng gian, n\u00e9n v\u00e0 \u0111\u00e2m xuy\u00ean 2 trong 1.<\/li>\n<\/ul>\n<p><strong>Ti\u00eau chu\u1ea9n<\/strong><\/p>\n<ul>\n<li>UL 2580<\/li>\n<li>ECE R100<\/li>\n<\/ul>\n<p><strong>Y\u00eau c\u1ea7u<\/strong><\/p>\n<ol>\n<li>\u0110\u1ed1i t\u01b0\u1ee3ng th\u1eed nghi\u1ec7m: B\u1ed9 l\u01b0u tr\u1eef pin ho\u1eb7c h\u1ec7 th\u1ed1ng.<\/li>\n<li>N\u00e9n theo c\u00e1c \u0111i\u1ec1u ki\u1ec7n sau:<\/li>\n<\/ol>\n<ul>\n<li>T\u1ea5m n\u00e9n: n\u1eeda h\u00ecnh tr\u1ee5 c\u00f3 b\u00e1n k\u00ednh 75 mm, chi\u1ec1u d\u00e0i c\u1ee7a t\u1ea5m ph\u1ea3i l\u1edbn h\u01a1n k\u00edch th\u01b0\u1edbc pin b\u1ecb n\u00e9n nh\u01b0ng ng\u1eafn h\u01a1n 1 m;<\/li>\n<li>H\u01b0\u1edbng n\u00e9n: H\u01b0\u1edbng X v\u00e0 Y (h\u01b0\u1edbng l\u00e1i xe \u00f4 t\u00f4 g\u1ecdi l\u00e0 tr\u1ee5c X, m\u1ed9t h\u01b0\u1edbng ngang kh\u00e1c vu\u00f4ng g\u00f3c v\u1edbi h\u01b0\u1edbng l\u00e1i xe \u00f4 t\u00f4 g\u1ecdi l\u00e0 tr\u1ee5c Y). \u0110\u1ec3 \u0111\u1ea3m b\u1ea3o an to\u00e0n cho c\u00e1c ho\u1ea1t \u0111\u1ed9ng th\u1eed nghi\u1ec7m, c\u00e1c th\u1eed nghi\u1ec7m c\u00f3 th\u1ec3 \u0111\u01b0\u1ee3c th\u1ef1c hi\u1ec7n tr\u00ean hai \u0111\u1ed1i t\u01b0\u1ee3ng th\u1eed nghi\u1ec7m ri\u00eang bi\u1ec7t.<\/li>\n<li>M\u1ee9c \u0111\u1ed9 n\u00e9n: D\u1eebng n\u00e9n khi l\u1ef1c n\u00e9n \u0111\u1ea1t 100 KN ho\u1eb7c n\u00e9n bi\u1ebfn d\u1ea1ng 30% t\u1ed5ng k\u00edch th\u01b0\u1edbc theo h\u01b0\u1edbng n\u00e9n c\u1ee7a pack pin, gi\u1eef nguy\u00ean trong 10 ph\u00fat.<\/li>\n<\/ul>\n<ol start=\"3\">\n<li>Sau khi th\u1eed nghi\u1ec7m, quan s\u00e1t trong 1 gi\u1edd \u1edf nhi\u1ec7t \u0111\u1ed9 th\u1eed nghi\u1ec7m.<\/li>\n<\/ol>\n<p><strong>Th\u00f4ng s\u1ed1 k\u1ef9 thu\u1eadt<\/strong><\/p>\n<div id=\"tablepress-19-scroll-wrapper\" class=\"tablepress-scroll-wrapper\">\n<table id=\"tablepress-19\" class=\"tablepress tablepress-id-19 tablepress-responsive\">\n<thead>\n<tr class=\"row-1 odd\">\n<th class=\"column-1\">T\u00ean s\u1ea3n ph\u1ea9m<\/th>\n<th class=\"column-2\">Horizontal Battery Crush Nail Penetration Test Machine<\/th>\n<th class=\"column-3\"><\/th>\n<th class=\"column-4\"><\/th>\n<\/tr>\n<\/thead>\n<tbody class=\"row-hover\">\n<tr class=\"row-2 even\">\n<td class=\"column-1\">M\u1eabu<\/td>\n<td class=\"column-2\">BE-6047AP-20T<\/td>\n<td class=\"column-3\">BE-6047AP-50T<\/td>\n<td class=\"column-4\">BE-6047AP-100T<\/td>\n<\/tr>\n<tr class=\"row-3 odd\">\n<td class=\"column-1\">\u00c1p su\u1ea5t (T)<\/td>\n<td class=\"column-2\">20<\/td>\n<td class=\"column-3\">50<\/td>\n<td class=\"column-4\">100<\/td>\n<\/tr>\n<tr class=\"row-4 even\">\n<td class=\"column-1\">C\u1ea5u tr\u00fac<\/td>\n<td class=\"column-2\">Ngang<\/td>\n<td class=\"column-3\">Ngang<\/td>\n<td class=\"column-4\">Ngang<\/td>\n<\/tr>\n<tr class=\"row-5 odd\">\n<td class=\"column-1\">Ch\u1ebf \u0111\u1ed9 n\u00e9n<\/td>\n<td class=\"column-2\">Ngang<\/td>\n<td class=\"column-3\">Ngang<\/td>\n<td class=\"column-4\">Ngang<\/td>\n<\/tr>\n<tr class=\"row-6 even\">\n<td class=\"column-1\">Ch\u1ebf \u0111\u1ed9 truy\u1ec1n \u0111\u1ed9ng<\/td>\n<td class=\"column-2\" colspan=\"3\">Servo \u0111i\u1ec7n th\u1ee7y l\u1ef1c<\/td>\n<\/tr>\n<tr class=\"row-7 odd\">\n<td class=\"column-1\">Bu\u1ed3ng<\/td>\n<td class=\"column-2\" colspan=\"3\">C\u1ea5u tr\u00fac ngang \u0111\u1ed9c l\u1eadp v\u00e0 h\u1ec7 th\u1ed1ng \u0111i\u1ec1u khi\u1ec3n<\/td>\n<\/tr>\n<tr class=\"row-8 even\">\n<td class=\"column-1\">Kh\u00f4ng gian th\u1eed nghi\u1ec7m<\/td>\n<td class=\"column-2\" colspan=\"3\">W2500 X D2000 X H1000mm (c\u00f3 th\u1ec3 t\u00f9y ch\u1ec9nh)<\/td>\n<\/tr>\n<tr class=\"row-9 odd\">\n<td class=\"column-1\">K\u00edch th\u01b0\u1edbc t\u1ed5ng th\u1ec3<\/td>\n<td class=\"column-2\" colspan=\"3\">W8500\u00a0X D2500 X H2400mm<\/td>\n<\/tr>\n<tr class=\"row-10 even\">\n<td class=\"column-1\">Thi\u1ebft k\u1ebf ti\u1ebft ki\u1ec7m n\u0103ng l\u01b0\u1ee3ng<\/td>\n<td class=\"column-2\" colspan=\"3\">\u00c1p d\u1ee5ng truy\u1ec1n \u0111\u1ed9ng xi lanh th\u1ee7y l\u1ef1c k\u00e9p, thi\u1ebft k\u1ebf xi lanh th\u1ee7y l\u1ef1c ch\u00ednh-ph\u1ee5. Ti\u1ebft ki\u1ec7m kh\u00f4ng gian t\u1ed1i \u0111a v\u00e0 gi\u1ea3m t\u1ed5ng c\u1ea5u h\u00ecnh c\u00f4ng su\u1ea5t c\u1ee7a thi\u1ebft b\u1ecb.<\/td>\n<\/tr>\n<tr class=\"row-11 odd\">\n<td class=\"column-1\">Ngu\u1ed3n \u0111i\u1ec7n<\/td>\n<td class=\"column-2\" colspan=\"3\">AC380V 50HZ<\/td>\n<\/tr>\n<tr class=\"row-12 even\">\n<td class=\"column-1\">T\u1ed1c \u0111\u1ed9 n\u00e9n<\/td>\n<td class=\"column-2\" colspan=\"3\">1~400mm\/ph\u00fat (C\u00f3 th\u1ec3 \u0111i\u1ec1u ch\u1ec9nh)<\/td>\n<\/tr>\n<tr class=\"row-13 odd\">\n<td class=\"column-1\">T\u1ed1c \u0111\u1ed9 \u0111\u00e2m<\/td>\n<td class=\"column-2\" colspan=\"3\">1~40mm\/gi\u00e2y (C\u00f3 th\u1ec3 \u0111i\u1ec1u ch\u1ec9nh)<\/td>\n<\/tr>\n<tr class=\"row-14 even\">\n<td class=\"column-1\">\u0110i\u1ec1u ki\u1ec7n th\u1eed nghi\u1ec7m<\/td>\n<td class=\"column-2\" colspan=\"3\">Bi\u1ebfn s\u1ed1 l\u1ef1c, \u0111\u1ed9 d\u1ecbch chuy\u1ec3n, t\u1ed1c \u0111\u1ed9, th\u1eddi gian, \u0111i\u1ec7n \u00e1p ph\u1ee5, nhi\u1ec7t \u0111\u1ed9 ph\u1ee5 (.v.v.) c\u00f3 th\u1ec3 \u0111\u01b0\u1ee3c s\u1eed d\u1ee5ng l\u00e0m bi\u1ebfn s\u1ed1 \u0111i\u1ec1u khi\u1ec3n trong c\u00e1c th\u1eed nghi\u1ec7m \u0111\u00e2m v\u00e0 n\u00e9n.<\/td>\n<\/tr>\n<tr class=\"row-15 odd\">\n<td class=\"column-1\">Ch\u1ebf \u0111\u1ed9 \u0111i\u1ec1u khi\u1ec3n<\/td>\n<td class=\"column-2\" colspan=\"3\">Ch\u1ebf \u0111\u1ed9 \u0111i\u1ec1u khi\u1ec3n k\u1ebft h\u1ee3p MCU + PC, ho\u1ea1t \u0111\u1ed9ng \u0111i\u1ec1u khi\u1ec3n t\u1eeb xa \u0111\u1ec3 \u0111\u1ea3m b\u1ea3o an to\u00e0n khi th\u1eed nghi\u1ec7m.<\/td>\n<\/tr>\n<tr class=\"row-16 even\">\n<td class=\"column-1\">Ch\u1ebf \u0111\u1ed9 v\u1eadn h\u00e0nh<\/td>\n<td class=\"column-2\" colspan=\"3\">C\u00f3 s\u1eb5n Ch\u1ebf \u0111\u1ed9 l\u1eadp tr\u00ecnh v\u00e0 Ch\u1ebf \u0111\u1ed9 kh\u00f4ng \u0111\u1ed5i<\/td>\n<\/tr>\n<tr class=\"row-17 odd\">\n<td class=\"column-1\">\u0110\u1ed9 ch\u00ednh x\u00e1c n\u00e9n<\/td>\n<td class=\"column-2\" colspan=\"3\">\u22660.5%(FSR)<\/td>\n<\/tr>\n<tr class=\"row-18 even\">\n<td class=\"column-1\">\u0110\u1ed9 ch\u00ednh x\u00e1c \u0111\u00e2m<\/td>\n<td class=\"column-2\" colspan=\"3\">\u22661%(FSR)<\/td>\n<\/tr>\n<tr class=\"row-19 odd\">\n<td class=\"column-1\">Bi\u1ebfn d\u1ea1ng n\u00e9n<\/td>\n<td class=\"column-2\" colspan=\"3\">0~100% c\u00e0i \u0111\u1eb7t nhi\u1ec1u giai \u0111o\u1ea1n, t\u1ea3i bi\u1ebfn d\u1ea1ng n\u00e9n nhi\u1ec1u l\u1edbp c\u00f3 s\u1eb5n.<\/td>\n<\/tr>\n<tr class=\"row-20 even\">\n<td class=\"column-1\">\u0110\u1ed3 g\u00e1 n\u00e9n<\/td>\n<td class=\"column-2\" colspan=\"3\">T\u1ea5m n\u00e9n h\u1ed3 quang (B\u00e1n k\u00ednh 75mm), c\u00f3 s\u1eb5n cho c\u00e1c \u0111\u1ed3 g\u00e1 kh\u00e1c nhau theo c\u00e1c ti\u00eau chu\u1ea9n th\u1eed nghi\u1ec7m kh\u00e1c nhau.<\/td>\n<\/tr>\n<tr class=\"row-21 odd\">\n<td class=\"column-1\">M\u00f4-\u0111un thu th\u1eadp d\u1eef li\u1ec7u<\/td>\n<td class=\"column-2\" colspan=\"3\">Thu th\u1eadp v\u00e0 c\u00f4 l\u1eadp t\u1eeb xa \u0111\u1ed9c l\u1eadp, \u0111i\u1ec7n \u00e1p, nhi\u1ec7t \u0111\u1ed9, k\u00eanh thu th\u1eadp d\u00f2ng \u0111i\u1ec7n \u0111a k\u00eanh, \u0111\u1ea3m b\u1ea3o d\u1eef li\u1ec7u ch\u00ednh x\u00e1c.<\/td>\n<\/tr>\n<tr class=\"row-22 even\">\n<td class=\"column-1\">Thi\u1ebft b\u1ecb b\u00e1o \u0111\u1ed9ng an to\u00e0n<\/td>\n<td class=\"column-2\" colspan=\"3\">R\u00f2 r\u1ec9 \u0111i\u1ec7n, qu\u00e1 \u00e1p, qu\u00e1 t\u1ea3i v\u00e0 qu\u00e1 nhi\u1ec7t, b\u1ea3o v\u1ec7 qu\u00e1 d\u00f2ng, b\u00e1o \u0111\u1ed9ng \u00e2m thanh v\u00e0 \u00e1nh s\u00e1ng b\u1ea5t th\u01b0\u1eddng, \u0111\u00e8n b\u00e1o kh\u00f3i, v.v.<\/td>\n<\/tr>\n<\/tbody>\n<\/table>\n<\/div>\n<div><\/div>\n<div><strong>Thi\u1ebft b\u1ecb an to\u00e0n cho m\u00e1y th\u1eed<\/strong><\/div>\n<div><\/div>\n<div>1. Thi\u1ebft k\u1ebf ch\u1ed1ng ch\u00e1y n\u1ed5 cho khu v\u1ef1c th\u1eed nghi\u1ec7m<\/div>\n<div>\nKhu v\u1ef1c th\u1eed nghi\u1ec7m bao g\u1ed3m t\u1ea5t c\u1ea3 c\u00e1c th\u00e0nh ph\u1ea7n ch\u1ed1ng ch\u00e1y v\u00e0 ch\u1ecbu nhi\u1ec7t \u0111\u1ed9 cao (kh\u00f4ng c\u00f3 \u1ed1ng nh\u1ef1a, d\u00e2y \u0111i\u1ec7n, gio\u0103ng cao su, ph\u1edbt, ch\u1ea5t b\u00f4i tr\u01a1n, d\u1ea7u, v.v.), gi\u00fap ng\u0103n ng\u1eeba h\u01b0 h\u1ecfng thi\u1ebft b\u1ecb do pin ch\u00e1y v\u00e0 n\u1ed5.<\/div>\n<div>\n2. Thi\u1ebft k\u1ebf ch\u1ed1ng g\u1ec9 v\u00e0 ch\u1ed1ng \u0103n m\u00f2n cho khu v\u1ef1c th\u1eed nghi\u1ec7m<\/div>\n<div>\nKhu v\u1ef1c th\u1eed nghi\u1ec7m phun b\u1ec1 m\u1eb7t khung th\u00e9p, thanh d\u1eabn h\u01b0\u1edbng ph\u1ee7 cr\u00f4m c\u1ee9ng, c\u00f3 \u0111\u1ed9 b\u1ec1n cao, ch\u1ed1ng th\u1ea5m n\u01b0\u1edbc, ch\u1ed1ng g\u1ec9 v\u00e0 thi\u1ebft k\u1ebf ch\u1ed1ng \u0103n m\u00f2n, \u0111\u1ec3 tr\u00e1nh pin th\u1eed nghi\u1ec7m ch\u00e1y, n\u1ed5 khi s\u1eed d\u1ee5ng n\u01b0\u1edbc ch\u1eefa ch\u00e1y \u0111\u1ec3 d\u1eadp t\u1eaft thi\u1ebft b\u1ecb do k\u1ebft qu\u1ea3 b\u1ea5t l\u1ee3i.<\/div>\n<div>\n3. N\u00fat d\u1eebng kh\u1ea9n c\u1ea5p<\/div>\n<div>\nC\u00f4ng t\u1eafc d\u1eebng kh\u1ea9n c\u1ea5p, d\u1eebng kh\u1ea9n c\u1ea5p t\u1ea5t c\u1ea3 c\u00e1c th\u1eed nghi\u1ec7m v\u00e0 \u0111\u1ed3ng th\u1eddi c\u1eaft ngu\u1ed3n \u0111i\u1ec7n \u0111\u1ec3 tr\u00e1nh nguy c\u01a1 ng\u1eafn m\u1ea1ch.<\/div>\n<div>\n4. Thi\u1ebft b\u1ecb b\u1ea3o v\u1ec7 gi\u1edbi h\u1ea1n n\u00e9n<\/div>\n<div>\nXi lanh ch\u00ednh v\u00e0 xi lanh ph\u1ee5 \u0111\u01b0\u1ee3c l\u1eafp \u0111\u1eb7t c\u00e1c thi\u1ebft b\u1ecb b\u1ea3o v\u1ec7 gi\u1edbi h\u1ea1n tr\u00ean v\u00e0 gi\u1edbi h\u1ea1n d\u01b0\u1edbi t\u01b0\u01a1ng \u1ee9ng.<\/div>\n<div>\n5. Thi\u1ebft b\u1ecb b\u1ea3o v\u1ec7 qu\u00e1 \u00e1p ri\u00eang<\/div>\n<div>\nH\u1ec7 th\u1ed1ng ngu\u1ed3n d\u1ea7u \u0111\u01b0\u1ee3c l\u1eafp \u0111\u1eb7t m\u00f4-\u0111un b\u1ea3o v\u1ec7 \u00e1p su\u1ea5t h\u1ec7 th\u1ed1ng, khi \u00e1p su\u1ea5t v\u01b0\u1ee3t qu\u00e1 gi\u00e1 tr\u1ecb c\u00e0i \u0111\u1eb7t, h\u1ec7 th\u1ed1ng m\u1ea1ch d\u1ea7u s\u1ebd t\u1ef1 \u0111\u1ed9ng gi\u1ea3i ph\u00f3ng \u00e1p su\u1ea5t \u0111\u1ec3 b\u1ea3o v\u1ec7 m\u1ea1ch d\u1ea7u v\u00e0 m\u00e1y ch\u1ee7. C\u0169ng \u0111\u01b0\u1ee3c l\u1eafp \u0111\u1eb7t b\u1ea3o v\u1ec7 qu\u00e1 d\u00f2ng \u0111\u1ed9ng c\u01a1, b\u1ea3o v\u1ec7 gi\u1edbi h\u1ea1n tr\u00ean \u00e1p su\u1ea5t n\u00e9n, b\u1ea3o v\u1ec7 qu\u00e1 t\u1ea3i h\u1ec7 th\u1ed1ng, b\u1ea3o v\u1ec7 tr\u00ecnh t\u1ef1 pha, v.v.<\/div>\n<div>\n6. C\u00e1c kh\u00eda c\u1ea1nh kh\u00e1c c\u1ee7a thi\u1ebft k\u1ebf an to\u00e0n<\/div>\n<div>\nThi\u1ebft b\u1ecb c\u00f3 an to\u00e0n \u0111i\u1ec7n theo y\u00eau c\u1ea7u ti\u00eau chu\u1ea9n qu\u1ed1c gia, c\u00f3 th\u1ec3 ng\u0103n ng\u1eeba v\u00e0 lo\u1ea1i b\u1ecf hi\u1ec7u qu\u1ea3 c\u00e1c nguy c\u01a1 \u0111i\u1ec7n gi\u1eadt c\u00f3 th\u1ec3 x\u1ea3y ra \u0111\u1ed1i v\u1edbi nh\u00e2n vi\u00ean v\u1eadn h\u00e0nh v\u00e0 b\u1ea3o tr\u00ec. Trong qu\u00e1 tr\u00ecnh v\u1eadn h\u00e0nh b\u00ecnh th\u01b0\u1eddng, ngo\u00e0i ph\u1ea7n m\u1ea1ch c\u1ee7a thi\u1ebft b\u1ecb, v\u1ecf thi\u1ebft b\u1ecb, c\u00e1c b\u1ed9 ph\u1eadn kim lo\u1ea1i trong bu\u1ed3ng th\u1eed nghi\u1ec7m, v.v. s\u1ebd kh\u00f4ng xu\u1ea5t hi\u1ec7n t\u00ecnh tr\u1ea1ng t\u00edch \u0111i\u1ec7n. Trong tr\u01b0\u1eddng h\u1ee3p x\u1ea3y ra tai n\u1ea1n, ch\u1eb3ng h\u1ea1n nh\u01b0 h\u1ecfa ho\u1ea1n, r\u00f2 r\u1ec9, ng\u1eafn m\u1ea1ch, v.v., thi\u1ebft b\u1ecb c\u00f3 th\u1ec3 t\u1ef1 \u0111\u1ed9ng c\u1eaft ngu\u1ed3n \u0111i\u1ec7n \u0111\u1ea7u v\u00e0o b\u00ean ngo\u00e0i, do \u0111\u00f3 b\u1ea5t k\u1ef3 b\u1ed9 ph\u1eadn n\u00e0o c\u1ee7a thi\u1ebft b\u1ecb b\u00ean trong kh\u00f4ng b\u1ecb t\u00edch \u0111i\u1ec7n.<\/div>\n<div>\n7. Ch\u1ed1ng th\u1ea5m cho khu v\u1ef1c th\u1eed nghi\u1ec7m<\/div>\n<div>\nM\u1eb7t \u0111\u1ea5t c\u1ee7a khu v\u1ef1c th\u1eed nghi\u1ec7m thi\u1ebft b\u1ecb \u0111\u00e0o m\u1ed9t r\u00e3nh tho\u00e1t n\u01b0\u1edbc v\u00e0 sau khi phun n\u01b0\u1edbc ch\u1eefa ch\u00e1y, n\u01b0\u1edbc \u0111\u01b0\u1ee3c x\u1ea3 ra b\u00ean ngo\u00e0i qua r\u00e3nh tho\u00e1t n\u01b0\u1edbc \u0111\u1ec3 ng\u0103n thi\u1ebft b\u1ecb t\u00edch t\u1ee5 n\u01b0\u1edbc v\u00e0 r\u1ec9 s\u00e9t. T\u1ea5t c\u1ea3 c\u00e1c \u1ed1ng \u0111\u1ec1u c\u00f3 m\u1ed1i n\u1ed1i ch\u1ed1ng th\u1ea5m n\u01b0\u1edbc \u0111\u1ec3 \u0111\u1ea3m b\u1ea3o an to\u00e0n cho m\u1ea1ch thi\u1ebft b\u1ecb v\u00e0 m\u1ea1ch d\u1ea7u.<\/div>\n<div>\nM\u1ed7i b\u1ed9 g\u1ed3m m\u00e1y ch\u00ednh \u00e9p kim, t\u1ee7 m\u00e1y t\u00ednh, ph\u1ea7n m\u1ec1m \u0111i\u1ec1u khi\u1ec3n, h\u1ec7 th\u1ed1ng thu th\u1eadp nhi\u1ec7t \u0111\u1ed9 \u0111i\u1ec7n \u00e1p v\u00e0 d\u00f2ng \u0111i\u1ec7n, \u0111\u1ed3 g\u00e1 \u00e9p, h\u1ec7 th\u1ed1ng gi\u00e1m s\u00e1t camera v\u00e0 m\u00e1y t\u00ednh, v.v.<\/div>\n<\/div>\n","protected":false},"excerpt":{"rendered":"<p><strong>\u1ee8ng d\u1ee5ng:<\/strong> Th\u1eed nghi\u1ec7m n\u00e9n, \u0111\u00e2m c\u1ee7a m\u00f4-\u0111un pin\/pack pin\/h\u1ec7 th\u1ed1ng pin.<\/p>\n","protected":false},"featured_media":20487,"comment_status":"closed","ping_status":"closed","template":"","meta":[],"product_brand":[],"product_cat":[63,69,72],"product_tag":[],"class_list":{"0":"post-20486","1":"product","2":"type-product","3":"status-publish","4":"has-post-thumbnail","6":"product_cat-buong-thu-nghiem-pin","7":"product_cat-ece-r100","8":"product_cat-ul-2580","10":"first","11":"instock","12":"shipping-taxable","13":"product-type-simple"},"acf":[],"_links":{"self":[{"href":"https:\/\/dgbellvietnam.com\/en\/wp-json\/wp\/v2\/product\/20486","targetHints":{"allow":["GET"]}}],"collection":[{"href":"https:\/\/dgbellvietnam.com\/en\/wp-json\/wp\/v2\/product"}],"about":[{"href":"https:\/\/dgbellvietnam.com\/en\/wp-json\/wp\/v2\/types\/product"}],"replies":[{"embeddable":true,"href":"https:\/\/dgbellvietnam.com\/en\/wp-json\/wp\/v2\/comments?post=20486"}],"wp:featuredmedia":[{"embeddable":true,"href":"https:\/\/dgbellvietnam.com\/en\/wp-json\/wp\/v2\/media\/20487"}],"wp:attachment":[{"href":"https:\/\/dgbellvietnam.com\/en\/wp-json\/wp\/v2\/media?parent=20486"}],"wp:term":[{"taxonomy":"product_brand","embeddable":true,"href":"https:\/\/dgbellvietnam.com\/en\/wp-json\/wp\/v2\/product_brand?post=20486"},{"taxonomy":"product_cat","embeddable":true,"href":"https:\/\/dgbellvietnam.com\/en\/wp-json\/wp\/v2\/product_cat?post=20486"},{"taxonomy":"product_tag","embeddable":true,"href":"https:\/\/dgbellvietnam.com\/en\/wp-json\/wp\/v2\/product_tag?post=20486"}],"curies":[{"name":"wp","href":"https:\/\/api.w.org\/{rel}","templated":true}]}}