{"id":20484,"date":"2024-05-27T22:17:26","date_gmt":"2024-05-27T22:17:26","guid":{"rendered":"http:\/\/dgbellvietnam.com\/san-pham\/battery-pack-rotate-test-device\/"},"modified":"2024-09-24T10:40:16","modified_gmt":"2024-09-24T03:40:16","slug":"battery-pack-rotate-test-device","status":"publish","type":"product","link":"https:\/\/dgbellvietnam.com\/en\/san-pham\/battery-pack-rotate-test-device\/","title":{"rendered":"Thi\u1ebft b\u1ecb th\u1eed nghi\u1ec7m xoay pack pin"},"content":{"rendered":"<div id=\"tab-description\" class=\"woocommerce-Tabs-panel woocommerce-Tabs-panel--description panel entry-content active\" role=\"tabpanel\" aria-labelledby=\"tab-title-description\">\n<h2><strong>Ti\u00eau chu\u1ea9n<\/strong><\/h2>\n<ul>\n<li>UL 2580<\/li>\n<\/ul>\n<h2><strong>Y\u00eau c\u1ea7u<\/strong><\/h2>\n<h3>Th\u1eed nghi\u1ec7m an to\u00e0n cell l\u01b0u tr\u1eef \u0111\u01a1n<\/h3>\n<ol>\n<li>\u0110\u1ed1i t\u01b0\u1ee3ng th\u1eed nghi\u1ec7m: Pack ho\u1eb7c h\u1ec7 th\u1ed1ng l\u01b0u tr\u1eef pin<\/li>\n<li>Xoay pack pin 360\u00b0 quanh tr\u1ee5c X v\u1edbi t\u1ed1c \u0111\u1ed9 quay 6\u00b0\/gi\u00e2y. L\u1ea7n th\u1ee9 hai: xoay n\u00f3 90\u00b0, 180\u00b0, 270\u00b0, 360\u00b0 v\u00e0 gi\u1eef nguy\u00ean trong m\u1ed9t gi\u1edd sau m\u1ed7i l\u1ea7n di chuy\u1ec3n. Sau \u0111\u00f3 d\u1eebng l\u1ea1i v\u00e0 quan s\u00e1t trong 2 gi\u1edd.<\/li>\n<li>Xoay pack pin 360\u00b0 quanh tr\u1ee5c Y v\u1edbi t\u1ed1c \u0111\u1ed9 quay 6\u00b0\/gi\u00e2y. L\u1ea7n th\u1ee9 hai: xoay n\u00f3 90\u00b0, 180\u00b0, 270\u00b0, 360\u00b0 v\u00e0 gi\u1eef nguy\u00ean trong m\u1ed9t gi\u1edd sau m\u1ed7i l\u1ea7n di chuy\u1ec3n. Sau \u0111\u00f3 d\u1eebng l\u1ea1i v\u00e0 quan s\u00e1t trong 2 gi\u1edd.<\/li>\n<li>Ti\u00eau chu\u1ea9n \u0111\u01b0\u1ee3c ch\u1ea5p nh\u1eadn: Pack pin ho\u1eb7c h\u1ec7 th\u1ed1ng pin kh\u00f4ng b\u1ecb r\u00f2 r\u1ec9 ch\u1ea5t \u0111i\u1ec7n ph\u00e2n, kh\u00f4ng b\u1ecb v\u1ee1 \u1edf v\u1ecf, kh\u00f4ng ch\u00e1y n\u1ed5. V\u00e0 v\u1eabn gi\u1eef k\u1ebft n\u1ed1i \u0111\u00e1ng tin c\u1eady, c\u1ea5u tr\u00fac c\u00f2n nguy\u00ean v\u1eb9n, gi\u00e1 tr\u1ecb \u0111i\u1ec7n tr\u1edf c\u00e1ch \u0111i\u1ec7n kh\u00f4ng nh\u1ecf h\u01a1n 100 Omega \/ v.<\/li>\n<\/ol>\n<h2><strong>Th\u00f4ng s\u1ed1 k\u1ef9 thu\u1eadt<\/strong><\/h2>\n<div id=\"tablepress-18-scroll-wrapper\" class=\"tablepress-scroll-wrapper\">\n<table id=\"tablepress-18\" class=\"tablepress tablepress-id-18 tablepress-responsive\">\n<thead>\n<tr class=\"row-1 odd\">\n<th class=\"column-1\">T\u00ean s\u1ea3n ph\u1ea9m<\/th>\n<th class=\"column-2\" colspan=\"2\">Battery Pack Rotate Test Device<\/th>\n<\/tr>\n<\/thead>\n<tbody class=\"row-hover\">\n<tr class=\"row-2 even\">\n<td class=\"column-1\">M\u1eabu<\/td>\n<td class=\"column-2\">BE-8201-2500<\/td>\n<td class=\"column-3\">BE-8201-3000<\/td>\n<\/tr>\n<tr class=\"row-3 odd\">\n<td class=\"column-1\">G\u00f3c quay<\/td>\n<td class=\"column-2\" colspan=\"2\">-360\u00b0~+360\u00b0 (c\u00f3 th\u1ec3 \u0111i\u1ec1u ch\u1ec9nh)<\/td>\n<\/tr>\n<tr class=\"row-4 even\">\n<td class=\"column-1\">T\u1ed1c \u0111\u1ed9 quay<\/td>\n<td class=\"column-2\" colspan=\"2\">1\u00b0\/s\u201412\u00b0\/s c\u00f3 th\u1ec3 \u0111i\u1ec1u ch\u1ec9nh<\/td>\n<\/tr>\n<tr class=\"row-5 odd\">\n<td class=\"column-1\">H\u01b0\u1edbng quay<\/td>\n<td class=\"column-2\" colspan=\"2\">Tr\u1ee5c X\/Y t\u1ef1 \u0111\u1ed9ng chuy\u1ec3n \u0111\u1ed5i<\/td>\n<\/tr>\n<tr class=\"row-6 even\">\n<td class=\"column-1\">Kh\u00f4ng gian th\u1eed nghi\u1ec7m t\u1ed1i \u0111a<\/td>\n<td class=\"column-2\">W2500\u00a0X\u00a0D2000X\u00a0H1000mm<\/td>\n<td class=\"column-3\">W3000\u00a0XD2000 X H1000mm<\/td>\n<\/tr>\n<tr class=\"row-7 odd\">\n<td class=\"column-1\">T\u1ea3i tr\u1ecdng th\u1eed nghi\u1ec7m t\u1ed1i \u0111a<\/td>\n<td class=\"column-2\">1000KG<\/td>\n<td class=\"column-3\">2000KG<\/td>\n<\/tr>\n<tr class=\"row-8 even\">\n<td class=\"column-1\">K\u00edch th\u01b0\u1edbc t\u1ed5ng th\u1ec3 t\u1ed1i \u0111a<\/td>\n<td class=\"column-2\">W4650 X D2780X H2400mm<\/td>\n<td class=\"column-3\">W5470 X D2570X H2510mm<\/td>\n<\/tr>\n<tr class=\"row-9 odd\">\n<td class=\"column-1\">K\u00edch th\u01b0\u1edbc t\u1ea5m xoay<\/td>\n<td class=\"column-2\">W2500 X D2000X H100mm<\/td>\n<td class=\"column-3\">W2000 X D1000X H112mm<\/td>\n<\/tr>\n<tr class=\"row-10 even\">\n<td class=\"column-1\">Tr\u1ecdng l\u01b0\u1ee3ng thi\u1ebft b\u1ecb<\/td>\n<td class=\"column-2\">Kho\u1ea3ng 5 T\u1ea5n<\/td>\n<td class=\"column-3\">Kho\u1ea3ng 8 T\u1ea5n<\/td>\n<\/tr>\n<tr class=\"row-11 odd\">\n<td class=\"column-1\">Ch\u1ebf \u0111\u1ed9 \u0111i\u1ec1u khi\u1ec3n<\/td>\n<td class=\"column-2\" colspan=\"2\">\u0110i\u1ec1u khi\u1ec3n m\u00e0n h\u00ecnh c\u1ea3m \u1ee9ng PLC + \u0111i\u1ec1u khi\u1ec3n t\u1eeb xa PC (\u0110i\u1ec1u khi\u1ec3n k\u00e9p)<\/td>\n<\/tr>\n<tr class=\"row-12 even\">\n<td class=\"column-1\">Ch\u1ebf \u0111\u1ed9 v\u1eadn h\u00e0nh<\/td>\n<td class=\"column-2\" colspan=\"2\">\u00a01. Ch\u1ebf \u0111\u1ed9 l\u1eadp tr\u00ecnh: \u00e1p d\u1ee5ng thi\u1ebft k\u1ebf ho\u00e0n to\u00e0n t\u1ef1 \u0111\u1ed9ng, sau khi \u0111\u1eb7t b\u1ed9 pin v\u00e0o t\u1ea5m xoay, nh\u1ea5n n\u00fat b\u1eaft \u0111\u1ea7u. To\u00e0n b\u1ed9 th\u1eed nghi\u1ec7m s\u1ebd \u0111\u01b0\u1ee3c T\u1ef1 \u0111\u1ed9ng ho\u00e0n th\u00e0nh theo ch\u01b0\u01a1ng tr\u00ecnh. C\u00f3 th\u1ec3 t\u1ef1 \u0111\u1ed9ng chuy\u1ec3n \u0111\u1ed5i chi\u1ec1u quay c\u1ee7a tr\u1ee5c X\/Y m\u00e0 kh\u00f4ng c\u1ea7n \u0111i\u1ec1u ch\u1ec9nh th\u1ee7 c\u00f4ng.<\/td>\n<\/tr>\n<tr class=\"row-13 odd\">\n<td class=\"column-1\"><\/td>\n<td class=\"column-2\" colspan=\"2\">2. Ch\u1ebf \u0111\u1ed9 Gi\u00e1 tr\u1ecb c\u1ed1 \u0111\u1ecbnh.<\/td>\n<\/tr>\n<tr class=\"row-14 even\">\n<td class=\"column-1\">B\u00e0n l\u00e0m vi\u1ec7c<\/td>\n<td class=\"column-2\" colspan=\"2\">C\u00f3 th\u1ec3 t\u1ef1 \u0111\u1ed9ng chuy\u1ec3n \u0111\u1ed5i chi\u1ec1u quay c\u1ee7a tr\u1ee5c X\/Y.<\/td>\n<\/tr>\n<tr class=\"row-15 odd\">\n<td class=\"column-1\">Ngu\u1ed3n \u0111i\u1ec7n<\/td>\n<td class=\"column-2\">AC 220V 9KW<\/td>\n<td class=\"column-3\">AC 380V 23KW<\/td>\n<\/tr>\n<tr class=\"row-16 even\">\n<td class=\"column-1\">Y\u00eau c\u1ea7u kh\u00e1c<\/td>\n<td class=\"column-2\" colspan=\"2\">H\u1ec7 th\u1ed1ng gi\u00e1m s\u00e1t video<\/td>\n<\/tr>\n<tr class=\"row-17 odd\">\n<td class=\"column-1\"><\/td>\n<td class=\"column-2\" colspan=\"2\">H\u1ec7 th\u1ed1ng b\u1ea3o v\u1ec7 an to\u00e0n khi v\u1eadn h\u00e0nh g\u1ea7n<\/td>\n<\/tr>\n<tr class=\"row-18 even\">\n<td class=\"column-1\"><\/td>\n<td class=\"column-2\" colspan=\"2\">H\u1ec7 th\u1ed1ng hi\u1ec3n th\u1ecb tr\u1ea1ng th\u00e1i l\u00e0m vi\u1ec7c.<\/td>\n<\/tr>\n<\/tbody>\n<\/table>\n<\/div>\n<\/div>\n","protected":false},"excerpt":{"rendered":"<p><strong>Single storage cell safety test<\/strong><\/p>\n","protected":false},"featured_media":20485,"comment_status":"closed","ping_status":"closed","template":"","meta":[],"product_brand":[],"product_cat":[63,72],"product_tag":[],"class_list":{"0":"post-20484","1":"product","2":"type-product","3":"status-publish","4":"has-post-thumbnail","6":"product_cat-buong-thu-nghiem-pin","7":"product_cat-ul-2580","9":"first","10":"instock","11":"shipping-taxable","12":"product-type-simple"},"acf":[],"_links":{"self":[{"href":"https:\/\/dgbellvietnam.com\/en\/wp-json\/wp\/v2\/product\/20484","targetHints":{"allow":["GET"]}}],"collection":[{"href":"https:\/\/dgbellvietnam.com\/en\/wp-json\/wp\/v2\/product"}],"about":[{"href":"https:\/\/dgbellvietnam.com\/en\/wp-json\/wp\/v2\/types\/product"}],"replies":[{"embeddable":true,"href":"https:\/\/dgbellvietnam.com\/en\/wp-json\/wp\/v2\/comments?post=20484"}],"wp:featuredmedia":[{"embeddable":true,"href":"https:\/\/dgbellvietnam.com\/en\/wp-json\/wp\/v2\/media\/20485"}],"wp:attachment":[{"href":"https:\/\/dgbellvietnam.com\/en\/wp-json\/wp\/v2\/media?parent=20484"}],"wp:term":[{"taxonomy":"product_brand","embeddable":true,"href":"https:\/\/dgbellvietnam.com\/en\/wp-json\/wp\/v2\/product_brand?post=20484"},{"taxonomy":"product_cat","embeddable":true,"href":"https:\/\/dgbellvietnam.com\/en\/wp-json\/wp\/v2\/product_cat?post=20484"},{"taxonomy":"product_tag","embeddable":true,"href":"https:\/\/dgbellvietnam.com\/en\/wp-json\/wp\/v2\/product_tag?post=20484"}],"curies":[{"name":"wp","href":"https:\/\/api.w.org\/{rel}","templated":true}]}}