{"id":20482,"date":"2024-05-27T22:17:20","date_gmt":"2024-05-27T22:17:20","guid":{"rendered":"http:\/\/dgbellvietnam.com\/san-pham\/battery-pack-drop-tester\/"},"modified":"2024-09-24T10:15:50","modified_gmt":"2024-09-24T03:15:50","slug":"battery-pack-drop-tester","status":"publish","type":"product","link":"https:\/\/dgbellvietnam.com\/en\/san-pham\/battery-pack-drop-tester\/","title":{"rendered":"M\u00e1y th\u1eed r\u01a1i pack pin"},"content":{"rendered":"<div id=\"tab-description\" class=\"woocommerce-Tabs-panel woocommerce-Tabs-panel--description panel entry-content active\" role=\"tabpanel\" aria-labelledby=\"tab-title-description\">\n<h2><strong>Ti\u00eau chu\u1ea9n<\/strong><\/h2>\n<ul>\n<li>UL 2580<\/li>\n<\/ul>\n<h2><strong>Th\u00f4ng s\u1ed1 k\u1ef9 thu\u1eadt<\/strong><\/h2>\n<div id=\"tablepress-17-scroll-wrapper\" class=\"tablepress-scroll-wrapper\">\n<table id=\"tablepress-17\" class=\"tablepress tablepress-id-17 tablepress-responsive\">\n<thead>\n<tr class=\"row-1 odd\">\n<th class=\"column-1\">T\u00ean s\u1ea3n ph\u1ea9m<\/th>\n<th class=\"column-2\">Battery Pack Drop Tester<\/th>\n<th class=\"column-3\"><\/th>\n<\/tr>\n<\/thead>\n<tbody class=\"row-hover\">\n<tr class=\"row-2 even\">\n<td class=\"column-1\" style=\"text-align: center;\">M\u1eabu<\/td>\n<td class=\"column-2\" style=\"text-align: center;\">BE-8206-1500<\/td>\n<td class=\"column-3\" style=\"text-align: center;\">BE-8206-2000<\/td>\n<\/tr>\n<tr class=\"row-3 odd\">\n<td class=\"column-1\">\u0110\u1ed9 cao r\u01a1i<\/td>\n<td class=\"column-2\">500~1500mm<\/td>\n<td class=\"column-3\">500~2000mm<\/td>\n<\/tr>\n<tr class=\"row-4 even\">\n<td class=\"column-1\">\u0110\u1ed9 ch\u00ednh x\u00e1c d\u1ecbch chuy\u1ec3n<\/td>\n<td class=\"column-2\" colspan=\"2\">\u00b15mm<\/td>\n<\/tr>\n<tr class=\"row-5 odd\">\n<td class=\"column-1\">Kh\u00f4ng gian th\u1eed nghi\u1ec7m t\u1ed1i \u0111a<\/td>\n<td class=\"column-2\" colspan=\"2\">W3000\u00d7D2000\u00d7H1000mm (c\u00f3 th\u1ec3 t\u00f9y ch\u1ec9nh)<\/td>\n<\/tr>\n<tr class=\"row-6 even\">\n<td class=\"column-1\">T\u1ea3i tr\u1ecdng t\u1ed1i \u0111a<\/td>\n<td class=\"column-2\" colspan=\"2\">1000KG ho\u1eb7c h\u01a1n<\/td>\n<\/tr>\n<tr class=\"row-7 odd\">\n<td class=\"column-1\">Ch\u1ebf \u0111\u1ed9 \u0111i\u1ec1u khi\u1ec3n<\/td>\n<td class=\"column-2\" colspan=\"2\">PLC + \u0110i\u1ec1u ch\u1ec9nh m\u00e0n h\u00ecnh c\u1ea3m \u1ee9ng b\u1eb1ng \u0111i\u1ec1u khi\u1ec3n t\u1eeb xa b\u1eb1ng m\u00e1y t\u00ednh<\/td>\n<\/tr>\n<tr class=\"row-8 even\">\n<td class=\"column-1\">Ph\u01b0\u01a1ng ph\u00e1p th\u1eed nghi\u1ec7m<\/td>\n<td class=\"column-2\" colspan=\"2\">M\u1eb7t, g\u00f3c th\u1ea3<\/td>\n<\/tr>\n<tr class=\"row-9 odd\">\n<td class=\"column-1\">V\u1eadt li\u1ec7u s\u00e0n th\u1ea3<\/td>\n<td class=\"column-2\" colspan=\"2\">S\u00e0n xi m\u0103ng \u0111\u01b0\u1ee3c bao quanh b\u1eb1ng th\u00e9p r\u00e3nh<\/td>\n<\/tr>\n<tr class=\"row-10 even\">\n<td class=\"column-1\">K\u00edch th\u01b0\u1edbc t\u1ed5ng th\u1ec3<\/td>\n<td class=\"column-2\" colspan=\"2\">W4500 X D2500 X H2700mm<\/td>\n<\/tr>\n<tr class=\"row-11 odd\">\n<td class=\"column-1\">Tr\u1ecdng l\u01b0\u1ee3ng m\u00e1y<\/td>\n<td class=\"column-2\" colspan=\"2\">Kho\u1ea3ng 5000KG<\/td>\n<\/tr>\n<tr class=\"row-12 even\">\n<td class=\"column-1\">Ngu\u1ed3n \u0111i\u1ec7n<\/td>\n<td class=\"column-2\" colspan=\"2\">AC 380V Ba Pha, 4.5KW<\/td>\n<\/tr>\n<tr class=\"row-13 odd\">\n<td class=\"column-1\">Y\u00eau c\u1ea7u kh\u00e1c<\/td>\n<td class=\"column-2\" colspan=\"2\">Thi\u1ebft b\u1ecb ch\u1ed1ng ch\u00e1y n\u1ed5<\/td>\n<\/tr>\n<tr class=\"row-14 even\">\n<td class=\"column-1\"><\/td>\n<td class=\"column-2\" colspan=\"2\">H\u1ec7 th\u1ed1ng chi\u1ebfu s\u00e1ng<\/td>\n<\/tr>\n<tr class=\"row-15 odd\">\n<td class=\"column-1\"><\/td>\n<td class=\"column-2\" colspan=\"2\">H\u1ec7 th\u1ed1ng gi\u00e1m s\u00e1t video<\/td>\n<\/tr>\n<tr class=\"row-16 even\">\n<td class=\"column-1\"><\/td>\n<td class=\"column-2\" colspan=\"2\">H\u1ec7 th\u1ed1ng x\u1ea3 kh\u00f3i m\u1ea1nh<\/td>\n<\/tr>\n<tr class=\"row-17 odd\">\n<td class=\"column-1\"><\/td>\n<td class=\"column-2\" colspan=\"2\">H\u1ec7 th\u1ed1ng ch\u1ed1ng v\u1eadn h\u00e0nh sai<\/td>\n<\/tr>\n<\/tbody>\n<\/table>\n<\/div>\n<\/div>\n","protected":false},"excerpt":{"rendered":"<p>Ti\u00eau chu\u1ea9n UL 2580 Th\u00f4ng s\u1ed1 k\u1ef9 thu\u1eadt T\u00ean s\u1ea3n ph\u1ea9m Battery Pack Drop Tester M\u1eabu BE-8206-1500 BE-8206-2000 \u0110\u1ed9 cao r\u01a1i 500~1500mm 500~2000mm \u0110\u1ed9 ch\u00ednh x\u00e1c d\u1ecbch chuy\u1ec3n \u00b15mm Kh\u00f4ng gian th\u1eed nghi\u1ec7m t\u1ed1i \u0111a W3000\u00d7D2000\u00d7H1000mm (c\u00f3 th\u1ec3 t\u00f9y ch\u1ec9nh) T\u1ea3i tr\u1ecdng t\u1ed1i \u0111a 1000KG ho\u1eb7c h\u01a1n Ch\u1ebf \u0111\u1ed9 \u0111i\u1ec1u khi\u1ec3n PLC + \u0110i\u1ec1u ch\u1ec9nh<\/p>\n","protected":false},"featured_media":20483,"comment_status":"closed","ping_status":"closed","template":"","meta":[],"product_brand":[],"product_cat":[63],"product_tag":[],"class_list":{"0":"post-20482","1":"product","2":"type-product","3":"status-publish","4":"has-post-thumbnail","6":"product_cat-buong-thu-nghiem-pin","8":"first","9":"instock","10":"shipping-taxable","11":"product-type-simple"},"acf":[],"_links":{"self":[{"href":"https:\/\/dgbellvietnam.com\/en\/wp-json\/wp\/v2\/product\/20482","targetHints":{"allow":["GET"]}}],"collection":[{"href":"https:\/\/dgbellvietnam.com\/en\/wp-json\/wp\/v2\/product"}],"about":[{"href":"https:\/\/dgbellvietnam.com\/en\/wp-json\/wp\/v2\/types\/product"}],"replies":[{"embeddable":true,"href":"https:\/\/dgbellvietnam.com\/en\/wp-json\/wp\/v2\/comments?post=20482"}],"wp:featuredmedia":[{"embeddable":true,"href":"https:\/\/dgbellvietnam.com\/en\/wp-json\/wp\/v2\/media\/20483"}],"wp:attachment":[{"href":"https:\/\/dgbellvietnam.com\/en\/wp-json\/wp\/v2\/media?parent=20482"}],"wp:term":[{"taxonomy":"product_brand","embeddable":true,"href":"https:\/\/dgbellvietnam.com\/en\/wp-json\/wp\/v2\/product_brand?post=20482"},{"taxonomy":"product_cat","embeddable":true,"href":"https:\/\/dgbellvietnam.com\/en\/wp-json\/wp\/v2\/product_cat?post=20482"},{"taxonomy":"product_tag","embeddable":true,"href":"https:\/\/dgbellvietnam.com\/en\/wp-json\/wp\/v2\/product_tag?post=20482"}],"curies":[{"name":"wp","href":"https:\/\/api.w.org\/{rel}","templated":true}]}}