{"id":20480,"date":"2024-05-27T22:17:15","date_gmt":"2024-05-27T22:17:15","guid":{"rendered":"http:\/\/dgbellvietnam.com\/san-pham\/temperature-aging-test-chamber\/"},"modified":"2024-09-26T12:18:14","modified_gmt":"2024-09-26T05:18:14","slug":"temperature-aging-test-chamber","status":"publish","type":"product","link":"https:\/\/dgbellvietnam.com\/en\/san-pham\/temperature-aging-test-chamber\/","title":{"rendered":"Bu\u1ed3ng th\u1eed nghi\u1ec7m l\u00e3o h\u00f3a nhi\u1ec7t \u0111\u1ed9"},"content":{"rendered":"<div id=\"tab-description\" class=\"woocommerce-Tabs-panel woocommerce-Tabs-panel--description panel entry-content active\" role=\"tabpanel\" aria-labelledby=\"tab-title-description\">\n<div id=\"tab-description\" class=\"woocommerce-Tabs-panel woocommerce-Tabs-panel--description panel entry-content active\" role=\"tabpanel\" aria-labelledby=\"tab-title-description\">\n<p><span style=\"vertical-align: inherit;\">Bu\u1ed3ng th\u1eed nghi\u1ec7m l\u00e3o h\u00f3a nhi\u1ec7t \u0111\u1ed9 cao c\u1ee7a DGBELL c\u00f3 th\u1ec3 cung c\u1ea5p kh\u00f4ng gian th\u1eed nghi\u1ec7m \u1ed5n \u0111\u1ecbnh \u0111\u1ec3 gia nhi\u1ec7t tr\u01b0\u1edbc, s\u1ea5y kh\u00f4, thay \u0111\u1ed5i v\u1eadt l\u00fd v\u00e0 th\u1eed nghi\u1ec7m h\u00f3a h\u1ecdc.<\/span><\/p>\n<p><strong><span style=\"vertical-align: inherit;\">\u0110\u1eb7c tr\u01b0ng<\/span><\/strong><\/p>\n<p><span style=\"vertical-align: inherit;\">1. V\u1ecf b\u00ean ngo\u00e0i l\u00e0 th\u00e9p SECC, x\u1eed l\u00fd s\u01a1n t\u0129nh \u0111i\u1ec7n m\u1ecbn. B\u00ean trong l\u00e0 th\u00e9p kh\u00f4ng g\u1ec9 SUS#304. <\/span><br \/>\n<span style=\"vertical-align: inherit;\">2. S\u1eed d\u1ee5ng \u0111\u1ed9ng c\u01a1 tr\u1ee5c d\u00e0i ch\u1ecbu nhi\u1ec7t m\u1edbi. <\/span><br \/>\n<span style=\"vertical-align: inherit;\">3. Qu\u1ea1t tuabin. <\/span><br \/>\n<span style=\"vertical-align: inherit;\">4. C\u00e1c ph\u1ea7n bu\u1ed9c l\u00e0 silicon. <\/span><br \/>\n<span style=\"vertical-align: inherit;\">5. B\u1ea3o v\u1ec7 qu\u00e1 nhi\u1ec7t, h\u1ec7 th\u1ed1ng \u0111i\u1ec7n t\u1ef1 \u0111\u1ed9ng si\u00eau t\u1ea3i. <\/span><br \/>\n<span style=\"vertical-align: inherit;\">6. H\u1ec7 th\u1ed1ng tu\u1ea7n ho\u00e0n: chu k\u1ef3 c\u1ea5p \u0111\u1ed9 l\u1ef1c kh\u00f4ng kh\u00ed. <\/span><br \/>\n<span style=\"vertical-align: inherit;\">7. H\u1ec7 th\u1ed1ng s\u01b0\u1edfi: PID + SSR <\/span><br \/>\n<span style=\"vertical-align: inherit;\">8. B\u1ed9 h\u1eb9n gi\u1edd: nhi\u1ec7t \u0111\u1ed9 theo th\u1eddi gian, khi ch\u1ec9 b\u00e1o b\u00e1o l\u1ed7i c\u01a1 s\u1edf. <\/span><br \/>\n<span style=\"vertical-align: inherit;\">9. Ph\u00f9 h\u1ee3p v\u1edbi nhu c\u1ea7u c\u1ee7a kh\u00e1ch h\u00e0ng, c\u1eeda s\u1ed5 k\u00ednh ph\u00f9 h\u1ee3p th\u01b0\u1eddng \u0111\u01b0\u1ee3c t\u00f9y ch\u1ec9nh ph\u00f9 h\u1ee3p v\u1edbi th\u00f4ng s\u1ed1 k\u1ef9 thu\u1eadt c\u1ee7a kh\u00e1ch h\u00e0ng \u0111\u00e3 ch\u1ec9 \u0111\u1ecbnh.<\/span><\/p>\n<p><strong><span style=\"vertical-align: inherit;\">Th\u00f4ng s\u1ed1 k\u1ef9 thu\u1eadt ch\u00ednh<\/span><\/strong><\/p>\n<table id=\"tablepress-76\" class=\"tablepress tablepress-id-76 tablepress-responsive\">\n<tbody>\n<tr class=\"row-1\">\n<td class=\"column-1\"><span style=\"vertical-align: inherit;\">M\u1eabu<\/span><\/td>\n<td class=\"column-2\"><span style=\"vertical-align: inherit;\">BTG-720<\/span><\/td>\n<td class=\"column-3\"><span style=\"vertical-align: inherit;\">BTG-1000<\/span><\/td>\n<\/tr>\n<tr class=\"row-2\">\n<td class=\"column-1\"><span style=\"vertical-align: inherit;\">Kh\u00f4ng gian th\u1eed nghi\u1ec7m (mm)<\/span><\/td>\n<td class=\"column-2\"><span style=\"vertical-align: inherit;\">W1000*H1200*D600<\/span><\/td>\n<td class=\"column-3\"><span style=\"vertical-align: inherit;\">W1000*H1000*D1000<\/span><\/td>\n<\/tr>\n<tr class=\"row-3\">\n<td class=\"column-1\"><span style=\"vertical-align: inherit;\">K\u00edch th\u01b0\u1edbc b\u00ean ngo\u00e0i mm<\/span><\/td>\n<td class=\"column-2\"><span style=\"vertical-align: inherit;\">W1200*H1815*D920<\/span><\/td>\n<td class=\"column-3\"><span style=\"vertical-align: inherit;\">W1400*H1850*D1270<\/span><\/td>\n<\/tr>\n<tr class=\"row-4\">\n<td class=\"column-1\"><span style=\"vertical-align: inherit;\">D\u1ea3i nhi\u1ec7t \u0111\u1ed9<\/span><\/td>\n<td class=\"column-2\" colspan=\"2\"><span style=\"vertical-align: inherit;\">RT+10\u2103 ~ +150\u2103\uff08C\u00f3 th\u1ec3 \u0111i\u1ec1u khi\u1ec3n ho\u00e0n to\u00e0n, \u0111\u1ed9 ch\u00ednh x\u00e1c \u0111i\u1ec1u khi\u1ec3n c\u00f3 th\u1ec3 \u0111i\u1ec1u ch\u1ec9nh \u00b10.1\u2103\uff09<\/span><\/td>\n<\/tr>\n<tr class=\"row-5\">\n<td class=\"column-1\"><span style=\"vertical-align: inherit;\">Bi\u1ebfn \u0111\u1ed9ng nhi\u1ec7t \u0111\u1ed9<\/span><\/td>\n<td class=\"column-2\" colspan=\"2\"><span style=\"vertical-align: inherit;\">\u00b10,3\u2103<\/span><\/td>\n<\/tr>\n<tr class=\"row-6\">\n<td class=\"column-1\"><span style=\"vertical-align: inherit;\">\u0110\u1ed9 \u0111\u1ed3ng \u0111\u1ec1u nhi\u1ec7t \u0111\u1ed9<\/span><\/td>\n<td class=\"column-2\" colspan=\"2\"><span style=\"vertical-align: inherit;\">\u2264\u00b12\u2103 (kh\u00f4ng t\u1ea3i, tr\u1ea1ng th\u00e1i kh\u00f4ng \u0111\u1ed5i)<\/span><\/td>\n<\/tr>\n<tr class=\"row-7\">\n<td class=\"column-1\"><span style=\"vertical-align: inherit;\">C\u1eeda s\u1ed5 quan s\u00e1t<\/span><\/td>\n<td class=\"column-2\" colspan=\"2\"><span style=\"vertical-align: inherit;\">W300*H300 MM, k\u00ednh ch\u1ed1ng ch\u00e1y n\u1ed5 v\u00e0 d\u00e1n phim ch\u1ed1ng ch\u00e1y n\u1ed5<\/span><\/td>\n<\/tr>\n<tr class=\"row-8\">\n<td class=\"column-1\"><span style=\"vertical-align: inherit;\">Ph\u01b0\u01a1ng ph\u00e1p l\u00e0m m\u00e1t<\/span><\/td>\n<td class=\"column-2\" colspan=\"2\"><span style=\"vertical-align: inherit;\">L\u00e0m m\u00e1t b\u1eb1ng kh\u00f4ng kh\u00ed<\/span><\/td>\n<\/tr>\n<tr class=\"row-9\">\n<td class=\"column-1\"><span style=\"vertical-align: inherit;\">Ch\u1ebf \u0111\u1ed9 \u0111i\u1ec1u khi\u1ec3n<\/span><\/td>\n<td class=\"column-2\" colspan=\"2\"><span style=\"vertical-align: inherit;\">M\u00e0n h\u00ecnh c\u1ea3m \u1ee9ng \u0111i\u1ec1u khi\u1ec3n l\u1eadp tr\u00ecnh PLC, v\u1edbi giao di\u1ec7n USB, v\u1edbi giao di\u1ec7n RS485 c\u00f3 th\u1ec3 k\u1ebft n\u1ed1i v\u1edbi m\u00e1y t\u00ednh \u0111i\u1ec1u khi\u1ec3n, ph\u1ea7n m\u1ec1m \u0111i\u1ec1u khi\u1ec3n m\u1ea1ng chuy\u00ean d\u1ee5ng, gi\u00e1m s\u00e1t t\u1eeb xa thu\u1eadn ti\u1ec7n, thu th\u1eadp d\u1eef li\u1ec7u<\/span><\/td>\n<\/tr>\n<tr class=\"row-10\">\n<td class=\"column-1\"><span style=\"vertical-align: inherit;\">V\u1eadt li\u1ec7u kh\u00f4ng gian th\u1eed nghi\u1ec7m<\/span><\/td>\n<td class=\"column-2\" colspan=\"2\"><span style=\"vertical-align: inherit;\">Th\u00e9p kh\u00f4ng g\u1ec9 g\u01b0\u01a1ng SUS304#, d\u00e0y 1.0MM, c\u00e1ch nhi\u1ec7t Teflon phun<\/span><\/td>\n<\/tr>\n<tr class=\"row-11\">\n<td class=\"column-1\"><span style=\"vertical-align: inherit;\">V\u1eadt li\u1ec7u k\u00edch th\u01b0\u1edbc b\u00ean ngo\u00e0i<\/span><\/td>\n<td class=\"column-2\" colspan=\"2\"><span style=\"vertical-align: inherit;\">T\u1ea5m m\u1ea1 k\u1ebdm, s\u01a1n t\u0129nh \u0111i\u1ec7n, h\u00f3a d\u1ebbo nhi\u1ec7t \u0111\u1ed9 cao, d\u00e0y 1,2MM<\/span><\/td>\n<\/tr>\n<tr class=\"row-12\">\n<td class=\"column-1\"><span style=\"vertical-align: inherit;\">B\u1ea3o v\u1ec7 an to\u00e0n<\/span><\/td>\n<td class=\"column-2\" colspan=\"2\"><span style=\"vertical-align: inherit;\">Thi\u1ebft b\u1ecb gi\u1ea3m \u00e1p ch\u1ed1ng ch\u00e1y n\u1ed5 t\u1ef1 \u0111\u1ed9ng, x\u00edch ch\u1ed1ng ch\u00e1y n\u1ed5, thi\u1ebft b\u1ecb b\u00e1o \u0111\u1ed9ng \u0111\u00e8n ba m\u00e0u, gi\u00e1m s\u00e1t t\u1eeb xa, thi\u1ebft b\u1ecb x\u1ea3 kh\u00f3i, thi\u1ebft b\u1ecb ch\u1eefa ch\u00e1y, v.v.<\/span><\/td>\n<\/tr>\n<tr class=\"row-13\">\n<td class=\"column-1\"><span style=\"vertical-align: inherit;\">L\u1ed7 ch\u00ec<\/span><\/td>\n<td class=\"column-2\" colspan=\"2\"><span style=\"vertical-align: inherit;\">\u03a6100mm tr\u00e1i v\u00e0 ph\u1ea3i m\u1ed7i b\u00ean m\u1edf v\u1edbi n\u00fat silicon m\u1ec1m v\u00e0 n\u1eafp th\u00e9p kh\u00f4ng g\u1ec9<\/span><\/td>\n<\/tr>\n<tr class=\"row-14\">\n<td class=\"column-1\"><span style=\"vertical-align: inherit;\">H\u00e0m m\u1edf r\u1ed9ng<\/span><\/td>\n<td class=\"column-2\" colspan=\"2\"><span style=\"vertical-align: inherit;\">Giao th\u1ee9c truy\u1ec1n th\u00f4ng m\u1edf v\u00e0 m\u00e1y s\u1ea1c x\u1ea3 h\u1ed7 tr\u1ee3 s\u1eed d\u1ee5ng<\/span><\/td>\n<\/tr>\n<\/tbody>\n<\/table>\n<p>&nbsp;<\/p>\n<\/div>\n<\/div>\n","protected":false},"excerpt":{"rendered":"<p><span style=\"vertical-align: inherit;\">Bu\u1ed3ng th\u1eed nghi\u1ec7m l\u00e3o h\u00f3a nhi\u1ec7t \u0111\u1ed9 c\u1ee7a DGBELL \u0111\u01b0\u1ee3c s\u1eed d\u1ee5ng r\u1ed9ng r\u00e3i \u0111\u1ec3 th\u1eed nghi\u1ec7m l\u00e3o h\u00f3a c\u00e1c s\u1ea3n ph\u1ea9m \u0111i\u1ec7n t\u1eed, t\u1ea5m pin m\u1eb7t tr\u1eddi, s\u1ea3n ph\u1ea9m nh\u1ef1a, \u0111\u1eb7c bi\u1ec7t l\u00e0 th\u1eed nghi\u1ec7m l\u00e3o h\u00f3a nhi\u1ec7t \u0111\u1ed9 pin.<\/span><\/p>\n","protected":false},"featured_media":20481,"comment_status":"closed","ping_status":"closed","template":"","meta":[],"product_brand":[],"product_cat":[63],"product_tag":[],"class_list":{"0":"post-20480","1":"product","2":"type-product","3":"status-publish","4":"has-post-thumbnail","6":"product_cat-buong-thu-nghiem-pin","8":"first","9":"instock","10":"shipping-taxable","11":"product-type-simple"},"acf":[],"_links":{"self":[{"href":"https:\/\/dgbellvietnam.com\/en\/wp-json\/wp\/v2\/product\/20480","targetHints":{"allow":["GET"]}}],"collection":[{"href":"https:\/\/dgbellvietnam.com\/en\/wp-json\/wp\/v2\/product"}],"about":[{"href":"https:\/\/dgbellvietnam.com\/en\/wp-json\/wp\/v2\/types\/product"}],"replies":[{"embeddable":true,"href":"https:\/\/dgbellvietnam.com\/en\/wp-json\/wp\/v2\/comments?post=20480"}],"wp:featuredmedia":[{"embeddable":true,"href":"https:\/\/dgbellvietnam.com\/en\/wp-json\/wp\/v2\/media\/20481"}],"wp:attachment":[{"href":"https:\/\/dgbellvietnam.com\/en\/wp-json\/wp\/v2\/media?parent=20480"}],"wp:term":[{"taxonomy":"product_brand","embeddable":true,"href":"https:\/\/dgbellvietnam.com\/en\/wp-json\/wp\/v2\/product_brand?post=20480"},{"taxonomy":"product_cat","embeddable":true,"href":"https:\/\/dgbellvietnam.com\/en\/wp-json\/wp\/v2\/product_cat?post=20480"},{"taxonomy":"product_tag","embeddable":true,"href":"https:\/\/dgbellvietnam.com\/en\/wp-json\/wp\/v2\/product_tag?post=20480"}],"curies":[{"name":"wp","href":"https:\/\/api.w.org\/{rel}","templated":true}]}}