{"id":20476,"date":"2024-05-27T22:17:07","date_gmt":"2024-05-27T22:17:07","guid":{"rendered":"http:\/\/dgbellvietnam.com\/san-pham\/vibration-test-system\/"},"modified":"2024-09-16T10:29:04","modified_gmt":"2024-09-16T03:29:04","slug":"vibration-test-system","status":"publish","type":"product","link":"https:\/\/dgbellvietnam.com\/en\/san-pham\/vibration-test-system\/","title":{"rendered":"H\u1ec7 th\u1ed1ng th\u1eed nghi\u1ec7m rung"},"content":{"rendered":"<div id=\"tab-description\" class=\"woocommerce-Tabs-panel woocommerce-Tabs-panel--description panel entry-content active\" role=\"tabpanel\" aria-labelledby=\"tab-title-description\">\n<h2><strong>\u1ee8ng d\u1ee5ng<\/strong><\/h2>\n<p class=\"ql-long-17989580\">H\u1ec7 th\u1ed1ng th\u1eed nghi\u1ec7m rung l\u00e0 s\u1ef1 m\u00f4 ph\u1ecfng c\u00e1c m\u00f4i tr\u01b0\u1eddng kh\u00e1c nhau g\u1eb7p ph\u1ea3i trong c\u00e1c giai \u0111o\u1ea1n v\u1eadn h\u00e0nh s\u1ea3n xu\u1ea5t, l\u1eafp r\u00e1p, v\u1eadn chuy\u1ec3n v\u00e0 s\u1eed d\u1ee5ng. N\u00f3 ch\u1ee7 y\u1ebfu \u0111\u01b0\u1ee3c s\u1eed d\u1ee5ng \u0111\u1ec3 x\u00e1c \u0111\u1ecbnh kh\u1ea3 n\u0103ng ch\u1ecbu \u0111\u1ef1ng c\u00e1c rung \u0111\u1ed9ng c\u1ee7a s\u1ea3n ph\u1ea9m. H\u1ec7 th\u1ed1ng ph\u00f9 h\u1ee3p \u0111\u1ec3 nghi\u00ean c\u1ee9u, ph\u00e1t tri\u1ec3n, ki\u1ec3m so\u00e1t ch\u1ea5t l\u01b0\u1ee3ng v\u00e0 s\u1ea3n xu\u1ea5t thi\u1ebft b\u1ecb \u0111i\u1ec7n t\u1eed, c\u01a1 \u0111i\u1ec7n, quang \u0111i\u1ec7n t\u1eed, \u0111\u1ea7u m\u00e1y \u00f4 t\u00f4, \u0111\u1ed3 ch\u01a1i v\u00e0 c\u00e1c ng\u00e0nh c\u00f4ng nghi\u1ec7p kh\u00e1c.<\/p>\n<h2><strong><img fetchpriority=\"high\" decoding=\"async\" class=\"alignnone wp-image-1336\" title=\"vibration-test-chamber01-300x230-jpg\" src=\"http:\/\/dgbellvietnam.com\/wp-content\/uploads\/2024\/05\/vibration-test-chamber01-300x230-jpg.webp\" width=\"430\" height=\"330\" data-lazyloaded=\"1\" data-src=\"data:image\/svg+xml;base64,PHN2ZyB4bWxucz0iaHR0cHM6Ly93d3cudzMub3JnLzIwMDAvc3ZnIiB3aWR0aD0iNDMwIiBoZWlnaHQ9IjMzMCIgdmlld0JveD0iMCAwIDQzMCAzMzAiPjxyZWN0IHdpZHRoPSIxMDAlIiBoZWlnaHQ9IjEwMCUiIHN0eWxlPSJmaWxsOiNjZmQ0ZGI7ZmlsbC1vcGFjaXR5OiAwLjE7Ii8+PC9zdmc+\" data-srcset=\"http:\/\/dgbellvietnam.com\/wp-content\/uploads\/2024\/05\/vibration-test-chamber01-300x230-jpg.webp 300w, https:\/\/belltestchamber.com\/wp-content\/uploads\/2019\/10\/vibration-test-chamber01.jpg.webp 391w\" data-sizes=\"(max-width: 430px) 100vw, 430px\" \/><img decoding=\"async\" class=\"alignnone wp-image-1335\" title=\"vibration-test-chamber02-300x241-jpg\" src=\"http:\/\/dgbellvietnam.com\/wp-content\/uploads\/2024\/05\/vibration-test-chamber02-300x241-jpg.webp\" width=\"412\" height=\"332\" data-lazyloaded=\"1\" data-src=\"data:image\/svg+xml;base64,PHN2ZyB4bWxucz0iaHR0cHM6Ly93d3cudzMub3JnLzIwMDAvc3ZnIiB3aWR0aD0iNDEyIiBoZWlnaHQ9IjMzMiIgdmlld0JveD0iMCAwIDQxMiAzMzIiPjxyZWN0IHdpZHRoPSIxMDAlIiBoZWlnaHQ9IjEwMCUiIHN0eWxlPSJmaWxsOiNjZmQ0ZGI7ZmlsbC1vcGFjaXR5OiAwLjE7Ii8+PC9zdmc+\" data-srcset=\"http:\/\/dgbellvietnam.com\/wp-content\/uploads\/2024\/05\/vibration-test-chamber02-300x241-jpg.webp 300w, https:\/\/belltestchamber.com\/wp-content\/uploads\/2019\/10\/vibration-test-chamber02.jpg.webp 374w\" data-sizes=\"(max-width: 412px) 100vw, 412px\" \/><\/strong><\/h2>\n<h2><\/h2>\n<h2><strong>Ti\u00eau chu\u1ea9n<\/strong><\/h2>\n<ul>\n<li>IEC 62133-2017<\/li>\n<li>ECE R100<\/li>\n<li>UL 1642<\/li>\n<li>UN 38.3<\/li>\n<\/ul>\n<h2><strong>Th\u00f4ng s\u1ed1 k\u1ef9 thu\u1eadt<\/strong><\/h2>\n<div id=\"tablepress-16-scroll-wrapper\" class=\"tablepress-scroll-wrapper\">\n<table id=\"tablepress-16\" class=\"tablepress tablepress-id-16 tablepress-responsive\">\n<thead>\n<tr class=\"row-1 odd\">\n<th class=\"column-1\">M\u1eabu<\/th>\n<th class=\"column-2\">BE-EV-203<\/th>\n<\/tr>\n<\/thead>\n<tbody class=\"row-hover\">\n<tr class=\"row-2 even\">\n<td class=\"column-1\">L\u1ef1c k\u00edch th\u00edch h\u00ecnh sin \u0111\u1ecbnh m\u1ee9c<\/td>\n<td class=\"column-2\">3000 N<\/td>\n<\/tr>\n<tr class=\"row-3 odd\">\n<td class=\"column-1\">L\u1ef1c k\u00edch th\u00edch ng\u1eabu nhi\u00ean \u0111\u1ecbnh m\u1ee9c<\/td>\n<td class=\"column-2\">3000 N<\/td>\n<\/tr>\n<tr class=\"row-4 even\">\n<td class=\"column-1\">L\u1ef1c s\u1ed1c k\u00edch th\u00edch<\/td>\n<td class=\"column-2\">6000 N<\/td>\n<\/tr>\n<tr class=\"row-5 odd\">\n<td class=\"column-1\">D\u1ea3i t\u1ea7n s\u1ed1<\/td>\n<td class=\"column-2\">5-4,000 Hz<\/td>\n<\/tr>\n<tr class=\"row-6 even\">\n<td class=\"column-1\">\u0110\u1ed9 d\u1ecbch chuy\u1ec3n t\u1ed1i \u0111a<\/td>\n<td class=\"column-2\">25mm<\/td>\n<\/tr>\n<tr class=\"row-7 odd\">\n<td class=\"column-1\">T\u1ed1c \u0111\u1ed9 \u0111\u1ecbnh m\u1ee9c<\/td>\n<td class=\"column-2\">2 m\/s<\/td>\n<\/tr>\n<tr class=\"row-8 even\">\n<td class=\"column-1\">Gia t\u1ed1c \u0111\u1ecbnh m\u1ee9c<\/td>\n<td class=\"column-2\">500\u00a0m\/s2<\/td>\n<\/tr>\n<tr class=\"row-9 odd\">\n<td class=\"column-1\">T\u1ea7n s\u1ed1 c\u1ed9ng h\u01b0\u1edfng b\u1eadc m\u1ed9t<\/td>\n<td class=\"column-2\">2,900 Hz\u00b15%<\/td>\n<\/tr>\n<tr class=\"row-10 even\">\n<td class=\"column-1\">T\u1ea3i t\u1ed1i \u0111a<\/td>\n<td class=\"column-2\">100 kg<\/td>\n<\/tr>\n<tr class=\"row-11 odd\">\n<td class=\"column-1\">T\u1ea7n s\u1ed1 rung<\/td>\n<td class=\"column-2\">3 Hz<\/td>\n<\/tr>\n<tr class=\"row-12 even\">\n<td class=\"column-1\">\u0110\u01b0\u1eddng k\u00ednh b\u00e0n v\u1eadn h\u00e0nh<\/td>\n<td class=\"column-2\">\u0424150 mm<\/td>\n<\/tr>\n<tr class=\"row-13 odd\">\n<td class=\"column-1\">B\u1ed9 ph\u1eadn chuy\u1ec3n \u0111\u1ed9ng Tr\u1ecdng l\u01b0\u1ee3ng t\u01b0\u01a1ng \u0111\u01b0\u01a1ng<\/td>\n<td class=\"column-2\">2 kg<\/td>\n<\/tr>\n<tr class=\"row-14 even\">\n<td class=\"column-1\">K\u00edch th\u01b0\u1edbc<\/td>\n<td class=\"column-2\">L764\u00d7W530\u00d7H660 mm<\/td>\n<\/tr>\n<tr class=\"row-15 odd\">\n<td class=\"column-1\">Tr\u1ecdng l\u01b0\u1ee3ng b\u00e0n rung \u0111\u01a1n<\/td>\n<td class=\"column-2\">Kho\u1ea3ng 480kg<\/td>\n<\/tr>\n<tr class=\"row-16 even\">\n<td class=\"column-1\">Ph\u01b0\u01a1ng ph\u00e1p l\u00e0m m\u00e1t<\/td>\n<td class=\"column-2\">L\u00e0m m\u00e1t b\u1eb1ng kh\u00f4ng kh\u00ed c\u01b0\u1ee1ng b\u1ee9c<\/td>\n<\/tr>\n<\/tbody>\n<\/table>\n<\/div>\n<\/div>\n","protected":false},"excerpt":{"rendered":"<p class=\"ql-long-17989580\">H\u1ec7 th\u1ed1ng th\u1eed nghi\u1ec7m rung l\u00e0 s\u1ef1 m\u00f4 ph\u1ecfng c\u00e1c m\u00f4i tr\u01b0\u1eddng kh\u00e1c nhau g\u1eb7p ph\u1ea3i trong c\u00e1c giai \u0111o\u1ea1n v\u1eadn h\u00e0nh s\u1ea3n xu\u1ea5t, l\u1eafp r\u00e1p, v\u1eadn chuy\u1ec3n v\u00e0 s\u1eed d\u1ee5ng. N\u00f3 ch\u1ee7 y\u1ebfu \u0111\u01b0\u1ee3c s\u1eed d\u1ee5ng \u0111\u1ec3 x\u00e1c \u0111\u1ecbnh kh\u1ea3 n\u0103ng ch\u1ecbu \u0111\u1ef1ng c\u00e1c rung \u0111\u1ed9ng c\u1ee7a m\u00f4i tr\u01b0\u1eddng c\u1ee7a s\u1ea3n ph\u1ea9m.<\/p>\n","protected":false},"featured_media":20477,"comment_status":"closed","ping_status":"closed","template":"","meta":[],"product_brand":[],"product_cat":[63,69,68,71,72,73],"product_tag":[],"class_list":{"0":"post-20476","1":"product","2":"type-product","3":"status-publish","4":"has-post-thumbnail","6":"product_cat-buong-thu-nghiem-pin","7":"product_cat-ece-r100","8":"product_cat-iec-62133","9":"product_cat-ul-1642","10":"product_cat-ul-2580","11":"product_cat-un-38-3","13":"first","14":"instock","15":"shipping-taxable","16":"product-type-simple"},"acf":[],"_links":{"self":[{"href":"https:\/\/dgbellvietnam.com\/en\/wp-json\/wp\/v2\/product\/20476","targetHints":{"allow":["GET"]}}],"collection":[{"href":"https:\/\/dgbellvietnam.com\/en\/wp-json\/wp\/v2\/product"}],"about":[{"href":"https:\/\/dgbellvietnam.com\/en\/wp-json\/wp\/v2\/types\/product"}],"replies":[{"embeddable":true,"href":"https:\/\/dgbellvietnam.com\/en\/wp-json\/wp\/v2\/comments?post=20476"}],"wp:featuredmedia":[{"embeddable":true,"href":"https:\/\/dgbellvietnam.com\/en\/wp-json\/wp\/v2\/media\/20477"}],"wp:attachment":[{"href":"https:\/\/dgbellvietnam.com\/en\/wp-json\/wp\/v2\/media?parent=20476"}],"wp:term":[{"taxonomy":"product_brand","embeddable":true,"href":"https:\/\/dgbellvietnam.com\/en\/wp-json\/wp\/v2\/product_brand?post=20476"},{"taxonomy":"product_cat","embeddable":true,"href":"https:\/\/dgbellvietnam.com\/en\/wp-json\/wp\/v2\/product_cat?post=20476"},{"taxonomy":"product_tag","embeddable":true,"href":"https:\/\/dgbellvietnam.com\/en\/wp-json\/wp\/v2\/product_tag?post=20476"}],"curies":[{"name":"wp","href":"https:\/\/api.w.org\/{rel}","templated":true}]}}