{"id":20474,"date":"2024-05-27T22:17:01","date_gmt":"2024-05-27T22:17:01","guid":{"rendered":"http:\/\/dgbellvietnam.com\/san-pham\/shock-test-system-for-lithium-battery-test\/"},"modified":"2024-09-26T15:38:23","modified_gmt":"2024-09-26T08:38:23","slug":"shock-test-system-for-lithium-battery-test","status":"publish","type":"product","link":"https:\/\/dgbellvietnam.com\/en\/san-pham\/shock-test-system-for-lithium-battery-test\/","title":{"rendered":"H\u1ec7 th\u1ed1ng th\u1eed nghi\u1ec7m va \u0111\u1eadp pin Lithium"},"content":{"rendered":"<div id=\"tab-description\" class=\"woocommerce-Tabs-panel woocommerce-Tabs-panel--description panel entry-content active\" role=\"tabpanel\" aria-labelledby=\"tab-title-description\">\n<div id=\"tab-description\" class=\"woocommerce-Tabs-panel woocommerce-Tabs-panel--description panel entry-content active\" role=\"tabpanel\" aria-labelledby=\"tab-title-description\">\n<h2><strong><span style=\"vertical-align: inherit;\">\u1ee8ng d\u1ee5ng<\/span><\/strong><\/h2>\n<p class=\"ql-long-17989580\"><span class=\"ql-author-17989580\"><span style=\"vertical-align: inherit;\">H\u1ec7 th\u1ed1ng th\u1eed nghi\u1ec7m va \u0111\u1eadp c\u1ee7a DGBELL \u0111\u01b0\u1ee3c s\u1eed d\u1ee5ng \u0111\u1ec3 \u0111o v\u00e0 x\u00e1c \u0111\u1ecbnh kh\u1ea3 n\u0103ng ch\u1ed1ng va \u0111\u1eadp c\u1ee7a s\u1ea3n ph\u1ea9m ho\u1eb7c bao b\u00ec. H\u1ec7 th\u1ed1ng n\u00e0y ch\u1ee7 y\u1ebfu \u0111\u01b0\u1ee3c s\u1eed d\u1ee5ng \u0111\u1ec3 \u0111\u00e1nh gi\u00e1 \u0111\u1ed9 tin c\u1eady c\u1ee7a ch\u1ee9c n\u0103ng v\u00e0 t\u00ednh to\u00e0n v\u1eb9n c\u1ee7a c\u1ea5u tr\u00fac s\u1ea3n ph\u1ea9m th\u1eed nghi\u1ec7m trong m\u00f4i tr\u01b0\u1eddng va \u0111\u1eadp. Th\u00edch h\u1ee3p \u0111\u1ec3 ki\u1ec3m tra va \u0111\u1eadp c\u1ee7a h\u00e0ng kh\u00f4ng v\u0169 tr\u1ee5, h\u00e0ng h\u1ea3i, qu\u00e2n s\u1ef1, \u0111i\u1ec7n t\u1eed ti\u00eau d\u00f9ng, \u00f4 t\u00f4, thi\u1ebft b\u1ecb gia d\u1ee5ng v\u00e0 thi\u1ebft b\u1ecb hi\u1ec3n th\u1ecb.<\/span><\/span><\/p>\n<h2><strong><span style=\"vertical-align: inherit;\">Ti\u00eau chu\u1ea9n<\/span><\/strong><\/h2>\n<ul>\n<li><span style=\"vertical-align: inherit;\">IEC 62133<\/span><\/li>\n<li><span style=\"vertical-align: inherit;\">UL 1642<\/span><\/li>\n<li><span style=\"vertical-align: inherit;\">UN 38,3<\/span><\/li>\n<\/ul>\n<h2><strong><span style=\"vertical-align: inherit;\">Th\u00f4ng s\u1ed1 k\u1ef9 thu\u1eadt ch\u00ednh<\/span><\/strong><\/h2>\n<div id=\"tablepress-15-scroll-wrapper\" class=\"tablepress-scroll-wrapper\">\n<table id=\"tablepress-15\" class=\"tablepress tablepress-id-15 tablepress-responsive\">\n<thead>\n<tr class=\"row-1 odd\">\n<th class=\"column-1\"><span style=\"vertical-align: inherit;\">M\u1eabu<\/span><\/th>\n<th class=\"column-2\"><\/th>\n<th class=\"column-3\"><span style=\"vertical-align: inherit;\">BE-SKT-10<\/span><\/th>\n<\/tr>\n<\/thead>\n<tbody class=\"row-hover\">\n<tr class=\"row-2 even\">\n<td class=\"column-1\"><span style=\"vertical-align: inherit;\">T\u1ea3i tr\u1ecdng quy \u0111\u1ecbnh<\/span><\/td>\n<td class=\"column-2\"><\/td>\n<td class=\"column-3\"><span style=\"vertical-align: inherit;\">10 kg, (Bao g\u1ed3m \u0111\u1ed3 g\u00e1 v\u00e0 m\u1eabu th\u1eed)<\/span><\/td>\n<\/tr>\n<tr class=\"row-3 odd\">\n<td class=\"column-1\"><span style=\"vertical-align: inherit;\">K\u00edch th\u01b0\u1edbc b\u0103ng gh\u1ebf<\/span><\/td>\n<td class=\"column-2\"><\/td>\n<td class=\"column-3\">L200\u00d7W200 mm<\/td>\n<\/tr>\n<tr class=\"row-4 even\">\n<td class=\"column-1\"><span style=\"vertical-align: inherit;\">S\u00f3ng xung<\/span><\/td>\n<td class=\"column-2\"><\/td>\n<td class=\"column-3\"><span style=\"vertical-align: inherit;\">S\u00f3ng n\u1eeda sin<\/span><\/td>\n<\/tr>\n<tr class=\"row-5 odd\">\n<td class=\"column-1\"><span style=\"vertical-align: inherit;\">Gia t\u1ed1c \u0111\u1ec9nh va ch\u1ea1m s\u1ed1c<\/span><\/td>\n<td class=\"column-2\"><\/td>\n<td class=\"column-3\"><span style=\"vertical-align: inherit;\">150\uff5e15000m\/gi\u00e2y2<\/span><\/td>\n<\/tr>\n<tr class=\"row-6 even\">\n<td class=\"column-1\"><span style=\"vertical-align: inherit;\">Th\u1eddi gian xung<\/span><\/td>\n<td class=\"column-2\"><\/td>\n<td class=\"column-3\"><span style=\"vertical-align: inherit;\">0,6\uff5e20ms<\/span><\/td>\n<\/tr>\n<tr class=\"row-7 odd\">\n<td class=\"column-1\"><span style=\"vertical-align: inherit;\">K\u00edch th\u01b0\u1edbc b\u00ean ngo\u00e0i<\/span><\/td>\n<td class=\"column-2\"><\/td>\n<td class=\"column-3\"><span style=\"vertical-align: inherit;\">D\u00e0i 1000mm \u00d7 R\u1ed9ng 500mm \u00d7 Cao 2700mm<\/span><\/td>\n<\/tr>\n<tr class=\"row-8 even\">\n<td class=\"column-1\"><span style=\"vertical-align: inherit;\">Tr\u1ecdng l\u01b0\u1ee3ng t\u1ed5ng<\/span><\/td>\n<td class=\"column-2\"><\/td>\n<td class=\"column-3\"><span style=\"vertical-align: inherit;\">1500kg<\/span><\/td>\n<\/tr>\n<tr class=\"row-9 odd\">\n<td class=\"column-1\"><span style=\"vertical-align: inherit;\">C\u00e1ch t\u00e1c \u0111\u1ed9ng<\/span><\/td>\n<td class=\"column-2\"><\/td>\n<td class=\"column-3\"><span style=\"vertical-align: inherit;\">R\u01a1i t\u1ef1 do<\/span><\/td>\n<\/tr>\n<tr class=\"row-10 even\">\n<td class=\"column-1\"><span style=\"vertical-align: inherit;\">Chi\u1ec1u cao th\u1ea3 t\u1ed1i \u0111a<\/span><\/td>\n<td class=\"column-2\"><\/td>\n<td class=\"column-3\"><span style=\"vertical-align: inherit;\">1500mm<\/span><\/td>\n<\/tr>\n<tr class=\"row-11 odd\">\n<td class=\"column-1\"><span style=\"vertical-align: inherit;\">Ngu\u1ed3n \u0111i\u1ec7n<\/span><\/td>\n<td class=\"column-2\"><\/td>\n<td class=\"column-3\"><span style=\"vertical-align: inherit;\">Ba pha 380V\uff0c50\/60 Hz<\/span><\/td>\n<\/tr>\n<tr class=\"row-12 even\">\n<td class=\"column-1\"><span style=\"vertical-align: inherit;\">Ngu\u1ed3n th\u1ee7y l\u1ef1c<\/span><\/td>\n<td class=\"column-2\"><\/td>\n<td class=\"column-3\"><span style=\"vertical-align: inherit;\">V\u1edbi c\u00e1c thi\u1ebft b\u1ecb<\/span><\/td>\n<\/tr>\n<tr class=\"row-13 odd\">\n<td class=\"column-1\"><span style=\"vertical-align: inherit;\">\u0110i\u1ec1u ki\u1ec7n m\u00f4i tr\u01b0\u1eddng xung quanh<\/span><\/td>\n<td class=\"column-2\"><span style=\"vertical-align: inherit;\">Nhi\u1ec7t \u0111\u1ed9<\/span><\/td>\n<td class=\"column-3\"><span style=\"vertical-align: inherit;\">0\uff5e40\u2103<\/span><\/td>\n<\/tr>\n<tr class=\"row-14 even\">\n<td class=\"column-1\"><\/td>\n<td class=\"column-2\"><span style=\"vertical-align: inherit;\">\u0110\u1ed9 \u1ea9m\uff0825\u2103\uff09<\/span><\/td>\n<td class=\"column-3\"><span style=\"vertical-align: inherit;\">\uff1c85\uff05<\/span><\/td>\n<\/tr>\n<tr class=\"row-15 odd\">\n<td class=\"column-1\"><span style=\"vertical-align: inherit;\">\u0110\u1ed9 tin c\u1eady<\/span><\/td>\n<td class=\"column-2\"><\/td>\n<td class=\"column-3\"><span style=\"vertical-align: inherit;\">1.Th\u1eddi gian l\u00e0m vi\u1ec7c t\u00edch l\u0169y kh\u00f4ng h\u1ecfng h\u00f3c trung b\u00ecnh \u2265 1000h;<\/span><\/td>\n<\/tr>\n<tr class=\"row-16 even\">\n<td class=\"column-1\"><\/td>\n<td class=\"column-2\"><\/td>\n<td class=\"column-3\"><span style=\"vertical-align: inherit;\">2. M\u00e1y ph\u00e1t s\u00f3ng b\u00e1n sin c\u00f3 \u00edt nh\u1ea5t 5000 l\u1ea7n va ch\u1ea1m li\u00ean ti\u1ebfp;<\/span><\/td>\n<\/tr>\n<tr class=\"row-17 odd\">\n<td class=\"column-1\"><\/td>\n<td class=\"column-2\"><\/td>\n<td class=\"column-3\"><span style=\"vertical-align: inherit;\">3. M\u00e1y ph\u00e1t s\u00f3ng b\u00e1n sin c\u00f3 th\u1eddi gian l\u01b0u tr\u1eef kh\u00f4ng d\u01b0\u1edbi 5 n\u0103m trong m\u00f4i tr\u01b0\u1eddng s\u1ea1ch \u1edf nhi\u1ec7t \u0111\u1ed9 ph\u00f2ng.<\/span><\/td>\n<\/tr>\n<tr class=\"row-18 even\">\n<td class=\"column-1\"><span style=\"vertical-align: inherit;\">H\u1ec7 th\u1ed1ng th\u1eed nghi\u1ec7m<\/span><\/td>\n<td class=\"column-2\"><\/td>\n<td class=\"column-3\"><span style=\"vertical-align: inherit;\">H\u1ec7 th\u1ed1ng ki\u1ec3m so\u00e1t \u0111o l\u01b0\u1eddng va ch\u1ea1m, t\u00e1c \u0111\u1ed9ng, DAQ s\u1ed1c<\/span><\/td>\n<\/tr>\n<tr class=\"row-19 odd\">\n<td class=\"column-1\"><span style=\"vertical-align: inherit;\">Ti\u00eau chu\u1ea9n s\u1eed d\u1ee5ng<\/span><\/td>\n<td class=\"column-2\"><\/td>\n<td class=\"column-3\"><span style=\"vertical-align: inherit;\">GJB150\u3001GJB360\u3001GJB548\u3001GB\/T2423\u3001GJB1217\u3001JJG497\u3001GIEC68-2-27<\/span><\/td>\n<\/tr>\n<tr class=\"row-20 even\">\n<td class=\"column-1\"><span style=\"vertical-align: inherit;\">Ti\u00eau chu\u1ea9n th\u1eed nghi\u1ec7m<\/span><\/td>\n<td class=\"column-2\"><\/td>\n<td class=\"column-3\"><span style=\"vertical-align: inherit;\">Bi\u00ean \u0111\u1ed9 gia t\u1ed1c, \u0111\u1ed9 r\u1ed9ng xung, t\u00ednh \u0111\u1ed3ng nh\u1ea5t v\u00e0 t\u1ef7 l\u1ec7 chuy\u1ec3n \u0111\u1ed9ng ngang \u0111\u00e1p \u1ee9ng c\u00e1c y\u00eau c\u1ea7u c\u1ee7a JJG541-88.<\/span><\/td>\n<\/tr>\n<\/tbody>\n<\/table>\n<\/div>\n<p>&nbsp;<\/p>\n<\/div>\n<\/div>\n","protected":false},"excerpt":{"rendered":"<p class=\"ql-long-17989580\"><span class=\"ql-author-17989580\"><span style=\"vertical-align: inherit;\">H\u1ec7 th\u1ed1ng th\u1ebb nghi\u1ec7m va \u0111\u1eadp c\u1ee7a DGBell d\u00f9ng \u0111\u1ec3 \u0111o v\u00e0 x\u00e1c \u0111\u1ecbnh kh\u1ea3 n\u0103ng ch\u1ed1ng va \u0111\u1eadp c\u1ee7a s\u1ea3n ph\u1ea9m ho\u1eb7c bao b\u00ec. Ch\u1ee7 y\u1ebfu d\u00f9ng \u0111\u1ec3 \u0111\u00e1nh gi\u00e1 \u0111\u1ed9 tin c\u1eady c\u1ee7a ch\u1ee9c n\u0103ng v\u00e0 t\u00ednh to\u00e0n v\u1eb9n c\u1ee7a c\u1ea5u tr\u00fac s\u1ea3n ph\u1ea9m th\u1eed nghi\u1ec7m trong m\u00f4i tr\u01b0\u1eddng va \u0111\u1eadp. Th\u00edch h\u1ee3p \u0111\u1ec3 ki\u1ec3m tra va \u0111\u1eadp c\u1ee7a h\u00e0ng kh\u00f4ng v\u0169 tr\u1ee5, h\u00e0ng h\u1ea3i, qu\u00e2n s\u1ef1, \u0111i\u1ec7n t\u1eed ti\u00eau d\u00f9ng, \u00f4 t\u00f4, thi\u1ebft b\u1ecb gia d\u1ee5ng v\u00e0 thi\u1ebft b\u1ecb hi\u1ec3n th\u1ecb.<\/span><\/span><\/p>\n","protected":false},"featured_media":20475,"comment_status":"closed","ping_status":"closed","template":"","meta":[],"product_brand":[],"product_cat":[63,69,68,71,72,73],"product_tag":[],"class_list":{"0":"post-20474","1":"product","2":"type-product","3":"status-publish","4":"has-post-thumbnail","6":"product_cat-buong-thu-nghiem-pin","7":"product_cat-ece-r100","8":"product_cat-iec-62133","9":"product_cat-ul-1642","10":"product_cat-ul-2580","11":"product_cat-un-38-3","13":"first","14":"instock","15":"shipping-taxable","16":"product-type-simple"},"acf":[],"_links":{"self":[{"href":"https:\/\/dgbellvietnam.com\/en\/wp-json\/wp\/v2\/product\/20474","targetHints":{"allow":["GET"]}}],"collection":[{"href":"https:\/\/dgbellvietnam.com\/en\/wp-json\/wp\/v2\/product"}],"about":[{"href":"https:\/\/dgbellvietnam.com\/en\/wp-json\/wp\/v2\/types\/product"}],"replies":[{"embeddable":true,"href":"https:\/\/dgbellvietnam.com\/en\/wp-json\/wp\/v2\/comments?post=20474"}],"wp:featuredmedia":[{"embeddable":true,"href":"https:\/\/dgbellvietnam.com\/en\/wp-json\/wp\/v2\/media\/20475"}],"wp:attachment":[{"href":"https:\/\/dgbellvietnam.com\/en\/wp-json\/wp\/v2\/media?parent=20474"}],"wp:term":[{"taxonomy":"product_brand","embeddable":true,"href":"https:\/\/dgbellvietnam.com\/en\/wp-json\/wp\/v2\/product_brand?post=20474"},{"taxonomy":"product_cat","embeddable":true,"href":"https:\/\/dgbellvietnam.com\/en\/wp-json\/wp\/v2\/product_cat?post=20474"},{"taxonomy":"product_tag","embeddable":true,"href":"https:\/\/dgbellvietnam.com\/en\/wp-json\/wp\/v2\/product_tag?post=20474"}],"curies":[{"name":"wp","href":"https:\/\/api.w.org\/{rel}","templated":true}]}}