{"id":20469,"date":"2024-05-27T22:16:49","date_gmt":"2024-05-27T22:16:49","guid":{"rendered":"http:\/\/dgbellvietnam.com\/san-pham\/battery-washing-test-chamber\/"},"modified":"2024-09-26T16:25:56","modified_gmt":"2024-09-26T09:25:56","slug":"battery-washing-test-chamber","status":"publish","type":"product","link":"https:\/\/dgbellvietnam.com\/en\/san-pham\/battery-washing-test-chamber\/","title":{"rendered":"Bu\u1ed3ng th\u1eed nghi\u1ec7m r\u1eeda pin DGBELL"},"content":{"rendered":"<div id=\"tab-description\" class=\"woocommerce-Tabs-panel woocommerce-Tabs-panel--description panel entry-content active\" role=\"tabpanel\" aria-labelledby=\"tab-title-description\">\n<div id=\"tab-description\" class=\"woocommerce-Tabs-panel woocommerce-Tabs-panel--description panel entry-content active\" role=\"tabpanel\" aria-labelledby=\"tab-title-description\">\n<h2><strong><span style=\"vertical-align: inherit;\">\u1ee8ng d\u1ee5ng<\/span><\/strong><\/h2>\n<p><span style=\"vertical-align: inherit;\">Bu\u1ed3ng th\u1eed nghi\u1ec7m r\u1eeda pin c\u1ee7a DGBELL bao g\u1ed3m bu\u1ed3ng th\u1eed v\u00e0 bu\u1ed3ng r\u1eeda b\u00ean d\u01b0\u1edbi bu\u1ed3ng th\u1eed. C\u00e1nh qu\u1ea1t quay c\u00f3 \u0111\u1ed9ng c\u01a1 \u0111\u01b0\u1ee3c l\u1eafp b\u00ean trong bu\u1ed3ng th\u1eed v\u00e0 h\u1ec7 th\u1ed1ng s\u1ea5y \u0111\u01b0\u1ee3c l\u1eafp tr\u00ean th\u00e0nh b\u00ean trong c\u1ee7a bu\u1ed3ng th\u1eed. M\u00e1y th\u1eed n\u00e0y \u0111\u01b0\u1ee3c thi\u1ebft k\u1ebf nh\u01b0 m\u1ed9t bu\u1ed3ng c\u1ea5u tr\u00fac n\u00e2ng t\u1ea1o th\u00e0nh v\u1ecf k\u00edn khi bu\u1ed3ng r\u1eeda n\u00e2ng l\u00ean \u0111\u1ebfn m\u00e9p tr\u00ean c\u1ee7a bu\u1ed3ng th\u1eed. B\u1ea3ng \u0111i\u1ec1u khi\u1ec3n v\u00e0 b\u00ecnh ch\u1ee9a n\u01b0\u1edbc \u0111\u01b0\u1ee3c thi\u1ebft k\u1ebf tr\u00ean gi\u00e1 \u0111\u1ee1 v\u00e0 bu\u1ed3ng r\u1eeda \u0111\u01b0\u1ee3c k\u1ebft n\u1ed1i v\u1edbi b\u00ecnh ch\u1ee9a n\u01b0\u1edbc. C\u1ea5u tr\u00fac bu\u1ed3ng th\u1eed h\u1ee3p l\u00fd r\u00fat ng\u1eafn th\u1eddi gian th\u1eed nghi\u1ec7m v\u00e0 c\u1ea3i thi\u1ec7n \u0111\u1ed9 ch\u00ednh x\u00e1c c\u1ee7a th\u1eed nghi\u1ec7m.<\/span><\/p>\n<p><strong><span style=\"vertical-align: inherit;\">S\u01a1 \u0111\u1ed3 thi\u1ebft b\u1ecb th\u1eed nghi\u1ec7m r\u1eeda pin<\/span><\/strong><\/p>\n<p><img fetchpriority=\"high\" decoding=\"async\" class=\"alignnone wp-image-1380\" title=\"bu\u1ed3ng-th\u1eed-r\u1eeda-pin1-1-300x132-png\" src=\"http:\/\/dgbellvietnam.com\/wp-content\/uploads\/2024\/05\/battery-washing-test-chamber1-1-300x132-png.webp\" width=\"657\" height=\"289\" data-lazyloaded=\"1\" data-src=\"data:image\/svg+xml;base64,PHN2ZyB4bWxucz0iaHR0cHM6Ly93d3cudzMub3JnLzIwMDAvc3ZnIiB3aWR0aD0iNjU3IiBoZWlnaHQ9IjI4OSIgdmlld0JveD0iMCAwIDY1NyAyODkiPjxyZWN0IHdpZHRoPSIxMDAlIiBoZWlnaHQ9IjEwMCUiIHN0eWxlPSJmaWxsOiNjZmQ0ZGI7ZmlsbC1vcGFjaXR5OiAwLjE7Ii8+PC9zdmc+\" data-srcset=\"http:\/\/dgbellvietnam.com\/wp-content\/uploads\/2024\/05\/battery-washing-test-chamber1-1-300x132-png.webp 300w, https:\/\/belltestchamber.com\/wp-content\/uploads\/2019\/04\/Battery-Washing-Test-Chamber1-1-510x225.png.webp 510w, https:\/\/belltestchamber.com\/wp-content\/uploads\/2019\/04\/Battery-Washing-Test-Chamber1-1.png.webp 517w\" data-sizes=\"(max-width: 657px) 100vw, 657px\" \/><\/p>\n<p><strong style=\"font-size: 23.04px; color: #333333;\"><span style=\"vertical-align: inherit;\">Th\u00f4ng s\u1ed1 k\u1ef9 thu\u1eadt<\/span><\/strong><\/p>\n<div id=\"tablepress-13-scroll-wrapper\" class=\"tablepress-scroll-wrapper\">\n<table id=\"tablepress-13\" class=\"tablepress tablepress-id-13 tablepress-responsive\">\n<thead>\n<tr class=\"row-1 odd\">\n<th class=\"column-1\"><span style=\"vertical-align: inherit;\">M\u1eabu<\/span><\/th>\n<th class=\"column-2\"><span style=\"vertical-align: inherit;\">BE-8109<\/span><\/th>\n<\/tr>\n<\/thead>\n<tbody class=\"row-hover\">\n<tr class=\"row-2 even\">\n<td class=\"column-1\"><span style=\"vertical-align: inherit;\">Ch\u1ec9 d\u1eabn<\/span><\/td>\n<td class=\"column-2\"><span style=\"vertical-align: inherit;\">C\u1ea5u tr\u00fac t\u1ea5t c\u1ea3 trong m\u1ed9t, l\u1eafp kh\u00f3a ch\u1ed1ng n\u1ed5 + c\u1eeda ch\u1ed1ng n\u1ed5<\/span><\/td>\n<\/tr>\n<tr class=\"row-3 odd\">\n<td class=\"column-1\"><span style=\"vertical-align: inherit;\">Th\u1eed nghi\u1ec7m \u0111\u01b0\u1eddng k\u00ednh t\u1ea5m quay<\/span><\/td>\n<td class=\"column-2\"><span style=\"vertical-align: inherit;\">500\u00b110MM<\/span><\/td>\n<\/tr>\n<tr class=\"row-4 even\">\n<td class=\"column-1\"><span style=\"vertical-align: inherit;\">\u0110\u01b0\u1eddng k\u00ednh th\u00f9ng b\u00ean trong<\/span><\/td>\n<td class=\"column-2\"><span style=\"vertical-align: inherit;\">650MM<\/span><\/td>\n<\/tr>\n<tr class=\"row-5 odd\">\n<td class=\"column-1\"><span style=\"vertical-align: inherit;\">\u0110\u1ed9 s\u00e2u c\u1ee7a th\u00f9ng b\u00ean trong<\/span><\/td>\n<td class=\"column-2\"><span style=\"vertical-align: inherit;\">550MM<\/span><\/td>\n<\/tr>\n<tr class=\"row-6 even\">\n<td class=\"column-1\"><span style=\"vertical-align: inherit;\">Ph\u1ea1m vi t\u1ed1c \u0111\u1ed9 quay c\u1ee7a t\u1ea5m<\/span><\/td>\n<td class=\"column-2\"><span style=\"vertical-align: inherit;\">1\u2014900 v\u00f2ng\/ph\u00fat c\u00f3 th\u1ec3 \u0111i\u1ec1u khi\u1ec3n<\/span><\/td>\n<\/tr>\n<tr class=\"row-7 odd\">\n<td class=\"column-1\"><span style=\"vertical-align: inherit;\">\u0110\u1ed9 ch\u00ednh x\u00e1c t\u1ed1c \u0111\u1ed9<\/span><\/td>\n<td class=\"column-2\"><span style=\"vertical-align: inherit;\">0,01<\/span><\/td>\n<\/tr>\n<tr class=\"row-8 even\">\n<td class=\"column-1\"><span style=\"vertical-align: inherit;\">H\u1ec7 th\u1ed1ng \u0111i\u1ec1u khi\u1ec3n<\/span><\/td>\n<td class=\"column-2\"><span style=\"vertical-align: inherit;\">\u0110i\u1ec1u khi\u1ec3n c\u1ea3m \u1ee9ng PLC + \u0110i\u1ec1u khi\u1ec3n t\u1eeb xa<\/span><\/td>\n<\/tr>\n<tr class=\"row-9 odd\">\n<td class=\"column-1\"><span style=\"vertical-align: inherit;\">Ph\u01b0\u01a1ng ph\u00e1p ki\u1ec3m so\u00e1t<\/span><\/td>\n<td class=\"column-2\"><span style=\"vertical-align: inherit;\">Ki\u1ec3m tra ho\u00e0n to\u00e0n t\u1ef1 \u0111\u1ed9ng, c\u00f3 th\u1ec3 l\u1eadp tr\u00ecnh. Tr\u1edf v\u1ec1 tr\u1ea1ng th\u00e1i ban \u0111\u1ea7u \u2013 th\u00eam n\u01b0\u1edbc \u2013 n\u00e2ng \u2013 \u0111un n\u00f3ng \u2013 th\u1ea3 \u2013 ng\u00e2m \u2013 khu\u1ea5y \u2013 x\u1ea3 \u2013 t\u00e1ch n\u01b0\u1edbc \u2013 th\u00e1o xi lanh \u2013 s\u1ea5y kh\u00f4 \u2013 ho\u00e0n t\u1ea5t.<\/span><\/td>\n<\/tr>\n<tr class=\"row-10 even\">\n<td class=\"column-1\"><span style=\"vertical-align: inherit;\">\u0110\u1ed9ng c\u01a1 Servo<\/span><\/td>\n<td class=\"column-2\"><span style=\"vertical-align: inherit;\">\u0110\u1ed9ng c\u01a1 servo Panasonic Nh\u1eadt B\u1ea3n<\/span><\/td>\n<\/tr>\n<tr class=\"row-11 odd\">\n<td class=\"column-1\"><span style=\"vertical-align: inherit;\">Thi\u1ebft l\u1eadp th\u1eddi gian<\/span><\/td>\n<td class=\"column-2\"><span style=\"vertical-align: inherit;\">0-999 gi\u1edd (C\u00f3 th\u1ec3 \u0111i\u1ec1u ch\u1ec9nh)<\/span><\/td>\n<\/tr>\n<tr class=\"row-12 even\">\n<td class=\"column-1\"><span style=\"vertical-align: inherit;\">Ph\u1ea1m vi nhi\u1ec7t \u0111\u1ed9 ch\u1ea5t l\u1ecfng<\/span><\/td>\n<td class=\"column-2\"><span style=\"vertical-align: inherit;\">RT+10\u2103 ~ 80\u2103\uff08c\u00f3 th\u1ec3 ki\u1ec3m so\u00e1t)<\/span><\/td>\n<\/tr>\n<tr class=\"row-13 odd\">\n<td class=\"column-1\"><span style=\"vertical-align: inherit;\">\u0110\u1ed9 l\u1ec7ch nhi\u1ec7t \u0111\u1ed9 n\u01b0\u1edbc<\/span><\/td>\n<td class=\"column-2\"><span style=\"vertical-align: inherit;\">\u00b12\u2103<\/span><\/td>\n<\/tr>\n<tr class=\"row-14 even\">\n<td class=\"column-1\"><span style=\"vertical-align: inherit;\">\u0110\u1ed9 ch\u00ednh x\u00e1c nhi\u1ec7t \u0111\u1ed9 n\u01b0\u1edbc<\/span><\/td>\n<td class=\"column-2\"><span style=\"vertical-align: inherit;\">0,1\u2103<\/span><\/td>\n<\/tr>\n<tr class=\"row-15 odd\">\n<td class=\"column-1\"><span style=\"vertical-align: inherit;\">T\u1ed1c \u0111\u1ed9 gia nhi\u1ec7t nhi\u1ec7t \u0111\u1ed9 n\u01b0\u1edbc<\/span><\/td>\n<td class=\"column-2\"><span style=\"vertical-align: inherit;\">RT ~ 45\u2103, D\u01b0\u1edbi 40 ph\u00fat<\/span><\/td>\n<\/tr>\n<tr class=\"row-16 even\">\n<td class=\"column-1\"><span style=\"vertical-align: inherit;\">Ph\u1ea1m vi nhi\u1ec7t \u0111\u1ed9 s\u1ea5y<\/span><\/td>\n<td class=\"column-2\"><span style=\"vertical-align: inherit;\">RT+10\u2103 ~ 80\u2103\uff08c\u00f3 th\u1ec3 ki\u1ec3m so\u00e1t)<\/span><\/td>\n<\/tr>\n<tr class=\"row-17 odd\">\n<td class=\"column-1\"><span style=\"vertical-align: inherit;\">\u0110\u1ed9 l\u1ec7ch nhi\u1ec7t \u0111\u1ed9 gi\u00f3<\/span><\/td>\n<td class=\"column-2\"><span style=\"vertical-align: inherit;\">\u00b12\u2103<\/span><\/td>\n<\/tr>\n<tr class=\"row-18 even\">\n<td class=\"column-1\"><span style=\"vertical-align: inherit;\">\u0110\u1ed9 ch\u00ednh x\u00e1c hi\u1ec3n th\u1ecb nhi\u1ec7t \u0111\u1ed9 gi\u00f3<\/span><\/td>\n<td class=\"column-2\"><span style=\"vertical-align: inherit;\">0,1\u2103<\/span><\/td>\n<\/tr>\n<tr class=\"row-19 odd\">\n<td class=\"column-1\"><span style=\"vertical-align: inherit;\">T\u1ed1c \u0111\u1ed9 gia nhi\u1ec7t nhi\u1ec7t \u0111\u1ed9 gi\u00f3<\/span><\/td>\n<td class=\"column-2\"><span style=\"vertical-align: inherit;\">RT ~ 45\u2103, D\u01b0\u1edbi 40 ph\u00fat<\/span><\/td>\n<\/tr>\n<tr class=\"row-20 even\">\n<td class=\"column-1\"><span style=\"vertical-align: inherit;\">Ph\u01b0\u01a1ng ph\u00e1p ki\u1ec3m so\u00e1t n\u01b0\u1edbc<\/span><\/td>\n<td class=\"column-2\"><span style=\"vertical-align: inherit;\">M\u00e1y b\u01a1m n\u01b0\u1edbc t\u1ef1 \u0111\u1ed9ng<\/span><\/td>\n<\/tr>\n<tr class=\"row-21 odd\">\n<td class=\"column-1\"><span style=\"vertical-align: inherit;\">H\u1ec7 th\u1ed1ng ki\u1ec3m so\u00e1t nhi\u1ec7t \u0111\u1ed9<\/span><\/td>\n<td class=\"column-2\"><span style=\"vertical-align: inherit;\">\u1ed0ng gia nhi\u1ec7t: ki\u1ec3m so\u00e1t nhi\u1ec7t \u0111\u1ed9 n\u01b0\u1edbc v\u00e0 ki\u1ec3m so\u00e1t nhi\u1ec7t \u0111\u1ed9 \u0111i\u1ec1u khi\u1ec3n s\u01b0\u1edfi \u1ea5m ri\u00eang bi\u1ec7t<\/span><\/td>\n<\/tr>\n<tr class=\"row-22 even\">\n<td class=\"column-1\"><span style=\"vertical-align: inherit;\">H\u1ec7 th\u1ed1ng truy\u1ec1n t\u1ea3i<\/span><\/td>\n<td class=\"column-2\"><span style=\"vertical-align: inherit;\">\u0110\u01b0\u1ee3c \u0111i\u1ec1u khi\u1ec3n b\u1eb1ng \u0111\u1ed9ng c\u01a1, tr\u1ee5c v\u00edt n\u00e2ng<\/span><\/td>\n<\/tr>\n<tr class=\"row-23 odd\">\n<td class=\"column-1\"><span style=\"vertical-align: inherit;\">Thi\u1ebft b\u1ecb b\u00e1o \u0111\u1ed9ng<\/span><\/td>\n<td class=\"column-2\"><span style=\"vertical-align: inherit;\">\u0110\u00e8n c\u1ea3nh b\u00e1o ba m\u00e0u<\/span><\/td>\n<\/tr>\n<tr class=\"row-24 even\">\n<td class=\"column-1\"><span style=\"vertical-align: inherit;\">C\u1eeda s\u1ed5 quan s\u00e1t<\/span><\/td>\n<td class=\"column-2\"><span style=\"vertical-align: inherit;\">370X350MM, K\u00ednh c\u01b0\u1eddng l\u1ef1c ch\u00e2n kh\u00f4ng ba l\u1edbp<\/span><\/td>\n<\/tr>\n<tr class=\"row-25 odd\">\n<td class=\"column-1\"><span style=\"vertical-align: inherit;\">V\u1eadt li\u1ec7u b\u00ean trong<\/span><\/td>\n<td class=\"column-2\"><span style=\"vertical-align: inherit;\">SUS 316#, Th\u00e9p kh\u00f4ng g\u1ec9<\/span><\/td>\n<\/tr>\n<tr class=\"row-26 even\">\n<td class=\"column-1\"><span style=\"vertical-align: inherit;\">V\u1eadt li\u1ec7u b\u00ean ngo\u00e0i<\/span><\/td>\n<td class=\"column-2\"><span style=\"vertical-align: inherit;\">L\u1edbp ph\u1ee7 nung s\u01a1n t\u1ea5m l\u1ea1nh d\u00e0y 1,5mm<\/span><\/td>\n<\/tr>\n<tr class=\"row-27 odd\">\n<td class=\"column-1\"><span style=\"vertical-align: inherit;\">Ngu\u1ed3n \u0111i\u1ec7n<\/span><\/td>\n<td class=\"column-2\"><span style=\"vertical-align: inherit;\">\u0110i\u1ec7n \u00e1p xoay chi\u1ec1u 380V\/14.0KW<\/span><\/td>\n<\/tr>\n<tr class=\"row-28 even\">\n<td class=\"column-1\"><span style=\"vertical-align: inherit;\">T\u1ed5ng k\u00edch th\u01b0\u1edbc<\/span><\/td>\n<td class=\"column-2\"><span style=\"vertical-align: inherit;\">R\u1ed9ng 1150 x Cao 1780 x S\u00e2u 1550 mm<\/span><\/td>\n<\/tr>\n<tr class=\"row-29 odd\">\n<td class=\"column-1\"><span style=\"vertical-align: inherit;\">Giao di\u1ec7n USB<\/span><\/td>\n<td class=\"column-2\"><span style=\"vertical-align: inherit;\">V\u1edbi giao di\u1ec7n USB, d\u1eef li\u1ec7u th\u1eed nghi\u1ec7m c\u00f3 th\u1ec3 \u0111\u01b0\u1ee3c xu\u1ea5t ra<\/span><\/td>\n<\/tr>\n<\/tbody>\n<\/table>\n<\/div>\n<\/div>\n<\/div>\n","protected":false},"excerpt":{"rendered":"<p><span style=\"vertical-align: inherit;\">M\u00e1y th\u1eed nghi\u1ec7m r\u1eeda pin m\u1edbi c\u1ee7a DGBELL bao g\u1ed3m bu\u1ed3ng th\u1eed nghi\u1ec7m v\u00e0 bu\u1ed3ng r\u1eeda b\u00ean d\u01b0\u1edbi bu\u1ed3ng th\u1eed nghi\u1ec7m. C\u00e1nh qu\u1ea1t quay c\u00f3 \u0111\u1ed9ng c\u01a1 \u0111\u01b0\u1ee3c l\u1eafp b\u00ean trong bu\u1ed3ng th\u1eed nghi\u1ec7m v\u00e0 h\u1ec7 th\u1ed1ng s\u1ea5y \u0111\u01b0\u1ee3c l\u1eafp tr\u00ean th\u00e0nh b\u00ean trong c\u1ee7a bu\u1ed3ng th\u1eed.<\/span><\/p>\n","protected":false},"featured_media":20470,"comment_status":"closed","ping_status":"closed","template":"","meta":[],"product_brand":[],"product_cat":[63],"product_tag":[],"class_list":{"0":"post-20469","1":"product","2":"type-product","3":"status-publish","4":"has-post-thumbnail","6":"product_cat-buong-thu-nghiem-pin","8":"first","9":"instock","10":"shipping-taxable","11":"product-type-simple"},"acf":[],"_links":{"self":[{"href":"https:\/\/dgbellvietnam.com\/en\/wp-json\/wp\/v2\/product\/20469","targetHints":{"allow":["GET"]}}],"collection":[{"href":"https:\/\/dgbellvietnam.com\/en\/wp-json\/wp\/v2\/product"}],"about":[{"href":"https:\/\/dgbellvietnam.com\/en\/wp-json\/wp\/v2\/types\/product"}],"replies":[{"embeddable":true,"href":"https:\/\/dgbellvietnam.com\/en\/wp-json\/wp\/v2\/comments?post=20469"}],"wp:featuredmedia":[{"embeddable":true,"href":"https:\/\/dgbellvietnam.com\/en\/wp-json\/wp\/v2\/media\/20470"}],"wp:attachment":[{"href":"https:\/\/dgbellvietnam.com\/en\/wp-json\/wp\/v2\/media?parent=20469"}],"wp:term":[{"taxonomy":"product_brand","embeddable":true,"href":"https:\/\/dgbellvietnam.com\/en\/wp-json\/wp\/v2\/product_brand?post=20469"},{"taxonomy":"product_cat","embeddable":true,"href":"https:\/\/dgbellvietnam.com\/en\/wp-json\/wp\/v2\/product_cat?post=20469"},{"taxonomy":"product_tag","embeddable":true,"href":"https:\/\/dgbellvietnam.com\/en\/wp-json\/wp\/v2\/product_tag?post=20469"}],"curies":[{"name":"wp","href":"https:\/\/api.w.org\/{rel}","templated":true}]}}