{"id":20467,"date":"2024-05-27T22:16:43","date_gmt":"2024-05-27T22:16:43","guid":{"rendered":"http:\/\/dgbellvietnam.com\/san-pham\/battery-internal-short-circuit-test-chamber-isc\/"},"modified":"2024-09-26T16:34:40","modified_gmt":"2024-09-26T09:34:40","slug":"battery-internal-short-circuit-test-chamber-isc","status":"publish","type":"product","link":"https:\/\/dgbellvietnam.com\/en\/san-pham\/battery-internal-short-circuit-test-chamber-isc\/","title":{"rendered":"Bu\u1ed3ng th\u1eed nghi\u1ec7m ng\u1eafn m\u1ea1ch trong (ISC) pin"},"content":{"rendered":"<div id=\"tab-description\" class=\"woocommerce-Tabs-panel woocommerce-Tabs-panel--description panel entry-content active\" role=\"tabpanel\" aria-labelledby=\"tab-title-description\">\n<h2><strong>Ti\u00eau chu\u1ea9n<\/strong><\/h2>\n<ul>\n<li>IEC 62133-2017<\/li>\n<\/ul>\n<h2><strong>Th\u00f4ng s\u1ed1 k\u1ef9 thu\u1eadt<\/strong><\/h2>\n<div id=\"tablepress-12-no-2-scroll-wrapper\" class=\"tablepress-scroll-wrapper\">\n<table id=\"tablepress-12-no-2\" class=\"tablepress tablepress-id-12 tablepress-responsive\">\n<thead>\n<tr class=\"row-1 odd\">\n<th class=\"column-1\"><span style=\"vertical-align: inherit;\"><span style=\"vertical-align: inherit;\">M\u1eabu<\/span><\/span><\/th>\n<th class=\"column-2\"><span style=\"vertical-align: inherit;\"><span style=\"vertical-align: inherit;\">BE-6045W<\/span><\/span><\/th>\n<th class=\"column-3\"><\/th>\n<\/tr>\n<\/thead>\n<tbody class=\"row-hover\">\n<tr class=\"row-2 even\">\n<td class=\"column-1\"><span style=\"vertical-align: inherit;\"><span style=\"vertical-align: inherit;\">Th\u00f4ng s\u1ed1 k\u1ef9 thu\u1eadt c\u1ee7a bu\u1ed3ng nhi\u1ec7t \u0111\u1ed9<\/span><\/span><\/td>\n<td class=\"column-2\"><span style=\"vertical-align: inherit;\"><span style=\"vertical-align: inherit;\">D\u1ea3i nhi\u1ec7t<\/span><\/span><\/td>\n<td class=\"column-3\"><span style=\"vertical-align: inherit;\"><span style=\"vertical-align: inherit;\">-10\u2103 \uff5e +80\u2103\uff08C\u00f3 th\u1ec3 ki\u1ec3m so\u00e1t\uff09<\/span><\/span><\/td>\n<\/tr>\n<tr class=\"row-3 odd\">\n<td class=\"column-1\"><\/td>\n<td class=\"column-2\"><span style=\"vertical-align: inherit;\"><span style=\"vertical-align: inherit;\">T\u1ed1c \u0111\u1ed9 t\u0103ng nhi\u1ec7t \u0111\u1ed9<\/span><\/span><\/td>\n<td class=\"column-3\"><span style=\"vertical-align: inherit;\"><span style=\"vertical-align: inherit;\">Trung b\u00ecnh 3\u2103\/ph\u00fat\uff08-10\u2103 \u0111\u1ebfn 80\u2103\u3001kh\u00f4ng t\u1ea3i, phi tuy\u1ebfn t\u00ednh\uff09<\/span><\/span><\/td>\n<\/tr>\n<tr class=\"row-4 even\">\n<td class=\"column-1\"><\/td>\n<td class=\"column-2\"><span style=\"vertical-align: inherit;\"><span style=\"vertical-align: inherit;\">T\u1ed1c \u0111\u1ed9 l\u00e0m m\u00e1t nhi\u1ec7t \u0111\u1ed9<\/span><\/span><\/td>\n<td class=\"column-3\"><span style=\"vertical-align: inherit;\"><span style=\"vertical-align: inherit;\">Trung b\u00ecnh 1\u2103\/ph\u00fat\uff0880\u2103 \u0111\u1ebfn 10\u2103\u3001kh\u00f4ng t\u1ea3i, phi tuy\u1ebfn t\u00ednh\uff09<\/span><\/span><\/td>\n<\/tr>\n<tr class=\"row-5 odd\">\n<td class=\"column-1\"><\/td>\n<td class=\"column-2\"><span style=\"vertical-align: inherit;\"><span style=\"vertical-align: inherit;\">K\u00edch th\u01b0\u1edbc bu\u1ed3ng trong<\/span><\/span><\/td>\n<td class=\"column-3\">W600 X H750 X D500 MM<\/td>\n<\/tr>\n<tr class=\"row-6 even\">\n<td class=\"column-1\"><\/td>\n<td class=\"column-2\"><span style=\"vertical-align: inherit;\"><span style=\"vertical-align: inherit;\">K\u00edch th\u01b0\u1edbc bu\u1ed3ng ngo\u00e0i<\/span><\/span><\/td>\n<td class=\"column-3\">W1170 X H1850 X D1020MM<\/td>\n<\/tr>\n<tr class=\"row-7 odd\">\n<td class=\"column-1\"><\/td>\n<td class=\"column-2\"><span style=\"vertical-align: inherit;\"><span style=\"vertical-align: inherit;\">V\u1eadt li\u1ec7u bu\u1ed3ng trong<\/span><\/span><\/td>\n<td class=\"column-3\"><span style=\"vertical-align: inherit;\"><span style=\"vertical-align: inherit;\">Th\u00e9p kh\u00f4ng g\u1ec9 v\u1edbi l\u1edbp ho\u00e0n thi\u1ec7n g\u01b0\u01a1ng, gia c\u1ed1 \u0111\u00e1y<\/span><\/span><\/td>\n<\/tr>\n<tr class=\"row-8 even\">\n<td class=\"column-1\"><\/td>\n<td class=\"column-2\"><span style=\"vertical-align: inherit;\"><span style=\"vertical-align: inherit;\">V\u1eadt li\u1ec7u bu\u1ed3ng ngo\u00e0i<\/span><\/span><\/td>\n<td class=\"column-3\"><span style=\"vertical-align: inherit;\"><span style=\"vertical-align: inherit;\">Th\u00e9p c\u00e1n ngu\u1ed9i ph\u1ee7 l\u1edbp s\u01a1n ph\u1ee7<\/span><\/span><\/td>\n<\/tr>\n<tr class=\"row-9 odd\">\n<td class=\"column-1\"><\/td>\n<td class=\"column-2\"><span style=\"vertical-align: inherit;\"><span style=\"vertical-align: inherit;\">C\u1eeda s\u1ed5 quan s\u00e1t<\/span><\/span><\/td>\n<td class=\"column-3\"><span style=\"vertical-align: inherit;\"><span style=\"vertical-align: inherit;\">C\u1eeda m\u1edf m\u1ed9t l\u1ea7n \u0111i k\u00e8m v\u1edbi c\u1eeda s\u1ed5 quan s\u00e1t b\u1eb1ng k\u00ednh l\u1edbn ch\u00e2n kh\u00f4ng 3 l\u1edbp (R\u1ed9ng 430mm x Cao 580mm); Khung c\u1eeda \u0111\u01b0\u1ee3c trang b\u1ecb h\u1ec7 th\u1ed1ng s\u01b0\u1edfi \u0111i\u1ec7n (t\u1ef1 \u0111\u1ed9ng \u0111i\u1ec1u ch\u1ec9nh) ch\u1ed1ng \u0111\u00f3ng b\u0103ng, ch\u1ed1ng ng\u01b0ng t\u1ee5; \u0111\u1ec3 b\u1ea1n c\u00f3 th\u1ec3 quan s\u00e1t r\u00f5 r\u00e0ng tr\u1ea1ng th\u00e1i th\u1eed nghi\u1ec7m c\u1ee7a m\u1eabu th\u1eed trong h\u1ed9p th\u00f4ng qua c\u1eeda s\u1ed5 quan s\u00e1t b\u1ea5t c\u1ee9 l\u00fac n\u00e0o.<\/span><\/span><\/td>\n<\/tr>\n<tr class=\"row-10 even\">\n<td class=\"column-1\"><span style=\"vertical-align: inherit;\"><span style=\"vertical-align: inherit;\">Th\u00f4ng s\u1ed1 k\u1ef9 thu\u1eadt ng\u1eafn m\u1ea1ch trong<\/span><\/span><\/td>\n<td class=\"column-2\"><span style=\"vertical-align: inherit;\"><span style=\"vertical-align: inherit;\">T\u1ea3i t\u1ed1i \u0111a<\/span><\/span><\/td>\n<td class=\"column-3\"><span style=\"vertical-align: inherit;\"><span style=\"vertical-align: inherit;\">200KG<\/span><\/span><\/td>\n<\/tr>\n<tr class=\"row-11 odd\">\n<td class=\"column-1\"><\/td>\n<td class=\"column-2\"><span style=\"vertical-align: inherit;\"><span style=\"vertical-align: inherit;\">\u0110\u1ed9 ph\u00e2n gi\u1ea3i<\/span><\/span><\/td>\n<td class=\"column-3\"><span style=\"vertical-align: inherit;\"><span style=\"vertical-align: inherit;\">1\/10000<\/span><\/span><\/td>\n<\/tr>\n<tr class=\"row-12 even\">\n<td class=\"column-1\"><\/td>\n<td class=\"column-2\"><span style=\"vertical-align: inherit;\"><span style=\"vertical-align: inherit;\">\u0110\u1ed9 ch\u00ednh x\u00e1c c\u1ee7a l\u1ef1c<\/span><\/span><\/td>\n<td class=\"column-3\"><span style=\"vertical-align: inherit;\"><span style=\"vertical-align: inherit;\">\u22640,5\uff05<\/span><\/span><\/td>\n<\/tr>\n<tr class=\"row-13 odd\">\n<td class=\"column-1\"><\/td>\n<td class=\"column-2\"><span style=\"vertical-align: inherit;\"><span style=\"vertical-align: inherit;\">\u0110\u1ed9 ph\u00e2n gi\u1ea3i d\u1ecbch chuy\u1ec3n<\/span><\/span><\/td>\n<td class=\"column-3\"><span style=\"vertical-align: inherit;\"><span style=\"vertical-align: inherit;\">1\/1000<\/span><\/span><\/td>\n<\/tr>\n<tr class=\"row-14 even\">\n<td class=\"column-1\"><\/td>\n<td class=\"column-2\"><span style=\"vertical-align: inherit;\"><span style=\"vertical-align: inherit;\">\u0110\u1ed9 ch\u00ednh x\u00e1c c\u1ee7a s\u1ef1 d\u1ecbch chuy\u1ec3n<\/span><\/span><\/td>\n<td class=\"column-3\"><span style=\"vertical-align: inherit;\"><span style=\"vertical-align: inherit;\">\u22640,5\uff05<\/span><\/span><\/td>\n<\/tr>\n<tr class=\"row-15 odd\">\n<td class=\"column-1\"><\/td>\n<td class=\"column-2\"><span style=\"vertical-align: inherit;\"><span style=\"vertical-align: inherit;\">Ph\u1ea1m vi t\u1ed1c \u0111\u1ed9<\/span><\/span><\/td>\n<td class=\"column-3\"><span style=\"vertical-align: inherit;\"><span style=\"vertical-align: inherit;\">0,01-5MM\/GI\u00c2Y<\/span><\/span><\/td>\n<\/tr>\n<tr class=\"row-16 even\">\n<td class=\"column-1\"><\/td>\n<td class=\"column-2\"><span style=\"vertical-align: inherit;\"><span style=\"vertical-align: inherit;\">T\u1ea7m b\u1eafn hi\u1ec7u qu\u1ea3<\/span><\/span><\/td>\n<td class=\"column-3\"><span style=\"vertical-align: inherit;\"><span style=\"vertical-align: inherit;\">0 ~ 200mm<\/span><\/span><\/td>\n<\/tr>\n<tr class=\"row-17 odd\">\n<td class=\"column-1\"><\/td>\n<td class=\"column-2\"><span style=\"vertical-align: inherit;\"><span style=\"vertical-align: inherit;\">Di\u1ec7n t\u00edch th\u1eed nghi\u1ec7m t\u1ed1i \u0111a<\/span><\/span><\/td>\n<td class=\"column-3\"><span style=\"vertical-align: inherit;\"><span style=\"vertical-align: inherit;\">300X300MM (C\u00f3 th\u1ec3 t\u00f9y ch\u1ec9nh)<\/span><\/span><\/td>\n<\/tr>\n<tr class=\"row-18 even\">\n<td class=\"column-1\"><\/td>\n<td class=\"column-2\"><span style=\"vertical-align: inherit;\"><span style=\"vertical-align: inherit;\">Ph\u1ea1m vi \u0111i\u1ec7n \u00e1p<\/span><\/span><\/td>\n<td class=\"column-3\"><span style=\"vertical-align: inherit;\"><span style=\"vertical-align: inherit;\">0\u201460V<\/span><\/span><\/td>\n<\/tr>\n<tr class=\"row-19 odd\">\n<td class=\"column-1\"><\/td>\n<td class=\"column-2\"><span style=\"vertical-align: inherit;\"><span style=\"vertical-align: inherit;\">\u0110\u1ed9 ph\u00e2n gi\u1ea3i \u0111i\u1ec7n \u00e1p<\/span><\/span><\/td>\n<td class=\"column-3\"><span style=\"vertical-align: inherit;\"><span style=\"vertical-align: inherit;\">5mV<\/span><\/span><\/td>\n<\/tr>\n<tr class=\"row-20 even\">\n<td class=\"column-1\"><\/td>\n<td class=\"column-2\"><span style=\"vertical-align: inherit;\"><span style=\"vertical-align: inherit;\">T\u1ea7n s\u1ed1 thu th\u1eadp \u0111i\u1ec7n \u00e1p<\/span><\/span><\/td>\n<td class=\"column-3\"><span style=\"vertical-align: inherit;\"><span style=\"vertical-align: inherit;\">100HZ<\/span><\/span><\/td>\n<\/tr>\n<tr class=\"row-21 odd\">\n<td class=\"column-1\"><span style=\"vertical-align: inherit;\"><span style=\"vertical-align: inherit;\">H\u1ec7 th\u1ed1ng \u0111i\u1ec1u khi\u1ec3n<\/span><\/span><\/td>\n<td class=\"column-2\" colspan=\"2\"><span style=\"vertical-align: inherit;\"><span style=\"vertical-align: inherit;\">\u0110\u1ed9ng c\u01a1 servo + H\u1ec7 th\u1ed1ng \u0111i\u1ec1u khi\u1ec3n servo<\/span><\/span><\/td>\n<\/tr>\n<tr class=\"row-22 even\">\n<td class=\"column-1\"><span style=\"vertical-align: inherit;\"><span style=\"vertical-align: inherit;\">B\u1ea3o v\u1ec7 an to\u00e0n<\/span><\/span><\/td>\n<td class=\"column-2\" colspan=\"2\"><span style=\"vertical-align: inherit;\"><span style=\"vertical-align: inherit;\">Thi\u1ebft b\u1ecb gi\u1ea3m \u00e1p ch\u1ed1ng ch\u00e1y n\u1ed5, thi\u1ebft b\u1ecb x\u1ea3 kh\u00f3i, h\u1ec7 th\u1ed1ng ch\u1eefa ch\u00e1y, h\u1ec7 th\u1ed1ng kh\u00f3a c\u1eeda \u0111i\u1ec7n t\u1eed, c\u00f4ng t\u1eafc d\u1eebng an to\u00e0n<\/span><\/span><\/td>\n<\/tr>\n<\/tbody>\n<\/table>\n<\/div>\n<\/div>\n","protected":false},"excerpt":{"rendered":"<p>Ti\u00eau chu\u1ea9n IEC 62133-2017 Th\u00f4ng s\u1ed1 k\u1ef9 thu\u1eadt M\u1eabu BE-6045W Th\u00f4ng s\u1ed1 k\u1ef9 thu\u1eadt c\u1ee7a bu\u1ed3ng nhi\u1ec7t \u0111\u1ed9 D\u1ea3i nhi\u1ec7t -10\u2103 \uff5e +80\u2103\uff08C\u00f3 th\u1ec3 ki\u1ec3m so\u00e1t\uff09 T\u1ed1c \u0111\u1ed9 t\u0103ng nhi\u1ec7t \u0111\u1ed9 Trung b\u00ecnh 3\u2103\/ph\u00fat\uff08-10\u2103 \u0111\u1ebfn 80\u2103\u3001kh\u00f4ng t\u1ea3i, phi tuy\u1ebfn t\u00ednh\uff09 T\u1ed1c \u0111\u1ed9 l\u00e0m m\u00e1t nhi\u1ec7t \u0111\u1ed9 Trung b\u00ecnh 1\u2103\/ph\u00fat\uff0880\u2103 \u0111\u1ebfn 10\u2103\u3001kh\u00f4ng t\u1ea3i, phi tuy\u1ebfn t\u00ednh\uff09<\/p>\n","protected":false},"featured_media":20468,"comment_status":"closed","ping_status":"closed","template":"","meta":[],"product_brand":[],"product_cat":[63,68,70],"product_tag":[],"class_list":{"0":"post-20467","1":"product","2":"type-product","3":"status-publish","4":"has-post-thumbnail","6":"product_cat-buong-thu-nghiem-pin","7":"product_cat-iec-62133","8":"product_cat-iec-62619","10":"first","11":"instock","12":"shipping-taxable","13":"product-type-simple"},"acf":[],"_links":{"self":[{"href":"https:\/\/dgbellvietnam.com\/en\/wp-json\/wp\/v2\/product\/20467","targetHints":{"allow":["GET"]}}],"collection":[{"href":"https:\/\/dgbellvietnam.com\/en\/wp-json\/wp\/v2\/product"}],"about":[{"href":"https:\/\/dgbellvietnam.com\/en\/wp-json\/wp\/v2\/types\/product"}],"replies":[{"embeddable":true,"href":"https:\/\/dgbellvietnam.com\/en\/wp-json\/wp\/v2\/comments?post=20467"}],"wp:featuredmedia":[{"embeddable":true,"href":"https:\/\/dgbellvietnam.com\/en\/wp-json\/wp\/v2\/media\/20468"}],"wp:attachment":[{"href":"https:\/\/dgbellvietnam.com\/en\/wp-json\/wp\/v2\/media?parent=20467"}],"wp:term":[{"taxonomy":"product_brand","embeddable":true,"href":"https:\/\/dgbellvietnam.com\/en\/wp-json\/wp\/v2\/product_brand?post=20467"},{"taxonomy":"product_cat","embeddable":true,"href":"https:\/\/dgbellvietnam.com\/en\/wp-json\/wp\/v2\/product_cat?post=20467"},{"taxonomy":"product_tag","embeddable":true,"href":"https:\/\/dgbellvietnam.com\/en\/wp-json\/wp\/v2\/product_tag?post=20467"}],"curies":[{"name":"wp","href":"https:\/\/api.w.org\/{rel}","templated":true}]}}