{"id":20465,"date":"2024-05-27T22:16:38","date_gmt":"2024-05-27T22:16:38","guid":{"rendered":"http:\/\/dgbellvietnam.com\/san-pham\/battery-crush-nail-penetration-test-chamber\/"},"modified":"2024-09-12T10:47:37","modified_gmt":"2024-09-12T03:47:37","slug":"battery-crush-nail-penetration-test-chamber","status":"publish","type":"product","link":"https:\/\/dgbellvietnam.com\/en\/san-pham\/battery-crush-nail-penetration-test-chamber\/","title":{"rendered":"Bu\u1ed3ng th\u1eed nghi\u1ec7m \u0111\u00e2m \u00e9p pin"},"content":{"rendered":"<div id=\"tab-description\" class=\"woocommerce-Tabs-panel woocommerce-Tabs-panel--description panel entry-content active\" role=\"tabpanel\" aria-labelledby=\"tab-title-description\">\n<p><strong>\u1ee8ng d\u1ee5ng<\/strong><\/p>\n<p class=\"ql-long-17989580\">Bu\u1ed3ng th\u1eed nghi\u1ec7m \u0111\u00e2m \u00e9p pin DGBELL \u0111\u01b0\u1ee3c s\u1eed d\u1ee5ng \u0111\u1ec3 m\u00f4 ph\u1ecfng th\u1eed nghi\u1ec7m \u0111\u00e2m xuy\u00ean pin b\u1eb1ng v\u1eadt s\u1eafc nh\u1ecdn trong qu\u00e1 tr\u00ecnh \u0111\u00f3ng g\u00f3i, v\u1eadn chuy\u1ec3n, l\u01b0u tr\u1eef, s\u1eed d\u1ee5ng v\u00e0 th\u1ea3i b\u1ecf. K\u1ebft qu\u1ea3 th\u1eed nghi\u1ec7m c\u00f3 th\u1ec3 \u0111\u01b0\u1ee3c s\u1eed d\u1ee5ng \u0111\u1ec3 \u0111\u00e1nh gi\u00e1 hi\u1ec7u su\u1ea5t an to\u00e0n c\u1ee7a pin.<\/p>\n<p><strong>Ti\u00eau chu\u1ea9n<\/strong><\/p>\n<ul>\n<li>UL 1642<\/li>\n<li>GB\/T 31241-2014<\/li>\n<li>MT\/T 1051-2007<\/li>\n<\/ul>\n<p><strong>Th\u00f4ng s\u1ed1 k\u1ef9 thu\u1eadt<\/strong><\/p>\n<div id=\"tablepress-11-scroll-wrapper\" class=\"tablepress-scroll-wrapper\">\n<table id=\"tablepress-11\" class=\"tablepress tablepress-id-11 tablepress-responsive\">\n<thead>\n<tr class=\"row-1 odd\">\n<th class=\"column-1\">M\u1eabu<\/th>\n<th class=\"column-2\">BE-8111<\/th>\n<\/tr>\n<\/thead>\n<tbody class=\"row-hover\">\n<tr class=\"row-2 even\">\n<td class=\"column-1\">C\u1ea5u tr\u00fac<\/td>\n<td class=\"column-2\">M\u1ed9t c\u1ea5u tr\u00fac m\u00e1y, c\u1eeda s\u1eed d\u1ee5ng kh\u00f3a ch\u1ed1ng n\u1ed5 v\u00e0 x\u00edch ch\u1ed1ng n\u1ed5<\/td>\n<\/tr>\n<tr class=\"row-3 odd\">\n<td class=\"column-1\">\u00c1p su\u1ea5t t\u1ed1i \u0111a<\/td>\n<td class=\"column-2\">2KN~20KN (C\u00f3 th\u1ec3 \u0111i\u1ec1u ch\u1ec9nh theo y\u00eau c\u1ea7u)<\/td>\n<\/tr>\n<tr class=\"row-4 even\">\n<td class=\"column-1\">\u0110\u01b0\u1eddng k\u00ednh pit-t\u00f4ng<\/td>\n<td class=\"column-2\">32mm<\/td>\n<\/tr>\n<tr class=\"row-5 odd\">\n<td class=\"column-1\">Ph\u01b0\u01a1ng ph\u00e1p truy\u1ec1n \u0111\u1ed9ng<\/td>\n<td class=\"column-2\">\u00c1p su\u1ea5t th\u1ee7y l\u1ef1c<\/td>\n<\/tr>\n<tr class=\"row-6 even\">\n<td class=\"column-1\">Chuy\u1ec3n \u0111\u1ed5i \u0111\u01a1n v\u1ecb<\/td>\n<td class=\"column-2\">kg\/N\/Lb<\/td>\n<\/tr>\n<tr class=\"row-7 odd\">\n<td class=\"column-1\">Ph\u1ea1m vi \u0111\u00e2m \/ \u00e9p<\/td>\n<td class=\"column-2\">0~200mm<\/td>\n<\/tr>\n<tr class=\"row-8 even\">\n<td class=\"column-1\">\u0110\u1ed9 \u00e9p ch\u00ednh x\u00e1c<\/td>\n<td class=\"column-2\">\u00b11%<\/td>\n<\/tr>\n<tr class=\"row-9 odd\">\n<td class=\"column-1\">T\u1ed1c \u0111\u1ed9 th\u1eed nghi\u1ec7m \u0111\u00e2m xuy\u00ean<\/td>\n<td class=\"column-2\">0-40mm\/s (t\u00f9y ch\u1ec9nh)<\/td>\n<\/tr>\n<tr class=\"row-10 even\">\n<td class=\"column-1\">Th\u1eddi gian gi\u1eef l\u1ef1c \u00e9p<\/td>\n<td class=\"column-2\">0~99h 99m 99s<\/td>\n<\/tr>\n<tr class=\"row-11 odd\">\n<td class=\"column-1\">Ph\u01b0\u01a1ng ph\u00e1p \u0111i\u1ec1u khi\u1ec3n<\/td>\n<td class=\"column-2\">H\u1ec7 th\u1ed1ng \u0111i\u1ec1u khi\u1ec3n m\u00e0n h\u00ecnh c\u1ea3m \u1ee9ng (m\u00e0n h\u00ecnh c\u1ea3m \u1ee9ng 7-inch) + \u0111i\u1ec1u khi\u1ec3n t\u1eeb xa<\/td>\n<\/tr>\n<tr class=\"row-12 even\">\n<td class=\"column-1\">Kh\u00f4ng gian th\u1eed nghi\u1ec7m<\/td>\n<td class=\"column-2\">W500\u00d7D300\u00d7H300 mm<\/td>\n<\/tr>\n<tr class=\"row-13 odd\">\n<td class=\"column-1\">K\u00edch th\u01b0\u1edbc<\/td>\n<td class=\"column-2\">W940\u00d7D780\u00d7H1620 mm<\/td>\n<\/tr>\n<tr class=\"row-14 even\">\n<td class=\"column-1\">C\u1eeda s\u1ed5 quan s\u00e1t<\/td>\n<td class=\"column-2\">390\u00d7360m (th\u00e9p ch\u1ed1ng n\u1ed5 d\u00e0y 20mm + l\u01b0\u1edbi th\u00e9p kh\u00f4ng g\u1ec9 ch\u1ed1ng n\u1ed5)<\/td>\n<\/tr>\n<tr class=\"row-15 odd\">\n<td class=\"column-1\">Ngu\u1ed3n \u0111i\u1ec7n<\/td>\n<td class=\"column-2\">AC 380V \/ 50HZ \/ 3.0KW<\/td>\n<\/tr>\n<tr class=\"row-16 even\">\n<td class=\"column-1\">Giao di\u1ec7n USB<\/td>\n<td class=\"column-2\">V\u1edbi giao di\u1ec7n USB, d\u1eef li\u1ec7u th\u1eed nghi\u1ec7m c\u00f3 th\u1ec3 \u0111\u01b0\u1ee3c xu\u1ea5t ra<\/td>\n<\/tr>\n<tr class=\"row-17 odd\">\n<td class=\"column-1\">Thi\u1ebft b\u1ecb b\u1ea3o v\u1ec7 an to\u00e0n<\/td>\n<td class=\"column-2\">Thi\u1ebft b\u1ecb gi\u1ea3m \u00e1p ch\u1ed1ng ch\u00e1y n\u1ed5, thi\u1ebft b\u1ecb x\u1ea3 kh\u00f3i, x\u00edch ch\u1ed1ng ch\u00e1y n\u1ed5<\/td>\n<\/tr>\n<tr class=\"row-18 even\">\n<td class=\"column-1\">T\u00f9y ch\u1ecdn<\/td>\n<td class=\"column-2\">H\u1ec7 th\u1ed1ng gi\u00e1m s\u00e1t video, nhi\u1ec7t \u0111\u1ed9, h\u1ec7 th\u1ed1ng thu th\u1eadp \u0111i\u1ec7n \u00e1p<\/td>\n<\/tr>\n<\/tbody>\n<\/table>\n<\/div>\n<p>&nbsp;<\/p>\n<\/div>\n","protected":false},"excerpt":{"rendered":"<p class=\"ql-long-17989580\">Bu\u1ed3ng th\u1eed nghi\u1ec7m \u0111\u00e2m \u00e9p pin DGBELL \u0111\u01b0\u1ee3c s\u1eed d\u1ee5ng \u0111\u1ec3 m\u00f4 ph\u1ecfng th\u1eed nghi\u1ec7m \u0111\u00e2m xuy\u00ean pin b\u1eb1ng v\u1eadt s\u1eafc nh\u1ecdn trong qu\u00e1 tr\u00ecnh \u0111\u00f3ng g\u00f3i, v\u1eadn chuy\u1ec3n, l\u01b0u tr\u1eef, s\u1eed d\u1ee5ng v\u00e0 th\u1ea3i b\u1ecf.<\/p>\n","protected":false},"featured_media":20466,"comment_status":"closed","ping_status":"closed","template":"","meta":[],"product_brand":[],"product_cat":[63],"product_tag":[],"class_list":{"0":"post-20465","1":"product","2":"type-product","3":"status-publish","4":"has-post-thumbnail","6":"product_cat-buong-thu-nghiem-pin","8":"first","9":"instock","10":"shipping-taxable","11":"product-type-simple"},"acf":[],"_links":{"self":[{"href":"https:\/\/dgbellvietnam.com\/en\/wp-json\/wp\/v2\/product\/20465","targetHints":{"allow":["GET"]}}],"collection":[{"href":"https:\/\/dgbellvietnam.com\/en\/wp-json\/wp\/v2\/product"}],"about":[{"href":"https:\/\/dgbellvietnam.com\/en\/wp-json\/wp\/v2\/types\/product"}],"replies":[{"embeddable":true,"href":"https:\/\/dgbellvietnam.com\/en\/wp-json\/wp\/v2\/comments?post=20465"}],"wp:featuredmedia":[{"embeddable":true,"href":"https:\/\/dgbellvietnam.com\/en\/wp-json\/wp\/v2\/media\/20466"}],"wp:attachment":[{"href":"https:\/\/dgbellvietnam.com\/en\/wp-json\/wp\/v2\/media?parent=20465"}],"wp:term":[{"taxonomy":"product_brand","embeddable":true,"href":"https:\/\/dgbellvietnam.com\/en\/wp-json\/wp\/v2\/product_brand?post=20465"},{"taxonomy":"product_cat","embeddable":true,"href":"https:\/\/dgbellvietnam.com\/en\/wp-json\/wp\/v2\/product_cat?post=20465"},{"taxonomy":"product_tag","embeddable":true,"href":"https:\/\/dgbellvietnam.com\/en\/wp-json\/wp\/v2\/product_tag?post=20465"}],"curies":[{"name":"wp","href":"https:\/\/api.w.org\/{rel}","templated":true}]}}