{"id":20463,"date":"2024-05-27T22:16:32","date_gmt":"2024-05-27T22:16:32","guid":{"rendered":"http:\/\/dgbellvietnam.com\/san-pham\/battery-projectile-burning-test-chamber\/"},"modified":"2024-09-12T15:21:48","modified_gmt":"2024-09-12T08:21:48","slug":"battery-projectile-burning-test-chamber","status":"publish","type":"product","link":"https:\/\/dgbellvietnam.com\/en\/san-pham\/battery-projectile-burning-test-chamber\/","title":{"rendered":"Bu\u1ed3ng th\u1eed nghi\u1ec7m b\u1eafn \/ \u0111\u1ed1t pin"},"content":{"rendered":"<div id=\"tab-description\" class=\"woocommerce-Tabs-panel woocommerce-Tabs-panel--description panel entry-content active\" role=\"tabpanel\" aria-labelledby=\"tab-title-description\">\n<h2><strong>\u1ee8ng d\u1ee5ng<\/strong><\/h2>\n<p>Bu\u1ed3ng th\u1eed nghi\u1ec7m b\u1eafn \/ \u0111\u1ed1t pin c\u1ee7a DGBELL th\u00edch h\u1ee3p \u0111\u1ec3 th\u1eed nghi\u1ec7m kh\u1ea3 n\u0103ng ch\u1ed1ng ch\u00e1y v\u00e0 kh\u1ea3 n\u0103ng b\u1eaft l\u1eeda c\u1ee7a nhi\u1ec1u lo\u1ea1i pin ti\u00eau d\u00f9ng, ch\u1eb3ng h\u1ea1n nh\u01b0 \u0111i\u1ec7n tho\u1ea1i di \u0111\u1ed9ng v\u00e0 m\u00e1y t\u00ednh x\u00e1ch tay. D\u1ec5 v\u1eadn h\u00e0nh, an to\u00e0n v\u00e0 \u0111\u00e1ng tin c\u1eady, \u0111\u00e2y l\u00e0 thi\u1ebft b\u1ecb th\u1eed nghi\u1ec7m \u0111\u1ed1t ch\u00e1y pin l\u00fd t\u01b0\u1edfng.<\/p>\n<h2><strong>Ti\u00eau chu\u1ea9n<\/strong><\/h2>\n<ul>\n<li><span style=\"vertical-align: inherit;\"><span style=\"vertical-align: inherit;\"><span style=\"vertical-align: inherit;\"><span style=\"vertical-align: inherit;\">UL 1642<\/span><\/span><\/span><\/span><\/li>\n<\/ul>\n<h2><strong><b>Th\u00f4ng s\u1ed1 k\u1ef9 thu\u1eadt<\/b><\/strong><\/h2>\n<div id=\"tablepress-10-scroll-wrapper\" class=\"tablepress-scroll-wrapper\">\n<table id=\"tablepress-10\" class=\"tablepress tablepress-id-10 tablepress-responsive\">\n<thead>\n<tr class=\"row-1 odd\">\n<th class=\"column-1\">M\u1eabu<\/th>\n<th class=\"column-2\">BE-8105<\/th>\n<\/tr>\n<\/thead>\n<tbody class=\"row-hover\">\n<tr class=\"row-2 even\">\n<td class=\"column-1\">C\u1ea5u tr\u00fac<\/td>\n<td class=\"column-2\">C\u1ea5u tr\u00fac t\u1ea5t c\u1ea3 trong m\u1ed9t, c\u1eeda s\u1eed d\u1ee5ng kh\u00f3a ch\u1ed1ng ch\u00e1y n\u1ed5 v\u00e0 x\u00edch ch\u1ed1ng ch\u00e1y n\u1ed5<\/td>\n<\/tr>\n<tr class=\"row-3 odd\">\n<td class=\"column-1\">\u0110\u1ea7u \u0111\u1ed1t<\/td>\n<td class=\"column-2\">\u0110\u1ea7u \u0111\u1ed1t Bunsen c\u00f3 \u0111\u01b0\u1eddng k\u00ednh trong l\u00e0 0,375 inch (9,5mm) v\u00e0 chi\u1ec1u d\u00e0i kho\u1ea3ng 100mm<\/td>\n<\/tr>\n<tr class=\"row-4 even\">\n<td class=\"column-1\">Th\u1eddi gian \u1ee9ng d\u1ee5ng ng\u1ecdn l\u1eeda<\/td>\n<td class=\"column-2\">99H 59M 59S<\/td>\n<\/tr>\n<tr class=\"row-5 odd\">\n<td class=\"column-1\">Chi\u1ec1u cao ng\u1ecdn l\u1eeda<\/td>\n<td class=\"column-2\">*10\uff5e75\u00b12mm\uff08C\u00f3 th\u1ec3 \u0111i\u1ec1u ch\u1ec9nh\uff09<\/td>\n<\/tr>\n<tr class=\"row-6 even\">\n<td class=\"column-1\"><\/td>\n<td class=\"column-2\">*L\u01b0\u1edbi n\u00ean \u0111\u01b0\u1ee3c \u0111\u1eb7t kho\u1ea3ng 38mm ph\u00eda tr\u00ean ng\u1ecdn l\u1eeda (GB31241-2014)<\/td>\n<\/tr>\n<tr class=\"row-7 odd\">\n<td class=\"column-1\">\u0110\u01b0\u1eddng k\u00ednh thanh th\u1eed<\/td>\n<td class=\"column-2\">1\/4inch\uff086.35mm\uff09\u00d7 14inch(355.6mm)<\/td>\n<\/tr>\n<tr class=\"row-8 even\">\n<td class=\"column-1\">V\u1ecf l\u01b0\u1edbi th\u00e9p kh\u00f4ng g\u1ec9 h\u00ecnh b\u00e1t gi\u00e1c<\/td>\n<td class=\"column-2\">Kho\u1ea3ng c\u00e1ch gi\u1eefa m\u1ed7i c\u1ea1nh song song: 24 inch (610mm)<\/td>\n<\/tr>\n<tr class=\"row-9 odd\">\n<td class=\"column-1\"><\/td>\n<td class=\"column-2\">Chi\u1ec1u cao: 14 inch (305mm),<\/td>\n<\/tr>\n<tr class=\"row-10 even\">\n<td class=\"column-1\"><\/td>\n<td class=\"column-2\">G\u00f3c s\u1eaft: th\u00f4ng s\u1ed1 k\u1ef9 thu\u1eadt 12.7mmX12.7mm<\/td>\n<\/tr>\n<tr class=\"row-11 odd\">\n<td class=\"column-1\">L\u01b0\u1edbi che tr\u00ean \u0111\u1ec9nh<\/td>\n<td class=\"column-2\">H\u00ecnh vu\u00f4ng c\u00f3 chi\u1ec1u d\u00e0i kho\u1ea3ng 650mm<\/td>\n<\/tr>\n<tr class=\"row-12 even\">\n<td class=\"column-1\">Th\u00f4ng s\u1ed1 k\u1ef9 thu\u1eadt l\u01b0\u1edbi nh\u00f4m th\u1eed nghi\u1ec7m<\/td>\n<td class=\"column-2\">0.010inch (0.25mm)\u00a016\u00a0grit\u00a0x16\u00a0grit<\/td>\n<\/tr>\n<tr class=\"row-13 odd\">\n<td class=\"column-1\">\u0110\u01b0\u1eddng k\u00ednh b\u1ec1 m\u1eb7t l\u1ed7 tr\u00f2n th\u1eed nghi\u1ec7m<\/td>\n<td class=\"column-2\">102mm<\/td>\n<\/tr>\n<tr class=\"row-14 even\">\n<td class=\"column-1\">Thi\u1ebft b\u1ecb \u0111\u00e1nh l\u1eeda<\/td>\n<td class=\"column-2\">\u0110\u00e1nh l\u1eeda t\u1ef1 \u0111\u1ed9ng<\/td>\n<\/tr>\n<tr class=\"row-15 odd\">\n<td class=\"column-1\">Ch\u1ebf \u0111\u1ed9 hi\u1ec3n th\u1ecb<\/td>\n<td class=\"column-2\">C\u1ea3m \u1ee9ng PLC + \u0110i\u1ec1u khi\u1ec3n t\u1eeb xa<\/td>\n<\/tr>\n<tr class=\"row-16 even\">\n<td class=\"column-1\">C\u1eeda s\u1ed5 quan s\u00e1t<\/td>\n<td class=\"column-2\">390x360mm (k\u00ednh ch\u1ed1ng ch\u00e1y n\u1ed5 d\u00e0y 20mm, l\u1eafp l\u01b0\u1edbi th\u00e9p kh\u00f4ng g\u1ec9 ch\u1ed1ng ch\u00e1y n\u1ed5)<\/td>\n<\/tr>\n<tr class=\"row-17 odd\">\n<td class=\"column-1\">Ph\u01b0\u01a1ng ph\u00e1p \u0111i\u1ec1u khi\u1ec3n<\/td>\n<td class=\"column-2\">\u0110i\u1ec1u khi\u1ec3n t\u1eeb xa, \u0111i\u1ec1u khi\u1ec3n t\u1ef1 \u0111\u1ed9ng trong to\u00e0n b\u1ed9 qu\u00e1 tr\u00ecnh th\u1eed nghi\u1ec7m.<\/td>\n<\/tr>\n<tr class=\"row-18 even\">\n<td class=\"column-1\">Y\u00eau c\u1ea7u v\u1ec1 kh\u00ed \u0111\u1ed1t<\/td>\n<td class=\"column-2\">Kh\u00ed d\u1ea7u m\u1ecf h\u00f3a l\u1ecfng c\u00f3 \u0111\u1ed9 tinh khi\u1ebft cao. (Do ng\u01b0\u1eddi d\u00f9ng chu\u1ea9n b\u1ecb)<\/td>\n<\/tr>\n<tr class=\"row-19 odd\">\n<td class=\"column-1\">D\u1eef li\u1ec7u \u0111\u1ea7u ra<\/td>\n<td class=\"column-2\">D\u1eef li\u1ec7u th\u1eed nghi\u1ec7m c\u00f3 th\u1ec3 \u0111\u01b0\u1ee3c \u0111\u1ea7u ra tr\u1ef1c ti\u1ebfp b\u1eb1ng \u1ed5 \u0111\u0129a flash USB.<\/td>\n<\/tr>\n<tr class=\"row-20 even\">\n<td class=\"column-1\">Thi\u1ebft b\u1ecb b\u1ea3o v\u1ec7 an to\u00e0n<\/td>\n<td class=\"column-2\">Thi\u1ebft b\u1ecb gi\u1ea3m \u00e1p ch\u1ed1ng ch\u00e1y n\u1ed5, thi\u1ebft b\u1ecb x\u1ea3 kh\u00f3i, h\u1ec7 th\u1ed1ng ch\u1eefa ch\u00e1y, h\u1ec7 th\u1ed1ng kh\u00f3a c\u1eeda \u0111i\u1ec7n t\u1eed, c\u00f4ng t\u1eafc d\u1eebng an to\u00e0n<\/td>\n<\/tr>\n<tr class=\"row-21 odd\">\n<td class=\"column-1\">T\u00f9y ch\u1ecdn<\/td>\n<td class=\"column-2\">H\u1ec7 th\u1ed1ng gi\u00e1m s\u00e1t video<\/td>\n<\/tr>\n<\/tbody>\n<\/table>\n<\/div>\n<\/div>\n","protected":false},"excerpt":{"rendered":"<p>Bu\u1ed3ng th\u1eed nghi\u1ec7m \u0111\u1ed1t\/b\u1eafn pin c\u1ee7a DGBELL th\u00edch h\u1ee3p \u0111\u1ec3 th\u1eed nghi\u1ec7m kh\u1ea3 n\u0103ng ch\u1ed1ng ch\u00e1y v\u00e0 kh\u1ea3 n\u0103ng b\u1eaft l\u1eeda c\u1ee7a nhi\u1ec1u lo\u1ea1i pin ti\u00eau d\u00f9ng kh\u00e1c nhau, ch\u1eb3ng h\u1ea1n nh\u01b0 \u0111i\u1ec7n tho\u1ea1i di \u0111\u1ed9ng v\u00e0 m\u00e1y t\u00ednh x\u00e1ch tay.<\/p>\n","protected":false},"featured_media":20464,"comment_status":"closed","ping_status":"closed","template":"","meta":[],"product_brand":[],"product_cat":[63,71],"product_tag":[],"class_list":{"0":"post-20463","1":"product","2":"type-product","3":"status-publish","4":"has-post-thumbnail","6":"product_cat-buong-thu-nghiem-pin","7":"product_cat-ul-1642","9":"first","10":"instock","11":"shipping-taxable","12":"product-type-simple"},"acf":[],"_links":{"self":[{"href":"https:\/\/dgbellvietnam.com\/en\/wp-json\/wp\/v2\/product\/20463","targetHints":{"allow":["GET"]}}],"collection":[{"href":"https:\/\/dgbellvietnam.com\/en\/wp-json\/wp\/v2\/product"}],"about":[{"href":"https:\/\/dgbellvietnam.com\/en\/wp-json\/wp\/v2\/types\/product"}],"replies":[{"embeddable":true,"href":"https:\/\/dgbellvietnam.com\/en\/wp-json\/wp\/v2\/comments?post=20463"}],"wp:featuredmedia":[{"embeddable":true,"href":"https:\/\/dgbellvietnam.com\/en\/wp-json\/wp\/v2\/media\/20464"}],"wp:attachment":[{"href":"https:\/\/dgbellvietnam.com\/en\/wp-json\/wp\/v2\/media?parent=20463"}],"wp:term":[{"taxonomy":"product_brand","embeddable":true,"href":"https:\/\/dgbellvietnam.com\/en\/wp-json\/wp\/v2\/product_brand?post=20463"},{"taxonomy":"product_cat","embeddable":true,"href":"https:\/\/dgbellvietnam.com\/en\/wp-json\/wp\/v2\/product_cat?post=20463"},{"taxonomy":"product_tag","embeddable":true,"href":"https:\/\/dgbellvietnam.com\/en\/wp-json\/wp\/v2\/product_tag?post=20463"}],"curies":[{"name":"wp","href":"https:\/\/api.w.org\/{rel}","templated":true}]}}