{"id":20461,"date":"2024-05-27T22:16:27","date_gmt":"2024-05-27T22:16:27","guid":{"rendered":"http:\/\/dgbellvietnam.com\/san-pham\/battery-drop-test-chamber-for-battery-safety-test\/"},"modified":"2024-09-12T15:13:00","modified_gmt":"2024-09-12T08:13:00","slug":"battery-drop-test-chamber-for-battery-safety-test","status":"publish","type":"product","link":"https:\/\/dgbellvietnam.com\/en\/san-pham\/battery-drop-test-chamber-for-battery-safety-test\/","title":{"rendered":"Bu\u1ed3ng th\u1eed nghi\u1ec7m th\u1ea3 pin \u0111\u1ec3 ki\u1ec3m tra \u0111\u1ed9 an to\u00e0n c\u1ee7a pin"},"content":{"rendered":"<div id=\"tab-description\" class=\"woocommerce-Tabs-panel woocommerce-Tabs-panel--description panel entry-content active\" role=\"tabpanel\" aria-labelledby=\"tab-title-description\">\n<h2><strong>\u1ee8ng d\u1ee5ng<\/strong><\/h2>\n<p>Bu\u1ed3ng th\u1eed nghi\u1ec7m th\u1ea3 pin c\u1ee7a DGBELL \u0111\u01b0\u1ee3c s\u1eed d\u1ee5ng \u0111\u1ec3 ki\u1ec3m tra hi\u1ec7u su\u1ea5t va \u0111\u1eadp khi th\u1ea3 c\u1ee7a c\u00e1c s\u1ea3n ph\u1ea9m \u0111\u00f3ng g\u00f3i l\u1edbn, ch\u1ecbu t\u1ea3i n\u1eb7ng b\u1eb1ng c\u00e1ch m\u00f4 ph\u1ecfng s\u1ef1 kh\u00e1c bi\u1ec7t th\u1ef1c t\u1ebf gi\u1eefa b\u1ec1 m\u1eb7t, c\u1ea1nh v\u00e0 g\u00f3c. N\u00f3 ch\u1ee7 y\u1ebfu \u0111\u01b0\u1ee3c s\u1eed d\u1ee5ng \u0111\u1ec3 ki\u1ec3m tra kh\u1ea3 n\u0103ng ch\u1ed1ng r\u01a1i c\u1ee7a c\u00e1c s\u1ea3n ph\u1ea9m trong qu\u00e1 tr\u00ecnh v\u1eadn chuy\u1ec3n, b\u1ed1c x\u1ebfp, do \u0111\u00f3 c\u1ea3i thi\u1ec7n thi\u1ebft k\u1ebf bao b\u00ec.<\/p>\n<h2><strong>Ti\u00eau chu\u1ea9n<\/strong><\/h2>\n<ul>\n<li>IEC 62133-2017<\/li>\n<\/ul>\n<h2><strong>Th\u00f4ng s\u1ed1 k\u1ef9 thu\u1eadt<\/strong><\/h2>\n<div id=\"tablepress-9-scroll-wrapper\" class=\"tablepress-scroll-wrapper\">\n<table id=\"tablepress-9\" class=\"tablepress tablepress-id-9 tablepress-responsive\">\n<thead>\n<tr class=\"row-1 odd\">\n<th class=\"column-1\">M\u1eabu<\/th>\n<th class=\"column-2\">BE-8108<\/th>\n<\/tr>\n<\/thead>\n<tbody class=\"row-hover\">\n<tr class=\"row-2 even\">\n<td class=\"column-1\">Chi\u1ec1u cao th\u1ea3 r\u01a1i<\/td>\n<td class=\"column-2\">300\uff5e1500mm (C\u00f3 th\u1ec3 \u0111i\u1ec1u ch\u1ec9nh)<\/td>\n<\/tr>\n<tr class=\"row-3 odd\">\n<td class=\"column-1\">Ph\u01b0\u01a1ng ph\u00e1p th\u1eed nghi\u1ec7m<\/td>\n<td class=\"column-2\">R\u01a1i t\u1ef1 do<\/td>\n<\/tr>\n<tr class=\"row-4 even\">\n<td class=\"column-1\">T\u1ea3i tr\u1ecdng th\u1eed nghi\u1ec7m<\/td>\n<td class=\"column-2\">0\uff5e5kg<\/td>\n<\/tr>\n<tr class=\"row-5 odd\">\n<td class=\"column-1\">K\u00edch th\u01b0\u1edbc m\u1eabu t\u1ed1i \u0111a<\/td>\n<td class=\"column-2\">W200 x D200 x H200mm<\/td>\n<\/tr>\n<tr class=\"row-6 even\">\n<td class=\"column-1\">K\u00edch th\u01b0\u1edbc m\u00e1y<\/td>\n<td class=\"column-2\">W700 X D900 X H1800mm<\/td>\n<\/tr>\n<tr class=\"row-7 odd\">\n<td class=\"column-1\">C\u00f4ng su\u1ea5t \u0111\u1ed9ng c\u01a1<\/td>\n<td class=\"column-2\">90W<\/td>\n<\/tr>\n<tr class=\"row-8 even\">\n<td class=\"column-1\">Ch\u1ebf \u0111\u1ed9 \u0111i\u1ec1u khi\u1ec3n<\/td>\n<td class=\"column-2\">M\u00e0n h\u00ecnh c\u1ea3m \u1ee9ng PLC (m\u00e0n h\u00ecnh c\u1ea3m \u1ee9ng 7 inch) + \u0110i\u1ec1u khi\u1ec3n t\u1eeb xa<\/td>\n<\/tr>\n<tr class=\"row-9 odd\">\n<td class=\"column-1\">Ch\u1ea5t li\u1ec7u b\u00ean trong<\/td>\n<td class=\"column-2\">Th\u00e9p kh\u00f4ng g\u1ec9 SUS 304#<\/td>\n<\/tr>\n<tr class=\"row-10 even\">\n<td class=\"column-1\">Ch\u1ea5t li\u1ec7u b\u00ean ngo\u00e0i<\/td>\n<td class=\"column-2\">T\u1ea5m l\u1ea1nh \u0111\u1ed9 d\u00e0y 1.5mm<\/td>\n<\/tr>\n<tr class=\"row-11 odd\">\n<td class=\"column-1\">Ph\u01b0\u01a1ng ph\u00e1p r\u01a1i<\/td>\n<td class=\"column-2\">Th\u1ea3 kh\u00ed n\u00e9n<\/td>\n<\/tr>\n<tr class=\"row-12 even\">\n<td class=\"column-1\">Ph\u01b0\u01a1ng ph\u00e1p n\u00e2ng<\/td>\n<td class=\"column-2\">\u0110i\u1ec7n<\/td>\n<\/tr>\n<tr class=\"row-13 odd\">\n<td class=\"column-1\">Ngu\u1ed3n \u0111i\u1ec7n<\/td>\n<td class=\"column-2\">220V\u00a050Hz<\/td>\n<\/tr>\n<tr class=\"row-14 even\">\n<td class=\"column-1\">Thi\u1ebft b\u1ecb an to\u00e0n<\/td>\n<td class=\"column-2\">Thi\u1ebft b\u1ecb ch\u1ed1ng ch\u00e1y n\u1ed5 ho\u00e0n to\u00e0n k\u00edn<\/td>\n<\/tr>\n<tr class=\"row-15 odd\">\n<td class=\"column-1\">\u00c1p su\u1ea5t<\/td>\n<td class=\"column-2\">\uff1e0.3Mpa<\/td>\n<\/tr>\n<tr class=\"row-16 even\">\n<td class=\"column-1\">K\u00edch th\u01b0\u1edbc t\u1ea5m th\u1ea3<\/td>\n<td class=\"column-2\">W600 x D700 x H10mm (th\u00e9p \u0111\u1eb7c), g\u1ed7 c\u1ee9ng, v\u00e1n xi m\u0103ng (t\u00f9y ch\u1ecdn)<\/td>\n<\/tr>\n<tr class=\"row-17 odd\">\n<td class=\"column-1\">C\u1eeda s\u1ed5 quan s\u00e1t<\/td>\n<td class=\"column-2\">390 X 360mm (k\u00ednh c\u01b0\u1eddng l\u1ef1c ch\u1ed1ng ch\u00e1y n\u1ed5 d\u00e0y 20mm)<\/td>\n<\/tr>\n<tr class=\"row-18 even\">\n<td class=\"column-1\">D\u1eef li\u1ec7u \u0111\u1ea7u ra<\/td>\n<td class=\"column-2\">D\u1eef li\u1ec7u th\u1eed nghi\u1ec7m c\u00f3 th\u1ec3 \u0111\u01b0\u1ee3c xu\u1ea5t tr\u1ef1c ti\u1ebfp b\u1eb1ng \u0111\u0129a flash USB.<\/td>\n<\/tr>\n<tr class=\"row-19 odd\">\n<td class=\"column-1\">Thi\u1ebft b\u1ecb b\u1ea3o v\u1ec7 an to\u00e0n<\/td>\n<td class=\"column-2\">Thi\u1ebft b\u1ecb gi\u1ea3m \u00e1p ch\u1ed1ng ch\u00e1y n\u1ed5, thi\u1ebft b\u1ecb x\u1ea3 kh\u00f3i, h\u1ec7 th\u1ed1ng ch\u1eefa ch\u00e1y, h\u1ec7 th\u1ed1ng kh\u00f3a c\u1eeda \u0111i\u1ec7n t\u1eed, c\u00f4ng t\u1eafc d\u1eebng an to\u00e0n<\/td>\n<\/tr>\n<tr class=\"row-20 even\">\n<td class=\"column-1\">T\u00f9y ch\u1ecdn<\/td>\n<td class=\"column-2\">H\u1ec7 th\u1ed1ng gi\u00e1m s\u00e1t video<\/td>\n<\/tr>\n<\/tbody>\n<\/table>\n<\/div>\n<\/div>\n","protected":false},"excerpt":{"rendered":"<p>Bu\u1ed3ng th\u1eed nghi\u1ec7m th\u1ea3 r\u01a1i pin c\u1ee7a DGBELL \u0111\u01b0\u1ee3c s\u1eed d\u1ee5ng \u0111\u1ec3 ki\u1ec3m tra hi\u1ec7u su\u1ea5t va \u0111\u1eadp khi th\u1ea3 r\u01a1i c\u1ee7a c\u00e1c s\u1ea3n ph\u1ea9m \u0111\u00f3ng g\u00f3i l\u1edbn, ch\u1ecbu l\u1ef1c n\u1eb7ng b\u1eb1ng c\u00e1ch m\u00f4 ph\u1ecfng s\u1ef1 kh\u00e1c bi\u1ec7t th\u1ef1c t\u1ebf v\u1ec1 b\u1ec1 m\u1eb7t, c\u1ea1nh v\u00e0 g\u00f3c.<\/p>\n","protected":false},"featured_media":20462,"comment_status":"closed","ping_status":"closed","template":"","meta":[],"product_brand":[],"product_cat":[63,68],"product_tag":[],"class_list":{"0":"post-20461","1":"product","2":"type-product","3":"status-publish","4":"has-post-thumbnail","6":"product_cat-buong-thu-nghiem-pin","7":"product_cat-iec-62133","9":"first","10":"instock","11":"shipping-taxable","12":"product-type-simple"},"acf":[],"_links":{"self":[{"href":"https:\/\/dgbellvietnam.com\/en\/wp-json\/wp\/v2\/product\/20461","targetHints":{"allow":["GET"]}}],"collection":[{"href":"https:\/\/dgbellvietnam.com\/en\/wp-json\/wp\/v2\/product"}],"about":[{"href":"https:\/\/dgbellvietnam.com\/en\/wp-json\/wp\/v2\/types\/product"}],"replies":[{"embeddable":true,"href":"https:\/\/dgbellvietnam.com\/en\/wp-json\/wp\/v2\/comments?post=20461"}],"wp:featuredmedia":[{"embeddable":true,"href":"https:\/\/dgbellvietnam.com\/en\/wp-json\/wp\/v2\/media\/20462"}],"wp:attachment":[{"href":"https:\/\/dgbellvietnam.com\/en\/wp-json\/wp\/v2\/media?parent=20461"}],"wp:term":[{"taxonomy":"product_brand","embeddable":true,"href":"https:\/\/dgbellvietnam.com\/en\/wp-json\/wp\/v2\/product_brand?post=20461"},{"taxonomy":"product_cat","embeddable":true,"href":"https:\/\/dgbellvietnam.com\/en\/wp-json\/wp\/v2\/product_cat?post=20461"},{"taxonomy":"product_tag","embeddable":true,"href":"https:\/\/dgbellvietnam.com\/en\/wp-json\/wp\/v2\/product_tag?post=20461"}],"curies":[{"name":"wp","href":"https:\/\/api.w.org\/{rel}","templated":true}]}}