{"id":20459,"date":"2024-05-27T22:16:21","date_gmt":"2024-05-27T22:16:21","guid":{"rendered":"http:\/\/dgbellvietnam.com\/san-pham\/heavy-impact-test-chamber\/"},"modified":"2024-09-12T15:03:55","modified_gmt":"2024-09-12T08:03:55","slug":"heavy-impact-test-chamber","status":"publish","type":"product","link":"https:\/\/dgbellvietnam.com\/en\/san-pham\/heavy-impact-test-chamber\/","title":{"rendered":"Bu\u1ed3ng th\u1eed nghi\u1ec7m va \u0111\u1eadp m\u1ea1nh"},"content":{"rendered":"<div id=\"tab-description\" class=\"woocommerce-Tabs-panel woocommerce-Tabs-panel--description panel entry-content active\" role=\"tabpanel\" aria-labelledby=\"tab-title-description\">\n<h2><strong>\u1ee8ng d\u1ee5ng<\/strong><\/h2>\n<p>Bu\u1ed3ng th\u1eed nghi\u1ec7m va \u0111\u1eadp pin c\u1ee7a DGBELL ki\u1ec3m tra \u0111\u1ed9 an to\u00e0n c\u1ee7a pin th\u00f4ng qua c\u00e1c tr\u1ecdng l\u01b0\u1ee3ng kh\u00e1c nhau, chi\u1ec1u cao kh\u00e1c nhau v\u00e0 c\u00e1c v\u00f9ng va \u0111\u1eadp kh\u00e1c nhau. Sau m\u1ed9t lo\u1ea1t c\u00e1c th\u1eed nghi\u1ec7m tr\u00ean bu\u1ed3ng, pin kh\u00f4ng \u0111\u01b0\u1ee3c c\u00f3 ng\u1ecdn l\u1eeda ho\u1eb7c n\u1ed5. Thi\u1ebft b\u1ecb n\u00e0y l\u00e0 m\u1ed9t lo\u1ea1i thi\u1ebft b\u1ecb th\u1eed nghi\u1ec7m pin ph\u1ed5 bi\u1ebfn.<\/p>\n<h2><strong>Ti\u00eau chu\u1ea9n<\/strong><\/h2>\n<ul>\n<li>UL 1642<\/li>\n<li>UN 38.3<\/li>\n<\/ul>\n<h2><strong>Th\u00f4ng s\u1ed1 k\u1ef9 thu\u1eadt<\/strong><\/h2>\n<div id=\"tablepress-8-scroll-wrapper\" class=\"tablepress-scroll-wrapper\">\n<table id=\"tablepress-8\" class=\"tablepress tablepress-id-8 tablepress-responsive\">\n<thead>\n<tr class=\"row-1 odd\">\n<th class=\"column-1\">M\u1eabu<\/th>\n<th class=\"column-2\">BE-8106<\/th>\n<\/tr>\n<\/thead>\n<tbody class=\"row-hover\">\n<tr class=\"row-2 even\">\n<td class=\"column-1\">C\u1ea5u tr\u00fac<\/td>\n<td class=\"column-2\">C\u1ea5u tr\u00fac t\u1ea5t c\u1ea3 trong m\u1ed9t, c\u1eeda s\u1eed d\u1ee5ng kh\u00f3a ch\u1ed1ng n\u1ed5 v\u00e0 x\u00edch ch\u1ed1ng n\u1ed5<\/td>\n<\/tr>\n<tr class=\"row-3 odd\">\n<td class=\"column-1\">Tr\u1ecdng l\u01b0\u1ee3ng th\u1ea3 b\u00f3ng<\/td>\n<td class=\"column-2\">9.1kg\u00b10.1kg<\/td>\n<\/tr>\n<tr class=\"row-4 even\">\n<td class=\"column-1\">Chi\u1ec1u cao th\u1ea3<\/td>\n<td class=\"column-2\">0~770mm\uff08C\u00f3 th\u1ec3 \u0111i\u1ec1u ch\u1ec9nh)<\/td>\n<\/tr>\n<tr class=\"row-5 odd\">\n<td class=\"column-1\">Ch\u1ebf \u0111\u1ed9 \u0111i\u1ec1u khi\u1ec3n<\/td>\n<td class=\"column-2\">\u0110i\u1ec1u khi\u1ec3n m\u00e0n h\u00ecnh c\u1ea3m \u1ee9ng PLC + \u0110i\u1ec1u khi\u1ec3n t\u1eeb xa<\/td>\n<\/tr>\n<tr class=\"row-6 even\">\n<td class=\"column-1\">\u0110\u01b0\u1eddng k\u00ednh thanh ngang<\/td>\n<td class=\"column-2\">15.8 mm<\/td>\n<\/tr>\n<tr class=\"row-7 odd\">\n<td class=\"column-1\">K\u00edch th\u01b0\u1edbc t\u1ee7 trong<\/td>\n<td class=\"column-2\">W500 X D300 X H800mm<\/td>\n<\/tr>\n<tr class=\"row-8 even\">\n<td class=\"column-1\">Kh\u00f4ng gian th\u1eed nghi\u1ec7m hi\u1ec7u qu\u1ea3<\/td>\n<td class=\"column-2\">W300XD300XH300mm<\/td>\n<\/tr>\n<tr class=\"row-9 odd\">\n<td class=\"column-1\">Ch\u1ea5t li\u1ec7u b\u00ean trong<\/td>\n<td class=\"column-2\">\u0110\u1ed9 d\u00e0y 1,0mm Th\u00e9p kh\u00f4ng g\u1ec9 SUS 304# (\u0111\u01b0\u1ee3c gia c\u1ed1). T\u1ed5ng \u0111\u1ed9 d\u00e0y 80mm c\u00f9ng v\u1edbi bu\u1ed3ng b\u00ean ngo\u00e0i.<\/td>\n<\/tr>\n<tr class=\"row-10 even\">\n<td class=\"column-1\">Ch\u1ea5t li\u1ec7u b\u00ean ngo\u00e0i<\/td>\n<td class=\"column-2\">T\u1ea5m c\u00e1n ngu\u1ed9i d\u00e0y 1,5mm<\/td>\n<\/tr>\n<tr class=\"row-11 odd\">\n<td class=\"column-1\">L\u1ed7 th\u00f4ng h\u01a1i<\/td>\n<td class=\"column-2\">\u0110\u01b0\u1eddng k\u00ednh: 150mm, \u1edf ph\u00eda tr\u00ean c\u00f9ng c\u1ee7a m\u1eb7t sau bu\u1ed3ng<\/td>\n<\/tr>\n<tr class=\"row-12 even\">\n<td class=\"column-1\">C\u1eeda s\u1ed5 quan s\u00e1t<\/td>\n<td class=\"column-2\">390 X 360mm (k\u00ednh ch\u1ed1ng n\u1ed5 d\u00e0y 20mm, l\u1eafp l\u01b0\u1edbi th\u00e9p kh\u00f4ng g\u1ec9 ch\u1ed1ng n\u1ed5)<\/td>\n<\/tr>\n<tr class=\"row-13 odd\">\n<td class=\"column-1\">Ch\u1ebf \u0111\u1ed9 n\u00e2ng<\/td>\n<td class=\"column-2\">\u0110i\u1ec7n<\/td>\n<\/tr>\n<tr class=\"row-14 even\">\n<td class=\"column-1\">B\u1ec1 m\u1eb7t va ch\u1ea1m tr\u00ean\/d\u01b0\u1edbi<\/td>\n<td class=\"column-2\">T\u1ea5m th\u00e9p<\/td>\n<\/tr>\n<tr class=\"row-15 odd\">\n<td class=\"column-1\">Kh\u00f4ng gian th\u1eed nghi\u1ec7m<\/td>\n<td class=\"column-2\">W300XD400XH200 mm<\/td>\n<\/tr>\n<tr class=\"row-16 even\">\n<td class=\"column-1\">K\u00edch th\u01b0\u1edbc t\u1ed5ng th\u1ec3<\/td>\n<td class=\"column-2\">W940XD780XH1620 mm<\/td>\n<\/tr>\n<tr class=\"row-17 odd\">\n<td class=\"column-1\">Ngu\u1ed3n \u0111i\u1ec7n<\/td>\n<td class=\"column-2\">AC 220V\u00a0\/ 2.0KW<\/td>\n<\/tr>\n<tr class=\"row-18 even\">\n<td class=\"column-1\">D\u1eef li\u1ec7u \u0111\u1ea7u ra<\/td>\n<td class=\"column-2\">D\u1eef li\u1ec7u th\u1eed nghi\u1ec7m c\u00f3 th\u1ec3 \u0111\u01b0\u1ee3c xu\u1ea5t tr\u1ef1c ti\u1ebfp b\u1eb1ng \u1ed5 \u0111\u0129a flash USB.<\/td>\n<\/tr>\n<tr class=\"row-19 odd\">\n<td class=\"column-1\">Thi\u1ebft b\u1ecb b\u1ea3o v\u1ec7 an to\u00e0n<\/td>\n<td class=\"column-2\">Thi\u1ebft b\u1ecb gi\u1ea3m \u00e1p ch\u1ed1ng ch\u00e1y n\u1ed5, thi\u1ebft b\u1ecb x\u1ea3 kh\u00f3i, h\u1ec7 th\u1ed1ng ch\u1eefa ch\u00e1y, h\u1ec7 th\u1ed1ng kh\u00f3a c\u1eeda \u0111i\u1ec7n t\u1eed, c\u00f4ng t\u1eafc d\u1eebng an to\u00e0n<\/td>\n<\/tr>\n<tr class=\"row-20 even\">\n<td class=\"column-1\">T\u00f9y ch\u1ecdn<\/td>\n<td class=\"column-2\">H\u1ec7 th\u1ed1ng thu th\u1eadp nhi\u1ec7t \u0111\u1ed9, h\u1ec7 th\u1ed1ng thu th\u1eadp \u0111i\u1ec7n \u00e1p, h\u1ec7 th\u1ed1ng gi\u00e1m s\u00e1t video<\/td>\n<\/tr>\n<\/tbody>\n<\/table>\n<\/div>\n<p>&nbsp;<\/p>\n<\/div>\n","protected":false},"excerpt":{"rendered":"<p>Bu\u1ed3ng th\u1eed nghi\u1ec7m va \u0111\u1eadp pin c\u1ee7a DGBELL ki\u1ec3m tra \u0111\u1ed9 an to\u00e0n c\u1ee7a pin th\u00f4ng qua c\u00e1c tr\u1ecdng l\u01b0\u1ee3ng kh\u00e1c nhau, chi\u1ec1u cao kh\u00e1c nhau v\u00e0 c\u00e1c v\u00f9ng va \u0111\u1eadp kh\u00e1c nhau. Sau m\u1ed9t lo\u1ea1t c\u00e1c th\u1eed nghi\u1ec7m tr\u00ean bu\u1ed3ng, pin kh\u00f4ng \u0111\u01b0\u1ee3c c\u00f3 ng\u1ecdn l\u1eeda ho\u1eb7c n\u1ed5.<\/p>\n","protected":false},"featured_media":20460,"comment_status":"closed","ping_status":"closed","template":"","meta":[],"product_brand":[],"product_cat":[63,70,71,73],"product_tag":[],"class_list":{"0":"post-20459","1":"product","2":"type-product","3":"status-publish","4":"has-post-thumbnail","6":"product_cat-buong-thu-nghiem-pin","7":"product_cat-iec-62619","8":"product_cat-ul-1642","9":"product_cat-un-38-3","11":"first","12":"instock","13":"shipping-taxable","14":"product-type-simple"},"acf":[],"_links":{"self":[{"href":"https:\/\/dgbellvietnam.com\/en\/wp-json\/wp\/v2\/product\/20459","targetHints":{"allow":["GET"]}}],"collection":[{"href":"https:\/\/dgbellvietnam.com\/en\/wp-json\/wp\/v2\/product"}],"about":[{"href":"https:\/\/dgbellvietnam.com\/en\/wp-json\/wp\/v2\/types\/product"}],"replies":[{"embeddable":true,"href":"https:\/\/dgbellvietnam.com\/en\/wp-json\/wp\/v2\/comments?post=20459"}],"wp:featuredmedia":[{"embeddable":true,"href":"https:\/\/dgbellvietnam.com\/en\/wp-json\/wp\/v2\/media\/20460"}],"wp:attachment":[{"href":"https:\/\/dgbellvietnam.com\/en\/wp-json\/wp\/v2\/media?parent=20459"}],"wp:term":[{"taxonomy":"product_brand","embeddable":true,"href":"https:\/\/dgbellvietnam.com\/en\/wp-json\/wp\/v2\/product_brand?post=20459"},{"taxonomy":"product_cat","embeddable":true,"href":"https:\/\/dgbellvietnam.com\/en\/wp-json\/wp\/v2\/product_cat?post=20459"},{"taxonomy":"product_tag","embeddable":true,"href":"https:\/\/dgbellvietnam.com\/en\/wp-json\/wp\/v2\/product_tag?post=20459"}],"curies":[{"name":"wp","href":"https:\/\/api.w.org\/{rel}","templated":true}]}}