{"id":20457,"date":"2024-05-27T22:16:16","date_gmt":"2024-05-27T22:16:16","guid":{"rendered":"http:\/\/dgbellvietnam.com\/san-pham\/thermal-abuse-test-chamber-test-cells\/"},"modified":"2024-09-12T14:53:34","modified_gmt":"2024-09-12T07:53:34","slug":"thermal-abuse-test-chamber-test-cells","status":"publish","type":"product","link":"https:\/\/dgbellvietnam.com\/en\/san-pham\/thermal-abuse-test-chamber-test-cells\/","title":{"rendered":"Bu\u1ed3ng th\u1eed nghi\u1ec7m l\u1ea1m d\u1ee5ng nhi\u1ec7t (Th\u1eed nghi\u1ec7m c\u00e1c cell)"},"content":{"rendered":"<div id=\"tab-description\" class=\"woocommerce-Tabs-panel woocommerce-Tabs-panel--description panel entry-content active\" role=\"tabpanel\" aria-labelledby=\"tab-title-description\">\n<h2><strong>Ti\u00eau chu\u1ea9n<\/strong><\/h2>\n<ul>\n<li>IEC 62133-2017<\/li>\n<li>UL 1642<\/li>\n<li>GB 31241-2014<\/li>\n<\/ul>\n<h2><strong><b>Th\u00f4ng s\u1ed1 k\u1ef9 thu\u1eadt<\/b><\/strong><\/h2>\n<div id=\"tablepress-7-scroll-wrapper\" class=\"tablepress-scroll-wrapper\">\n<table id=\"tablepress-7\" class=\"tablepress tablepress-id-7 tablepress-responsive\">\n<thead>\n<tr class=\"row-1 odd\">\n<th class=\"column-1\">M\u1eabu<\/th>\n<th class=\"column-2\">BE-8103<\/th>\n<\/tr>\n<\/thead>\n<tbody class=\"row-hover\">\n<tr class=\"row-2 even\">\n<td class=\"column-1\">C\u1ea5u tr\u00fac<\/td>\n<td class=\"column-2\">C\u1ea5u tr\u00fac t\u1ea5t c\u1ea3 trong m\u1ed9t, c\u1eeda s\u1eed d\u1ee5ng kh\u00f3a ch\u1ed1ng ch\u00e1y n\u1ed5 + x\u00edch ch\u1ed1ng ch\u00e1y n\u1ed5<\/td>\n<\/tr>\n<tr class=\"row-3 odd\">\n<td class=\"column-1\"><\/td>\n<td class=\"column-2\">Nhi\u1ec7t \u0111\u1ed9 b\u00ecnh th\u01b0\u1eddng \u0111\u1ebfn 150\u00b0C (C\u00f3 th\u1ec3 \u0111i\u1ec1u ch\u1ec9nh)<\/td>\n<\/tr>\n<tr class=\"row-4 even\">\n<td class=\"column-1\" colspan=\"2\">D\u1ea3i nhi\u1ec7t \u0111\u1ed9<\/td>\n<\/tr>\n<tr class=\"row-5 odd\">\n<td class=\"column-1\">\u0110\u1ed9 ch\u00ednh x\u00e1c \u0111i\u1ec1u khi\u1ec3n<\/td>\n<td class=\"column-2\">\u00b10.5\u2103<\/td>\n<\/tr>\n<tr class=\"row-6 even\">\n<td class=\"column-1\">\u0110\u1ed9 l\u1ec7ch nhi\u1ec7t \u0111\u1ed9<\/td>\n<td class=\"column-2\">\u00b12.0\u2103, kh\u00f4ng t\u1ea3i<\/td>\n<\/tr>\n<tr class=\"row-7 odd\">\n<td class=\"column-1\">T\u1ed1c \u0111\u1ed9 gia nhi\u1ec7t<\/td>\n<td class=\"column-2\">RT\uff5e150\u00b0C (Tuy\u1ebfn t\u00ednh 5\u00b0C\/ph\u00fat)<\/td>\n<\/tr>\n<tr class=\"row-8 even\">\n<td class=\"column-1\">Hi\u1ec3n th\u1ecb \u0111i\u1ec1u khi\u1ec3n<\/td>\n<td class=\"column-2\">M\u00e0n h\u00ecnh c\u1ea3m \u1ee9ng PLC (7 inch) + \u0111i\u1ec1u khi\u1ec3n t\u1eeb xa<\/td>\n<\/tr>\n<tr class=\"row-9 odd\">\n<td class=\"column-1\">K\u00edch th\u01b0\u1edbc t\u1ee7 v\u1eadn h\u00e0nh<\/td>\n<td class=\"column-2\">W600XD500XH600 mm<\/td>\n<\/tr>\n<tr class=\"row-10 even\">\n<td class=\"column-1\">K\u00edch th\u01b0\u1edbc ngo\u00e0i<\/td>\n<td class=\"column-2\">W940XD780XH1620 mm<\/td>\n<\/tr>\n<tr class=\"row-11 odd\">\n<td class=\"column-1\">Ch\u1ea5t li\u1ec7u bu\u1ed3ng trong<\/td>\n<td class=\"column-2\">Th\u00e9p kh\u00f4ng g\u1ec9 SUS304 c\u00f3 l\u1edbp ho\u00e0n thi\u1ec7n b\u1eb1ng g\u01b0\u01a1ng<\/td>\n<\/tr>\n<tr class=\"row-12 even\">\n<td class=\"column-1\">Ch\u1ea5t li\u1ec7u bu\u1ed3ng ngo\u00e0i<\/td>\n<td class=\"column-2\">T\u1ea5m th\u00e9p SECC, b\u1ed9t m\u1ecbn l\u1edbp ph\u1ee7 s\u01a1n (\u0111\u1ed9 d\u00e0y 1,5mm)<\/td>\n<\/tr>\n<tr class=\"row-13 odd\">\n<td class=\"column-1\">\u0110\u00e1y<\/td>\n<td class=\"column-2\">C\u00f3 b\u00e1nh xe v\u1ea1n n\u0103ng<\/td>\n<\/tr>\n<tr class=\"row-14 even\">\n<td class=\"column-1\">C\u1eeda s\u1ed5 quan s\u00e1t<\/td>\n<td class=\"column-2\">390 X 360mm (k\u00ednh ch\u1ed1ng n\u1ed5 d\u00e0y 20mm, l\u01b0\u1edbi ch\u1ed1ng n\u1ed5)<\/td>\n<\/tr>\n<tr class=\"row-15 odd\">\n<td class=\"column-1\">Ch\u1ea5t li\u1ec7u c\u00e1ch nhi\u1ec7t<\/td>\n<td class=\"column-2\">B\u00f4ng th\u1ee7y tinh m\u1eadt \u0111\u1ed9 cao nh\u1eadp kh\u1ea9u, c\u00e1ch nhi\u1ec7t t\u1ed1t, \u0111\u1ea3m b\u1ea3o c\u00e1ch nhi\u1ec7t t\u1ed1i \u0111a, ch\u1ea5t li\u1ec7u b\u1ecbt k\u00edn cho silicon ch\u1ecbu nhi\u1ec7t \u0111\u1ed9 cao, ch\u1ecbu \u0111\u01b0\u1ee3c nhi\u1ec7t \u0111\u1ed9 cao tr\u00ean 300 \u0111\u1ed9 trong th\u1eddi gian d\u00e0i<\/td>\n<\/tr>\n<tr class=\"row-16 even\">\n<td class=\"column-1\">L\u1ed7 \u0111\u1ea7u cu\u1ed1i<\/td>\n<td class=\"column-2\">\u0110\u01b0\u1eddng k\u00ednh 50mm L\u1ed7 \u0111\u1ea7u cu\u1ed1i \u1edf b\u00ean tr\u00e1i v\u00e0 b\u00ean ph\u1ea3i<\/td>\n<\/tr>\n<tr class=\"row-17 odd\">\n<td class=\"column-1\">Ngu\u1ed3n \u0111i\u1ec7n<\/td>\n<td class=\"column-2\">220V\u00a0\/\u00a050HZ\u00a0\/\u00a04.0KW<\/td>\n<\/tr>\n<tr class=\"row-18 even\">\n<td class=\"column-1\">Giao di\u1ec7n USB<\/td>\n<td class=\"column-2\">V\u1edbi giao di\u1ec7n USB, d\u1eef li\u1ec7u th\u1eed nghi\u1ec7m c\u00f3 th\u1ec3 \u0111\u01b0\u1ee3c xu\u1ea5t<\/td>\n<\/tr>\n<tr class=\"row-19 odd\">\n<td class=\"column-1\">Ch\u1ee9c n\u0103ng ph\u1ee5<\/td>\n<td class=\"column-2\">Thi\u1ebft b\u1ecb gi\u1ea3m \u00e1p ch\u1ed1ng ch\u00e1y n\u1ed5, thi\u1ebft b\u1ecb x\u1ea3 kh\u00f3i, thi\u1ebft b\u1ecb chi\u1ebfu s\u00e1ng ch\u1ed1ng ch\u00e1y n\u1ed5, h\u1ec7 th\u1ed1ng kh\u00f3a c\u1eeda \u0111i\u1ec7n t\u1eed, c\u00f4ng t\u1eafc d\u1eebng an to\u00e0n<\/td>\n<\/tr>\n<\/tbody>\n<\/table>\n<\/div>\n<h2><strong>Th\u1eed nghi\u1ec7m gia nhi\u1ec7t c\u1ee7a bu\u1ed3ng s\u1ebd \u0111\u01b0\u1ee3c v\u1eadn h\u00e0nh nh\u01b0 sau<\/strong><\/h2>\n<p><strong>1. Y\u00eau c\u1ea7u th\u1eed nghi\u1ec7m ti\u00eau chu\u1ea9n c\u00f3 li\u00ean quan<\/strong><\/p>\n<p>Th\u1eed nghi\u1ec7m an to\u00e0n pin \u0111\u01a1n<\/p>\n<p>Th\u1eed nghi\u1ec7m gia nhi\u1ec7t \u0111\u01b0\u1ee3c th\u1ef1c hi\u1ec7n nh\u01b0 sau:<\/p>\n<ul>\n<li>Pin \u0111\u01a1n \u0111\u01b0\u1ee3c s\u1ea1c theo ph\u01b0\u01a1ng ph\u00e1p 6.1.3<\/li>\n<li>\u0110\u1eb7t pin \u0111\u01a1n v\u00e0o bu\u1ed3ng nhi\u1ec7t \u0111\u1ed9.<\/li>\n<li>\u0110\u1ed1i v\u1edbi pin lithium-ion, bu\u1ed3ng nhi\u1ec7t \u0111\u1ed9 \u0111\u01b0\u1ee3c t\u0103ng t\u1eeb nhi\u1ec7t \u0111\u1ed9 ph\u00f2ng l\u00ean 130\u00b0C \u00b1 2\u00b0C v\u1edbi t\u1ed1c \u0111\u1ed9 5\u00b0C \/ ph\u00fat v\u00e0 qu\u00e1 tr\u00ecnh gia nhi\u1ec7t d\u1eebng l\u1ea1i sau khi duy tr\u00ec nhi\u1ec7t \u0111\u1ed9 trong 30 ph\u00fat.<\/li>\n<li>\u0110\u1ed1i v\u1edbi pin niken kim lo\u1ea1i xyanua, bu\u1ed3ng nhi\u1ec7t \u0111\u1ed9 \u0111\u01b0\u1ee3c t\u0103ng t\u1eeb nhi\u1ec7t \u0111\u1ed9 ph\u00f2ng l\u00ean 85\u00b0C \u00b1 2\u00b0C v\u1edbi t\u1ed1c \u0111\u1ed9 5\u00b0C \/ ph\u00fat v\u00e0 qu\u00e1 tr\u00ecnh gia nhi\u1ec7t d\u1eebng l\u1ea1i sau khi duy tr\u00ec nhi\u1ec7t \u0111\u1ed9 n\u00e0y trong 2 gi\u1edd.<\/li>\n<li>Quan s\u00e1t trong 1 gi\u1edd.<\/li>\n<\/ul>\n<p><strong>2. Th\u1eed nghi\u1ec7m an to\u00e0n m\u00f4-\u0111un pin<\/strong><\/p>\n<ul>\n<li>Pin m\u00f4-\u0111un pin ph\u1ea3i \u0111\u01b0\u1ee3c s\u1ea1c theo ph\u01b0\u01a1ng ph\u00e1p trong 6.1.4.<\/li>\n<li>\u0110\u1ed1i v\u1edbi pin lithium-ion, bu\u1ed3ng nhi\u1ec7t \u0111\u1ed9 \u0111\u01b0\u1ee3c n\u00e2ng t\u1eeb nhi\u1ec7t \u0111\u1ed9 ph\u00f2ng l\u00ean 130\u00b0C \u00b1 2\u00b0C v\u1edbi t\u1ed1c \u0111\u1ed9 5\u00b0C \/ ph\u00fat v\u00e0 qu\u00e1 tr\u00ecnh gia nhi\u1ec7t d\u1eebng l\u1ea1i sau khi duy tr\u00ec nhi\u1ec7t \u0111\u1ed9 n\u00e0y trong 30 ph\u00fat.<\/li>\n<li>\u0110\u1ed1i v\u1edbi pin niken kim lo\u1ea1i xyanua, bu\u1ed3ng nhi\u1ec7t \u0111\u1ed9 \u0111\u01b0\u1ee3c n\u00e2ng l\u00ean 85\u00b0C \u00b1 2\u00b0C \u1edf nhi\u1ec7t \u0111\u1ed9 ph\u00f2ng v\u1edbi t\u1ed1c \u0111\u1ed9 5\u00b0C \/ ph\u00fat v\u00e0 qu\u00e1 tr\u00ecnh gia nhi\u1ec7t d\u1eebng l\u1ea1i sau khi duy tr\u00ec nhi\u1ec7t \u0111\u1ed9 n\u00e0y trong 2 gi\u1edd.<\/li>\n<li>Quan s\u00e1t trong 1 gi\u1edd.<\/li>\n<\/ul>\n<\/div>\n","protected":false},"excerpt":{"rendered":"<p>Bu\u1ed3ng th\u1eed nghi\u1ec7m ch\u1ed1ng ch\u1ecbu nhi\u1ec7t ph\u00f9 h\u1ee3p v\u1edbi ti\u00eau chu\u1ea9n IEC 62133-2017, UL 1642 v\u00e0 GB 31241-2014.<\/p>\n","protected":false},"featured_media":20458,"comment_status":"closed","ping_status":"closed","template":"","meta":[],"product_brand":[],"product_cat":[63,68,71],"product_tag":[],"class_list":{"0":"post-20457","1":"product","2":"type-product","3":"status-publish","4":"has-post-thumbnail","6":"product_cat-buong-thu-nghiem-pin","7":"product_cat-iec-62133","8":"product_cat-ul-1642","10":"first","11":"instock","12":"shipping-taxable","13":"product-type-simple"},"acf":[],"_links":{"self":[{"href":"https:\/\/dgbellvietnam.com\/en\/wp-json\/wp\/v2\/product\/20457","targetHints":{"allow":["GET"]}}],"collection":[{"href":"https:\/\/dgbellvietnam.com\/en\/wp-json\/wp\/v2\/product"}],"about":[{"href":"https:\/\/dgbellvietnam.com\/en\/wp-json\/wp\/v2\/types\/product"}],"replies":[{"embeddable":true,"href":"https:\/\/dgbellvietnam.com\/en\/wp-json\/wp\/v2\/comments?post=20457"}],"wp:featuredmedia":[{"embeddable":true,"href":"https:\/\/dgbellvietnam.com\/en\/wp-json\/wp\/v2\/media\/20458"}],"wp:attachment":[{"href":"https:\/\/dgbellvietnam.com\/en\/wp-json\/wp\/v2\/media?parent=20457"}],"wp:term":[{"taxonomy":"product_brand","embeddable":true,"href":"https:\/\/dgbellvietnam.com\/en\/wp-json\/wp\/v2\/product_brand?post=20457"},{"taxonomy":"product_cat","embeddable":true,"href":"https:\/\/dgbellvietnam.com\/en\/wp-json\/wp\/v2\/product_cat?post=20457"},{"taxonomy":"product_tag","embeddable":true,"href":"https:\/\/dgbellvietnam.com\/en\/wp-json\/wp\/v2\/product_tag?post=20457"}],"curies":[{"name":"wp","href":"https:\/\/api.w.org\/{rel}","templated":true}]}}