{"id":20455,"date":"2024-05-27T22:16:10","date_gmt":"2024-05-27T22:16:10","guid":{"rendered":"http:\/\/dgbellvietnam.com\/san-pham\/temperature-control-battery-short-circuit-test-chamber\/"},"modified":"2024-09-12T14:23:46","modified_gmt":"2024-09-12T07:23:46","slug":"temperature-control-battery-short-circuit-test-chamber","status":"publish","type":"product","link":"https:\/\/dgbellvietnam.com\/en\/san-pham\/temperature-control-battery-short-circuit-test-chamber\/","title":{"rendered":"Bu\u1ed3ng th\u1eed nghi\u1ec7m ng\u1eafn m\u1ea1ch pin ki\u1ec3m so\u00e1t nhi\u1ec7t \u0111\u1ed9"},"content":{"rendered":"<div id=\"tab-description\" class=\"woocommerce-Tabs-panel woocommerce-Tabs-panel--description panel entry-content active\" role=\"tabpanel\" aria-labelledby=\"tab-title-description\">\n<p><strong>\u1ee8ng d\u1ee5ng<\/strong><\/p>\n<ol>\n<li>M\u00e1y ng\u1eafn m\u1ea1ch d\u00f2ng \u0111i\u1ec7n l\u1edbn c\u1ee7a \u1eafc quy \u0111\u01b0\u1ee3c thi\u1ebft k\u1ebf \u0111\u1ec3 tu\u00e2n th\u1ee7 ti\u00eau chu\u1ea9n;<\/li>\n<li>Theo y\u00eau c\u1ea7u th\u1eed nghi\u1ec7m ng\u1eafn m\u1ea1ch, ng\u1eafn m\u1ea1ch ph\u1ea3i nh\u1ecf h\u01a1n 5 m\u03a9 \u0111\u1ec3 \u0111\u1ea1t \u0111\u01b0\u1ee3c d\u00f2ng \u0111i\u1ec7n t\u1ed1i \u0111a;<\/li>\n<li>Kh\u1ea3 n\u0103ng ch\u1ecbu t\u1ea3i ph\u1ea3i \u0111\u01b0\u1ee3c thi\u1ebft k\u1ebf trong h\u1ec7 th\u1ed1ng \u0111i\u1ec7n cho h\u1ec7 th\u1ed1ng ng\u1eafn m\u1ea1ch; Do \u0111\u00f3, DGBell \u0111\u00e3 ch\u1ecdn ti\u1ebfp \u0111i\u1ec3m t\u1eeb t\u00ednh DC c\u00f4ng nghi\u1ec7p v\u1edbi \u0111\u1ea7u c\u1ef1c b\u1eb1ng \u0111\u1ed3ng \u0111\u1ea7y \u0111\u1ee7 v\u00e0 d\u1eabn d\u00f2ng \u0111i\u1ec7n b\u1eb1ng \u0111\u1ed3ng b\u00ean trong, v\u00e0 qu\u1ea1t h\u01b0\u1edbng tr\u1ee5c h\u1ea1t ho\u1ea1t \u0111\u1ed9ng b\u00ean trong \u0111\u01b0\u1ee3c l\u1eafp \u0111\u1ec3 l\u00e0m m\u00e1t nh\u1eb1m \u0111\u1ea3m b\u1ea3o h\u1ec7 th\u1ed1ng th\u1eed nghi\u1ec7m an to\u00e0n h\u01a1n v\u00e0 gi\u1ea3m m\u1ee9c ti\u00eau th\u1ee5 \u0111i\u1ec7n n\u0103ng c\u1ee7a m\u00e1y th\u1eed nghi\u1ec7m v\u00e0 cho ph\u00e9p d\u1eef li\u1ec7u th\u1eed nghi\u1ec7m kh\u00f4ng ch\u00ednh x\u00e1c.<\/li>\n<li>Ti\u00eau chu\u1ea9n \u0111\u00e1nh gi\u00e1 th\u1eed nghi\u1ec7m: kh\u00f4ng c\u00f3 ng\u1ecdn l\u1eeda ho\u1eb7c v\u1ee5 n\u1ed5 sau khi th\u1eed nghi\u1ec7m ng\u1eafn m\u1ea1ch \u1eafc quy.<\/li>\n<\/ol>\n<p><strong>Ti\u00eau chu\u1ea9n<\/strong><\/p>\n<ul>\n<li>IEC 62133-2017<\/li>\n<li>UL 1642<\/li>\n<li>UN 38.3<\/li>\n<\/ul>\n<p><strong>Th\u00f4ng s\u1ed1 k\u1ef9 thu\u1eadt<\/strong><\/p>\n<div id=\"tablepress-6-scroll-wrapper\" class=\"tablepress-scroll-wrapper\">\n<table id=\"tablepress-6\" class=\"tablepress tablepress-id-6 tablepress-responsive\">\n<thead>\n<tr class=\"row-1 odd\">\n<th class=\"column-1\">M\u1eabu<\/th>\n<th class=\"column-2\">BE-8102<\/th>\n<\/tr>\n<\/thead>\n<tbody class=\"row-hover\">\n<tr class=\"row-2 even\">\n<td class=\"column-1\">C\u1ea5u tr\u00fac<\/td>\n<td class=\"column-2\">C\u1ea5u tr\u00fac t\u1ea5t c\u1ea3 trong m\u1ed9t, c\u1eeda s\u1eed d\u1ee5ng kh\u00f3a ch\u1ed1ng n\u1ed5 v\u00e0 x\u00edch ch\u1ed1ng n\u1ed5<\/td>\n<\/tr>\n<tr class=\"row-3 odd\">\n<td class=\"column-1\">D\u00f2ng ng\u1eafn m\u1ea1ch t\u1ed1i \u0111a<\/td>\n<td class=\"column-2\">1000A<\/td>\n<\/tr>\n<tr class=\"row-4 even\">\n<td class=\"column-1\">\u0110i\u1ec7n tr\u1edf trong<\/td>\n<td class=\"column-2\">80\u00b120 m\u03a9 (D\u00f2ng t\u1ea3i 400A)<\/td>\n<\/tr>\n<tr class=\"row-5 odd\">\n<td class=\"column-1\">Kho\u1ea3ng c\u00e1ch kh\u1ea3 d\u1ee5ng \u0111i\u1ec1u khi\u1ec3n t\u1eeb xa<\/td>\n<td class=\"column-2\">7m kh\u00f4ng c\u00f3 r\u00e0o ch\u1eafn<\/td>\n<\/tr>\n<tr class=\"row-6 even\">\n<td class=\"column-1\">Ch\u1ebf \u0111\u1ed9 \u0111i\u1ec1u khi\u1ec3n<\/td>\n<td class=\"column-2\">PLC c\u1ea3m \u1ee9ng (7 inch) + \u0111i\u1ec1u khi\u1ec3n t\u1eeb xa<\/td>\n<\/tr>\n<tr class=\"row-7 odd\">\n<td class=\"column-1\">Tu\u1ed5i th\u1ecd c\u01a1 h\u1ecdc<\/td>\n<td class=\"column-2\">300 ngh\u00ecn l\u1ea7n<\/td>\n<\/tr>\n<tr class=\"row-8 even\">\n<td class=\"column-1\">Tu\u1ed5i th\u1ecd \u0111i\u1ec7n<\/td>\n<td class=\"column-2\">T\u1ea3i \u0111i\u1ec7n tr\u1edf 50,000 l\u1ea7n<\/td>\n<\/tr>\n<tr class=\"row-9 odd\">\n<td class=\"column-1\">D\u1ea3i nhi\u1ec7t \u0111\u1ed9<\/td>\n<td class=\"column-2\">Nhi\u1ec7t \u0111\u1ed9 b\u00ecnh th\u01b0\u1eddng \u0111\u1ebfn 80\u00b0C ho\u1eb7c 0-80\u00b0C (T\u00f9y ch\u1ecdn)<\/td>\n<\/tr>\n<tr class=\"row-10 even\">\n<td class=\"column-1\">Bi\u1ebfn \u0111\u1ed9ng nhi\u1ec7t \u0111\u1ed9<\/td>\n<td class=\"column-2\">\u00b11\u2103<\/td>\n<\/tr>\n<tr class=\"row-11 odd\">\n<td class=\"column-1\">\u0110\u1ed9 l\u1ec7ch nhi\u1ec7t \u0111\u1ed9<\/td>\n<td class=\"column-2\">\u00b12\u2103<\/td>\n<\/tr>\n<tr class=\"row-12 even\">\n<td class=\"column-1\">K\u00edch th\u01b0\u1edbc bu\u1ed3ng trong<\/td>\n<td class=\"column-2\">W600\u00a0 X D500\u00a0 X H600mm<\/td>\n<\/tr>\n<tr class=\"row-13 odd\">\n<td class=\"column-1\">V\u1eadt li\u1ec7u bu\u1ed3ng trong<\/td>\n<td class=\"column-2\">Th\u00e9p kh\u00f4ng g\u1ec9 304# \u0111\u1ed9 d\u00e0y 1,0mm<\/td>\n<\/tr>\n<tr class=\"row-14 even\">\n<td class=\"column-1\">K\u00edch th\u01b0\u1edbc bu\u1ed3ng ngo\u00e0i<\/td>\n<td class=\"column-2\">W940XD780XH1620 mm<\/td>\n<\/tr>\n<tr class=\"row-15 odd\">\n<td class=\"column-1\">V\u1eadt li\u1ec7u bu\u1ed3ng ngo\u00e0i<\/td>\n<td class=\"column-2\">S\u01a1n t\u1ea5m c\u00e1n ngu\u1ed9i d\u00e0y 1,5mm, t\u1ed5ng \u0111\u1ed9 d\u00e0y c\u00f9ng v\u1edbi bu\u1ed3ng trong l\u00e0 100mm)<\/td>\n<\/tr>\n<tr class=\"row-16 even\">\n<td class=\"column-1\">C\u1eeda s\u1ed5 quan s\u00e1t<\/td>\n<td class=\"column-2\">390 X 360mm (k\u00ednh c\u01b0\u1eddng l\u1ef1c ch\u1ed1ng n\u1ed5 d\u00e0y 20mm) v\u00e0 l\u01b0\u1edbi th\u00e9p b\u1ea3o v\u1ec7<\/td>\n<\/tr>\n<tr class=\"row-17 odd\">\n<td class=\"column-1\">Ngu\u1ed3n \u0111i\u1ec7n<\/td>\n<td class=\"column-2\">AC220V\u00a0\/ 3.0KW<\/td>\n<\/tr>\n<tr class=\"row-18 even\">\n<td class=\"column-1\">D\u1eef li\u1ec7u \u0111\u1ea7u ra<\/td>\n<td class=\"column-2\">Nhi\u1ec7t \u0111\u1ed9 d\u00f2ng \u0111i\u1ec7n v\u00e0 \u0111i\u1ec7n \u00e1p c\u00f3 th\u1ec3 \u0111\u01b0\u1ee3c ghi l\u1ea1i b\u1eb1ng m\u00e0n h\u00ecnh giao di\u1ec7n. D\u1eef li\u1ec7u th\u1eed nghi\u1ec7m c\u00f3 th\u1ec3 \u0111\u01b0\u1ee3c xu\u1ea5t tr\u1ef1c ti\u1ebfp b\u1eb1ng \u1ed5 \u0111\u0129a flash USB<\/td>\n<\/tr>\n<tr class=\"row-19 odd\">\n<td class=\"column-1\">H\u1ec7 th\u1ed1ng an ninh<\/td>\n<td class=\"column-2\">Thi\u1ebft b\u1ecb gi\u1ea3m \u00e1p ch\u1ed1ng n\u1ed5, thi\u1ebft b\u1ecb x\u1ea3 kh\u00f3i, h\u1ec7 th\u1ed1ng ch\u1eefa ch\u00e1y, h\u1ec7 th\u1ed1ng kh\u00f3a c\u1eeda \u0111i\u1ec7n t\u1eed, c\u00f4ng t\u1eafc d\u1eebng an to\u00e0n<\/td>\n<\/tr>\n<tr class=\"row-20 even\">\n<td class=\"column-1\">T\u00f9y ch\u1ecdn<\/td>\n<td class=\"column-2\">H\u1ec7 th\u1ed1ng thu th\u1eadp nhi\u1ec7t \u0111\u1ed9, h\u1ec7 th\u1ed1ng thu th\u1eadp \u0111i\u1ec7n \u00e1p, h\u1ec7 th\u1ed1ng gi\u00e1m s\u00e1t video<\/td>\n<\/tr>\n<\/tbody>\n<\/table>\n<\/div>\n<\/div>\n","protected":false},"excerpt":{"rendered":"<p>Bu\u1ed3ng th\u1eed nghi\u1ec7m ng\u1eafn m\u1ea1ch pin \u0111i\u1ec1u khi\u1ec3n nhi\u1ec7t \u0111\u1ed9 \u0111\u01b0\u1ee3c thi\u1ebft k\u1ebf \u0111\u1ec3 tu\u00e2n th\u1ee7 ti\u00eau chu\u1ea9n. Theo y\u00eau c\u1ea7u th\u1eed nghi\u1ec7m ng\u1eafn m\u1ea1ch, ng\u1eafn m\u1ea1ch ph\u1ea3i nh\u1ecf h\u01a1n 5 m\u03a9 \u0111\u1ec3 \u0111\u1ea1t \u0111\u01b0\u1ee3c d\u00f2ng \u0111i\u1ec7n t\u1ed1i \u0111a.<\/p>\n","protected":false},"featured_media":20456,"comment_status":"closed","ping_status":"closed","template":"","meta":[],"product_brand":[],"product_cat":[63,68,71,73],"product_tag":[],"class_list":{"0":"post-20455","1":"product","2":"type-product","3":"status-publish","4":"has-post-thumbnail","6":"product_cat-buong-thu-nghiem-pin","7":"product_cat-iec-62133","8":"product_cat-ul-1642","9":"product_cat-un-38-3","11":"first","12":"instock","13":"shipping-taxable","14":"product-type-simple"},"acf":[],"_links":{"self":[{"href":"https:\/\/dgbellvietnam.com\/en\/wp-json\/wp\/v2\/product\/20455","targetHints":{"allow":["GET"]}}],"collection":[{"href":"https:\/\/dgbellvietnam.com\/en\/wp-json\/wp\/v2\/product"}],"about":[{"href":"https:\/\/dgbellvietnam.com\/en\/wp-json\/wp\/v2\/types\/product"}],"replies":[{"embeddable":true,"href":"https:\/\/dgbellvietnam.com\/en\/wp-json\/wp\/v2\/comments?post=20455"}],"wp:featuredmedia":[{"embeddable":true,"href":"https:\/\/dgbellvietnam.com\/en\/wp-json\/wp\/v2\/media\/20456"}],"wp:attachment":[{"href":"https:\/\/dgbellvietnam.com\/en\/wp-json\/wp\/v2\/media?parent=20455"}],"wp:term":[{"taxonomy":"product_brand","embeddable":true,"href":"https:\/\/dgbellvietnam.com\/en\/wp-json\/wp\/v2\/product_brand?post=20455"},{"taxonomy":"product_cat","embeddable":true,"href":"https:\/\/dgbellvietnam.com\/en\/wp-json\/wp\/v2\/product_cat?post=20455"},{"taxonomy":"product_tag","embeddable":true,"href":"https:\/\/dgbellvietnam.com\/en\/wp-json\/wp\/v2\/product_tag?post=20455"}],"curies":[{"name":"wp","href":"https:\/\/api.w.org\/{rel}","templated":true}]}}