{"id":20453,"date":"2024-05-27T22:16:04","date_gmt":"2024-05-27T22:16:04","guid":{"rendered":"http:\/\/dgbellvietnam.com\/san-pham\/altitude-simulation-test-chamber\/"},"modified":"2024-09-12T11:40:07","modified_gmt":"2024-09-12T04:40:07","slug":"altitude-simulation-test-chamber","status":"publish","type":"product","link":"https:\/\/dgbellvietnam.com\/en\/san-pham\/altitude-simulation-test-chamber\/","title":{"rendered":"Bu\u1ed3ng th\u1eed nghi\u1ec7m m\u00f4 ph\u1ecfng \u0111\u1ed9 cao"},"content":{"rendered":"<div id=\"tab-description\" class=\"woocommerce-Tabs-panel woocommerce-Tabs-panel--description panel entry-content active\" role=\"tabpanel\" aria-labelledby=\"tab-title-description\">\n<h2><strong>Ti\u00eau chu\u1ea9n<\/strong><\/h2>\n<ul>\n<li>IEC 62133-2017<\/li>\n<li>UL 1642<\/li>\n<li>UN 38.3<\/li>\n<\/ul>\n<h2><strong>Th\u00f4ng s\u1ed1 k\u1ef9 thu\u1eadt<\/strong><\/h2>\n<div id=\"tablepress-5-scroll-wrapper\" class=\"tablepress-scroll-wrapper\">\n<table id=\"tablepress-5\" class=\"tablepress tablepress-id-5 tablepress-responsive\">\n<thead>\n<tr class=\"row-1 odd\">\n<th class=\"column-1\">M\u1eabu<\/th>\n<th class=\"column-2\">BE-8104<\/th>\n<\/tr>\n<\/thead>\n<tbody class=\"row-hover\">\n<tr class=\"row-2 even\">\n<td class=\"column-1\">C\u1ea5u tr\u00fac<\/td>\n<td class=\"column-2\">C\u1ea5u tr\u00fac t\u1ea5t c\u1ea3 trong m\u1ed9t, c\u1eeda c\u00f3 kh\u00f3a ch\u1ed1ng ch\u00e1y n\u1ed5 v\u00e0 x\u00edch ch\u1ed1ng ch\u00e1y n\u1ed5<\/td>\n<\/tr>\n<tr class=\"row-3 odd\">\n<td class=\"column-1\">D\u1ea3i nhi\u1ec7t \u0111\u1ed9<\/td>\n<td class=\"column-2\">Nhi\u1ec7t \u0111\u1ed9 ph\u00f2ng<\/td>\n<\/tr>\n<tr class=\"row-4 even\">\n<td class=\"column-1\">Ch\u1ebf \u0111\u1ed9 hi\u1ec3n th\u1ecb<\/td>\n<td class=\"column-2\">M\u00e0n h\u00ecnh c\u1ea3m \u1ee9ng PLC (m\u00e0n h\u00ecnh c\u1ea3m \u1ee9ng 7 inch) + \u0111i\u1ec1u khi\u1ec3n t\u1eeb xa<\/td>\n<\/tr>\n<tr class=\"row-5 odd\">\n<td class=\"column-1\">\u0110\u01a1n v\u1ecb<\/td>\n<td class=\"column-2\">Kpa<\/td>\n<\/tr>\n<tr class=\"row-6 even\">\n<td class=\"column-1\">K\u00edch th\u01b0\u1edbc bu\u1ed3ng b\u00ean trong<\/td>\n<td class=\"column-2\">W600xD600xH600 mm<\/td>\n<\/tr>\n<tr class=\"row-7 odd\">\n<td class=\"column-1\">K\u00edch th\u01b0\u1edbc bu\u1ed3ng b\u00ean ngo\u00e0i<\/td>\n<td class=\"column-2\">W940xD780xH1620 mm<\/td>\n<\/tr>\n<tr class=\"row-8 even\">\n<td class=\"column-1\">V\u1eadt li\u1ec7u bu\u1ed3ng b\u00ean trong<\/td>\n<td class=\"column-2\">Th\u00e9p gia c\u01b0\u1eddng + th\u00e9p kh\u00f4ng g\u1ec9 (\u0111\u1ed9 d\u00e0y 6,0mm)<\/td>\n<\/tr>\n<tr class=\"row-9 odd\">\n<td class=\"column-1\">V\u1eadt li\u1ec7u bu\u1ed3ng b\u00ean ngo\u00e0i<\/td>\n<td class=\"column-2\">T\u1ea5m th\u00e9p SECC, L\u1edbp ph\u1ee7 s\u01a1n b\u1ed9t m\u1ecbn (\u0111\u1ed9 d\u00e0y 1,5mm)<\/td>\n<\/tr>\n<tr class=\"row-10 even\">\n<td class=\"column-1\">D\u1ea3i th\u1eddi gian<\/td>\n<td class=\"column-2\">99H 59M 59S<\/td>\n<\/tr>\n<tr class=\"row-11 odd\">\n<td class=\"column-1\">C\u1eeda s\u1ed5 quan s\u00e1t<\/td>\n<td class=\"column-2\">390 X 360mm (k\u00ednh c\u01b0\u1eddng l\u1ef1c d\u00e0y 20mm c\u00f3 m\u00e0ng ch\u1ed1ng ch\u00e1y n\u1ed5)<\/td>\n<\/tr>\n<tr class=\"row-12 even\">\n<td class=\"column-1\">\u00c1p su\u1ea5t kh\u00f4ng kh\u00ed<\/td>\n<td class=\"column-2\">\u00c1p su\u1ea5t b\u00ecnh th\u01b0\u1eddng ~5Kpa (C\u00f3 th\u1ec3 \u0111i\u1ec1u ch\u1ec9nh)<\/td>\n<\/tr>\n<tr class=\"row-13 odd\">\n<td class=\"column-1\">Ch\u1ebf \u0111\u1ed9 \u0111i\u1ec1u khi\u1ec3n<\/td>\n<td class=\"column-2\">M\u00e0n h\u00ecnh c\u1ea3m \u1ee9ng PLC + \u0111i\u1ec1u khi\u1ec3n t\u1eeb xa<\/td>\n<\/tr>\n<tr class=\"row-14 even\">\n<td class=\"column-1\">Ngu\u1ed3n \u0111i\u1ec7n<\/td>\n<td class=\"column-2\">AC 220V\u00a0\/\u00a050HZ\u00a0\/ 1KW<\/td>\n<\/tr>\n<tr class=\"row-15 odd\">\n<td class=\"column-1\">Giao di\u1ec7n USB<\/td>\n<td class=\"column-2\">V\u1edbi giao di\u1ec7n USB, d\u1eef li\u1ec7u th\u1eed nghi\u1ec7m c\u00f3 th\u1ec3 \u0111\u01b0\u1ee3c xu\u1ea5t ra<\/td>\n<\/tr>\n<tr class=\"row-16 even\">\n<td class=\"column-1\">T\u00f9y ch\u1ecdn<\/td>\n<td class=\"column-2\">H\u1ec7 th\u1ed1ng gi\u00e1m s\u00e1t video, thi\u1ebft b\u1ecb \u0111\u1ea7u cu\u1ed1i<\/td>\n<\/tr>\n<\/tbody>\n<\/table>\n<\/div>\n<\/div>\n","protected":false},"excerpt":{"rendered":"<p>Bu\u1ed3ng th\u1eed nghi\u1ec7m m\u00f4 ph\u1ecfng \u0111\u1ed9 cao c\u1ee7a DGBell ph\u00f9 h\u1ee3p cho th\u1eed nghi\u1ec7m m\u00f4 ph\u1ecfng \u00e1p su\u1ea5t th\u1ea5p c\u1ee7a pin (\u1edf \u0111\u1ed9 cao l\u1edbn) v\u00e0 t\u1ea5t c\u1ea3 c\u00e1c m\u1eabu th\u1eed nghi\u1ec7m \u0111\u1ec1u \u1edf m\u1ee9c 11,6KPa. \u0110\u1ec3 th\u1eed nghi\u1ec7m xem pin c\u00f3 ph\u00e1t n\u1ed5, b\u1eaft l\u1eeda hay r\u00f2 r\u1ec9 ch\u1ea5t l\u1ecfng kh\u00f4ng.<\/p>\n","protected":false},"featured_media":20454,"comment_status":"closed","ping_status":"closed","template":"","meta":[],"product_brand":[],"product_cat":[63,71,73],"product_tag":[],"class_list":{"0":"post-20453","1":"product","2":"type-product","3":"status-publish","4":"has-post-thumbnail","6":"product_cat-buong-thu-nghiem-pin","7":"product_cat-ul-1642","8":"product_cat-un-38-3","10":"first","11":"instock","12":"shipping-taxable","13":"product-type-simple"},"acf":[],"_links":{"self":[{"href":"https:\/\/dgbellvietnam.com\/en\/wp-json\/wp\/v2\/product\/20453","targetHints":{"allow":["GET"]}}],"collection":[{"href":"https:\/\/dgbellvietnam.com\/en\/wp-json\/wp\/v2\/product"}],"about":[{"href":"https:\/\/dgbellvietnam.com\/en\/wp-json\/wp\/v2\/types\/product"}],"replies":[{"embeddable":true,"href":"https:\/\/dgbellvietnam.com\/en\/wp-json\/wp\/v2\/comments?post=20453"}],"wp:featuredmedia":[{"embeddable":true,"href":"https:\/\/dgbellvietnam.com\/en\/wp-json\/wp\/v2\/media\/20454"}],"wp:attachment":[{"href":"https:\/\/dgbellvietnam.com\/en\/wp-json\/wp\/v2\/media?parent=20453"}],"wp:term":[{"taxonomy":"product_brand","embeddable":true,"href":"https:\/\/dgbellvietnam.com\/en\/wp-json\/wp\/v2\/product_brand?post=20453"},{"taxonomy":"product_cat","embeddable":true,"href":"https:\/\/dgbellvietnam.com\/en\/wp-json\/wp\/v2\/product_cat?post=20453"},{"taxonomy":"product_tag","embeddable":true,"href":"https:\/\/dgbellvietnam.com\/en\/wp-json\/wp\/v2\/product_tag?post=20453"}],"curies":[{"name":"wp","href":"https:\/\/api.w.org\/{rel}","templated":true}]}}