{"id":20451,"date":"2024-05-27T22:15:58","date_gmt":"2024-05-27T22:15:58","guid":{"rendered":"http:\/\/dgbellvietnam.com\/san-pham\/battery-crush-test-chamber\/"},"modified":"2024-08-09T14:30:11","modified_gmt":"2024-08-09T07:30:11","slug":"battery-crush-test-chamber","status":"publish","type":"product","link":"https:\/\/dgbellvietnam.com\/en\/san-pham\/battery-crush-test-chamber\/","title":{"rendered":"Bu\u1ed3ng th\u1eed nghi\u1ec7m nghi\u1ec1n pin"},"content":{"rendered":"<div id=\"tab-description\" class=\"woocommerce-Tabs-panel woocommerce-Tabs-panel--description panel entry-content active\" role=\"tabpanel\" aria-labelledby=\"tab-title-description\">\n<p><b>\u1ee8ng d\u1ee5ng<\/b><\/p>\n<p>\u0110\u00e2y l\u00e0 thi\u1ebft b\u1ecb \u0111\u1ec3 th\u1eed nghi\u1ec7m nghi\u1ec1n pin. N\u00f3 m\u00f4 ph\u1ecfng c\u00e1c \u0111i\u1ec1u ki\u1ec7n nghi\u1ec1n pin v\u00e0 hi\u1ec3n th\u1ecb k\u1ebft qu\u1ea3 tr\u00ean m\u00e0n h\u00ecnh. Bu\u1ed3ng th\u1eed \u0111\u01b0\u1ee3c g\u1eafn c\u00e1c thi\u1ebft b\u1ecb an to\u00e0n nh\u01b0 thi\u1ebft b\u1ecb gi\u1ea3m \u00e1p ch\u1ed1ng ch\u00e1y n\u1ed5, thi\u1ebft b\u1ecb x\u1ea3 kh\u00f3i, x\u00edch ch\u1ed1ng ch\u00e1y n\u1ed5. Bu\u1ed3ng th\u1eed n\u00e0y l\u00e0 thi\u1ebft b\u1ecb th\u1eed nghi\u1ec7m b\u1eaft bu\u1ed9c ph\u1ea3i c\u00f3 \u0111\u1ed1i v\u1edbi c\u00e1c nh\u00e0 s\u1ea3n xu\u1ea5t v\u00e0 nh\u00e0 nghi\u00ean c\u1ee9u pin.<\/p>\n<p><strong>Ti\u00eau chu\u1ea9n<\/strong><\/p>\n<ul>\n<li><span style=\"vertical-align: inherit;\"><span style=\"vertical-align: inherit;\">IEC 62133-2017<\/span><\/span><\/li>\n<li><span style=\"vertical-align: inherit;\"><span style=\"vertical-align: inherit;\">UL 1642<\/span><\/span><\/li>\n<li><span style=\"vertical-align: inherit;\"><span style=\"vertical-align: inherit;\">UN 38.3<\/span><\/span><\/li>\n<\/ul>\n<p><strong><b>Th\u00f4ng s\u1ed1 k\u1ef9 thu\u1eadt<\/b><\/strong><\/p>\n<div id=\"tablepress-4-scroll-wrapper\" class=\"tablepress-scroll-wrapper\">\n<table id=\"tablepress-4\" class=\"tablepress tablepress-id-4 tablepress-responsive\">\n<thead>\n<tr class=\"row-1 odd\">\n<th class=\"column-1\">M\u1eabu<\/th>\n<th class=\"column-2\">BE-8101<\/th>\n<\/tr>\n<\/thead>\n<tbody class=\"row-hover\">\n<tr class=\"row-2 even\">\n<td class=\"column-1\">Max.\u00a0Pressure<\/td>\n<td class=\"column-2\">1KN-20KN\u00a0(Can be\u00a0customized according to requirements)<\/td>\n<\/tr>\n<tr class=\"row-3 odd\">\n<td class=\"column-1\">Piston\u00a0Diameter<\/td>\n<td class=\"column-2\">32mm<\/td>\n<\/tr>\n<tr class=\"row-4 even\">\n<td class=\"column-1\">Driving\u00a0Mode<\/td>\n<td class=\"column-2\">Hydraulic\u00a0Press<\/td>\n<\/tr>\n<tr class=\"row-5 odd\">\n<td class=\"column-1\">Unit\u00a0Conversion<\/td>\n<td class=\"column-2\">Kg\/N\/Lb<\/td>\n<\/tr>\n<tr class=\"row-6 even\">\n<td class=\"column-1\">Crush Range<\/td>\n<td class=\"column-2\">0~300MM<\/td>\n<\/tr>\n<tr class=\"row-7 odd\">\n<td class=\"column-1\">Extrusion\u00a0Accuracy<\/td>\n<td class=\"column-2\">\u00b11%<\/td>\n<\/tr>\n<tr class=\"row-8 even\">\n<td class=\"column-1\">Extrusion\u00a0Remaining\u00a0Time<\/td>\n<td class=\"column-2\">0~99\u00a0hours\u00a099\u00a0mins\u00a099 secs<\/td>\n<\/tr>\n<tr class=\"row-9 odd\">\n<td class=\"column-1\">Controlling\u00a0Mode<\/td>\n<td class=\"column-2\">PLC touch screen control system (7-inch touch screen) + remote control<\/td>\n<\/tr>\n<tr class=\"row-10 even\">\n<td class=\"column-1\">Testing\u00a0Space<\/td>\n<td class=\"column-2\">W500xD300xH300 mm<\/td>\n<\/tr>\n<tr class=\"row-11 odd\">\n<td class=\"column-1\">Overall\u00a0Dimension<\/td>\n<td class=\"column-2\">W940xD780xH1620 mm<\/td>\n<\/tr>\n<tr class=\"row-12 even\">\n<td class=\"column-1\">Observation Window<\/td>\n<td class=\"column-2\">390 X 360mm\u00a0(20mm thick tempered glass with explosion-proof grid)<\/td>\n<\/tr>\n<tr class=\"row-13 odd\">\n<td class=\"column-1\">Power Supply<\/td>\n<td class=\"column-2\">AC 380V\u00a0\/\u00a050HZ\u00a0\/ 2.0KW<\/td>\n<\/tr>\n<tr class=\"row-14 even\">\n<td class=\"column-1\">USB\u00a0Interface<\/td>\n<td class=\"column-2\">With USB interface,\u00a0the\u00a0test data\u00a0can be output<\/td>\n<\/tr>\n<tr class=\"row-15 odd\">\n<td class=\"column-1\">Auxiliary\u00a0Function<\/td>\n<td class=\"column-2\">Explosion-proof pressure relief device,\u00a0Smoke exhaust device,\u00a0Explosion-proof chain<\/td>\n<\/tr>\n<tr class=\"row-16 even\">\n<td class=\"column-1\">Options<\/td>\n<td class=\"column-2\">Video monitoring system,\u00a0Temperature,\u00a0Voltage acquisition system, Fire extinguishing system<\/td>\n<\/tr>\n<\/tbody>\n<\/table>\n<p>&nbsp;<\/p>\n<\/div>\n<\/div>\n","protected":false},"excerpt":{"rendered":"<p>\u0110\u00e2y l\u00e0 thi\u1ebft b\u1ecb \u0111\u1ec3 th\u1eed nghi\u1ec7m nghi\u1ec1n pin. N\u00f3 m\u00f4 ph\u1ecfng c\u00e1c \u0111i\u1ec1u ki\u1ec7n nghi\u1ec1n pin v\u00e0 hi\u1ec3n th\u1ecb k\u1ebft qu\u1ea3 tr\u00ean m\u00e0n h\u00ecnh.<\/p>\n","protected":false},"featured_media":20452,"comment_status":"closed","ping_status":"closed","template":"","meta":[],"product_brand":[],"product_cat":[63,68,71,73],"product_tag":[],"class_list":{"0":"post-20451","1":"product","2":"type-product","3":"status-publish","4":"has-post-thumbnail","6":"product_cat-buong-thu-nghiem-pin","7":"product_cat-iec-62133","8":"product_cat-ul-1642","9":"product_cat-un-38-3","11":"first","12":"instock","13":"shipping-taxable","14":"product-type-simple"},"acf":[],"_links":{"self":[{"href":"https:\/\/dgbellvietnam.com\/en\/wp-json\/wp\/v2\/product\/20451","targetHints":{"allow":["GET"]}}],"collection":[{"href":"https:\/\/dgbellvietnam.com\/en\/wp-json\/wp\/v2\/product"}],"about":[{"href":"https:\/\/dgbellvietnam.com\/en\/wp-json\/wp\/v2\/types\/product"}],"replies":[{"embeddable":true,"href":"https:\/\/dgbellvietnam.com\/en\/wp-json\/wp\/v2\/comments?post=20451"}],"wp:featuredmedia":[{"embeddable":true,"href":"https:\/\/dgbellvietnam.com\/en\/wp-json\/wp\/v2\/media\/20452"}],"wp:attachment":[{"href":"https:\/\/dgbellvietnam.com\/en\/wp-json\/wp\/v2\/media?parent=20451"}],"wp:term":[{"taxonomy":"product_brand","embeddable":true,"href":"https:\/\/dgbellvietnam.com\/en\/wp-json\/wp\/v2\/product_brand?post=20451"},{"taxonomy":"product_cat","embeddable":true,"href":"https:\/\/dgbellvietnam.com\/en\/wp-json\/wp\/v2\/product_cat?post=20451"},{"taxonomy":"product_tag","embeddable":true,"href":"https:\/\/dgbellvietnam.com\/en\/wp-json\/wp\/v2\/product_tag?post=20451"}],"curies":[{"name":"wp","href":"https:\/\/api.w.org\/{rel}","templated":true}]}}