{"id":20449,"date":"2024-05-27T22:15:52","date_gmt":"2024-05-27T22:15:52","guid":{"rendered":"http:\/\/dgbellvietnam.com\/san-pham\/servo-computer-battery-crush-test-chamber\/"},"modified":"2024-09-12T11:34:41","modified_gmt":"2024-09-12T04:34:41","slug":"servo-computer-battery-crush-test-chamber","status":"publish","type":"product","link":"https:\/\/dgbellvietnam.com\/en\/san-pham\/servo-computer-battery-crush-test-chamber\/","title":{"rendered":"Bu\u1ed3ng th\u1eed nghi\u1ec7m \u00e9p pin m\u00e1y t\u00ednh Servo"},"content":{"rendered":"<div id=\"tab-description\" class=\"woocommerce-Tabs-panel woocommerce-Tabs-panel--description panel entry-content active\" role=\"tabpanel\" aria-labelledby=\"tab-title-description\">\n<p><strong>\u1ee8ng d\u1ee5ng<\/strong>: Th\u1eed nghi\u1ec7m \u00e9p \u0111\u01a1n cell pin (xi lanh, t\u00fai, cell h\u00ecnh l\u0103ng tr\u1ee5,&#8230;)<\/p>\n<p><strong>Jig \u00e9p<\/strong>: N\u1eeda xi lanh, b\u00e1n c\u1ea7u (Theo ti\u00eau chu\u1ea9n th\u1eed nghi\u1ec7m)<\/p>\n<h2>T\u00ednh n\u0103ng ch\u00ednh<\/h2>\n<ul>\n<li>\u0110\u01b0\u1ee3c \u0111i\u1ec1u khi\u1ec3n b\u1edfi \u0110\u1ed9ng c\u01a1 Servo Panasonic, \u0111\u1ed9 ch\u00ednh x\u00e1c cao.<\/li>\n<li>C\u00f3 th\u1ec3 th\u1ef1c hi\u1ec7n theo b\u1ea5t k\u1ef3 L\u1ef1c, Bi\u1ebfn d\u1ea1ng v\u00e0 \u0110i\u1ec7n \u00e1p n\u00e0o ho\u1eb7c k\u1ebft h\u1ee3p 3 y\u1ebfu t\u1ed1 n\u00e0y v\u1edbi nhau.<\/li>\n<\/ul>\n<h2><strong>Ti\u00eau chu\u1ea9n<\/strong><\/h2>\n<ul>\n<li>IEC 62133-2017<\/li>\n<li>UL 1642<\/li>\n<li>UN 38.3<\/li>\n<li>GB 31241<\/li>\n<\/ul>\n<h2><strong>Th\u00f4ng s\u1ed1 k\u1ef9 thu\u1eadt<\/strong><\/h2>\n<div id=\"tablepress-3-scroll-wrapper\" class=\"tablepress-scroll-wrapper\">\n<table id=\"tablepress-3\" class=\"tablepress tablepress-id-3 tablepress-responsive\">\n<thead>\n<tr class=\"row-1 odd\">\n<th class=\"column-1\">M\u1eabu<\/th>\n<th class=\"column-2\">BE-6045D-2T<\/th>\n<th class=\"column-3\">BE-6045D-5T<\/th>\n<\/tr>\n<\/thead>\n<tbody class=\"row-hover\">\n<tr class=\"row-2 even\">\n<td class=\"column-1\">Ph\u1ea1m vi \u00e1p su\u1ea5t<\/td>\n<td class=\"column-2\">2-20KN<\/td>\n<td class=\"column-3\">2-50KN<\/td>\n<\/tr>\n<tr class=\"row-3 odd\">\n<td class=\"column-1\">T\u1ed1c \u0111\u1ed9 \u00e9p<\/td>\n<td class=\"column-2\" colspan=\"2\">T\u1ed1c \u0111\u1ed9 \u00e9p c\u00f3 th\u1ec3 \u0111i\u1ec1u ch\u1ec9nh \u0111\u01b0\u1ee3c. T\u1ed1c \u0111\u1ed9 c\u1ee7a \u0111i\u1ec3m ti\u1ebfp x\u00fac \u0111\u1ea7u ti\u00ean trong qu\u00e1 tr\u00ecnh \u00e9p c\u00f3 th\u1ec3 \u0111\u01b0\u1ee3c \u0111\u1eb7t th\u00e0nh 1,5cm\/gi\u00e2y; Ph\u1ea1m vi t\u1ed1c \u0111\u1ed9 c\u1ee7a qu\u00e1 tr\u00ecnh th\u1eed nghi\u1ec7m l\u00e0 0,01~900mm\/ph\u00fat \/ 0,01~1,5cm\/gi\u00e2y (C\u00f3 th\u1ec3 \u0111i\u1ec1u ch\u1ec9nh)<\/td>\n<\/tr>\n<tr class=\"row-4 even\">\n<td class=\"column-1\">Ph\u01b0\u01a1ng ph\u00e1p truy\u1ec1n \u0111\u1ed9ng<\/td>\n<td class=\"column-2\" colspan=\"2\">Truy\u1ec1n \u0111\u1ed9ng Servo \u0111i\u1ec7n<\/td>\n<\/tr>\n<tr class=\"row-5 odd\">\n<td class=\"column-1\">Chuy\u1ec3n \u0111\u1ed5i \u0111\u01a1n v\u1ecb<\/td>\n<td class=\"column-2\" colspan=\"2\">Kg\/N\/Lb<\/td>\n<\/tr>\n<tr class=\"row-6 even\">\n<td class=\"column-1\">Ph\u1ea1m vi \u00e9p<\/td>\n<td class=\"column-2\" colspan=\"2\">0~300MM<\/td>\n<\/tr>\n<tr class=\"row-7 odd\">\n<td class=\"column-1\">\u0110\u1ed9 ch\u00ednh x\u00e1c \u00e9p<\/td>\n<td class=\"column-2\" colspan=\"2\">\u00b10.5%<\/td>\n<\/tr>\n<tr class=\"row-8 even\">\n<td class=\"column-1\">Th\u1eddi gian \u00e9p c\u00f2n l\u1ea1i<\/td>\n<td class=\"column-2\" colspan=\"2\">0~99 gi\u1edd 99 ph\u00fat 99 gi\u00e2y<\/td>\n<\/tr>\n<tr class=\"row-9 odd\">\n<td class=\"column-1\">Ch\u1ebf \u0111\u1ed9 \u0111i\u1ec1u khi\u1ec3n<\/td>\n<td class=\"column-2\" colspan=\"2\">Ki\u1ec3u t\u00e1ch, \u0111i\u1ec1u khi\u1ec3n b\u1eb1ng m\u00e1y t\u00ednh<\/td>\n<\/tr>\n<tr class=\"row-10 even\">\n<td class=\"column-1\">\u0110i\u1ec7n \u00e1p ch\u00ednh<\/td>\n<td class=\"column-2\" colspan=\"2\">1 k\u00eanh (\u0111i\u1ec1u khi\u1ec3n qua giao di\u1ec7n ph\u1ea7n m\u1ec1m)<\/td>\n<\/tr>\n<tr class=\"row-11 odd\">\n<td class=\"column-1\">Kh\u00f4ng gian th\u1eed nghi\u1ec7m<\/td>\n<td class=\"column-2\" colspan=\"2\">\u2265 W300*D300*H300mm<\/td>\n<\/tr>\n<tr class=\"row-12 even\">\n<td class=\"column-1\">K\u00edch th\u01b0\u1edbc t\u1ed5ng th\u1ec3<\/td>\n<td class=\"column-2\" colspan=\"2\">W1200 X\u00a0D1100\u00a0X\u00a0H1800\u00a0mm<\/td>\n<\/tr>\n<tr class=\"row-13 odd\">\n<td class=\"column-1\">C\u1eeda s\u1ed5 quan s\u00e1t<\/td>\n<td class=\"column-2\" colspan=\"2\">K\u00ednh ch\u1ed1ng ch\u00e1y n\u1ed5 nhi\u1ec1u l\u1edbp 300*300mm c\u00f3 m\u00e0ng ch\u1ed1ng ch\u00e1y n\u1ed5<\/td>\n<\/tr>\n<tr class=\"row-14 even\">\n<td class=\"column-1\">Ngu\u1ed3n \u0111i\u1ec7n<\/td>\n<td class=\"column-2\" colspan=\"2\">AC 220V 50HZ<\/td>\n<\/tr>\n<tr class=\"row-15 odd\">\n<td class=\"column-1\"><\/td>\n<td class=\"column-2\" colspan=\"2\">Ph\u1ea7n m\u1ec1m \u0111i\u1ec1u khi\u1ec3n ch\u00ednh c\u00f3 th\u1ec3 \u0111\u1ed3ng th\u1eddi thu th\u1eadp l\u1ef1c, \u0111\u1ed9 d\u1ecbch chuy\u1ec3n v\u00e0 thay \u0111\u1ed5i \u0111i\u1ec7n \u00e1p trong qu\u00e1 tr\u00ecnh \u00e9p v\u00e0 th\u1ef1c hi\u1ec7n \u0111i\u1ec1u khi\u1ec3n ch\u01b0\u01a1ng tr\u00ecnh t\u01b0\u01a1ng \u1ee9ng theo y\u00eau c\u1ea7u ti\u00eau chu\u1ea9n th\u1eed nghi\u1ec7m.<\/td>\n<\/tr>\n<tr class=\"row-16 even\">\n<td class=\"column-1\">\u0110i\u1ec1u ki\u1ec7n th\u1eed nghi\u1ec7m<\/td>\n<td class=\"column-2\" colspan=\"2\"><\/td>\n<\/tr>\n<tr class=\"row-17 odd\">\n<td class=\"column-1\">Giao ti\u1ebfp<\/td>\n<td class=\"column-2\" colspan=\"2\">S\u1eed d\u1ee5ng giao di\u1ec7n giao ti\u1ebfp R232, 485, \u0111\u1ea3m b\u1ea3o t\u00ednh \u1ed5n \u0111\u1ecbnh v\u00e0 th\u1eddi gian th\u1ef1c c\u1ee7a vi\u1ec7c thu th\u1eadp t\u1eeb xa, v\u1edbi ch\u1ee9c n\u0103ng ch\u1ed1ng ch\u00e1y n\u1ed5<\/td>\n<\/tr>\n<tr class=\"row-18 even\">\n<td class=\"column-1\">H\u1ec7 th\u1ed1ng thu th\u1eadp \u0111i\u1ec7n \u00e1p (T\u00f9y ch\u1ecdn)<\/td>\n<td class=\"column-2\" colspan=\"2\">\u0110\u1ed9 ph\u00e2n gi\u1ea3i: 5mv<\/td>\n<\/tr>\n<tr class=\"row-19 odd\">\n<td class=\"column-1\"><\/td>\n<td class=\"column-2\" colspan=\"2\">Ph\u1ea1m vi thu th\u1eadp: 0-60V<\/td>\n<\/tr>\n<tr class=\"row-20 even\">\n<td class=\"column-1\"><\/td>\n<td class=\"column-2\" colspan=\"2\">K\u00eanh thu th\u1eadp: 2 (nhi\u1ec1u k\u00eanh c\u00f3 th\u1ec3 t\u00f9y ch\u1ec9nh theo y\u00eau c\u1ea7u)<\/td>\n<\/tr>\n<tr class=\"row-21 odd\">\n<td class=\"column-1\">H\u1ec7 th\u1ed1ng thu th\u1eadp nhi\u1ec7t \u0111\u1ed9 (T\u00f9y ch\u1ecdn)<\/td>\n<td class=\"column-2\" colspan=\"2\">\u0110\u1ed9 ph\u00e2n gi\u1ea3i: 0.1\u00b0C<\/td>\n<\/tr>\n<tr class=\"row-22 even\">\n<td class=\"column-1\"><\/td>\n<td class=\"column-2\" colspan=\"2\">Ph\u1ea1m vi thu th\u1eadp: 0-1200\u00b0C<\/td>\n<\/tr>\n<tr class=\"row-23 odd\">\n<td class=\"column-1\"><\/td>\n<td class=\"column-2\" colspan=\"2\">K\u00eanh thu th\u1eadp: 2 (nhi\u1ec1u k\u00eanh c\u00f3 th\u1ec3 t\u00f9y ch\u1ec9nh theo y\u00eau c\u1ea7u)<\/td>\n<\/tr>\n<tr class=\"row-24 even\">\n<td class=\"column-1\">Thi\u1ebft b\u1ecb b\u1ea3o v\u1ec7 an to\u00e0n<\/td>\n<td class=\"column-2\" colspan=\"2\">Thi\u1ebft b\u1ecb gi\u1ea3m \u00e1p ch\u1ed1ng ch\u00e1y n\u1ed5 t\u1ef1 \u0111\u1ed9ng, thi\u1ebft b\u1ecb x\u1ea3 kh\u00f3i, thi\u1ebft b\u1ecb ch\u1eefa ch\u00e1y, h\u1ec7 th\u1ed1ng gi\u00e1m s\u00e1t video, h\u1ec7 th\u1ed1ng kh\u00f3a c\u1eeda \u0111i\u1ec7n t\u1eed, c\u00f4ng t\u1eafc d\u1eebng an to\u00e0n<\/td>\n<\/tr>\n<\/tbody>\n<\/table>\n<\/div>\n<\/div>\n","protected":false},"excerpt":{"rendered":"<p class=\"ql-long-17989580\">Bu\u1ed3ng th\u1eed nghi\u1ec7m n\u00e9n pin m\u00e1y t\u00ednh Servo c\u1ee7a DGBELL m\u00f4 ph\u1ecfng t\u00ecnh hu\u1ed1ng m\u00e0 nhi\u1ec1u lo\u1ea1i pin lithium b\u1ecb n\u00e9n trong qu\u00e1 tr\u00ecnh s\u1eed d\u1ee5ng. Tr\u00ecnh b\u00e0y m\u1ed9t c\u00e1ch nh\u00e2n t\u1ea1o c\u00e1c \u0111i\u1ec1u ki\u1ec7n kh\u00e1c nhau c\u00f3 th\u1ec3 x\u1ea3y ra khi pin b\u1ecb n\u00e9n.<\/p>\n","protected":false},"featured_media":20450,"comment_status":"closed","ping_status":"closed","template":"","meta":[],"product_brand":[],"product_cat":[63,68,71,73],"product_tag":[],"class_list":{"0":"post-20449","1":"product","2":"type-product","3":"status-publish","4":"has-post-thumbnail","6":"product_cat-buong-thu-nghiem-pin","7":"product_cat-iec-62133","8":"product_cat-ul-1642","9":"product_cat-un-38-3","11":"first","12":"instock","13":"shipping-taxable","14":"product-type-simple"},"acf":[],"_links":{"self":[{"href":"https:\/\/dgbellvietnam.com\/en\/wp-json\/wp\/v2\/product\/20449","targetHints":{"allow":["GET"]}}],"collection":[{"href":"https:\/\/dgbellvietnam.com\/en\/wp-json\/wp\/v2\/product"}],"about":[{"href":"https:\/\/dgbellvietnam.com\/en\/wp-json\/wp\/v2\/types\/product"}],"replies":[{"embeddable":true,"href":"https:\/\/dgbellvietnam.com\/en\/wp-json\/wp\/v2\/comments?post=20449"}],"wp:featuredmedia":[{"embeddable":true,"href":"https:\/\/dgbellvietnam.com\/en\/wp-json\/wp\/v2\/media\/20450"}],"wp:attachment":[{"href":"https:\/\/dgbellvietnam.com\/en\/wp-json\/wp\/v2\/media?parent=20449"}],"wp:term":[{"taxonomy":"product_brand","embeddable":true,"href":"https:\/\/dgbellvietnam.com\/en\/wp-json\/wp\/v2\/product_brand?post=20449"},{"taxonomy":"product_cat","embeddable":true,"href":"https:\/\/dgbellvietnam.com\/en\/wp-json\/wp\/v2\/product_cat?post=20449"},{"taxonomy":"product_tag","embeddable":true,"href":"https:\/\/dgbellvietnam.com\/en\/wp-json\/wp\/v2\/product_tag?post=20449"}],"curies":[{"name":"wp","href":"https:\/\/api.w.org\/{rel}","templated":true}]}}