{"id":20447,"date":"2024-05-27T22:15:46","date_gmt":"2024-05-27T22:15:46","guid":{"rendered":"http:\/\/dgbellvietnam.com\/san-pham\/double-deck-burn-in-chamber-temperature-aging-test\/"},"modified":"2024-09-12T11:23:20","modified_gmt":"2024-09-12T04:23:20","slug":"double-deck-burn-in-chamber-temperature-aging-test","status":"publish","type":"product","link":"https:\/\/dgbellvietnam.com\/en\/san-pham\/double-deck-burn-in-chamber-temperature-aging-test\/","title":{"rendered":"Bu\u1ed3ng \u0111\u1ed1t hai t\u1ea7ng (Th\u1eed nghi\u1ec7m l\u00e3o h\u00f3a nhi\u1ec7t \u0111\u1ed9)"},"content":{"rendered":"<div id=\"tab-description\" class=\"woocommerce-Tabs-panel woocommerce-Tabs-panel--description panel entry-content active\" role=\"tabpanel\" aria-labelledby=\"tab-title-description\">\n<p><strong><b>Ti\u00eau chu\u1ea9n<\/b><\/strong><\/p>\n<ul>\n<li>IEC 60068-2-2:2007<\/li>\n<\/ul>\n<p><strong>Th\u00f4ng s\u1ed1 k\u1ef9 thu\u1eadt<\/strong><\/p>\n<div id=\"tablepress-1-scroll-wrapper\" class=\"tablepress-scroll-wrapper\">\n<table id=\"tablepress-1\" class=\"tablepress tablepress-id-1 tablepress-responsive\">\n<thead>\n<tr class=\"row-1 odd\">\n<th class=\"column-1\">M\u1eabu<\/th>\n<th class=\"column-2\">BTT-D2-216A<\/th>\n<th class=\"column-3\" colspan=\"2\">BTT-D2-360A<\/th>\n<\/tr>\n<\/thead>\n<tbody class=\"row-hover\">\n<tr class=\"row-2 even\">\n<td class=\"column-1\">K\u00edch th\u01b0\u1edbc b\u00ean trong c\u1ee7a t\u1ee7 \u0111\u01a1n<\/td>\n<td class=\"column-2\">W600 X D600 X H600 MM<\/td>\n<td class=\"column-3\" colspan=\"2\">W1000 X D600 X H600 MM<\/td>\n<\/tr>\n<tr class=\"row-3 odd\">\n<td class=\"column-1\">K\u00edch th\u01b0\u1edbc b\u00ean ngo\u00e0i<\/td>\n<td class=\"column-2\" colspan=\"3\">W1340*D1085*H1765mm<\/td>\n<\/tr>\n<tr class=\"row-4 even\">\n<td class=\"column-1\">Ch\u1ebf \u0111\u1ed9 c\u1ea5u tr\u00fac<\/td>\n<td class=\"column-2\" colspan=\"3\">M\u1ed9t c\u1ea5u tr\u00fac t\u00edch h\u1ee3p v\u1edbi t\u1ee7 tr\u00ean v\u00e0 t\u1ee7 d\u01b0\u1edbi.<\/td>\n<\/tr>\n<tr class=\"row-5 odd\">\n<td class=\"column-1\">D\u1ea3i nhi\u1ec7t<\/td>\n<td class=\"column-2\" colspan=\"3\">Nhi\u1ec7t \u0111\u1ed9 ph\u00f2ng +10\u2103-+150\u2103<\/td>\n<\/tr>\n<tr class=\"row-6 even\">\n<td class=\"column-1\">Bi\u1ebfn \u0111\u1ed9ng nhi\u1ec7t \u0111\u1ed9<\/td>\n<td class=\"column-2\" colspan=\"3\">\u00b10.3\u2103<\/td>\n<\/tr>\n<tr class=\"row-7 odd\">\n<td class=\"column-1\">Th\u1eddi gian gia nhi\u1ec7t<\/td>\n<td class=\"column-2\" colspan=\"3\">RT+10\uff5e+100\u00b0C trong kho\u1ea3ng 10 ph\u00fat<\/td>\n<\/tr>\n<tr class=\"row-8 even\">\n<td class=\"column-1\">\u0110\u1ed9 \u0111\u1ed3ng \u0111\u1ec1u nhi\u1ec7t \u0111\u1ed9<\/td>\n<td class=\"column-2\" colspan=\"3\">\u2264\u00b12\u2103 \uff08Kh\u00f4ng t\u1ea3i, tr\u1ea1ng th\u00e1i kh\u00f4ng \u0111\u1ed5i)<\/td>\n<\/tr>\n<tr class=\"row-9 odd\">\n<td class=\"column-1\">C\u1eeda s\u1ed5 quan s\u00e1t<\/td>\n<td class=\"column-2\" colspan=\"3\">K\u00ednh ch\u1ed1ng ch\u00e1y n\u1ed5 c\u00f3 m\u00e0ng ch\u1ed1ng ch\u00e1y n\u1ed5<\/td>\n<\/tr>\n<tr class=\"row-10 even\">\n<td class=\"column-1\">Ch\u1ebf \u0111\u1ed9 l\u00e0m m\u00e1t<\/td>\n<td class=\"column-2\" colspan=\"3\">L\u00e0m m\u00e1t b\u1eb1ng kh\u00f4ng kh\u00ed<\/td>\n<\/tr>\n<tr class=\"row-11 odd\">\n<td class=\"column-1\">Ch\u1ebf \u0111\u1ed9 \u0111i\u1ec1u khi\u1ec3n<\/td>\n<td class=\"column-2\" colspan=\"3\">PLC m\u00e0n h\u00ecnh c\u1ea3m \u1ee9ng \u0111i\u1ec1u khi\u1ec3n l\u1eadp tr\u00ecnh, v\u1edbi giao di\u1ec7n USB, giao di\u1ec7n RJ485 c\u00f3 th\u1ec3 k\u1ebft n\u1ed1i v\u1edbi \u0111i\u1ec1u khi\u1ec3n m\u00e1y t\u00ednh, ph\u1ea7n m\u1ec1m \u0111i\u1ec1u khi\u1ec3n m\u1ea1ng chuy\u00ean d\u1ee5ng, gi\u00e1m s\u00e1t t\u1eeb xa thu\u1eadn ti\u1ec7n, thu th\u1eadp d\u1eef li\u1ec7u<\/td>\n<\/tr>\n<tr class=\"row-12 even\">\n<td class=\"column-1\">V\u1eadt li\u1ec7u bu\u1ed3ng trong<\/td>\n<td class=\"column-2\" colspan=\"3\">Th\u00e9p kh\u00f4ng g\u1ec9 g\u01b0\u01a1ng SUS304# d\u00e0y 1,0MM, phun l\u1edbp c\u00e1ch nhi\u1ec7t Teflon<\/td>\n<\/tr>\n<tr class=\"row-13 odd\">\n<td class=\"column-1\">V\u1eadt li\u1ec7u bu\u1ed3ng ngo\u00e0i<\/td>\n<td class=\"column-2\" colspan=\"3\">T\u1ea5m m\u1ea1 k\u1ebdm d\u00e0y 1,2MM, ph\u1ee7 l\u1edbp s\u01a1n ph\u1ee7 v\u1edbi l\u1edbp ph\u1ee7 d\u1ebbo h\u00f3a ch\u1ecbu nhi\u1ec7t \u0111\u1ed9 cao.<\/td>\n<\/tr>\n<tr class=\"row-14 even\">\n<td class=\"column-1\">Ngu\u1ed3n \u0111i\u1ec7n<\/td>\n<td class=\"column-2\" colspan=\"2\">AC380V\u00a0\u00a050HZ<\/td>\n<td class=\"column-4\">AC380V 50HZ<\/td>\n<\/tr>\n<tr class=\"row-15 odd\">\n<td class=\"column-1\">Thi\u1ebft b\u1ecb b\u1ea3o v\u1ec7 an to\u00e0n<\/td>\n<td class=\"column-2\" colspan=\"3\">Thi\u1ebft b\u1ecb gi\u1ea3m \u00e1p ch\u1ed1ng ch\u00e1y n\u1ed5 t\u1ef1 \u0111\u1ed9ng, x\u00edch ch\u1ed1ng ch\u00e1y n\u1ed5, thi\u1ebft b\u1ecb b\u00e1o \u0111\u1ed9ng \u0111\u00e8n ba m\u00e0u, \u0111i\u1ec1u khi\u1ec3n t\u1eeb xa, thi\u1ebft b\u1ecb x\u1ea3 kh\u00f3i, thi\u1ebft b\u1ecb ch\u1eefa ch\u00e1y, v.v.<\/td>\n<\/tr>\n<tr class=\"row-16 even\">\n<td class=\"column-1\">C\u1ed5ng c\u00e1p<\/td>\n<td class=\"column-2\" colspan=\"3\">\u00a2100mm m\u1ed7i l\u1ed7 m\u1edf c\u00f3 ph\u00edch c\u1eafm silicon m\u1ec1m v\u00e0 n\u1eafp b\u1eb1ng th\u00e9p kh\u00f4ng g\u1ec9<\/td>\n<\/tr>\n<tr class=\"row-17 odd\">\n<td class=\"column-1\">Ch\u1ee9c n\u0103ng m\u1edf r\u1ed9ng<\/td>\n<td class=\"column-2\" colspan=\"3\">Cung c\u1ea5p giao th\u1ee9c giao ti\u1ebfp, c\u00f3 th\u1ec3 s\u1eed d\u1ee5ng k\u00e8m theo m\u00e1y s\u1ea1c v\u00e0 x\u1ea3<\/td>\n<\/tr>\n<\/tbody>\n<\/table>\n<\/div>\n<\/div>\n","protected":false},"excerpt":{"rendered":"<p>Bu\u1ed3ng \u0111\u1ed1t hai t\u1ea7ng c\u1ee7a DGBELL \u0111\u01b0\u1ee3c s\u1eed d\u1ee5ng r\u1ed9ng r\u00e3i \u0111\u1ec3 th\u1eed nghi\u1ec7m l\u00e3o h\u00f3a cho c\u00e1c s\u1ea3n ph\u1ea9m \u0111i\u1ec7n t\u1eed, t\u1ea5m pin m\u1eb7t tr\u1eddi, s\u1ea3n ph\u1ea9m nh\u1ef1a, \u0111\u1eb7c bi\u1ec7t l\u00e0 th\u1eed nghi\u1ec7m l\u00e3o h\u00f3a nhi\u1ec7t \u0111\u1ed9 pin.<\/p>\n","protected":false},"featured_media":20448,"comment_status":"closed","ping_status":"closed","template":"","meta":[],"product_brand":[],"product_cat":[63],"product_tag":[],"class_list":{"0":"post-20447","1":"product","2":"type-product","3":"status-publish","4":"has-post-thumbnail","6":"product_cat-buong-thu-nghiem-pin","8":"first","9":"instock","10":"shipping-taxable","11":"product-type-simple"},"acf":[],"_links":{"self":[{"href":"https:\/\/dgbellvietnam.com\/en\/wp-json\/wp\/v2\/product\/20447","targetHints":{"allow":["GET"]}}],"collection":[{"href":"https:\/\/dgbellvietnam.com\/en\/wp-json\/wp\/v2\/product"}],"about":[{"href":"https:\/\/dgbellvietnam.com\/en\/wp-json\/wp\/v2\/types\/product"}],"replies":[{"embeddable":true,"href":"https:\/\/dgbellvietnam.com\/en\/wp-json\/wp\/v2\/comments?post=20447"}],"wp:featuredmedia":[{"embeddable":true,"href":"https:\/\/dgbellvietnam.com\/en\/wp-json\/wp\/v2\/media\/20448"}],"wp:attachment":[{"href":"https:\/\/dgbellvietnam.com\/en\/wp-json\/wp\/v2\/media?parent=20447"}],"wp:term":[{"taxonomy":"product_brand","embeddable":true,"href":"https:\/\/dgbellvietnam.com\/en\/wp-json\/wp\/v2\/product_brand?post=20447"},{"taxonomy":"product_cat","embeddable":true,"href":"https:\/\/dgbellvietnam.com\/en\/wp-json\/wp\/v2\/product_cat?post=20447"},{"taxonomy":"product_tag","embeddable":true,"href":"https:\/\/dgbellvietnam.com\/en\/wp-json\/wp\/v2\/product_tag?post=20447"}],"curies":[{"name":"wp","href":"https:\/\/api.w.org\/{rel}","templated":true}]}}