{"id":20445,"date":"2024-05-27T22:14:48","date_gmt":"2024-05-27T22:14:48","guid":{"rendered":"http:\/\/dgbellvietnam.com\/san-pham\/sand-and-dust-test-chamber\/"},"modified":"2024-09-12T09:41:00","modified_gmt":"2024-09-12T02:41:00","slug":"sand-and-dust-test-chamber","status":"publish","type":"product","link":"https:\/\/dgbellvietnam.com\/en\/san-pham\/sand-and-dust-test-chamber\/","title":{"rendered":"Bu\u1ed3ng th\u1eed nghi\u1ec7m C\u00e1t v\u00e0 B\u1ee5i"},"content":{"rendered":"<div id=\"tab-description\" class=\"woocommerce-Tabs-panel woocommerce-Tabs-panel--description panel entry-content active\" role=\"tabpanel\" aria-labelledby=\"tab-title-description\">\n<p><strong>\u1ee8ng d\u1ee5ng<\/strong><\/p>\n<p>Th\u00edch h\u1ee3p cho t\u1ea5t c\u1ea3 c\u00e1c lo\u1ea1i ph\u1ee5 t\u00f9ng \u00f4 t\u00f4 ch\u1ed1ng b\u1ee5i, th\u1eed nghi\u1ec7m kh\u1ea3 n\u0103ng ch\u1ed1ng b\u1ee5i. C\u00e1c th\u00e0nh ph\u1ea7n th\u1eed nghi\u1ec7m bao g\u1ed3m \u0111\u00e8n \u00f4 t\u00f4, thi\u1ebft b\u1ecb \u0111o, n\u1eafp \u0111i\u1ec7n, h\u1ec7 th\u1ed1ng c\u00f4ng t\u1eafc, kh\u00f3a c\u1eeda, v.v. Ngo\u00e0i ra, n\u00f3 c\u00f2n c\u00f3 view window c\u00f3 \u0111\u00e8n chi\u1ebfu s\u00e1ng.<\/p>\n<p><strong>Ti\u00eau chu\u1ea9n<\/strong><\/p>\n<ul>\n<li>IEC 60598-1:1999<\/li>\n<\/ul>\n<p><strong>Th\u00f4ng s\u1ed1 k\u1ef9 thu\u1eadt<\/strong><\/p>\n<div id=\"tablepress-54-scroll-wrapper\" class=\"tablepress-scroll-wrapper\">\n<table id=\"tablepress-54\" class=\"tablepress tablepress-id-54 tablepress-responsive\">\n<thead>\n<tr class=\"row-1 odd\">\n<th class=\"column-1\">M\u1eabu<\/th>\n<th class=\"column-2\">BE-XR-800<\/th>\n<th class=\"column-3\">BE-XR-1000<\/th>\n<\/tr>\n<\/thead>\n<tbody class=\"row-hover\">\n<tr class=\"row-2 even\">\n<td class=\"column-1\">Kh\u00f4ng gian th\u1eed nghi\u1ec7m<\/td>\n<td class=\"column-2\">800x800x800<\/td>\n<td class=\"column-3\">1000x1000x1000<\/td>\n<\/tr>\n<tr class=\"row-3 odd\">\n<td class=\"column-1\">W x H x D(mm)<\/td>\n<td class=\"column-2\"><\/td>\n<td class=\"column-3\"><\/td>\n<\/tr>\n<tr class=\"row-4 even\">\n<td class=\"column-1\">K\u00edch th\u01b0\u1edbc b\u00ean ngo\u00e0i<\/td>\n<td class=\"column-2\">1400x1600x950<\/td>\n<td class=\"column-3\">1360x1840x1160 (\u0111\u1ec3 tham khaot)<\/td>\n<\/tr>\n<tr class=\"row-5 odd\">\n<td class=\"column-1\">W x H x D(mm)<\/td>\n<td class=\"column-2\"><\/td>\n<td class=\"column-3\"><\/td>\n<\/tr>\n<tr class=\"row-6 even\">\n<td class=\"column-1\">\u0110\u01b0\u1eddng k\u00ednh l\u01b0\u1edbi kim lo\u1ea1i<\/td>\n<td class=\"column-2\">50um<\/td>\n<td class=\"column-3\"><\/td>\n<\/tr>\n<tr class=\"row-7 odd\">\n<td class=\"column-1\">\u0110\u01b0\u1eddng k\u00ednh l\u01b0\u1edbi\u00a0 Screen Stencil<\/td>\n<td class=\"column-2\">75um<\/td>\n<td class=\"column-3\"><\/td>\n<\/tr>\n<tr class=\"row-8 even\">\n<td class=\"column-1\">Li\u1ec1u l\u01b0\u1ee3ng b\u1ed9t Talcum<\/td>\n<td class=\"column-2\">2Kg\/m\u00b3<\/td>\n<td class=\"column-3\"><\/td>\n<\/tr>\n<tr class=\"row-9 odd\">\n<td class=\"column-1\">V\u1eadn t\u1ed1c kh\u00f4ng kh\u00ed<\/td>\n<td class=\"column-2\">Kh\u00f4ng qu\u00e1 2m\/s<\/td>\n<td class=\"column-3\"><\/td>\n<\/tr>\n<tr class=\"row-10 even\">\n<td class=\"column-1\">L\u01b0\u1ee3ng b\u1ed9t Talcum<\/td>\n<td class=\"column-2\">2Kg\/m\u00b3<\/td>\n<td class=\"column-3\"><\/td>\n<\/tr>\n<tr class=\"row-11 odd\">\n<td class=\"column-1\">Ch\u1ea5t li\u1ec7u b\u00ean trong<\/td>\n<td class=\"column-2\">Th\u00e9p kh\u00f4ng g\u1ec9 SUS 304<\/td>\n<td class=\"column-3\"><\/td>\n<\/tr>\n<tr class=\"row-12 even\">\n<td class=\"column-1\">Ch\u1ea5t li\u1ec7u b\u00ean ngo\u00e0i<\/td>\n<td class=\"column-2\">T\u1ea5m th\u00e9p SECC, l\u1edbp ph\u1ee7 s\u01a1n t\u0129nh \u0111i\u1ec7n<\/td>\n<td class=\"column-3\"><\/td>\n<\/tr>\n<tr class=\"row-13 odd\">\n<td class=\"column-1\">Ngu\u1ed3n \u0111i\u1ec7n<\/td>\n<td class=\"column-2\">AC220V\u00a0\/\u00a050Hz\u00a0\/ 3.0KW<\/td>\n<td class=\"column-3\"><\/td>\n<\/tr>\n<\/tbody>\n<\/table>\n<\/div>\n<p>Th\u00edch h\u1ee3p cho c\u00e1c s\u1ea3n ph\u1ea9m \u0111i\u1ec7n v\u00e0 \u0111i\u1ec7n t\u1eed, ph\u1ee5 t\u00f9ng \u00f4 t\u00f4 v\u00e0 xe m\u00e1y, c\u00e1c n\u00fat b\u1ecbt trong m\u00f4i tr\u01b0\u1eddng c\u00e1t v\u00e0 b\u1ee5i \u0111\u1ec3 ng\u0103n c\u00e1t v\u00e0 b\u1ee5i x\u00e2m nh\u1eadp v\u00e0o n\u00fat b\u1ecbt v\u00e0 v\u1ecf. \u0110\u1ec3 th\u1eed nghi\u1ec7m hi\u1ec7u su\u1ea5t v\u1eadn h\u00e0nh, l\u01b0u tr\u1eef v\u00e0 v\u1eadn chuy\u1ec3n c\u00e1c s\u1ea3n ph\u1ea9m \u0111i\u1ec7n v\u00e0 \u0111i\u1ec7n t\u1eed, \u00f4 t\u00f4, ph\u1ee5 t\u00f9ng xe m\u00e1y v\u00e0 n\u00fat b\u1ecbt trong m\u00f4i tr\u01b0\u1eddng c\u00e1t v\u00e0 b\u1ee5i.<\/p>\n<p><strong>C\u00e1c y\u00eau c\u1ea7u k\u1ef9 thu\u1eadt<\/strong><\/p>\n<ul>\n<li>\u0110\u1ec3 \u0111\u1ea3m b\u1ea3o kh\u00f4ng gian bu\u1ed3ng th\u1eed ch\u1ee9a \u0111\u1ea7y c\u00e1t v\u00e0 b\u1ee5i c\u00f3 th\u1ec3 l\u01b0u th\u00f4ng ho\u00e0n to\u00e0n, di\u1ec7n t\u00edch m\u1eb7t c\u1eaft ngang c\u1ee7a m\u1eabu th\u1eed kh\u00f4ng \u0111\u01b0\u1ee3c v\u01b0\u1ee3t qu\u00e1 50% di\u1ec7n t\u00edch m\u1eb7t c\u1eaft ngang c\u1ee7a bu\u1ed3ng th\u1eed v\u00e0 th\u1ec3 t\u00edch c\u1ee7a m\u1eabu th\u1eed kh\u00f4ng \u0111\u01b0\u1ee3c v\u01b0\u1ee3t qu\u00e1 30% th\u1ec3 t\u00edch hi\u1ec7u d\u1ee5ng c\u1ee7a bu\u1ed3ng th\u1eed.<\/li>\n<li>Bu\u1ed3ng th\u1eed c\u00e1t v\u00e0 b\u1ee5i ph\u1ea3i \u0111\u01b0\u1ee3c trang b\u1ecb c\u00e1c thi\u1ebft b\u1ecb t\u01b0\u01a1ng \u1ee9ng \u0111\u1ec3 duy tr\u00ec v\u00e0 ki\u1ec3m tra n\u1ed3ng \u0111\u1ed9 b\u1ee5i trong bu\u1ed3ng th\u1eed. T\u1ea1i Trung Qu\u1ed1c, vi\u1ec7c \u0111o n\u1ed3ng \u0111\u1ed9 c\u00e1t v\u00e0 b\u1ee5i hi\u1ec7n nay th\u01b0\u1eddng s\u1eed d\u1ee5ng ph\u01b0\u01a1ng ph\u00e1p c\u00e2n \u0111\u1ec3 t\u00ednh n\u1ed3ng \u0111\u1ed9 c\u00e1t v\u00e0 b\u1ee5i. Ph\u01b0\u01a1ng ph\u00e1p l\u1ea5y m\u1eabu v\u00e0 c\u00e2n l\u00e0 ph\u01b0\u01a1ng ph\u00e1p \u0111\u00e1ng tin c\u1eady v\u00e0 ch\u00ednh x\u00e1c h\u01a1n \u0111\u1ec3 \u0111o n\u1ed3ng \u0111\u1ed9 c\u00e1t v\u00e0 b\u1ee5i, nh\u01b0ng nh\u01b0\u1ee3c \u0111i\u1ec3m c\u1ee7a n\u00f3 l\u00e0 m\u1ea5t nhi\u1ec1u th\u1eddi gian \u0111\u1ec3 \u0111o v\u00e0 kh\u00f4ng th\u1ec3 li\u00ean t\u1ee5c \u0111o n\u1ed3ng \u0111\u1ed9 c\u00e1t v\u00e0 b\u1ee5i v\u00e0 \u0111\u01b0a ra t\u00edn hi\u1ec7u \u0111i\u1ec7n. Do \u0111\u00f3, c\u00f3 th\u1ec3 s\u1eed d\u1ee5ng m\u1ed9t s\u1ed1 thi\u1ebft b\u1ecb th\u00f4ng minh v\u00e0 m\u00e1y t\u00ednh \u0111\u1ec3 theo d\u00f5i n\u1ed3ng \u0111\u1ed9 b\u1ee5i theo th\u1eddi gian th\u1ef1c. Theo c\u00e1ch n\u00e0y, c\u00f3 th\u1ec3 \u0111\u1ea3m b\u1ea3o \u0111\u1ed9 ch\u00ednh x\u00e1c c\u1ee7a ph\u00e9p \u0111o n\u1ed3ng \u0111\u1ed9 b\u1ee5i v\u00e0 c\u00f3 th\u1ec3 gi\u1ea3i quy\u1ebft \u0111\u01b0\u1ee3c vi\u1ec7c theo d\u00f5i n\u1ed3ng \u0111\u1ed9 b\u1ee5i theo th\u1eddi gian th\u1ef1c.<\/li>\n<li>Trong qu\u00e1 tr\u00ecnh th\u1eed nghi\u1ec7m, c\u1ea7n li\u00ean t\u1ee5c \u0111o t\u1ed1c \u0111\u1ed9 gi\u00f3, nhi\u1ec7t \u0111\u1ed9 v\u00e0 \u0111\u1ed9 \u1ea9m t\u01b0\u01a1ng \u0111\u1ed1i, v\u1ecb tr\u00ed \u0111\u1eb7t c\u1ea3m bi\u1ebfn \u0111o ph\u1ea3i tr\u00e1nh h\u01b0 h\u1ecfng do t\u00e1c \u0111\u1ed9ng tr\u1ef1c ti\u1ebfp c\u1ee7a lu\u1ed3ng kh\u00ed c\u00e1t v\u00e0 b\u1ee5i, c\u00f3 th\u1ec3 th\u00eam m\u1ed9t s\u1ed1 thi\u1ebft b\u1ecb b\u1ea3o v\u1ec7 \u0111\u1ec3 che ch\u1eafn n\u1ebfu c\u1ea7n.<\/li>\n<li>\u0110\u1ed1i v\u1edbi bu\u1ed3ng th\u1eed nghi\u1ec7m c\u00e1t v\u00e0 b\u1ee5i, v\u1ea5n \u0111\u1ec1 r\u00f2 r\u1ec9 b\u1ee5i l\u00e0 m\u1ed9t trong nh\u1eefng c\u00f4ng ngh\u1ec7 then ch\u1ed1t trong qu\u00e1 tr\u00ecnh s\u1ea3n xu\u1ea5t bu\u1ed3ng th\u1eed nghi\u1ec7m. Do \u0111\u00f3, hi\u1ec7u su\u1ea5t b\u1ecbt k\u00edn ph\u1ea3i t\u1ed1t, l\u01b0\u1ee3ng b\u1ee5i r\u00f2 r\u1ec9 ph\u1ea3i \u0111\u00e1p \u1ee9ng c\u00e1c y\u00eau c\u1ea7u c\u1ee7a c\u00e1c quy \u0111\u1ecbnh b\u1ea3o v\u1ec7 m\u00f4i tr\u01b0\u1eddng c\u00f3 li\u00ean quan v\u00e0 kh\u00f4ng g\u00e2y h\u1ea1i cho s\u1ee9c kh\u1ecfe c\u1ee7a nh\u00e2n vi\u00ean.<\/li>\n<li>Lu\u1ed3ng kh\u00ed ch\u1ee9a b\u1ee5i trong bu\u1ed3ng th\u1eed nghi\u1ec7m ph\u1ea3i g\u1ea7n v\u1edbi lu\u1ed3ng kh\u00ed t\u1ea7ng tr\u01b0\u1edbc khi t\u00e1c \u0111\u1ed9ng l\u00ean m\u1eabu th\u1eed v\u00e0 c\u00e1c h\u1ea1t c\u00e1t ph\u1ea3i \u0111\u01b0\u1ee3c l\u01a1 l\u1eedng g\u1ea7n nh\u01b0 \u0111\u1ed3ng \u0111\u1ec1u trong lu\u1ed3ng kh\u00ed. Do c\u00e1t c\u00f3 t\u00ednh \u0103n m\u00f2n m\u1ea1nh, kh\u00f4ng \u0111\u1ec3 c\u00e1t ch\u1ea3y qua qu\u1ea1t v\u00e0 thi\u1ebft b\u1ecb \u0111i\u1ec1u h\u00f2a kh\u00f4ng kh\u00ed.<\/li>\n<li>Bu\u1ed3ng th\u1eed nghi\u1ec7m c\u00e1t v\u00e0 b\u1ee5i ph\u1ea3i c\u00f3 ch\u1ee9c n\u0103ng s\u01b0\u1edfi \u1ea5m, l\u00e0m m\u00e1t v\u00e0 h\u00fat \u1ea9m \u0111\u1ec3 \u0111\u1ea3m b\u1ea3o nhi\u1ec7t \u0111\u1ed9 v\u00e0 \u0111\u1ed9 \u1ea9m t\u01b0\u01a1ng \u0111\u1ed1i trong m\u00e1y th\u1eed nghi\u1ec7m c\u00e1t v\u00e0 b\u1ee5i \u0111\u00e1p \u1ee9ng c\u00e1c y\u00eau c\u1ea7u c\u1ee7a ch\u1ec9 s\u1ed1 k\u1ef9 thu\u1eadt. V\u1eadt li\u1ec7u th\u00e0nh b\u00ean trong c\u1ee7a bu\u1ed3ng th\u1eed nghi\u1ec7m ph\u1ea3i c\u00f3 ch\u1ee9c n\u0103ng ch\u1ed1ng m\u00e0i m\u00f2n, ch\u1ed1ng \u0103n m\u00f2n v\u00e0 ch\u1ed1ng t\u0129nh \u0111i\u1ec7n.<\/li>\n<\/ul>\n<h2><\/h2>\n<p><strong>Tham kh\u1ea3o<\/strong><\/p>\n<p><a href=\"https:\/\/belltestchamber.com\/do-electronic-products-require-the-dust-test.html\">https:\/\/belltestchamber.com\/do-electronic-products-require-the-dust-test.html<\/a><\/p>\n<\/div>\n","protected":false},"excerpt":{"rendered":"<p>Sand and dust test chamber is suitable for all kinds of automotive parts dust-proof, dust resistance test. Test components including automotive lights, instrumentation, electrical cover, switch system, door lock, etc., and test its sealing performance. Besides, it also has view window with illumination.<\/p>\n","protected":false},"featured_media":20446,"comment_status":"closed","ping_status":"closed","template":"","meta":[],"product_brand":[],"product_cat":[62],"product_tag":[],"class_list":{"0":"post-20445","1":"product","2":"type-product","3":"status-publish","4":"has-post-thumbnail","6":"product_cat-tu-moi-truong","8":"first","9":"instock","10":"shipping-taxable","11":"product-type-simple"},"acf":[],"_links":{"self":[{"href":"https:\/\/dgbellvietnam.com\/en\/wp-json\/wp\/v2\/product\/20445","targetHints":{"allow":["GET"]}}],"collection":[{"href":"https:\/\/dgbellvietnam.com\/en\/wp-json\/wp\/v2\/product"}],"about":[{"href":"https:\/\/dgbellvietnam.com\/en\/wp-json\/wp\/v2\/types\/product"}],"replies":[{"embeddable":true,"href":"https:\/\/dgbellvietnam.com\/en\/wp-json\/wp\/v2\/comments?post=20445"}],"wp:featuredmedia":[{"embeddable":true,"href":"https:\/\/dgbellvietnam.com\/en\/wp-json\/wp\/v2\/media\/20446"}],"wp:attachment":[{"href":"https:\/\/dgbellvietnam.com\/en\/wp-json\/wp\/v2\/media?parent=20445"}],"wp:term":[{"taxonomy":"product_brand","embeddable":true,"href":"https:\/\/dgbellvietnam.com\/en\/wp-json\/wp\/v2\/product_brand?post=20445"},{"taxonomy":"product_cat","embeddable":true,"href":"https:\/\/dgbellvietnam.com\/en\/wp-json\/wp\/v2\/product_cat?post=20445"},{"taxonomy":"product_tag","embeddable":true,"href":"https:\/\/dgbellvietnam.com\/en\/wp-json\/wp\/v2\/product_tag?post=20445"}],"curies":[{"name":"wp","href":"https:\/\/api.w.org\/{rel}","templated":true}]}}