{"id":20443,"date":"2024-05-27T22:14:43","date_gmt":"2024-05-27T22:14:43","guid":{"rendered":"http:\/\/dgbellvietnam.com\/san-pham\/rain-spray-test-environmental-chamber\/"},"modified":"2024-09-11T16:13:20","modified_gmt":"2024-09-11T09:13:20","slug":"rain-spray-test-environmental-chamber","status":"publish","type":"product","link":"https:\/\/dgbellvietnam.com\/en\/san-pham\/rain-spray-test-environmental-chamber\/","title":{"rendered":"Bu\u1ed3ng m\u00f4i tr\u01b0\u1eddng th\u1eed nghi\u1ec7m phun m\u01b0a"},"content":{"rendered":"<div id=\"tab-description\" class=\"woocommerce-Tabs-panel woocommerce-Tabs-panel--description panel entry-content active\" role=\"tabpanel\" aria-labelledby=\"tab-title-description\">\n<p><strong>\u1ee8ng d\u1ee5ng<\/strong><\/p>\n<p>Bu\u1ed3ng th\u1eed nghi\u1ec7m phun m\u01b0a \u0111\u01b0\u1ee3c s\u1eed d\u1ee5ng \u0111\u1ec3 th\u1eed nghi\u1ec7m kh\u1ea3 n\u0103ng ch\u1ed1ng n\u01b0\u1edbc c\u1ee7a c\u00e1c s\u1ea3n ph\u1ea9m \u0111i\u1ec7n v\u00e0 \u0111i\u1ec7n t\u1eed, nh\u01b0 \u0111\u00e8n n\u0103ng l\u01b0\u1ee3ng m\u1eb7t tr\u1eddi, \u0111\u00e8n s\u00e2n v\u01b0\u1eddn, \u0111\u00e8n ch\u00f4n, \u0111\u00e8n \u0111\u01b0\u1eddng h\u1ea7m, \u0111\u00e8n xe, \u0111\u00e8n \u0111\u00e0i phun n\u01b0\u1edbc, m\u00e0n h\u00ecnh, v.v. N\u00f3 c\u0169ng c\u00f3 th\u1ec3 cung c\u1ea5p t\u00e0i li\u1ec7u tham kh\u1ea3o cho s\u1ea3n ph\u1ea9m thi\u1ebft k\u1ebf v\u00e0 ki\u1ec3m so\u00e1t ch\u1ea5t l\u01b0\u1ee3ng.<\/p>\n<p><strong>Ti\u00eau chu\u1ea9n<\/strong><\/p>\n<ul>\n<li>IEC 60529-2001<\/li>\n<\/ul>\n<p><strong>Th\u00f4ng s\u1ed1 k\u1ef9 thu\u1eadt<\/strong><\/p>\n<div id=\"tablepress-53-scroll-wrapper\" class=\"tablepress-scroll-wrapper\">\n<table id=\"tablepress-53\" class=\"tablepress tablepress-id-53 tablepress-responsive\">\n<thead>\n<tr class=\"row-1 odd\">\n<th class=\"column-1\">M\u1eabu<\/th>\n<th class=\"column-2\">BE-LY-800<\/th>\n<th class=\"column-3\">BE-LY-1000<\/th>\n<\/tr>\n<\/thead>\n<tbody class=\"row-hover\">\n<tr class=\"row-2 even\">\n<td class=\"column-1\">Kh\u00f4ng gian th\u1eed nghi\u1ec7m<\/td>\n<td class=\"column-2\">800x800x800<\/td>\n<td class=\"column-3\">1000x1000x1000<\/td>\n<\/tr>\n<tr class=\"row-3 odd\">\n<td class=\"column-1\" colspan=\"3\">W x H x D(mm)<\/td>\n<\/tr>\n<tr class=\"row-4 even\">\n<td class=\"column-1\">K\u00edch th\u01b0\u1edbc b\u00ean ngo\u00e0i<\/td>\n<td class=\"column-2\">1160x1640x960<\/td>\n<td class=\"column-3\">1360x1840x1160<\/td>\n<\/tr>\n<tr class=\"row-5 odd\">\n<td class=\"column-1\">W x H x D (mm)<\/td>\n<td class=\"column-2\" colspan=\"2\"><\/td>\n<\/tr>\n<tr class=\"row-6 even\">\n<td class=\"column-1\">T\u1ed1c \u0111\u1ed9 b\u0103ng th\u1eed (rpm)<\/td>\n<td class=\"column-2\" colspan=\"2\">1-5 (c\u00f3 th\u1ec3 \u0111i\u1ec1u ch\u1ec9nh)<\/td>\n<\/tr>\n<tr class=\"row-7 odd\">\n<td class=\"column-1\">\u0110\u01b0\u1eddng k\u00ednh b\u00e0n xoay<\/td>\n<td class=\"column-2\" colspan=\"2\">\u03c6\u00a0300mm<\/td>\n<\/tr>\n<tr class=\"row-8 even\">\n<td class=\"column-1\">T\u1ea3i b\u00e0n xoay<\/td>\n<td class=\"column-2\" colspan=\"2\">20KG<\/td>\n<\/tr>\n<tr class=\"row-9 odd\">\n<td class=\"column-1\">Intermittent be Caught in Time<\/td>\n<td class=\"column-2\" colspan=\"2\">15 ph\u00fat\/25 ph\u00fat<\/td>\n<\/tr>\n<tr class=\"row-10 even\">\n<td class=\"column-1\">T\u1ed1c \u0111\u1ed9<\/td>\n<td class=\"column-2\" colspan=\"2\">5-10 s\/rpm<\/td>\n<\/tr>\n<tr class=\"row-11 odd\">\n<td class=\"column-1\">B\u00e1n k\u00ednh v\u00f2ng n\u01b0\u1edbc<\/td>\n<td class=\"column-2\" colspan=\"2\">375mm, \u0111\u01b0\u1eddng k\u00ednh \u1ed1ng \u03a616mm<\/td>\n<\/tr>\n<tr class=\"row-12 even\">\n<td class=\"column-1\">G\u00f3c phun c\u1ee7a v\u00f2i<\/td>\n<td class=\"column-2\" colspan=\"2\">H\u01b0\u1edbng c\u1ed1 \u0111\u1ecbnh 40\u00b0,90\u00b0,135\u00b0, phun n\u01b0\u1edbc v\u1ec1 ph\u00eda t\u00e2m quay.<\/td>\n<\/tr>\n<tr class=\"row-13 odd\">\n<td class=\"column-1\">M\u1ed7i d\u00f2ng l\u1ed7 phun<\/td>\n<td class=\"column-2\" colspan=\"2\">100\u00b15 L\/ph\u00fat (c\u00f3 th\u1ec3 \u0111i\u1ec1u ch\u1ec9nh), c\u00f3 th\u1ec3 \u0111\u1ecdc tr\u1ef1c ti\u1ebfp hi\u1ec3n th\u1ecb d\u00f2ng ch\u1ea3y.<\/td>\n<\/tr>\n<tr class=\"row-14 even\">\n<td class=\"column-1\">\u00c1p su\u1ea5t phun n\u01b0\u1edbc<\/td>\n<td class=\"column-2\" colspan=\"2\">200-400, c\u00f3 th\u1ec3 \u0111\u1ecdc tr\u1ef1c ti\u1ebfp \u0111\u1ed3ng h\u1ed3 \u0111o \u00e1p su\u1ea5t<\/td>\n<\/tr>\n<tr class=\"row-15 odd\">\n<td class=\"column-1\">Th\u1eddi gian th\u1eed<\/td>\n<td class=\"column-2\" colspan=\"2\">1-999,999 ph\u00fat (c\u00f3 th\u1ec3 \u0111i\u1ec1u ch\u1ec9nh)<\/td>\n<\/tr>\n<tr class=\"row-16 even\">\n<td class=\"column-1\">Ch\u1ebf \u0111\u1ed9 an to\u00e0n<\/td>\n<td class=\"column-2\" colspan=\"2\">Qu\u00e1 t\u1ea3i \u0111i\u1ec7n, b\u1ea3o v\u1ec7 ng\u1eafn m\u1ea1ch, b\u1ea3o v\u1ec7 n\u1ed1i \u0111\u1ea5t, b\u1ea3o v\u1ec7 n\u01b0\u1edbc v\u00e0 \u0111\u1ea7u v\u00f2ng b\u00e1o \u0111\u1ed9ng.<\/td>\n<\/tr>\n<\/tbody>\n<\/table>\n<\/div>\n<p><strong>Tham kh\u1ea3o<\/strong><\/p>\n<p><a href=\"https:\/\/belltestchamber.com\/rain-spray-test-machine-operation-guidance.html\">https:\/\/belltestchamber.com\/rain-spray-test-machine-operation-guidance.html<\/a><\/p>\n<p><a href=\"https:\/\/belltestchamber.com\/rain-spray-test-chamber-the-complete-guide.html\">https:\/\/belltestchamber.com\/rain-spray-test-chamber-the-complete-guide.html<\/a><\/p>\n<\/div>\n","protected":false},"excerpt":{"rendered":"<p>DGBELL\u2019s rain spray test environmental chamber is also known as rain spray test chamber, it is used to test the water resistance for electronic and electrical products, such as solar lights, garden lights, buried lights, tunnel lights, car lights, fountain lights, the display, etc. It can also provide references for product design and quality control.<\/p>\n","protected":false},"featured_media":20444,"comment_status":"closed","ping_status":"closed","template":"","meta":[],"product_brand":[],"product_cat":[62],"product_tag":[],"class_list":{"0":"post-20443","1":"product","2":"type-product","3":"status-publish","4":"has-post-thumbnail","6":"product_cat-tu-moi-truong","8":"first","9":"instock","10":"shipping-taxable","11":"product-type-simple"},"acf":[],"_links":{"self":[{"href":"https:\/\/dgbellvietnam.com\/en\/wp-json\/wp\/v2\/product\/20443","targetHints":{"allow":["GET"]}}],"collection":[{"href":"https:\/\/dgbellvietnam.com\/en\/wp-json\/wp\/v2\/product"}],"about":[{"href":"https:\/\/dgbellvietnam.com\/en\/wp-json\/wp\/v2\/types\/product"}],"replies":[{"embeddable":true,"href":"https:\/\/dgbellvietnam.com\/en\/wp-json\/wp\/v2\/comments?post=20443"}],"wp:featuredmedia":[{"embeddable":true,"href":"https:\/\/dgbellvietnam.com\/en\/wp-json\/wp\/v2\/media\/20444"}],"wp:attachment":[{"href":"https:\/\/dgbellvietnam.com\/en\/wp-json\/wp\/v2\/media?parent=20443"}],"wp:term":[{"taxonomy":"product_brand","embeddable":true,"href":"https:\/\/dgbellvietnam.com\/en\/wp-json\/wp\/v2\/product_brand?post=20443"},{"taxonomy":"product_cat","embeddable":true,"href":"https:\/\/dgbellvietnam.com\/en\/wp-json\/wp\/v2\/product_cat?post=20443"},{"taxonomy":"product_tag","embeddable":true,"href":"https:\/\/dgbellvietnam.com\/en\/wp-json\/wp\/v2\/product_tag?post=20443"}],"curies":[{"name":"wp","href":"https:\/\/api.w.org\/{rel}","templated":true}]}}