{"id":20439,"date":"2024-05-27T22:14:32","date_gmt":"2024-05-27T22:14:32","guid":{"rendered":"http:\/\/dgbellvietnam.com\/san-pham\/vacuum-drying-oven\/"},"modified":"2024-09-11T15:43:23","modified_gmt":"2024-09-11T08:43:23","slug":"vacuum-drying-oven","status":"publish","type":"product","link":"https:\/\/dgbellvietnam.com\/en\/san-pham\/vacuum-drying-oven\/","title":{"rendered":"L\u00f2 s\u1ea5y ch\u00e2n kh\u00f4ng"},"content":{"rendered":"<div id=\"tab-description\" class=\"woocommerce-Tabs-panel woocommerce-Tabs-panel--description panel entry-content active\" role=\"tabpanel\" aria-labelledby=\"tab-title-description\">\n<p><strong>\u1ee8ng d\u1ee5ng<\/strong><\/p>\n<p>L\u00f2 s\u1ea5y ch\u00e2n kh\u00f4ng c\u1ee7a DGBELL \u0111\u01b0\u1ee3c thi\u1ebft k\u1ebf \u0111\u1ec3 s\u1ea5y, x\u1eed l\u00fd, kh\u1eed tr\u00f9ng v\u00e0 nhi\u1ec1u \u1ee9ng d\u1ee5ng kh\u00e1c nh\u1ea1y c\u1ea3m v\u1edbi nhi\u1ec7t v\u00e0 \u00e1p su\u1ea5t. N\u00f3 cung c\u1ea5p ph\u1ea1m vi nhi\u1ec7t \u0111\u1ed9 cao t\u1eeb RT+10\u00b0C \u0111\u1ebfn 200\u00b0C khi gi\u1ea3m \u00e1p su\u1ea5t m\u00f4i tr\u01b0\u1eddng.<\/p>\n<p><strong>Th\u00f4ng s\u1ed1 k\u1ef9 thu\u1eadt<\/strong><\/p>\n<div id=\"tablepress-51-scroll-wrapper\" class=\"tablepress-scroll-wrapper\">\n<table id=\"tablepress-51\" class=\"tablepress tablepress-id-51 tablepress-responsive\">\n<thead>\n<tr class=\"row-1 odd\">\n<th class=\"column-1\">M\u1eabu<\/th>\n<th class=\"column-2\">BE-ZK-27L<\/th>\n<th class=\"column-3\">BE-ZK-64L<\/th>\n<th class=\"column-4\">BE-ZK-125L<\/th>\n<th class=\"column-5\">BE-ZK-216L<\/th>\n<th class=\"column-6\">BE-ZK-512L<\/th>\n<\/tr>\n<\/thead>\n<tbody class=\"row-hover\">\n<tr class=\"row-2 even\">\n<td class=\"column-1\">Kh\u00f4ng gian th\u1eed nghi\u1ec7m<\/td>\n<td class=\"column-2\">300x300x300<\/td>\n<td class=\"column-3\">400x400x400<\/td>\n<td class=\"column-4\">500x500x500<\/td>\n<td class=\"column-5\">600x600x600<\/td>\n<td class=\"column-6\">800x800x800<\/td>\n<\/tr>\n<tr class=\"row-3 odd\">\n<td class=\"column-1\" colspan=\"6\">W x H x D (mm)<\/td>\n<\/tr>\n<tr class=\"row-4 even\">\n<td class=\"column-1\">K\u00edch th\u01b0\u1edbc ngo\u00e0i<\/td>\n<td class=\"column-2\">600x470x710<\/td>\n<td class=\"column-3\">700x570x810<\/td>\n<td class=\"column-4\">800x670x910<\/td>\n<td class=\"column-5\">900x870x1010<\/td>\n<td class=\"column-6\">1100x1070x1210<\/td>\n<\/tr>\n<tr class=\"row-5 odd\">\n<td class=\"column-1\" colspan=\"6\">W x H x D (mm)<\/td>\n<\/tr>\n<tr class=\"row-6 even\">\n<td class=\"column-1\">Ngu\u1ed3n \u0111i\u1ec7n<\/td>\n<td class=\"column-2\">AC 220V\u00a0\/\u00a050HZ\u00a0\/ 3.0KW<\/td>\n<td class=\"column-3\">AC 220V\u00a0\/\u00a050HZ\u00a0\/4.0KW<\/td>\n<td class=\"column-4\">AC 380V\u00a0\/\u00a050HZ\u00a0\/ 6.0KW<\/td>\n<td class=\"column-5\">AC 380V\u00a0\/\u00a050HZ\u00a0\/ 8.0KW<\/td>\n<td class=\"column-6\">AC 380V\u00a0\/\u00a050HZ\u00a0\/10.0KW<\/td>\n<\/tr>\n<tr class=\"row-7 odd\">\n<td class=\"column-1\">D\u1ea3i nhi\u1ec7t \u0111\u1ed9<\/td>\n<td class=\"column-2\" colspan=\"5\">RT+10\u2103~200\u2103<\/td>\n<\/tr>\n<tr class=\"row-8 even\">\n<td class=\"column-1\">Ch\u1ebf \u0111\u1ed9 hi\u1ec3n th\u1ecb<\/td>\n<td class=\"column-2\" colspan=\"5\">M\u00e0n h\u00ecnh k\u1ef9 thu\u1eadt s\u1ed1<\/td>\n<\/tr>\n<tr class=\"row-9 odd\">\n<td class=\"column-1\">Ch\u1ea5t li\u1ec7u b\u00ean trong<\/td>\n<td class=\"column-2\" colspan=\"5\">Th\u00e9p kh\u00f4ng g\u1ec9 SUS 304# d\u00e0y 6.0mm<\/td>\n<\/tr>\n<tr class=\"row-10 even\">\n<td class=\"column-1\">Ch\u1ea5t li\u1ec7u b\u00ean ngo\u00e0i<\/td>\n<td class=\"column-2\" colspan=\"5\">T\u1ea5m th\u00e9p SECC d\u00e0y 1,5mm, s\u01a1n t\u0129nh \u0111i\u1ec7n<\/td>\n<\/tr>\n<tr class=\"row-11 odd\">\n<td class=\"column-1\">\u0110\u00e1y<\/td>\n<td class=\"column-2\" colspan=\"5\">L\u1eafp b\u00e1nh xe v\u1ea1n n\u0103ng<\/td>\n<\/tr>\n<tr class=\"row-12 even\">\n<td class=\"column-1\">C\u1eeda s\u1ed5 quan s\u00e1t<\/td>\n<td class=\"column-2\" colspan=\"5\">K\u00ednh c\u01b0\u1eddng l\u1ef1c c\u00f3 m\u00e0ng ch\u1ed1ng ch\u00e1y n\u1ed5<\/td>\n<\/tr>\n<tr class=\"row-13 odd\">\n<td class=\"column-1\">H\u1eb9n gi\u1edd<\/td>\n<td class=\"column-2\" colspan=\"5\">Hi\u1ec3n th\u1ecb 4 ch\u1eef s\u1ed1 0~9999\uff08Gi\u1edd, Ph\u00fat, Gi\u00e2y c\u00f3 th\u1ec3 thay \u0111\u1ed5i\uff09<\/td>\n<\/tr>\n<tr class=\"row-14 even\">\n<td class=\"column-1\">T\u1ed1c \u0111\u1ed9 ch\u00e2n kh\u00f4ng<\/td>\n<td class=\"column-2\" colspan=\"5\">1.3Kpa\uff08ti\u00eau chu\u1ea9n y\u00eau c\u1ea7u 11,6Kpa, gi\u00e1 tr\u1ecb ch\u1ec9 b\u00e1o c\u1ee7a m\u00e1y \u0111o ch\u00e2n kh\u00f4ng -89,7Kpa\uff09<\/td>\n<\/tr>\n<tr class=\"row-15 odd\">\n<td class=\"column-1\">Thi\u1ebft b\u1ecb an to\u00e0n<\/td>\n<td class=\"column-2\" colspan=\"5\">L\u01b0u \u00fd: v\u00ec \u00e1p su\u1ea5t bu\u1ed3ng b\u00ean trong l\u00e0 (101,325Kpa), n\u1ebfu mu\u1ed1n \u00e1p su\u1ea5t bu\u1ed3ng b\u00ean trong gi\u1ea3m xu\u1ed1ng 11,6Kpa. T\u00ednh theo \u00e1p su\u1ea5t kh\u00ed quy\u1ec3n \uff08101,325Kpa, c\u1ea7n x\u1ea3 \u00e1p su\u1ea5t (89,7Kpa) c\u1ee7a bu\u1ed3ng b\u00ean trong th\u00ec bu\u1ed3ng trong c\u00f3 th\u1ec3 \u0111\u1ea1t m\u00f4i tr\u01b0\u1eddng \u00e1p su\u1ea5t th\u1ea5p (11,6Kpa).<\/td>\n<\/tr>\n<tr class=\"row-16 even\">\n<td class=\"column-1\">\u00c1p su\u1ea5t<\/td>\n<td class=\"column-2\" colspan=\"5\">0~101Kpa\uff08C\u00f3 th\u1ec3 \u0111i\u1ec1u khi\u1ec3n, hi\u1ec3n th\u1ecb\uff09<\/td>\n<\/tr>\n<tr class=\"row-17 odd\">\n<td class=\"column-1\">Bi\u1ebfn \u0111\u1ed9ng \u00e1p su\u1ea5t<\/td>\n<td class=\"column-2\" colspan=\"5\">\u22645%<\/td>\n<\/tr>\n<\/tbody>\n<\/table>\n<\/div>\n<\/div>\n","protected":false},"excerpt":{"rendered":"<p>DGBELL\u2019s Vacuum Drying Oven is designed for drying powder, curing, sterilizing and many other application which sensitive to heat and pressure. It provides an elevated temperature range from RT+10\u00b0C to 200\u00b0C when reducing environmental pressure.<\/p>\n","protected":false},"featured_media":20440,"comment_status":"closed","ping_status":"closed","template":"","meta":[],"product_brand":[],"product_cat":[62],"product_tag":[],"class_list":{"0":"post-20439","1":"product","2":"type-product","3":"status-publish","4":"has-post-thumbnail","6":"product_cat-tu-moi-truong","8":"first","9":"instock","10":"shipping-taxable","11":"product-type-simple"},"acf":[],"_links":{"self":[{"href":"https:\/\/dgbellvietnam.com\/en\/wp-json\/wp\/v2\/product\/20439","targetHints":{"allow":["GET"]}}],"collection":[{"href":"https:\/\/dgbellvietnam.com\/en\/wp-json\/wp\/v2\/product"}],"about":[{"href":"https:\/\/dgbellvietnam.com\/en\/wp-json\/wp\/v2\/types\/product"}],"replies":[{"embeddable":true,"href":"https:\/\/dgbellvietnam.com\/en\/wp-json\/wp\/v2\/comments?post=20439"}],"wp:featuredmedia":[{"embeddable":true,"href":"https:\/\/dgbellvietnam.com\/en\/wp-json\/wp\/v2\/media\/20440"}],"wp:attachment":[{"href":"https:\/\/dgbellvietnam.com\/en\/wp-json\/wp\/v2\/media?parent=20439"}],"wp:term":[{"taxonomy":"product_brand","embeddable":true,"href":"https:\/\/dgbellvietnam.com\/en\/wp-json\/wp\/v2\/product_brand?post=20439"},{"taxonomy":"product_cat","embeddable":true,"href":"https:\/\/dgbellvietnam.com\/en\/wp-json\/wp\/v2\/product_cat?post=20439"},{"taxonomy":"product_tag","embeddable":true,"href":"https:\/\/dgbellvietnam.com\/en\/wp-json\/wp\/v2\/product_tag?post=20439"}],"curies":[{"name":"wp","href":"https:\/\/api.w.org\/{rel}","templated":true}]}}