{"id":20437,"date":"2024-05-27T22:14:26","date_gmt":"2024-05-27T22:14:26","guid":{"rendered":"http:\/\/dgbellvietnam.com\/san-pham\/combined-altitude-temperature-environmental-test-chamber\/"},"modified":"2024-09-12T15:29:48","modified_gmt":"2024-09-12T08:29:48","slug":"combined-altitude-temperature-environmental-test-chamber","status":"publish","type":"product","link":"https:\/\/dgbellvietnam.com\/en\/san-pham\/combined-altitude-temperature-environmental-test-chamber\/","title":{"rendered":"Bu\u1ed3ng th\u1eed nghi\u1ec7m m\u00f4i tr\u01b0\u1eddng \u0111\u1ed9 cao v\u00e0 nhi\u1ec7t \u0111\u1ed9 k\u1ebft h\u1ee3p"},"content":{"rendered":"<div id=\"tab-description\" class=\"woocommerce-Tabs-panel woocommerce-Tabs-panel--description panel entry-content active\" role=\"tabpanel\" aria-labelledby=\"tab-title-description\">\n<p><strong>\u1ee8ng d\u1ee5ng<\/strong><\/p>\n<div>Bu\u1ed3ng th\u1eed nghi\u1ec7m m\u00f4i tr\u01b0\u1eddng nhi\u1ec7t \u0111\u1ed9 v\u00e0 \u0111\u1ed9 cao k\u1ebft h\u1ee3p c\u1ee7a DGBELL ch\u1ee7 y\u1ebfu \u0111\u01b0\u1ee3c s\u1eed d\u1ee5ng trong h\u00e0ng kh\u00f4ng, h\u00e0ng kh\u00f4ng v\u0169 tr\u1ee5, \u0111i\u1ec7n t\u1eed, qu\u1ed1c ph\u00f2ng, nghi\u00ean c\u1ee9u khoa h\u1ecdc v\u00e0 c\u00e1c l\u0129nh v\u1ef1c c\u00f4ng nghi\u1ec7p kh\u00e1c \u0111\u1ec3 x\u00e1c \u0111\u1ecbnh c\u00e1c s\u1ea3n ph\u1ea9m c\u00f4ng ngh\u1ec7 \u0111i\u1ec7n t\u1eed (bao g\u1ed3m linh ki\u1ec7n, v\u1eadt li\u1ec7u v\u00e0 d\u1ee5ng c\u1ee5).<\/div>\n<div>Vi\u1ec7c th\u1eed nghi\u1ec7m \u0111\u1ed9 tin c\u1eady c\u1ee7a vi\u1ec7c b\u1ea3o qu\u1ea3n v\u00e0 v\u1eadn chuy\u1ec3n c\u00f3 th\u1ec3 \u0111\u01b0\u1ee3c th\u1ef1c hi\u1ec7n d\u01b0\u1edbi t\u00e1c \u0111\u1ed9ng \u0111\u01a1n l\u1ebb ho\u1eb7c \u0111\u1ed3ng th\u1eddi c\u1ee7a nhi\u1ec7t \u0111\u1ed9 cao v\u00e0 th\u1ea5p v\u00e0 \u00e1p su\u1ea5t th\u1ea5p, \u0111\u1ed3ng th\u1eddi m\u1eabu th\u1eed c\u00f3 th\u1ec3 \u0111\u01b0\u1ee3c c\u1ea5p \u0111i\u1ec7n \u0111\u1ec3 ki\u1ec3m tra c\u00e1c th\u00f4ng s\u1ed1 hi\u1ec7u su\u1ea5t \u0111i\u1ec7n c\u00f9ng m\u1ed9t l\u00fac.<br \/>\nH\u1ec7 th\u1ed1ng ch\u00e2n kh\u00f4ng \u0111\u01b0\u1ee3c \u0111i\u1ec1u khi\u1ec3n t\u1ef1 \u0111\u1ed9ng cung c\u1ea5p \u0111i\u1ec1u ki\u1ec7n m\u00f4 ph\u1ecfng \u0111\u1ed9 cao ch\u00ednh x\u00e1c l\u00ean t\u1edbi 30000 m\u00e9t. C\u00f3 s\u1eb5n \u0111\u1ec3 k\u1ebft n\u1ed1i c\u00e1p \u0111\u1ec3 ki\u1ec3m tra hi\u1ec7u su\u1ea5t \u0111i\u1ec7n t\u1eed.<\/div>\n<p><strong>T\u00ednh n\u0103ng<\/strong><\/p>\n<ol>\n<li>C\u1ea5u tr\u00fac b\u00ean ngo\u00e0i b\u1eb1ng th\u00e9p t\u1ea5m \u0111\u1ecbnh h\u00ecnh.<\/li>\n<li>Th\u00e9p kh\u00f4ng g\u1ec9 SUS#304 li\u00ean t\u1ee5c b\u1ecbt k\u00edn m\u1ed1i h\u00e0n, v\u1ecf t\u1ee7 b\u00ean trong c\u00f3 l\u1edbp l\u00f3t k\u00edn h\u01a1i, hi\u1ec7u su\u1ea5t h\u00fat ch\u00e2n kh\u00f4ng tuy\u1ec7t v\u1eddi.<\/li>\n<li>B\u01a1m ch\u00e2n kh\u00f4ng c\u00f4ng su\u1ea5t cao<\/li>\n<li>H\u1ec7 th\u1ed1ng l\u00e0m l\u1ea1nh hi\u1ec7u qu\u1ea3 cao<\/li>\n<li>C\u00f3 th\u1ec3 l\u1eadp tr\u00ecnh<\/li>\n<\/ol>\n<p><strong>Ti\u00eau chu\u1ea9n<\/strong><\/p>\n<ul>\n<li>UN 38.3<\/li>\n<\/ul>\n<p><strong>Th\u00f4ng s\u1ed1 k\u1ef9 thu\u1eadt<\/strong><\/p>\n<div id=\"tablepress-50-scroll-wrapper\" class=\"tablepress-scroll-wrapper\">\n<table id=\"tablepress-50\" class=\"tablepress tablepress-id-50 tablepress-responsive\">\n<thead>\n<tr class=\"row-1 odd\">\n<th class=\"column-1\">M\u1eabu<\/th>\n<th class=\"column-2\">BTHQ-100<\/th>\n<th class=\"column-3\">BTHQ-225<\/th>\n<th class=\"column-4\">BTHQ-500<\/th>\n<th class=\"column-5\">BTHQ-800<\/th>\n<th class=\"column-6\">BTHQ-1000<\/th>\n<\/tr>\n<\/thead>\n<tbody class=\"row-hover\">\n<tr class=\"row-2 even\">\n<td class=\"column-1\">Kh\u00f4ng gian th\u1eed nghi\u1ec7m<\/td>\n<td class=\"column-2\">450x500x450<\/td>\n<td class=\"column-3\">600x750x500<\/td>\n<td class=\"column-4\">800x900x700<\/td>\n<td class=\"column-5\">1000x1000x800<\/td>\n<td class=\"column-6\">1000x1000x1000<\/td>\n<\/tr>\n<tr class=\"row-3 odd\">\n<td class=\"column-1\" colspan=\"6\">W x H x D(mm)<\/td>\n<\/tr>\n<tr class=\"row-4 even\">\n<td class=\"column-1\">K\u00edch th\u01b0\u1edbc b\u00ean ngo\u00e0i<\/td>\n<td class=\"column-2\">1150x1750x1050<\/td>\n<td class=\"column-3\">1100x1900x1200<\/td>\n<td class=\"column-4\">1450x2100x1450<\/td>\n<td class=\"column-5\">1550x2200x1500<\/td>\n<td class=\"column-6\">1520x2280x1720<\/td>\n<\/tr>\n<tr class=\"row-5 odd\">\n<td class=\"column-1\" colspan=\"6\">W x H x D(mm)<\/td>\n<\/tr>\n<tr class=\"row-6 even\">\n<td class=\"column-1\">D\u1ea3i nhi\u1ec7t \u0111\u1ed9<\/td>\n<td class=\"column-2\" colspan=\"5\">B\uff1a-20\uff5e150\u2103\u00a0\u00a0 C\uff1a-40\uff5e150\u2103\u00a0\u00a0 D\uff1a-70\uff5e150\u2103<\/td>\n<\/tr>\n<tr class=\"row-7 odd\">\n<td class=\"column-1\">Bi\u1ebfn \u0111\u1ed9ng nhi\u1ec7t \u0111\u1ed9<\/td>\n<td class=\"column-2\" colspan=\"5\">\u00b10.5\u2103\uff08kh\u00ed quy\u1ec3n\uff0ckh\u00f4ng t\u1ea3i\uff09<\/td>\n<\/tr>\n<tr class=\"row-8 even\">\n<td class=\"column-1\">\u0110\u1ed9 l\u1ec7ch nhi\u1ec7t \u0111\u1ed9<\/td>\n<td class=\"column-2\" colspan=\"5\">\u2264\u00b12\u2103\uff08kh\u00ed quy\u1ec3n\uff0ckh\u00f4ng t\u1ea3i\uff09<\/td>\n<\/tr>\n<tr class=\"row-9 odd\">\n<td class=\"column-1\">\u0110\u1ed9 \u0111\u1ed3ng \u0111\u1ec1u nhi\u1ec7t \u0111\u1ed9<\/td>\n<td class=\"column-2\" colspan=\"5\">\u2264\u00b12\u2103\uff08kh\u00ed quy\u1ec3n\uff0ckh\u00f4ng t\u1ea3i\uff09<\/td>\n<\/tr>\n<tr class=\"row-10 even\">\n<td class=\"column-1\">T\u1ed1c \u0111\u1ed9 l\u00e0m m\u00e1t<\/td>\n<td class=\"column-2\" colspan=\"5\">0.8-1.2\u2103\/ph\u00fat<\/td>\n<\/tr>\n<tr class=\"row-11 odd\">\n<td class=\"column-1\">M\u1ee9c \u00e1p su\u1ea5t<\/td>\n<td class=\"column-2\" colspan=\"5\">101kPa-0.5kPa<\/td>\n<\/tr>\n<tr class=\"row-12 even\">\n<td class=\"column-1\">Th\u1eddi gian gi\u1ea3m \u00e1p su\u1ea5t<\/td>\n<td class=\"column-2\" colspan=\"5\">101kPa\u21921.0kPa\u226430 ph\u00fat\uff08kh\u00f4\uff09<\/td>\n<\/tr>\n<tr class=\"row-13 odd\">\n<td class=\"column-1\">\u0110\u1ed9 l\u1ec7ch \u00e1p su\u1ea5t<\/td>\n<td class=\"column-2\" colspan=\"5\">Kh\u00ed quy\u1ec3n -40kp;\u00b11.8kpa;40kp-4kpa;\u00b14.5%kpa;4kp-0.5kpa;\u00b10.1kpa<\/td>\n<\/tr>\n<tr class=\"row-14 even\">\n<td class=\"column-1\">Th\u1eddi gian kh\u00f4i ph\u1ee5c \u00e1p su\u1ea5t<\/td>\n<td class=\"column-2\" colspan=\"5\">\u226410KPa\/ph\u00fat<\/td>\n<\/tr>\n<tr class=\"row-15 odd\">\n<td class=\"column-1\">Tr\u1ecdng l\u01b0\u1ee3ng<\/td>\n<td class=\"column-2\" colspan=\"5\">1500kg<\/td>\n<\/tr>\n<\/tbody>\n<\/table>\n<\/div>\n<p><strong>B\u1ea3ng tham chi\u1ebfu \u00e1p su\u1ea5t &#8211; \u0111\u1ed9 cao<\/strong><\/p>\n<table id=\"tablepress-75\" class=\"tablepress tablepress-id-75 tablepress-responsive\">\n<tbody>\n<tr class=\"row-1\">\n<td class=\"column-1\">\u00c1p su\u1ea5t c\u00e0i \u0111\u1eb7t<\/td>\n<td class=\"column-2\">\u0110\u1ed9 cao<\/td>\n<\/tr>\n<tr class=\"row-2\">\n<td class=\"column-1\">1.09KPa<\/td>\n<td class=\"column-2\">30500m<\/td>\n<\/tr>\n<tr class=\"row-3\">\n<td class=\"column-1\">2.75KPa<\/td>\n<td class=\"column-2\">24400m<\/td>\n<\/tr>\n<tr class=\"row-4\">\n<td class=\"column-1\">4.43KPa<\/td>\n<td class=\"column-2\">21350m<\/td>\n<\/tr>\n<tr class=\"row-5\">\n<td class=\"column-1\">11.68KPa<\/td>\n<td class=\"column-2\">15250m<\/td>\n<\/tr>\n<tr class=\"row-6\">\n<td class=\"column-1\">19.16KPa<\/td>\n<td class=\"column-2\">12200m<\/td>\n<\/tr>\n<tr class=\"row-7\">\n<td class=\"column-1\">30.06KPa<\/td>\n<td class=\"column-2\">9150m<\/td>\n<\/tr>\n<tr class=\"row-8\">\n<td class=\"column-1\">46.54KPa<\/td>\n<td class=\"column-2\">6100m<\/td>\n<\/tr>\n<tr class=\"row-9\">\n<td class=\"column-1\">57.3KPa<\/td>\n<td class=\"column-2\">4550m<\/td>\n<\/tr>\n<tr class=\"row-10\">\n<td class=\"column-1\">69.66KPa<\/td>\n<td class=\"column-2\">3050m<\/td>\n<\/tr>\n<\/tbody>\n<\/table>\n<\/div>\n","protected":false},"excerpt":{"rendered":"<p>\u1ee8ng d\u1ee5ng Bu\u1ed3ng th\u1eed nghi\u1ec7m m\u00f4i tr\u01b0\u1eddng nhi\u1ec7t \u0111\u1ed9 v\u00e0 \u0111\u1ed9 cao k\u1ebft h\u1ee3p c\u1ee7a DGBELL ch\u1ee7 y\u1ebfu \u0111\u01b0\u1ee3c s\u1eed d\u1ee5ng trong h\u00e0ng kh\u00f4ng, h\u00e0ng kh\u00f4ng v\u0169 tr\u1ee5, \u0111i\u1ec7n t\u1eed, qu\u1ed1c ph\u00f2ng, nghi\u00ean c\u1ee9u khoa h\u1ecdc v\u00e0 c\u00e1c l\u0129nh v\u1ef1c c\u00f4ng nghi\u1ec7p kh\u00e1c \u0111\u1ec3 x\u00e1c \u0111\u1ecbnh c\u00e1c s\u1ea3n ph\u1ea9m c\u00f4ng ngh\u1ec7 \u0111i\u1ec7n t\u1eed (bao g\u1ed3m<\/p>\n","protected":false},"featured_media":20438,"comment_status":"closed","ping_status":"closed","template":"","meta":[],"product_brand":[],"product_cat":[62],"product_tag":[],"class_list":{"0":"post-20437","1":"product","2":"type-product","3":"status-publish","4":"has-post-thumbnail","6":"product_cat-tu-moi-truong","8":"first","9":"instock","10":"shipping-taxable","11":"product-type-simple"},"acf":[],"_links":{"self":[{"href":"https:\/\/dgbellvietnam.com\/en\/wp-json\/wp\/v2\/product\/20437","targetHints":{"allow":["GET"]}}],"collection":[{"href":"https:\/\/dgbellvietnam.com\/en\/wp-json\/wp\/v2\/product"}],"about":[{"href":"https:\/\/dgbellvietnam.com\/en\/wp-json\/wp\/v2\/types\/product"}],"replies":[{"embeddable":true,"href":"https:\/\/dgbellvietnam.com\/en\/wp-json\/wp\/v2\/comments?post=20437"}],"wp:featuredmedia":[{"embeddable":true,"href":"https:\/\/dgbellvietnam.com\/en\/wp-json\/wp\/v2\/media\/20438"}],"wp:attachment":[{"href":"https:\/\/dgbellvietnam.com\/en\/wp-json\/wp\/v2\/media?parent=20437"}],"wp:term":[{"taxonomy":"product_brand","embeddable":true,"href":"https:\/\/dgbellvietnam.com\/en\/wp-json\/wp\/v2\/product_brand?post=20437"},{"taxonomy":"product_cat","embeddable":true,"href":"https:\/\/dgbellvietnam.com\/en\/wp-json\/wp\/v2\/product_cat?post=20437"},{"taxonomy":"product_tag","embeddable":true,"href":"https:\/\/dgbellvietnam.com\/en\/wp-json\/wp\/v2\/product_tag?post=20437"}],"curies":[{"name":"wp","href":"https:\/\/api.w.org\/{rel}","templated":true}]}}