{"id":20434,"date":"2024-05-27T22:14:20","date_gmt":"2024-05-27T22:14:20","guid":{"rendered":"http:\/\/dgbellvietnam.com\/san-pham\/walk-in-chamber-for-complex-salt-spray-test-temperature-controllable\/"},"modified":"2024-09-11T16:01:31","modified_gmt":"2024-09-11T09:01:31","slug":"walk-in-chamber-for-complex-salt-spray-test-temperature-controllable","status":"publish","type":"product","link":"https:\/\/dgbellvietnam.com\/en\/san-pham\/walk-in-chamber-for-complex-salt-spray-test-temperature-controllable\/","title":{"rendered":"Bu\u1ed3ng th\u1eed nghi\u1ec7m phun mu\u1ed1i ph\u1ee9c t\u1ea1p (c\u00f3 th\u1ec3 ki\u1ec3m so\u00e1t nhi\u1ec7t \u0111\u1ed9)"},"content":{"rendered":"<p>Walk-in Chamber l\u00e0 bu\u1ed3ng th\u1eed nghi\u1ec7m kh\u00ed h\u1eadu m\u00e0 ng\u01b0\u1eddi d\u00f9ng c\u00f3 th\u1ec3 \u0111i v\u00e0o b\u00ean trong \u0111\u1ec3 c\u00e0i \u0111\u1eb7t c\u00e1c s\u1ea3n ph\u1ea9m c\u1ea7n ki\u1ec3m tra.<\/p>\n<div id=\"tab-description\" class=\"woocommerce-Tabs-panel woocommerce-Tabs-panel--description panel entry-content active\" role=\"tabpanel\" aria-labelledby=\"tab-title-description\">\n<h2><strong>Ti\u00eau chu\u1ea9n<\/strong><\/h2>\n<ul>\n<li>UL 2580<\/li>\n<\/ul>\n<h2><strong>Th\u00f4ng s\u1ed1 k\u1ef9 thu\u1eadt<\/strong><\/h2>\n<table width=\"704\">\n<tbody>\n<tr>\n<td width=\"173\">T\u00ean s\u1ea3n ph\u1ea9m<\/td>\n<td colspan=\"2\" width=\"531\">Bu\u1ed3ng th\u1eed nghi\u1ec7m phun mu\u1ed1i ph\u1ee9c t\u1ea1p<\/td>\n<\/tr>\n<tr>\n<td width=\"173\">M\u1eabu<\/td>\n<td width=\"203\">BE-8209-12m\u00b3<\/td>\n<td width=\"328\">BE-8209-15m\u00b3<\/td>\n<\/tr>\n<tr>\n<td width=\"173\">Kh\u00f4ng gian trong<\/td>\n<td width=\"203\">W2000 X D3000 X H2000\u00a0mm<\/td>\n<td width=\"328\">W2500 X D3000 X H2000\u00a0mm<\/td>\n<\/tr>\n<tr>\n<td width=\"173\">Kh\u00f4ng gian ngo\u00e0i<\/td>\n<td width=\"203\">W2400\u00a0X D5000 X H3000\u00a0mm<\/td>\n<td width=\"328\">W2900\u00a0X D5000 X H3000\u00a0mm<\/td>\n<\/tr>\n<tr>\n<td width=\"173\">T\u1ea3i t\u1ed1i \u0111a<\/td>\n<td colspan=\"2\" width=\"531\">1000KG cho pack pin<\/td>\n<\/tr>\n<tr>\n<td width=\"173\">D\u1ea3i nhi\u1ec7t \u0111\u1ed9<\/td>\n<td colspan=\"2\" width=\"531\">0\u2103\uff5e+85\u2103<\/td>\n<\/tr>\n<tr>\n<td width=\"173\">Bi\u1ebfn \u0111\u1ed9ng nhi\u1ec7t \u0111\u1ed9<\/td>\n<td colspan=\"2\" width=\"531\">\u00b10.5\u2103<\/td>\n<\/tr>\n<tr>\n<td width=\"173\">\u0110\u1ed9 l\u1ec7ch nhi\u1ec7t \u0111\u1ed9<\/td>\n<td colspan=\"2\" width=\"531\">2\u2103<\/td>\n<\/tr>\n<tr>\n<td width=\"173\">C\u00f4ng su\u1ea5t phun<\/td>\n<td colspan=\"2\" width=\"531\">1~2mL\/80cm2\/hr (Thu th\u1eadp \u00edt nh\u1ea5t 16 gi\u1edd, l\u1ea5y m\u1ee9c trung b\u00ecnh)<\/td>\n<\/tr>\n<tr>\n<td width=\"173\">\u00c1p su\u1ea5t phun<\/td>\n<td colspan=\"2\" width=\"531\">1.00\u00b10.01kgf\/cm\u00b2<\/td>\n<\/tr>\n<tr>\n<td width=\"173\">\u0110\u1ed9 ph\u00e2n gi\u1ea3i<\/td>\n<td colspan=\"2\" width=\"531\">Nhi\u1ec7t \u0111\u1ed9: 0.01\u2103, \u0110\u1ed9 \u1ea9m: 0.01%R.H.<\/td>\n<\/tr>\n<tr>\n<td width=\"173\">D\u1ea3i \u0111\u1ed9 \u1ea9m<\/td>\n<td colspan=\"2\" width=\"531\">30%\u201398%R.H.<\/p>\n<p><img fetchpriority=\"high\" decoding=\"async\" class=\"alignnone wp-image-1357\" title=\"complex-salt-spray-test-chamber3-300x166-jpg\" src=\"http:\/\/dgbellvietnam.com\/wp-content\/uploads\/2024\/05\/complex-salt-spray-test-chamber3-300x166-jpg.webp\" width=\"344\" height=\"190\" data-lazyloaded=\"1\" data-src=\"data:image\/svg+xml;base64,PHN2ZyB4bWxucz0iaHR0cHM6Ly93d3cudzMub3JnLzIwMDAvc3ZnIiB3aWR0aD0iMzQ0IiBoZWlnaHQ9IjE5MCIgdmlld0JveD0iMCAwIDM0NCAxOTAiPjxyZWN0IHdpZHRoPSIxMDAlIiBoZWlnaHQ9IjEwMCUiIHN0eWxlPSJmaWxsOiNjZmQ0ZGI7ZmlsbC1vcGFjaXR5OiAwLjE7Ii8+PC9zdmc+\" data-srcset=\"http:\/\/dgbellvietnam.com\/wp-content\/uploads\/2024\/05\/complex-salt-spray-test-chamber3-300x166-jpg.webp 300w, https:\/\/belltestchamber.com\/wp-content\/uploads\/2019\/04\/Complex-Salt-Spray-Test-Chamber3-510x282.jpg.webp 510w, https:\/\/belltestchamber.com\/wp-content\/uploads\/2019\/04\/Complex-Salt-Spray-Test-Chamber3-768x425.jpg.webp 768w, https:\/\/belltestchamber.com\/wp-content\/uploads\/2019\/04\/Complex-Salt-Spray-Test-Chamber3.jpg.webp 811w\" data-sizes=\"(max-width: 344px) 100vw, 344px\" \/><\/td>\n<\/tr>\n<tr>\n<td width=\"173\">Bi\u1ebfn \u0111\u1ed9ng \u0111\u1ed9 \u1ea9m<\/td>\n<td colspan=\"2\" width=\"531\">\u00b13%R.H.<\/td>\n<\/tr>\n<tr>\n<td width=\"173\">\u0110\u1ed9 PH<\/td>\n<td colspan=\"2\" width=\"531\">Trung t\u00ednh 6.0\uff5e7.0\u00a0 \u00a0 \u00a0 Axit 3.0\uff5e3.1<\/td>\n<\/tr>\n<tr>\n<td width=\"173\">Gi\u1ea3i ph\u00e1p phun PH<\/td>\n<td colspan=\"2\" width=\"531\">Trung t\u00ednh 6.5\uff5e7.2\u00a0\u00a0\u00a0 Axit 3.1\uff5e3.3<\/td>\n<\/tr>\n<tr>\n<td width=\"173\">D\u1ea3i th\u1eddi gian th\u1eed nghi\u1ec7m<\/td>\n<td colspan=\"2\" width=\"531\">1S \uff5e 9999H\u00a0\u00a0(C\u00f3 th\u1ec3 c\u00e0i \u0111\u1eb7t)<\/td>\n<\/tr>\n<tr>\n<td width=\"173\">Ch\u1ebf \u0111\u1ed9 \u0111i\u1ec1u khi\u1ec3n<\/td>\n<td colspan=\"2\" width=\"531\">M\u00e0n h\u00ecnh c\u1ea3m \u1ee9ng \u0111i\u1ec1u khi\u1ec3n l\u1eadp tr\u00ecnh PLC, k\u1ebft n\u1ed1i m\u1ea1ng; b\u00e1o \u0111\u1ed9ng APP \u0111i\u1ec7n tho\u1ea1i di \u0111\u1ed9ng; v\u1edbi giao di\u1ec7n USB, v\u1edbi giao di\u1ec7n RJ485 c\u00f3 th\u1ec3 k\u1ebft n\u1ed1i v\u1edbi \u0111i\u1ec1u khi\u1ec3n m\u00e1y t\u00ednh, ph\u1ea7n m\u1ec1m \u0111i\u1ec1u khi\u1ec3n m\u1ea1ng \u0111\u1ed9c quy\u1ec1n. Gi\u00e1m s\u00e1t v\u00e0 thu th\u1eadp d\u1eef li\u1ec7u t\u1eeb xa.<\/td>\n<\/tr>\n<tr>\n<td width=\"173\">Ch\u1ea5t li\u1ec7u b\u00ean trong<\/td>\n<td colspan=\"2\" width=\"531\">V\u1eadt li\u1ec7u SUS316 kh\u00e1ng axit v\u00e0 ki\u1ec1m<\/td>\n<\/tr>\n<tr>\n<td width=\"173\">Ch\u1ea5t li\u1ec7u b\u00ean ngo\u00e0i<\/td>\n<td colspan=\"2\" width=\"531\">T\u1ea5m th\u00e9p ch\u1ecbu nhi\u1ec7t v\u00e0 l\u1ea1nh c\u00f3 l\u1edbp ph\u1ee7 phun<\/td>\n<\/tr>\n<tr>\n<td width=\"173\">Ch\u1ebf \u0111\u1ed9 l\u00e0m m\u00e1t<\/td>\n<td colspan=\"2\" width=\"531\">L\u00e0m m\u00e1t b\u1eb1ng kh\u00f4ng kh\u00ed \/ l\u00e0m m\u00e1t b\u1eb1ng n\u01b0\u1edbc<\/td>\n<\/tr>\n<tr>\n<td width=\"173\">T\u1ed5ng tr\u1ecdng l\u01b0\u1ee3ng<\/td>\n<td colspan=\"2\" width=\"531\">Kho\u1ea3ng 7 t\u1ea5n<\/td>\n<\/tr>\n<tr>\n<td width=\"173\">Ngu\u1ed3n \u0111i\u1ec7n<\/td>\n<td colspan=\"2\" width=\"531\">AC 380V, 55KW<\/td>\n<\/tr>\n<tr>\n<td width=\"173\">C\u00e1c ch\u1ee9c n\u0103ng ph\u1ee5 tr\u1ee3 kh\u00e1c<\/td>\n<td colspan=\"2\" width=\"531\">*Xe \u0111\u1ea9y lo\u1ea1i ch\u00ednh-ph\u1ee5 \u0111\u1ec3 \u0111\u01b0a m\u1eabu v\u00e0o v\u00e0 ra kh\u1ecfi bu\u1ed3ng th\u1eed nghi\u1ec7m.<\/p>\n<p>*Ch\u1ed1ng ch\u00e1y n\u1ed5, Gi\u1ea3m \u00e1p, X\u1ea3, D\u1eadp t\u1eaft l\u1eeda, Gi\u00e1m s\u00e1t video.<\/td>\n<\/tr>\n<\/tbody>\n<\/table>\n<\/div>\n","protected":false},"excerpt":{"rendered":"<p>Walk-in Chamber l\u00e0 bu\u1ed3ng th\u1eed nghi\u1ec7m kh\u00ed h\u1eadu m\u00e0 ng\u01b0\u1eddi d\u00f9ng c\u00f3 th\u1ec3 \u0111i v\u00e0o b\u00ean trong \u0111\u1ec3 c\u00e0i \u0111\u1eb7t c\u00e1c s\u1ea3n ph\u1ea9m c\u1ea7n ki\u1ec3m tra. Ti\u00eau chu\u1ea9n UL 2580 Th\u00f4ng s\u1ed1 k\u1ef9 thu\u1eadt T\u00ean s\u1ea3n ph\u1ea9m Bu\u1ed3ng th\u1eed nghi\u1ec7m phun mu\u1ed1i ph\u1ee9c t\u1ea1p M\u1eabu BE-8209-12m\u00b3 BE-8209-15m\u00b3 Kh\u00f4ng gian trong W2000 X D3000 X H2000\u00a0mm<\/p>\n","protected":false},"featured_media":20435,"comment_status":"closed","ping_status":"closed","template":"","meta":[],"product_brand":[],"product_cat":[63,62,72],"product_tag":[],"class_list":{"0":"post-20434","1":"product","2":"type-product","3":"status-publish","4":"has-post-thumbnail","6":"product_cat-buong-thu-nghiem-pin","7":"product_cat-tu-moi-truong","8":"product_cat-ul-2580","10":"first","11":"instock","12":"shipping-taxable","13":"product-type-simple"},"acf":[],"_links":{"self":[{"href":"https:\/\/dgbellvietnam.com\/en\/wp-json\/wp\/v2\/product\/20434","targetHints":{"allow":["GET"]}}],"collection":[{"href":"https:\/\/dgbellvietnam.com\/en\/wp-json\/wp\/v2\/product"}],"about":[{"href":"https:\/\/dgbellvietnam.com\/en\/wp-json\/wp\/v2\/types\/product"}],"replies":[{"embeddable":true,"href":"https:\/\/dgbellvietnam.com\/en\/wp-json\/wp\/v2\/comments?post=20434"}],"wp:featuredmedia":[{"embeddable":true,"href":"https:\/\/dgbellvietnam.com\/en\/wp-json\/wp\/v2\/media\/20435"}],"wp:attachment":[{"href":"https:\/\/dgbellvietnam.com\/en\/wp-json\/wp\/v2\/media?parent=20434"}],"wp:term":[{"taxonomy":"product_brand","embeddable":true,"href":"https:\/\/dgbellvietnam.com\/en\/wp-json\/wp\/v2\/product_brand?post=20434"},{"taxonomy":"product_cat","embeddable":true,"href":"https:\/\/dgbellvietnam.com\/en\/wp-json\/wp\/v2\/product_cat?post=20434"},{"taxonomy":"product_tag","embeddable":true,"href":"https:\/\/dgbellvietnam.com\/en\/wp-json\/wp\/v2\/product_tag?post=20434"}],"curies":[{"name":"wp","href":"https:\/\/api.w.org\/{rel}","templated":true}]}}