{"id":20432,"date":"2024-05-27T22:14:14","date_gmt":"2024-05-27T22:14:14","guid":{"rendered":"http:\/\/dgbellvietnam.com\/san-pham\/walk-in-environmental-chamber-for-temperature-humidity-test\/"},"modified":"2024-09-12T10:33:27","modified_gmt":"2024-09-12T03:33:27","slug":"walk-in-environmental-chamber-for-temperature-humidity-test","status":"publish","type":"product","link":"https:\/\/dgbellvietnam.com\/en\/san-pham\/walk-in-environmental-chamber-for-temperature-humidity-test\/","title":{"rendered":"Bu\u1ed3ng m\u00f4i tr\u01b0\u1eddng th\u1eed nghi\u1ec7m nhi\u1ec7t \u1ea9m"},"content":{"rendered":"<div id=\"tab-description\" class=\"woocommerce-Tabs-panel woocommerce-Tabs-panel--description panel entry-content active\" role=\"tabpanel\" aria-labelledby=\"tab-title-description\">\n<p><strong>\u1ee8ng d\u1ee5ng<\/strong><strong><br \/>\n<\/strong><\/p>\n<p>Bu\u1ed3ng th\u1eed nhi\u1ec7t \u0111\u1ed9 v\u00e0 \u0111\u1ed9 \u1ea9m c\u1ee7a DGBELL ho\u00e0n to\u00e0n \u0111\u00e1p \u1ee9ng \u0111\u01b0\u1ee3c \u1ee9ng d\u1ee5ng th\u1eed nghi\u1ec7m k\u00edch th\u01b0\u1edbc l\u1edbn \u0111\u00f2i h\u1ecfi nhi\u1ec7t \u0111\u1ed9 v\u00e0 \u0111\u1ed9 \u1ea9m cao. Bu\u1ed3ng \u0111\u01b0\u1ee3c ch\u1ebf t\u1ea1o b\u1eb1ng th\u00e9p k\u1ebft c\u1ea5u, c\u1ea5u tr\u00fac \u1ed5n \u0111\u1ecbnh c\u00f3 th\u1ec3 th\u1eed nghi\u1ec7m c\u00e1c th\u00e0nh ph\u1ea7n v\u00e0 s\u1ea3n ph\u1ea9m l\u1edbn. C\u00f3 nhi\u1ec1u ch\u1ee9c n\u0103ng t\u00f9y ch\u1ecdn kh\u00e1c nhau cho c\u00e1c ti\u00eau chu\u1ea9n v\u00e0 y\u00eau c\u1ea7u th\u1eed nghi\u1ec7m kh\u00e1c nhau.<\/p>\n<p><strong>T\u00ednh n\u0103ng<\/strong><\/p>\n<ol>\n<li>C\u00f4ng ngh\u1ec7 ti\u1ebft ki\u1ec7m n\u0103ng l\u01b0\u1ee3ng, \u1ed5n \u0111\u1ecbnh h\u01a1n, tu\u1ed5i th\u1ecd b\u1ec1n l\u00e2u.<\/li>\n<li>C\u1ea5u tr\u00fac th\u00e9p, t\u1ee7 b\u00ean trong b\u1eb1ng th\u00e9p kh\u00f4ng g\u1ec9, d\u1ec5 v\u1ec7 sinh.<\/li>\n<li>\u0110\u1ea7u ra ghi d\u1eef li\u1ec7u th\u1eed nghi\u1ec7m b\u1eb1ng th\u1ebb nh\u1edb USB.<\/li>\n<li>\u0110i\u1ec1u khi\u1ec3n t\u1eeb xa RS485 v\u00e0 Ethernet.<\/li>\n<li>C\u00f3 s\u1eb5n th\u00f4ng b\u00e1o b\u00e1o \u0111\u1ed9ng qua \u0111i\u1ec7n tho\u1ea1i.<\/li>\n<li>C\u00f3 th\u1ec3 l\u1eadp tr\u00ecnh<\/li>\n<\/ol>\n<p><strong>Ti\u00eau chu\u1ea9n<br \/>\n<\/strong><\/p>\n<ul>\n<li>IEC 68-2-1 (GB\/T 2423.1-2008)<\/li>\n<li>IEC 68-2-2 (GB\/T 2423.2-2008)<\/li>\n<li>IEC 68-2-3 (GB\/T 2423.3-2006)<\/li>\n<li>IEC 68-2-30 (GB\/T 2423.4-2008)<\/li>\n<li>IEC 68-2-14 (GB\/T 2423.22-2008)<\/li>\n<li>MIL-STD-810D (GJB150.3A-2009)<\/li>\n<li>MIL-STD-810D (GJB 150.4A-2009)<\/li>\n<li>MIL-STD-810D (GJB150.9A-2009)<\/li>\n<\/ul>\n<p><strong>Th\u00f4ng s\u1ed1 k\u1ef9 thu\u1eadt<\/strong><\/p>\n<div id=\"tablepress-49-scroll-wrapper\" class=\"tablepress-scroll-wrapper\">\n<table id=\"tablepress-49\" class=\"tablepress tablepress-id-49 tablepress-responsive\">\n<thead>\n<tr class=\"row-1 odd\">\n<th class=\"column-1\">M\u1eabu<\/th>\n<th class=\"column-2\">BTHW-6M<\/th>\n<th class=\"column-3\">BTHW-10M<\/th>\n<th class=\"column-4\">BTHW-15M<\/th>\n<th class=\"column-5\">BTHW-30M<\/th>\n<th class=\"column-6\">BTHW-80M<\/th>\n<\/tr>\n<\/thead>\n<tbody class=\"row-hover\">\n<tr class=\"row-2 even\">\n<td class=\"column-1\">Kh\u00f4ng gian th\u1eed nghi\u1ec7m<\/td>\n<td class=\"column-2\">2000*2000*1500<\/td>\n<td class=\"column-3\">2500*2000*2000<\/td>\n<td class=\"column-4\">3000*2200*2500<\/td>\n<td class=\"column-5\">5000*2000*3000<\/td>\n<td class=\"column-6\">4000*2500*8000<\/td>\n<\/tr>\n<tr class=\"row-3 odd\">\n<td class=\"column-1\" colspan=\"6\">W x H x D (mm)<\/td>\n<\/tr>\n<tr class=\"row-4 even\">\n<td class=\"column-1\">K\u00edch th\u01b0\u1edbc b\u00ean ngo\u00e0i<\/td>\n<td class=\"column-2\">3350*2280*1800<\/td>\n<td class=\"column-3\">3850*2480*2300<\/td>\n<td class=\"column-4\">4350*2480*2800<\/td>\n<td class=\"column-5\">5200*2280*4350<\/td>\n<td class=\"column-6\">4200*2780*9700<\/td>\n<\/tr>\n<tr class=\"row-5 odd\">\n<td class=\"column-1\" colspan=\"6\">W x H x D (mm)<\/td>\n<\/tr>\n<tr class=\"row-6 even\">\n<td class=\"column-1\">D\u1ea3i nhi\u1ec7t \u0111\u1ed9<\/td>\n<td class=\"column-2\" colspan=\"5\">A:0~90\u2103\u00a0B:-20~90\u2103\u00a0\u00a0C:-40~90\u2103\u00a0\u00a0D: -70~90\u2103<\/td>\n<\/tr>\n<tr class=\"row-7 odd\">\n<td class=\"column-1\">D\u1ea3i \u0111\u1ed9 \u1ea9m<\/td>\n<td class=\"column-2\" colspan=\"5\">20%RH-98%RH\u00a0 \u0110\u1ed9 \u1ea9m th\u1ea5p : T\u1ed1i \u0111a 5%R.H.<\/td>\n<\/tr>\n<tr class=\"row-8 even\">\n<td class=\"column-1\">Bi\u1ebfn \u0111\u1ed9ng nhi\u1ec7t \u0111\u1ed9<\/td>\n<td class=\"column-2\" colspan=\"5\">\u2264\u00b10.5\u2103<\/td>\n<\/tr>\n<tr class=\"row-9 odd\">\n<td class=\"column-1\">\u0110\u1ed9 l\u1ec7ch nhi\u1ec7t \u0111\u1ed9<\/td>\n<td class=\"column-2\" colspan=\"5\">\u2264\u00b12\u2103<\/td>\n<\/tr>\n<tr class=\"row-10 even\">\n<td class=\"column-1\">\u0110\u1ed9 \u0111\u1ed3ng \u0111\u1ec1u nhi\u1ec7t \u0111\u1ed9<\/td>\n<td class=\"column-2\" colspan=\"5\">\u2264\u00b12\u2103<\/td>\n<\/tr>\n<tr class=\"row-11 odd\">\n<td class=\"column-1\">Bi\u1ebfn \u0111\u1ed9ng \u0111\u1ed9 \u1ea9m<\/td>\n<td class=\"column-2\" colspan=\"5\">\u2264\u00b12.5%<\/td>\n<\/tr>\n<tr class=\"row-12 even\">\n<td class=\"column-1\">\u0110\u1ed9 l\u1ec7ch \u0111\u1ed9 \u1ea9m<\/td>\n<td class=\"column-2\" colspan=\"5\">\u2264+2\/-3%R.H. (khi \u0111\u1ed9 \u1ea9m \uff1e75%RH\uff09\uff0c \u2264\u00b15RH% (khi \u0111\u1ed9 \u1ea9m\uff1c75%RH\uff09<\/td>\n<\/tr>\n<tr class=\"row-13 odd\">\n<td class=\"column-1\">T\u1ed1c \u0111\u1ed9 gia nhi\u1ec7t<\/td>\n<td class=\"column-2\" colspan=\"5\">Kho\u1ea3ng 1~ 3\u2103\/ph\u00fat\uff0ctrung b\u00ecnh, kh\u00f4ng tuy\u1ebfn t\u00ednh, kh\u00f4ng t\u1ea3i<\/td>\n<\/tr>\n<tr class=\"row-14 even\">\n<td class=\"column-1\">T\u1ed1c \u0111\u1ed9 l\u00e0m m\u00e1t<\/td>\n<td class=\"column-2\" colspan=\"5\">Kho\u1ea3ng 0.5~ 1\u2103\/ph\u00fat\uff0ctrung b\u00ecnh, kh\u00f4ng tuy\u1ebfn t\u00ednh, kh\u00f4ng t\u1ea3i<\/td>\n<\/tr>\n<tr class=\"row-15 odd\">\n<td class=\"column-1\">Nhi\u1ec7t \u0111\u1ed9 v\u01b0\u1ee3t ng\u01b0\u1ee1ng<\/td>\n<td class=\"column-2\" colspan=\"5\">\u2264\u00b12\u2103<\/td>\n<\/tr>\n<tr class=\"row-16 even\">\n<td class=\"column-1\">V\u1eadt li\u1ec7u b\u00ean trong<\/td>\n<td class=\"column-2\" colspan=\"5\">Th\u00e9p kh\u00f4ng g\u1ec9 SUS#304 d\u00e0y 1,0mm ch\u1ecbu \u0111\u01b0\u1ee3c nhi\u1ec7t \u0111\u1ed9 cao v\u00e0 th\u1ea5p.<\/td>\n<\/tr>\n<tr class=\"row-17 odd\">\n<td class=\"column-1\">V\u1eadt li\u1ec7u b\u00ean ngo\u00e0i<\/td>\n<td class=\"column-2\" colspan=\"5\">T\u1ea5m m\u1ea1 k\u1ebdm phun s\u01a1n t\u0129nh \u0111i\u1ec7n d\u00e0y 1,2mm ch\u1ecbu nhi\u1ec7t \u0111\u1ed9 cao<\/td>\n<\/tr>\n<tr class=\"row-18 even\">\n<td class=\"column-1\">M\u00e1y n\u00e9n<\/td>\n<td class=\"column-2\" colspan=\"5\">Tecumseh (Ph\u00e1p) &#8211; m\u00e1y n\u00e9n l\u00e0m m\u00e1t b\u1eb1ng kh\u00f4ng kh\u00ed ho\u00e0n to\u00e0n, hai t\u1ea7ng. Ho\u1eb7c m\u00e1y l\u00e0m l\u1ea1nh b\u00e1n k\u00edn l\u00e0m m\u00e1t b\u1eb1ng kh\u00f4ng kh\u00ed Bock (\u0110\u1ee9c).<\/td>\n<\/tr>\n<tr class=\"row-19 odd\">\n<td class=\"column-1\">T\u00f9y ch\u1ecdn<\/td>\n<td class=\"column-2\" colspan=\"5\">H\u1ec7 th\u1ed1ng l\u00e0m s\u1ea1ch kh\u00f4ng kh\u00ed kh\u00f4, H\u1ec7 th\u1ed1ng cung c\u1ea5p v\u00e0 l\u00e0m s\u1ea1ch n\u01b0\u1edbc t\u1ea1o \u1ea9m t\u1ef1 \u0111\u1ed9ng, H\u1ec7 th\u1ed1ng th\u00f4ng gi\u00f3 kh\u00f4ng kh\u00ed m\u1edbi, Ch\u1ed1ng ch\u00e1y, H\u1ec7 th\u1ed1ng ch\u1ed1ng ch\u00e1y n\u1ed5 &amp; b\u00e1o \u0111\u1ed9ng, Y\u00eau c\u1ea7u ki\u1ec3m tra nhi\u1ec7t \u0111\u1ed9 th\u1ea5p \u0111\u1ed9 \u1ea9m th\u1ea5p, nhi\u1ec7t \u0111\u1ed9 th\u1ea5p \u0111\u1ed9 \u1ea9m cao, M\u00e1y t\u00ednh t\u1eeb xa, ch\u1ee9c n\u0103ng b\u00e1o \u0111\u1ed9ng di \u0111\u1ed9ng<\/td>\n<\/tr>\n<\/tbody>\n<\/table>\n<\/div>\n<p><strong>C\u00e1c bi\u1ec7n ph\u00e1p ph\u00f2ng ng\u1eeba khi v\u1eadn h\u00e0nh<\/strong><\/p>\n<p>Theo c\u00e1c t\u00ean g\u1ecdi kh\u00e1c nhau, bu\u1ed3ng th\u1eed nghi\u1ec7m nhi\u1ec7t \u0111\u1ed9 v\u00e0 \u0111\u1ed9 \u1ea9m kh\u00f4ng \u0111\u1ed5i \u0111i b\u1ed9 c\u0169ng c\u00f3 th\u1ec3 \u0111\u01b0\u1ee3c g\u1ecdi l\u00e0 bu\u1ed3ng nhi\u1ec7t \u0111\u1ed9 v\u00e0 \u0111\u1ed9 \u1ea9m kh\u00f4ng \u0111\u1ed5i, bu\u1ed3ng th\u1eed nghi\u1ec7m nhi\u1ec7t \u0111\u1ed9 v\u00e0 \u0111\u1ed9 \u1ea9m xen k\u1ebd nhi\u1ec7t \u0111\u1ed9 cao v\u00e0 th\u1ea5p, v.v. N\u00f3 ch\u1ee7 y\u1ebfu \u0111\u01b0\u1ee3c s\u1eed d\u1ee5ng \u0111\u1ec3 ph\u00e1t hi\u1ec7n v\u1eadt li\u1ec7u th\u1eed nghi\u1ec7m kh\u1ea3 n\u0103ng ch\u1ed1ng ch\u1ecbu m\u00f4i tr\u01b0\u1eddng. N\u00f3 s\u1eed d\u1ee5ng b\u1ed9 \u0111i\u1ec1u khi\u1ec3n nh\u1eadp kh\u1ea9u ban \u0111\u1ea7u, c\u00f3 th\u1ec3 ch\u1ecdn ch\u1ebf \u0111\u1ed9 th\u1eed nghi\u1ec7m ph\u00f9 h\u1ee3p v\u1edbi b\u1ea1n theo y\u00eau c\u1ea7u s\u1eed d\u1ee5ng c\u1ee7a ri\u00eang b\u1ea1n.<\/p>\n<p>\u0110\u1ed3ng th\u1eddi, v\u00ec bu\u1ed3ng th\u1eed nghi\u1ec7m m\u00f4i tr\u01b0\u1eddng nhi\u1ec7t \u0111\u1ed9 v\u00e0 \u0111\u1ed9 \u1ea9m walk in l\u00e0 bu\u1ed3ng th\u1eed nghi\u1ec7m m\u00f4i tr\u01b0\u1eddng cho ph\u00e9p ng\u01b0\u1eddi v\u1eadn h\u00e0nh v\u00e0o n\u00ean v\u1eabn nguy hi\u1ec3m. \u0110\u1ec3 tr\u00e1nh x\u1ea3y ra tai n\u1ea1n lao \u0111\u1ed9ng, c\u1ea7n \u0111\u00e1p \u1ee9ng c\u00e1c \u0111i\u1ec1u ki\u1ec7n sau.<\/p>\n<ol>\n<li>Khi s\u1eed d\u1ee5ng bu\u1ed3ng th\u1eed nghi\u1ec7m m\u00f4i tr\u01b0\u1eddng nhi\u1ec7t \u0111\u1ed9 v\u00e0 \u0111\u1ed9 \u1ea9m n\u00e0y, tr\u01b0\u1edbc ti\u00ean b\u1ea1n ph\u1ea3i x\u00e1c \u0111\u1ecbnh xem c\u1eeda c\u00f3 b\u1ecb kh\u00f3a kh\u00f4ng, \u0111\u1ec3 \u0111\u1ea3m b\u1ea3o m\u00f4i tr\u01b0\u1eddng \u0111\u00e3 c\u00e0i \u0111\u1eb7t kh\u00f4ng th\u1ec3 \u0111\u1ea1t \u0111\u01b0\u1ee3c do r\u00f2 r\u1ec9 nhi\u1ec7t \u0111\u1ed9 trong bu\u1ed3ng th\u1eed nghi\u1ec7m. Nh\u01b0ng khi kh\u00f3a c\u1eeda bu\u1ed3ng th\u1eed nghi\u1ec7m, h\u00e3y \u0111\u1ea3m b\u1ea3o r\u1eb1ng kh\u00f4ng c\u00f3 ng\u01b0\u1eddi n\u00e0o kh\u00e1c trong \u0111\u00f3, v\u00ec kh\u00f4ng ph\u1ea3i t\u1ea5t c\u1ea3 c\u00e1c bu\u1ed3ng th\u1eed nghi\u1ec7m nhi\u1ec7t \u0111\u1ed9 cao v\u00e0 th\u1ea5p xen k\u1ebd \u0111\u1ed9 \u1ea9m v\u00e0 nhi\u1ec7t \u0111\u1ed9 \u0111\u1ec1u c\u00f3 th\u1ec3 m\u1edf c\u1eeda t\u1eeb b\u00ean ngo\u00e0i.<\/li>\n<li>N\u1ebfu b\u1ea1n c\u1ea7n m\u1edf c\u1eeda \u0111\u1ec3 ti\u1ebfn h\u00e0nh th\u1eed nghi\u1ec7m, tr\u01b0\u1edbc ti\u00ean b\u1ea1n ph\u1ea3i th\u1ef1c hi\u1ec7n bi\u1ec7n ph\u00e1p b\u1ea3o v\u1ec7 \u0111\u1ec3 tr\u00e1nh b\u1ecb th\u01b0\u01a1ng do lu\u1ed3ng kh\u00ed n\u00f3ng ho\u1eb7c l\u1ea1nh tr\u00e0n ra t\u1eeb bu\u1ed3ng th\u1eed. \u0110\u1ed3ng th\u1eddi, c\u0169ng c\u1ea7n \u0111\u1ea3m b\u1ea3o r\u1eb1ng c\u00f3 \u0111\u1ee7 oxy \u0111\u1ec3 nh\u00e2n vi\u00ean g\u1ee1 l\u1ed7i b\u00ean trong.<\/li>\n<li>Khi bu\u1ed3ng th\u1eed v\u1eadn h\u00e0nh b\u00ecnh th\u01b0\u1eddng, ngu\u1ed3n \u0111i\u1ec7n \u0111\u01b0\u1ee3c k\u1ebft n\u1ed1i ph\u1ea3i \u1ed5n \u0111\u1ecbnh \u1edf m\u1ee9c 380V, v\u00ec v\u1eady \u0111\u1ec3 tr\u00e1nh b\u1ecb \u0111i\u1ec7n gi\u1eadt, t\u1ed1t nh\u1ea5t n\u00ean ki\u1ec3m tra c\u1ea9n th\u1eadn d\u00e2y ngu\u1ed3n v\u00e0 c\u00e1c b\u1ed9 ph\u1eadn \u0111i\u1ec7n kh\u00e1c c\u1ee7a thi\u1ebft b\u1ecb sau m\u1ed7i l\u1ea7n s\u1eed d\u1ee5ng. N\u1ebfu c\u00f3 v\u1ea5n \u0111\u1ec1 ph\u00e1t sinh, c\u1ea7n gi\u1ea3i quy\u1ebft k\u1ecbp th\u1eddi tr\u01b0\u1edbc khi c\u00f3 th\u1ec3 ti\u1ebfn h\u00e0nh th\u1eed nghi\u1ec7m th\u00eam b\u1eb1ng bu\u1ed3ng th\u1eed nhi\u1ec7t \u0111\u1ed9 v\u00e0 \u0111\u1ed9 \u1ea9m kh\u00f4ng \u0111\u1ed5i walk-in.<\/li>\n<\/ol>\n<p>Trong qu\u00e1 tr\u00ecnh s\u1eed d\u1ee5ng bu\u1ed3ng th\u1eed m\u00f4i tr\u01b0\u1eddng ho\u1eb7c bu\u1ed3ng th\u1eed pin \u0111\u1ec3 th\u1eed nghi\u1ec7m, tr\u01b0\u1edbc ti\u00ean ch\u00fang ta ph\u1ea3i hi\u1ec3u \u0111\u1ea7y \u0111\u1ee7 v\u1ec1 quy tr\u00ecnh v\u1eadn h\u00e0nh c\u1ee7a bu\u1ed3ng th\u1eed nghi\u1ec7m, \u0111\u1ec3 \u0111\u1ea3m b\u1ea3o \u0111\u1ed9 ch\u00ednh x\u00e1c c\u1ee7a d\u1eef li\u1ec7u th\u1eed nghi\u1ec7m v\u00e0 \u0111\u1ea3m b\u1ea3o an to\u00e0n c\u00e1 nh\u00e2n c\u1ee7a ng\u01b0\u1eddi s\u1eed d\u1ee5ng.<\/p>\n<p>&nbsp;<\/p>\n<p><strong>Tham kh\u1ea3o<\/strong><\/p>\n<p><a href=\"https:\/\/belltestchamber.com\/the-difference-between-the-walk-in-test-chamber-and-benchtop-test-chamber.html\">https:\/\/belltestchamber.com\/the-difference-between-the-walk-in-test-chamber-and-benchtop-test-chamber.html<\/a><\/p>\n<p><a href=\"https:\/\/belltestchamber.com\/walk-in-environmental-chamber.html\">https:\/\/belltestchamber.com\/walk-in-environmental-chamber.html<\/a><\/p>\n<p><a href=\"https:\/\/belltestchamber.com\/walk-in-stability-chamber-guide.html\">https:\/\/belltestchamber.com\/walk-in-stability-chamber-guide.html<\/a><\/p>\n<\/div>\n","protected":false},"excerpt":{"rendered":"<p>Bu\u1ed3ng m\u00f4i tr\u01b0\u1eddng walk-in c\u1ee7a DGBELL \u0111\u1ec3 th\u1eed nghi\u1ec7m nhi\u1ec7t \u1ea9m ho\u00e0n to\u00e0n \u0111\u00e1p \u1ee9ng \u0111\u01b0\u1ee3c \u1ee9ng d\u1ee5ng th\u1eed nghi\u1ec7m k\u00edch th\u01b0\u1edbc l\u1edbn \u0111\u00f2i h\u1ecfi nhi\u1ec7t \u0111\u1ed9 v\u00e0 \u0111\u1ed9 \u1ea9m cao. Bu\u1ed3ng walk-in \u0111\u01b0\u1ee3c ch\u1ebf t\u1ea1o b\u1eb1ng th\u00e9p k\u1ebft c\u1ea5u, do \u0111\u00f3 c\u00f3 th\u1ec3 ki\u1ec3m tra c\u00e1c th\u00e0nh ph\u1ea7n v\u00e0 s\u1ea3n ph\u1ea9m l\u1edbn. C\u00f3 nhi\u1ec1u ch\u1ee9c n\u0103ng t\u00f9y ch\u1ecdn kh\u00e1c nhau cho c\u00e1c ti\u00eau chu\u1ea9n v\u00e0 y\u00eau c\u1ea7u th\u1eed nghi\u1ec7m kh\u00e1c nhau.<\/p>\n","protected":false},"featured_media":20433,"comment_status":"closed","ping_status":"closed","template":"","meta":[],"product_brand":[],"product_cat":[62],"product_tag":[],"class_list":{"0":"post-20432","1":"product","2":"type-product","3":"status-publish","4":"has-post-thumbnail","6":"product_cat-tu-moi-truong","8":"first","9":"instock","10":"shipping-taxable","11":"product-type-simple"},"acf":[],"_links":{"self":[{"href":"https:\/\/dgbellvietnam.com\/en\/wp-json\/wp\/v2\/product\/20432","targetHints":{"allow":["GET"]}}],"collection":[{"href":"https:\/\/dgbellvietnam.com\/en\/wp-json\/wp\/v2\/product"}],"about":[{"href":"https:\/\/dgbellvietnam.com\/en\/wp-json\/wp\/v2\/types\/product"}],"replies":[{"embeddable":true,"href":"https:\/\/dgbellvietnam.com\/en\/wp-json\/wp\/v2\/comments?post=20432"}],"wp:featuredmedia":[{"embeddable":true,"href":"https:\/\/dgbellvietnam.com\/en\/wp-json\/wp\/v2\/media\/20433"}],"wp:attachment":[{"href":"https:\/\/dgbellvietnam.com\/en\/wp-json\/wp\/v2\/media?parent=20432"}],"wp:term":[{"taxonomy":"product_brand","embeddable":true,"href":"https:\/\/dgbellvietnam.com\/en\/wp-json\/wp\/v2\/product_brand?post=20432"},{"taxonomy":"product_cat","embeddable":true,"href":"https:\/\/dgbellvietnam.com\/en\/wp-json\/wp\/v2\/product_cat?post=20432"},{"taxonomy":"product_tag","embeddable":true,"href":"https:\/\/dgbellvietnam.com\/en\/wp-json\/wp\/v2\/product_tag?post=20432"}],"curies":[{"name":"wp","href":"https:\/\/api.w.org\/{rel}","templated":true}]}}