{"id":20430,"date":"2024-05-27T22:14:09","date_gmt":"2024-05-27T22:14:09","guid":{"rendered":"http:\/\/dgbellvietnam.com\/san-pham\/thermal-shock-test-chamber-three-zone\/"},"modified":"2024-09-12T10:04:31","modified_gmt":"2024-09-12T03:04:31","slug":"thermal-shock-test-chamber-three-zone","status":"publish","type":"product","link":"https:\/\/dgbellvietnam.com\/en\/san-pham\/thermal-shock-test-chamber-three-zone\/","title":{"rendered":"Bu\u1ed3ng th\u1eed nghi\u1ec7m s\u1ed1c nhi\u1ec7t (3 ng\u0103n)"},"content":{"rendered":"<div id=\"tab-description\" class=\"woocommerce-Tabs-panel woocommerce-Tabs-panel--description panel entry-content active\" role=\"tabpanel\" aria-labelledby=\"tab-title-description\">\n<p><strong>\u1ee8ng d\u1ee5ng<\/strong><\/p>\n<p>Bu\u1ed3ng th\u1eed nghi\u1ec7m m\u00f4i tr\u01b0\u1eddng s\u1ed1c nhi\u1ec7t c\u1ee7a DGBELL (3 ng\u0103n) bao g\u1ed3m Ng\u0103n th\u1eed nghi\u1ec7m, Ng\u0103n l\u01b0u tr\u1eef nhi\u1ec7t v\u00e0 Ng\u0103n l\u01b0u tr\u1eef l\u1ea1nh. M\u1eabu n\u1eb1m trong ng\u0103n th\u1eed nghi\u1ec7m, lu\u1ed3ng kh\u00ed n\u00f3ng v\u00e0 l\u1ea1nh s\u1ebd th\u1ed5i t\u1eeb c\u00e1c ng\u0103n l\u01b0u tr\u1eef \u0111\u1ec3 \u0111\u1ea1t \u0111\u01b0\u1ee3c s\u1ef1 thay \u0111\u1ed5i nhi\u1ec7t \u0111\u1ed9 nhanh ch\u00f3ng \u0111\u1ec3 s\u1ed1c nhi\u1ec7t.<\/p>\n<p><strong>T\u00ednh n\u0103ng<\/strong><\/p>\n<ol>\n<li>T\u1ed1c \u0111\u1ed9 thay \u0111\u1ed5i nhi\u1ec7t \u0111\u1ed9 nhanh h\u01a1n.<\/li>\n<li>Kh\u00f4i ph\u1ee5c nhi\u1ec7t \u0111\u1ed9 nhanh, c\u00f3 chu k\u1ef3 s\u1ed1c nhanh.<\/li>\n<li>C\u00f3 c\u1ed5ng c\u00e1p \u0111\u1ec3 thu th\u1eadp d\u1eef li\u1ec7u.<\/li>\n<li>Giao ti\u1ebfp RS485, Ethernet, c\u00f3 th\u1ec3 \u0111i\u1ec1u khi\u1ec3n t\u1eeb xa b\u1eb1ng m\u00e1y t\u00ednh<\/li>\n<li>C\u00f3 th\u1ec3 l\u1eadp tr\u00ecnh<\/li>\n<\/ol>\n<p><strong>Ti\u00eau chu\u1ea9n<\/strong><\/p>\n<ul>\n<li>IEC68-2-1 Th\u1eed nghi\u1ec7m m\u00f4i tr\u01b0\u1eddng \u2013 Ph\u1ea7n 2: C\u00e1c ph\u01b0\u01a1ng ph\u00e1p th\u1eed \u2013 Th\u1eed nghi\u1ec7m A: L\u1ea1nh<\/li>\n<li>IEC68-2-2 Th\u1eed nghi\u1ec7m m\u00f4i tr\u01b0\u1eddng cho c\u00e1c s\u1ea3n ph\u1ea9m \u0111i\u1ec7n v\u00e0 \u0111i\u1ec7n t\u1eed &#8211; Ph\u01b0\u01a1ng ph\u00e1p th\u1eed \u2013 Th\u1eed nghi\u1ec7m B: Nhi\u1ec7t kh\u00f4<\/li>\n<li>MIL-STD-810D Ph\u01b0\u01a1ng ph\u00e1p th\u1eed nghi\u1ec7m m\u00f4i tr\u01b0\u1eddng v\u00e0 h\u01b0\u1edbng d\u1eabn k\u1ef9 thu\u1eadt<\/li>\n<\/ul>\n<p><strong>Th\u00f4ng s\u1ed1 k\u1ef9 thu\u1eadt<\/strong><\/p>\n<div id=\"tablepress-48-scroll-wrapper\" class=\"tablepress-scroll-wrapper\">\n<table id=\"tablepress-48\" class=\"tablepress tablepress-id-48 tablepress-responsive\">\n<thead>\n<tr class=\"row-1 odd\">\n<th class=\"column-1\">M\u1eabu<\/th>\n<th class=\"column-2\">BTS-50<\/th>\n<th class=\"column-3\">BTS-80<\/th>\n<th class=\"column-4\">BTS-150<\/th>\n<th class=\"column-5\">BTS-250<\/th>\n<th class=\"column-6\">BTS-512<\/th>\n<th class=\"column-7\">BTS-1000<\/th>\n<\/tr>\n<\/thead>\n<tbody class=\"row-hover\">\n<tr class=\"row-2 even\">\n<td class=\"column-1\">Kh\u00f4ng gian th\u1eed nghi\u1ec7m<\/td>\n<td class=\"column-2\">350x400x360<\/td>\n<td class=\"column-3\">400x500x400<\/td>\n<td class=\"column-4\">500x600x500<\/td>\n<td class=\"column-5\">600x700x600<\/td>\n<td class=\"column-6\">800x800x800<\/td>\n<td class=\"column-7\">1000x1000x1000<\/td>\n<\/tr>\n<tr class=\"row-3 odd\">\n<td class=\"column-1\" colspan=\"7\">W x H x D (mm)<\/td>\n<\/tr>\n<tr class=\"row-4 even\">\n<td class=\"column-1\">K\u00edch th\u01b0\u1edbc b\u00ean ngo\u00e0i<\/td>\n<td class=\"column-2\">1320x1860x1420<\/td>\n<td class=\"column-3\">1320x2180x1520<\/td>\n<td class=\"column-4\">1450x2200x1700<\/td>\n<td class=\"column-5\">1550x2280x1800<\/td>\n<td class=\"column-6\">1800x2300x2000<\/td>\n<td class=\"column-7\">2000x2350x2300<\/td>\n<\/tr>\n<tr class=\"row-5 odd\">\n<td class=\"column-1\" colspan=\"7\">W x H x D (mm)<\/td>\n<\/tr>\n<tr class=\"row-6 even\">\n<td class=\"column-1\">Nhi\u1ec7t \u0111\u1ed9 Ng\u0103n tr\u01b0\u1edbc khi l\u00e0m m\u00e1t<\/td>\n<td class=\"column-2\" colspan=\"6\">-10\uff5e-80\u2103<\/td>\n<\/tr>\n<tr class=\"row-7 odd\">\n<td class=\"column-1\">Nhi\u1ec7t \u0111\u1ed9 Ng\u0103n tr\u01b0\u1edbc khi gia nhi\u1ec7t<\/td>\n<td class=\"column-2\" colspan=\"6\">+50\uff5e+220\u2103<\/td>\n<\/tr>\n<tr class=\"row-8 even\">\n<td class=\"column-1\">T\u1ed1c \u0111\u1ed9 l\u00e0m l\u1ea1nh c\u1ee7a Ng\u0103n tr\u01b0\u1edbc khi l\u00e0m m\u00e1t<\/td>\n<td class=\"column-2\" colspan=\"6\">-10\uff5e-40\u2103<\/td>\n<\/tr>\n<tr class=\"row-9 odd\">\n<td class=\"column-1\">T\u1ed1c \u0111\u1ed9 l\u00e0m n\u00f3ng c\u1ee7a Ng\u0103n tr\u01b0\u1edbc khi gia nhi\u1ec7t<\/td>\n<td class=\"column-2\" colspan=\"6\">+50\uff5e150\u2103<\/td>\n<\/tr>\n<tr class=\"row-10 even\">\n<td class=\"column-1\">Ph\u1ea1m vi s\u1ed1c nhi\u1ec7t<\/td>\n<td class=\"column-2\" colspan=\"6\">Lo\u1ea1i B \uff1a-40\uff5e150\u2103<\/p>\n<p>Lo\u1ea1i C \uff1a-55\uff5e150\u2103<\/p>\n<p>Lo\u1ea1i D \uff1a-65\uff5e150\u2103<\/td>\n<\/tr>\n<tr class=\"row-11 odd\">\n<td class=\"column-1\">Th\u1eddi gian kh\u00f4i ph\u1ee5c nhi\u1ec7t \u0111\u1ed9<\/td>\n<td class=\"column-2\" colspan=\"6\">\u22645 ph\u00fat<\/td>\n<\/tr>\n<tr class=\"row-12 even\">\n<td class=\"column-1\">Th\u1eddi gian ti\u1ebfp x\u00fac nhi\u1ec7t \u0111\u1ed9 cao th\u1ea5p<\/td>\n<td class=\"column-2\" colspan=\"6\">\uff1c30 ph\u00fat<\/td>\n<\/tr>\n<tr class=\"row-13 odd\">\n<td class=\"column-1\">Bi\u1ebfn \u0111\u1ed9ng nhi\u1ec7t<\/td>\n<td class=\"column-2\" colspan=\"6\">\u2264\u00b10.5\u2103<\/td>\n<\/tr>\n<tr class=\"row-14 even\">\n<td class=\"column-1\">Ch\u1ea5t li\u1ec7u b\u00ean trong<\/td>\n<td class=\"column-2\" colspan=\"6\">Th\u00e9p kh\u00f4ng g\u1ec9 SUS#304 d\u00e0y 1,2mm ch\u1ecbu \u0111\u01b0\u1ee3c nhi\u1ec7t \u0111\u1ed9 cao v\u00e0 th\u1ea5p.<\/td>\n<\/tr>\n<tr class=\"row-15 odd\">\n<td class=\"column-1\">Ch\u1ea5t li\u1ec7u b\u00ean ngo\u00e0i<\/td>\n<td class=\"column-2\" colspan=\"6\">S\u1eed d\u1ee5ng v\u1eadt li\u1ec7u c\u00e1ch nhi\u1ec7t b\u1ecdt PU Polyurethane ch\u1ed1ng ch\u00e1y c\u01b0\u1eddng \u0111\u1ed9 cao.<\/td>\n<\/tr>\n<tr class=\"row-16 even\">\n<td class=\"column-1\">Ph\u01b0\u01a1ng ph\u00e1p \u0111i\u1ec1u khi\u1ec3n<\/td>\n<td class=\"column-2\" colspan=\"6\">PLC m\u00e0n h\u00ecnh c\u1ea3m \u1ee9ng c\u00f3 th\u1ec3 l\u1eadp tr\u00ecnh, v\u1edbi giao di\u1ec7n USB, giao di\u1ec7n RS485 c\u00f3 th\u1ec3 k\u1ebft n\u1ed1i v\u1edbi m\u00e1y t\u00ednh \u0111i\u1ec1u khi\u1ec3n, ph\u1ea7n m\u1ec1m \u0111i\u1ec1u khi\u1ec3n m\u1ea1ng \u0111\u1eb7c bi\u1ec7t, gi\u00e1m s\u00e1t t\u1eeb xa thu\u1eadn ti\u1ec7n, thu th\u1eadp d\u1eef li\u1ec7u.<\/td>\n<\/tr>\n<tr class=\"row-17 odd\">\n<td class=\"column-1\">M\u00e1y n\u00e9n<\/td>\n<td class=\"column-2\" colspan=\"6\">Tecumseh (Ph\u00e1p) &#8211; m\u00e1y n\u00e9n l\u00e0m m\u00e1t k\u00e9p l\u00e0m m\u00e1t ho\u00e0n to\u00e0n b\u1eb1ng kh\u00f4ng kh\u00ed. Ho\u1eb7c m\u00e1y l\u00e0m m\u00e1t b\u00e1n k\u00edn l\u00e0m m\u00e1t b\u1eb1ng kh\u00f4ng kh\u00ed Bock (\u0110\u1ee9c).<\/td>\n<\/tr>\n<\/tbody>\n<\/table>\n<\/div>\n<p><strong>Bi\u1ec7n ph\u00e1p ph\u00f2ng ng\u1eeba khi v\u1eadn h\u00e0nh<\/strong><\/p>\n<p>Bu\u1ed3ng th\u1eed s\u1ed1c nhi\u1ec7t l\u00e0 m\u1ed9t thi\u1ebft b\u1ecb th\u1eed nghi\u1ec7m c\u1ea7n thi\u1ebft cho ng\u00e0nh c\u00f4ng nghi\u1ec7p kim lo\u1ea1i, nh\u1ef1a, cao su, \u0111i\u1ec7n t\u1eed v\u00e0 c\u00e1c ng\u00e0nh c\u00f4ng nghi\u1ec7p v\u1eadt li\u1ec7u kh\u00e1c. N\u00f3 \u0111\u01b0\u1ee3c s\u1eed d\u1ee5ng \u0111\u1ec3 th\u1eed nghi\u1ec7m c\u1ea5u tr\u00fac v\u1eadt li\u1ec7u ho\u1eb7c v\u1eadt li\u1ec7u t\u1ed5ng h\u1ee3p. N\u00f3 c\u00f3 th\u1ec3 ch\u1ecbu \u0111\u01b0\u1ee3c nhi\u1ec7t \u0111\u1ed9 c\u1ef1c cao v\u00e0 nhi\u1ec7t \u0111\u1ed9 th\u1ea5p trong t\u00edch t\u1eafc. Ph\u00e1t hi\u1ec7n s\u1ef1 thay \u0111\u1ed5i h\u00f3a h\u1ecdc ho\u1eb7c h\u01b0 h\u1ecfng v\u1eadt l\u00fd do s\u1ef1 gi\u00e3n n\u1edf v\u00e0 co l\u1ea1i do nhi\u1ec7t c\u1ee7a m\u1eabu trong th\u1eddi gian ng\u1eafn nh\u1ea5t.<\/p>\n<p>V\u00ec bu\u1ed3ng th\u1eed s\u1ed1c nhi\u1ec7t \u0111\u01b0\u1ee3c th\u1eed nghi\u1ec7m b\u1eb1ng c\u00e1ch chuy\u1ec3n \u0111\u1ed5i t\u1ee9c th\u1eddi nhi\u1ec7t \u0111\u1ed9 cao v\u00e0 nhi\u1ec7t \u0111\u1ed9 th\u1ea5p, n\u00ean c\u1ea7n l\u01b0u \u00fd \u0111i\u1ec1u g\u00ec khi s\u1eed d\u1ee5ng m\u00e1y th\u1eed s\u1ed1c nhi\u1ec7t?<\/p>\n<ol>\n<li>Th\u00e2n m\u00e1y th\u1eed s\u1ed1c nhi\u1ec7t kh\u00f4ng \u0111\u01b0\u1ee3c \u00e9p v\u00e0o \u0111\u01b0\u1eddng d\u00e2y \u0111i\u1ec7n, c\u0169ng kh\u00f4ng \u0111\u01b0\u1ee3c gi\u1eabm l\u00ean \u0111\u01b0\u1eddng d\u00e2y \u0111i\u1ec7n;<\/li>\n<li>Kh\u00f4ng \u0111\u01b0\u1ee3c phun ho\u1eb7c r\u1eeda tr\u1ef1c ti\u1ebfp thi\u1ebft b\u1ecb b\u1eb1ng n\u01b0\u1edbc, kh\u00f4ng \u0111\u01b0\u1ee3c \u0111\u1eb7t thi\u1ebft b\u1ecb \u1edf n\u01a1i \u1ea9m \u01b0\u1edbt, d\u1ec5 b\u1ecb b\u1eafn n\u01b0\u1edbc, \u0111\u1ec3 kh\u00f4ng \u1ea3nh h\u01b0\u1edfng \u0111\u1ebfn hi\u1ec7u su\u1ea5t c\u00e1ch \u0111i\u1ec7n c\u1ee7a thi\u1ebft b\u1ecb;<\/li>\n<li>Nghi\u00eam c\u1ea5m s\u1eed d\u1ee5ng khi \u0111\u01b0\u1eddng d\u00e2y \u0111i\u1ec7n b\u1ecb h\u1ecfng ho\u1eb7c ph\u00edch c\u1eafm b\u1ecb m\u00f2n, v\u00ec \u0111\u01b0\u1eddng d\u00e2y \u0111i\u1ec7n b\u1ecb m\u00f2n ho\u1eb7c h\u01b0 h\u1ecfng c\u00f3 th\u1ec3 g\u00e2y ra \u0111i\u1ec7n gi\u1eadt cho ng\u01b0\u1eddi v\u1eadn h\u00e0nh, ph\u1ea3i \u0111\u01b0\u1ee3c thay th\u1ebf b\u1edfi th\u1ee3 \u0111i\u1ec7n chuy\u00ean nghi\u1ec7p theo quy \u0111\u1ecbnh c\u1ee7a ph\u00f2ng th\u1eed s\u1ed1c nhi\u1ec7t;<\/li>\n<li>\u0110\u1ec3 \u0111\u1ea3m b\u1ea3o an to\u00e0n cho ng\u01b0\u1eddi v\u1eadn h\u00e0nh, kh\u00f4ng \u0111\u01b0\u1ee3c \u0111\u1eb7t \u1ed5 c\u1eafm \u0111i\u1ec7n, ngu\u1ed3n \u0111i\u1ec7n \u1ed5n \u0111\u1ecbnh v\u00e0 c\u00e1c thi\u1ebft b\u1ecb \u0111i\u1ec7n kh\u00e1c tr\u00ean b\u00e0n c\u1ee7a thi\u1ebft b\u1ecb, \u0111\u1ed3ng th\u1eddi c\u0169ng kh\u00f4ng \u0111\u01b0\u1ee3c s\u1eed d\u1ee5ng c\u00e1c thi\u1ebft b\u1ecb \u0111i\u1ec7n b\u00ean trong thi\u1ebft b\u1ecb \u0111\u1ec3 tr\u00e1nh nhi\u1ec5u \u0111i\u1ec7n t\u1eeb v\u00e0 tr\u1ee5c tr\u1eb7c;<\/li>\n<li>Nghi\u00eam c\u1ea5m \u0111\u1ec3 h\u00e0ng h\u00f3a nguy hi\u1ec3m d\u1ec5 ch\u00e1y n\u1ed5, c\u0169ng nh\u01b0 axit v\u00e0 ki\u1ec1m \u0103n m\u00f2n m\u1ea1nh;<\/li>\n<li>Nghi\u00eam c\u1ea5m \u0111\u1eb7t ho\u1eb7c s\u1eed d\u1ee5ng x\u0103ng v\u00e0 c\u00e1c v\u1eadt li\u1ec7u d\u1ec5 ch\u00e1y kh\u00e1c g\u1ea7n thi\u1ebft b\u1ecb th\u1eed s\u1ed1c nhi\u1ec7t \u0111\u1ec3 tr\u00e1nh h\u1ecfa ho\u1ea1n.<\/li>\n<\/ol>\n<p>&nbsp;<\/p>\n<p><strong>Tham kh\u1ea3o<\/strong><\/p>\n<p><a href=\"https:\/\/belltestchamber.com\/what-is-thermal-shock-what-is-the-thermal-shock-test-chamber.html\">https:\/\/belltestchamber.com\/what-is-thermal-shock-what-is-the-thermal-shock-test-chamber.html<\/a><\/p>\n<p><a href=\"https:\/\/belltestchamber.com\/thermal-shock-test-chambers-guide.html\">https:\/\/belltestchamber.com\/thermal-shock-test-chambers-guide.html<\/a><\/p>\n<p><a href=\"https:\/\/belltestchamber.com\/do-you-know-the-difference-between-three-type-of-thermal-shock-chamber.html\">https:\/\/belltestchamber.com\/do-you-know-the-difference-between-three-type-of-thermal-shock-chamber.html<\/a><\/p>\n<p><a href=\"https:\/\/belltestchamber.com\/precautions-for-thermal-shock-of-electronic-products.html\">https:\/\/belltestchamber.com\/precautions-for-thermal-shock-of-electronic-products.html<\/a><\/p>\n<\/div>\n","protected":false},"excerpt":{"rendered":"<p>Bu\u1ed3ng th\u1eed nghi\u1ec7m s\u1ed1c nhi\u1ec7t c\u1ee7a Bell (3 ng\u0103n) bao g\u1ed3m Ng\u0103n th\u1eed nghi\u1ec7m, Ng\u0103n l\u01b0u tr\u1eef nhi\u1ec7t v\u00e0 Ng\u0103n l\u01b0u tr\u1eef l\u1ea1nh. M\u1eabu \u0111\u01b0\u1ee3c gi\u1eef trong ng\u0103n th\u1eed nghi\u1ec7m, kh\u00f4ng kh\u00ed n\u00f3ng v\u00e0 l\u1ea1nh s\u1ebd \u0111\u01b0\u1ee3c th\u1ed5i t\u1eeb c\u00e1c ng\u0103n l\u01b0u tr\u1eef \u0111\u1ec3 \u0111\u1ea1t \u0111\u01b0\u1ee3c s\u1ef1 thay \u0111\u1ed5i nhi\u1ec7t \u0111\u1ed9 nhanh ch\u00f3ng \u0111\u1ec3 s\u1ed1c nhi\u1ec7t.<\/p>\n","protected":false},"featured_media":20431,"comment_status":"closed","ping_status":"closed","template":"","meta":[],"product_brand":[],"product_cat":[62],"product_tag":[],"class_list":{"0":"post-20430","1":"product","2":"type-product","3":"status-publish","4":"has-post-thumbnail","6":"product_cat-tu-moi-truong","8":"first","9":"instock","10":"shipping-taxable","11":"product-type-simple"},"acf":[],"_links":{"self":[{"href":"https:\/\/dgbellvietnam.com\/en\/wp-json\/wp\/v2\/product\/20430","targetHints":{"allow":["GET"]}}],"collection":[{"href":"https:\/\/dgbellvietnam.com\/en\/wp-json\/wp\/v2\/product"}],"about":[{"href":"https:\/\/dgbellvietnam.com\/en\/wp-json\/wp\/v2\/types\/product"}],"replies":[{"embeddable":true,"href":"https:\/\/dgbellvietnam.com\/en\/wp-json\/wp\/v2\/comments?post=20430"}],"wp:featuredmedia":[{"embeddable":true,"href":"https:\/\/dgbellvietnam.com\/en\/wp-json\/wp\/v2\/media\/20431"}],"wp:attachment":[{"href":"https:\/\/dgbellvietnam.com\/en\/wp-json\/wp\/v2\/media?parent=20430"}],"wp:term":[{"taxonomy":"product_brand","embeddable":true,"href":"https:\/\/dgbellvietnam.com\/en\/wp-json\/wp\/v2\/product_brand?post=20430"},{"taxonomy":"product_cat","embeddable":true,"href":"https:\/\/dgbellvietnam.com\/en\/wp-json\/wp\/v2\/product_cat?post=20430"},{"taxonomy":"product_tag","embeddable":true,"href":"https:\/\/dgbellvietnam.com\/en\/wp-json\/wp\/v2\/product_tag?post=20430"}],"curies":[{"name":"wp","href":"https:\/\/api.w.org\/{rel}","templated":true}]}}