{"id":20428,"date":"2024-05-27T22:14:03","date_gmt":"2024-05-27T22:14:03","guid":{"rendered":"http:\/\/dgbellvietnam.com\/san-pham\/thermal-shock-test-chamber-two-zone\/"},"modified":"2024-09-10T16:06:57","modified_gmt":"2024-09-10T09:06:57","slug":"thermal-shock-test-chamber-two-zone","status":"publish","type":"product","link":"https:\/\/dgbellvietnam.com\/en\/san-pham\/thermal-shock-test-chamber-two-zone\/","title":{"rendered":"Bu\u1ed3ng th\u1eed nghi\u1ec7m s\u1ed1c nhi\u1ec7t (2 ng\u0103n)"},"content":{"rendered":"<div id=\"tab-description\" class=\"woocommerce-Tabs-panel woocommerce-Tabs-panel--description panel entry-content active\" role=\"tabpanel\" aria-labelledby=\"tab-title-description\">\n<p><strong>\u1ee8ng d\u1ee5ng<\/strong><\/p>\n<p>Bu\u1ed3ng th\u1eed nghi\u1ec7m s\u1ed1c nhi\u1ec7t c\u1ee7a DGBELL \u0111\u01b0\u1ee3c ph\u00e1t tri\u1ec3n \u0111\u1ec3 \u0111\u00e1p \u1ee9ng nhu c\u1ea7u cao h\u01a1n v\u1ec1 c\u00e1c th\u1eed nghi\u1ec7m \u1ee9ng su\u1ea5t t\u0103ng t\u1ed1c cao (HAST) c\u1ee7a c\u00e1c th\u00e0nh ph\u1ea7n \u0111i\u1ec7n v\u00e0 \u0111i\u1ec7n t\u1eed. M\u1eabu \u0111\u01b0\u1ee3c di chuy\u1ec3n tr\u1ef1c ti\u1ebfp gi\u1eefa hai v\u00f9ng n\u00f3ng v\u00e0 l\u1ea1nh \u0111\u1ec3 \u0111\u1ea1t \u0111\u01b0\u1ee3c s\u1ef1 thay \u0111\u1ed5i nhi\u1ec7t \u0111\u1ed9 nhanh ch\u00f3ng (s\u1ed1c nhi\u1ec7t), c\u00f2n \u0111\u01b0\u1ee3c g\u1ecdi l\u00e0 th\u1eed nghi\u1ec7m s\u00e0ng l\u1ecdc \u1ee9ng su\u1ea5t m\u00f4i tr\u01b0\u1eddng. N\u00f3 \u0111\u01b0\u1ee3c s\u1eed d\u1ee5ng r\u1ed9ng r\u00e3i nh\u01b0 m\u1ed9t th\u1eed nghi\u1ec7m trong ph\u00f2ng th\u00ed nghi\u1ec7m v\u00e0 nh\u00e0 s\u1ea3n xu\u1ea5t s\u1ea3n ph\u1ea9m \u0111\u1ec3 ki\u1ec3m tra ch\u1ea5t l\u01b0\u1ee3ng v\u00e0 \u0111\u1ed9 tin c\u1eady c\u1ee7a s\u1ea3n ph\u1ea9m.<\/p>\n<p><strong>T\u00ednh n\u0103ng<\/strong><\/p>\n<ol>\n<li>Th\u1eed nghi\u1ec7m s\u1ed1c nhi\u1ec7t kh\u00f4ng kh\u00ed-kh\u00f4ng kh\u00ed.<\/li>\n<li>Chuy\u1ec3n tr\u1ef1c ti\u1ebfp gi\u1eefa v\u00f9ng n\u00f3ng v\u00e0 v\u00f9ng l\u1ea1nh theo chi\u1ec1u d\u1ecdc v\u1edbi gi\u1ecf \u0111\u1ef1ng b\u1eb1ng th\u00e9p kh\u00f4ng g\u1ec9.<\/li>\n<li>Thi\u1ebft k\u1ebf ti\u1ebft ki\u1ec7m n\u0103ng l\u01b0\u1ee3ng v\u1edbi c\u00f4ng ngh\u1ec7 c\u1ee7a Nh\u1eadt B\u1ea3n ho\u1eb7c \u0110\u1ee9c gi\u00fap gi\u1ea3m 20% m\u1ee9c ti\u00eau th\u1ee5 \u0111i\u1ec7n.<\/li>\n<li>M\u00e1y in nh\u1ecf g\u1ecdn, ti\u1ebft ki\u1ec7m kh\u00f4ng gian.<\/li>\n<li>C\u00f3 th\u1ec3 l\u1eadp tr\u00ecnh.<\/li>\n<\/ol>\n<p><strong>Ti\u00eau chu\u1ea9n<\/strong><\/p>\n<ul>\n<li>IEC 68-2-1 Th\u1eed nghi\u1ec7m m\u00f4i tr\u01b0\u1eddng \u2013 Ph\u1ea7n 2: Ph\u01b0\u01a1ng ph\u00e1p th\u1eed nghi\u1ec7m \u2013 Th\u1eed nghi\u1ec7m A: L\u1ea1nh<\/li>\n<li>IEC 68-2-2 Th\u1eed nghi\u1ec7m m\u00f4i tr\u01b0\u1eddng cho c\u00e1c s\u1ea3n ph\u1ea9m \u0111i\u1ec7n v\u00e0 \u0111i\u1ec7n t\u1eed: Ph\u01b0\u01a1ng ph\u00e1p th\u1eed nghi\u1ec7m \u2013 Th\u1eed nghi\u1ec7m B: Nhi\u1ec7t kh\u00f4<\/li>\n<li>MIL-STD-810D Ph\u01b0\u01a1ng ph\u00e1p th\u1eed nghi\u1ec7m m\u00f4i tr\u01b0\u1eddng v\u00e0 h\u01b0\u1edbng d\u1eabn k\u1ef9 thu\u1eadt<\/li>\n<\/ul>\n<p><span style=\"font-size: 110%;\"><strong>Th\u00f4ng s\u1ed1 k\u1ef9 thu\u1eadt<\/strong><\/span><\/p>\n<div id=\"tablepress-47-scroll-wrapper\" class=\"tablepress-scroll-wrapper\">\n<table id=\"tablepress-47\" class=\"tablepress tablepress-id-47 tablepress-responsive\">\n<tbody class=\"row-hover\">\n<tr class=\"row-1 odd\">\n<td class=\"column-1\">M\u1eabu<\/td>\n<td class=\"column-2\">BTS2-50<\/td>\n<td class=\"column-3\">BTS2-80<\/td>\n<td class=\"column-4\">BTS2-150<\/td>\n<td class=\"column-5\">BTS2-250<\/td>\n<td class=\"column-6\">BTS2-330<\/td>\n<\/tr>\n<tr class=\"row-2 even\">\n<td class=\"column-1\">Kh\u00f4ng gian th\u1eed nghi\u1ec7m W x H x D (mm)<\/td>\n<td class=\"column-2\">350x400x360<\/td>\n<td class=\"column-3\">400x500x400<\/td>\n<td class=\"column-4\">500x600x500<\/td>\n<td class=\"column-5\">600x700x600<\/td>\n<td class=\"column-6\">700x800x600<\/td>\n<\/tr>\n<tr class=\"row-3 odd\">\n<td class=\"column-1\">K\u00edch th\u01b0\u1edbc ngo\u00e0i W x H x D (mm)<\/td>\n<td class=\"column-2\">1280x1920x1160<\/td>\n<td class=\"column-3\">1320x2000x1520<\/td>\n<td class=\"column-4\">1500x2100x1700<\/td>\n<td class=\"column-5\">1600x2200x1900<\/td>\n<td class=\"column-6\">1700x2300x1900<\/td>\n<\/tr>\n<tr class=\"row-4 even\">\n<td class=\"column-1\">Nhi\u1ec7t \u0111\u1ed9 v\u00f9ng tr\u01b0\u1edbc l\u00e0m m\u00e1t<\/td>\n<td class=\"column-2\" colspan=\"5\">-10\uff5e-75\u2103<\/td>\n<\/tr>\n<tr class=\"row-5 odd\">\n<td class=\"column-1\">Nhi\u1ec7t \u0111\u1ed9 v\u00f9ng tr\u01b0\u1edbc gia nhi\u1ec7t<\/td>\n<td class=\"column-2\" colspan=\"5\">+50\uff5e+220\u2103<\/td>\n<\/tr>\n<tr class=\"row-6 even\">\n<td class=\"column-1\">T\u1ed1c \u0111\u1ed9 l\u00e0m m\u00e1t c\u1ee7a v\u00f9ng tr\u01b0\u1edbc l\u00e0m m\u00e1t<\/td>\n<td class=\"column-2\" colspan=\"5\">-10\uff5e-40\u2103<\/td>\n<\/tr>\n<tr class=\"row-7 odd\">\n<td class=\"column-1\">T\u1ed1c \u0111\u1ed9 l\u00e0m n\u00f3ng c\u1ee7a v\u00f9ng tr\u01b0\u1edbc gia nhi\u1ec7t<\/td>\n<td class=\"column-2\" colspan=\"5\">+50\uff5e150\u2103<\/td>\n<\/tr>\n<tr class=\"row-8 even\">\n<td class=\"column-1\">Nhi\u1ec7t \u0111\u1ed9 v\u00f9ng th\u1eed nghi\u1ec7m<\/td>\n<td class=\"column-2\" colspan=\"5\">Lo\u1ea1i B \uff1a-40\uff5e150\u2103<\/p>\n<p>Lo\u1ea1i C : -55\uff5e150\u2103<\/p>\n<p>Lo\u1ea1i D \uff1a-65\uff5e150\u2103<\/td>\n<\/tr>\n<tr class=\"row-9 odd\">\n<td class=\"column-1\">Th\u1eddi gian kh\u00f4i ph\u1ee5c nhi\u1ec7t \u0111\u1ed9<\/td>\n<td class=\"column-2\" colspan=\"5\">\u2264 5 ph\u00fat<\/td>\n<\/tr>\n<tr class=\"row-10 even\">\n<td class=\"column-1\">Bi\u1ebfn nhi\u1ec7t<\/td>\n<td class=\"column-2\" colspan=\"5\">\u2264\u00b10.5\u2103<\/td>\n<\/tr>\n<tr class=\"row-11 odd\">\n<td class=\"column-1\">\u0110\u1ed9 l\u1ec7ch nhi\u1ec7t \u0111\u1ed9<\/td>\n<td class=\"column-2\" colspan=\"5\">\u2264\u00b12\u2103<\/td>\n<\/tr>\n<tr class=\"row-12 even\">\n<td class=\"column-1\">\u0110\u1ed9 \u0111\u1ed3ng \u0111\u1ec1u nhi\u1ec7t \u0111\u1ed9<\/td>\n<td class=\"column-2\" colspan=\"5\">\u2264\u00b12\u2103<\/td>\n<\/tr>\n<tr class=\"row-13 odd\">\n<td class=\"column-1\">V\u1eadt li\u1ec7u trong<\/td>\n<td class=\"column-2\" colspan=\"5\">Th\u00e9p kh\u00f4ng g\u1ec9 ch\u1ecbu \u0111\u01b0\u1ee3c nhi\u1ec7t \u0111\u1ed9 cao v\u00e0 th\u1ea5p SUS#304 d\u00e0y 1,0mm.<\/td>\n<\/tr>\n<tr class=\"row-14 even\">\n<td class=\"column-1\">V\u1eadt li\u1ec7u ngo\u00e0i<\/td>\n<td class=\"column-2\" colspan=\"5\">S\u1eed d\u1ee5ng v\u1eadt li\u1ec7u c\u00e1ch nhi\u1ec7t b\u1ecdt Polyurethane PU c\u01b0\u1eddng \u0111\u1ed9 cao ch\u1ed1ng ch\u00e1y.<\/td>\n<\/tr>\n<tr class=\"row-15 odd\">\n<td class=\"column-1\">Ph\u01b0\u01a1ng ph\u00e1p \u0111i\u1ec1u khi\u1ec3n<\/td>\n<td class=\"column-2\" colspan=\"5\">M\u00e0n h\u00ecnh c\u1ea3m \u1ee9ng l\u1eadp tr\u00ecnh PLC, v\u1edbi giao di\u1ec7n USB, giao di\u1ec7n RJ485 c\u00f3 th\u1ec3 k\u1ebft n\u1ed1i v\u1edbi m\u00e1y t\u00ednh \u0111i\u1ec1u khi\u1ec3n, ph\u1ea7n m\u1ec1m \u0111i\u1ec1u khi\u1ec3n m\u1ea1ng \u0111\u1eb7c bi\u1ec7t, gi\u00e1m s\u00e1t t\u1eeb xa thu\u1eadn ti\u1ec7n, thu th\u1eadp d\u1eef li\u1ec7u.<\/td>\n<\/tr>\n<tr class=\"row-16 even\">\n<td class=\"column-1\">M\u00e1y n\u00e9n<\/td>\n<td class=\"column-2\" colspan=\"5\">Tecumseh (Ph\u00e1p) &#8211; m\u00e1y n\u00e9n l\u00e0m m\u00e1t b\u1eb1ng kh\u00f4ng kh\u00ed. Ho\u1eb7c h\u1ec7 th\u1ed1ng l\u00e0m l\u1ea1nh b\u00e1n k\u00edn l\u00e0m m\u00e1t b\u1eb1ng kh\u00f4ng kh\u00ed Bock \/ Bitzer (\u0110\u1ee9c).<\/td>\n<\/tr>\n<\/tbody>\n<\/table>\n<\/div>\n<p><strong>Tham kh\u1ea3o<\/strong><\/p>\n<p><a href=\"https:\/\/belltestchamber.com\/what-is-thermal-shock-what-is-the-thermal-shock-test-chamber.html\">https:\/\/belltestchamber.com\/what-is-thermal-shock-what-is-the-thermal-shock-test-chamber.html<\/a><br \/>\n<a href=\"https:\/\/belltestchamber.com\/thermal-shock-test-chambers-guide.html\">https:\/\/belltestchamber.com\/thermal-shock-test-chambers-guide.html<\/a><br \/>\n<a href=\"https:\/\/belltestchamber.com\/do-you-know-the-difference-between-three-type-of-thermal-shock-chamber.html\">https:\/\/belltestchamber.com\/do-you-know-the-difference-between-three-type-of-thermal-shock-chamber.html<\/a><br \/>\n<a href=\"https:\/\/belltestchamber.com\/precautions-for-thermal-shock-of-electronic-products.html\">https:\/\/belltestchamber.com\/precautions-for-thermal-shock-of-electronic-products.html<\/a><\/p>\n<\/div>\n","protected":false},"excerpt":{"rendered":"<p>DGBELL\u2019s Thermal Shock Test Chamber is developed to meet the greater demands for highly accelerated stress tests (HAST) of electrical and electronic components. The specimen transfer directly between hot and cold zone to achieve rapid product temperature change for thermal shock, also known as Environment Stress Screen test.<\/p>\n","protected":false},"featured_media":20429,"comment_status":"closed","ping_status":"closed","template":"","meta":[],"product_brand":[],"product_cat":[62],"product_tag":[],"class_list":{"0":"post-20428","1":"product","2":"type-product","3":"status-publish","4":"has-post-thumbnail","6":"product_cat-tu-moi-truong","8":"first","9":"instock","10":"shipping-taxable","11":"product-type-simple"},"acf":[],"_links":{"self":[{"href":"https:\/\/dgbellvietnam.com\/en\/wp-json\/wp\/v2\/product\/20428","targetHints":{"allow":["GET"]}}],"collection":[{"href":"https:\/\/dgbellvietnam.com\/en\/wp-json\/wp\/v2\/product"}],"about":[{"href":"https:\/\/dgbellvietnam.com\/en\/wp-json\/wp\/v2\/types\/product"}],"replies":[{"embeddable":true,"href":"https:\/\/dgbellvietnam.com\/en\/wp-json\/wp\/v2\/comments?post=20428"}],"wp:featuredmedia":[{"embeddable":true,"href":"https:\/\/dgbellvietnam.com\/en\/wp-json\/wp\/v2\/media\/20429"}],"wp:attachment":[{"href":"https:\/\/dgbellvietnam.com\/en\/wp-json\/wp\/v2\/media?parent=20428"}],"wp:term":[{"taxonomy":"product_brand","embeddable":true,"href":"https:\/\/dgbellvietnam.com\/en\/wp-json\/wp\/v2\/product_brand?post=20428"},{"taxonomy":"product_cat","embeddable":true,"href":"https:\/\/dgbellvietnam.com\/en\/wp-json\/wp\/v2\/product_cat?post=20428"},{"taxonomy":"product_tag","embeddable":true,"href":"https:\/\/dgbellvietnam.com\/en\/wp-json\/wp\/v2\/product_tag?post=20428"}],"curies":[{"name":"wp","href":"https:\/\/api.w.org\/{rel}","templated":true}]}}