{"id":20425,"date":"2024-05-27T22:13:54","date_gmt":"2024-05-27T22:13:54","guid":{"rendered":"http:\/\/dgbellvietnam.com\/san-pham\/temperature-humidity-vibration-combined-test-chamber\/"},"modified":"2024-09-11T15:27:58","modified_gmt":"2024-09-11T08:27:58","slug":"temperature-humidity-vibration-combined-test-chamber","status":"publish","type":"product","link":"https:\/\/dgbellvietnam.com\/en\/san-pham\/temperature-humidity-vibration-combined-test-chamber\/","title":{"rendered":"Bu\u1ed3ng th\u1eed nghi\u1ec7m nhi\u1ec7t-\u1ea9m-rung k\u1ebft h\u1ee3p"},"content":{"rendered":"<div id=\"tab-description\" class=\"woocommerce-Tabs-panel woocommerce-Tabs-panel--description panel entry-content active\" role=\"tabpanel\" aria-labelledby=\"tab-title-description\">\n<p><strong>\u1ee8ng d\u1ee5ng<\/strong><\/p>\n<p>Bu\u1ed3ng th\u1eed nghi\u1ec7m nhi\u1ec7t &#8211; \u1ea9m &#8211; rung \u0111\u00e1p \u1ee9ng c\u00e1c ti\u00eau chu\u1ea9n qu\u1ed1c gia v\u00e0 c\u00e1c y\u00eau c\u1ea7u th\u1eed nghi\u1ec7m c\u1ee5 th\u1ec3. N\u00f3 \u0111\u01b0\u1ee3c s\u1eed d\u1ee5ng r\u1ed9ng r\u00e3i trong c\u00e1c s\u1ea3n ph\u1ea9m \u0111i\u1ec7n v\u00e0 \u0111i\u1ec7n t\u1eed, ph\u1ee5 t\u00f9ng \u00f4 t\u00f4, v\u1eadt li\u1ec7u, v.v. th\u00f4ng qua s\u1ef1 k\u1ebft h\u1ee3p gi\u1eefa nhi\u1ec7t \u0111\u1ed9 cao v\u00e0 th\u1ea5p, nhi\u1ec7t \u0111\u1ed9 th\u1ea5p, thay \u0111\u1ed5i nhi\u1ec7t \u0111\u1ed9, va \u0111\u1eadp, rung nhi\u1ec7t \u01b0\u1edbt v\u00e0 c\u00e1c th\u1eed nghi\u1ec7m \u0111\u1ed9 tin c\u1eady m\u00f4i tr\u01b0\u1eddng kh\u00e1c.<\/p>\n<p>&nbsp;<\/p>\n<p><strong>T\u00ednh n\u0103ng<\/strong><\/p>\n<ul>\n<li>V\u1edbi thi\u1ebft k\u1ebf b\u1ec1 ngo\u00e0i ho\u00e0n h\u1ea3o c\u00f3 \u0111\u1ed9 ch\u00ednh x\u00e1c cao, b\u00ean ngo\u00e0i c\u00f3 t\u1ea5m c\u00e1n ngu\u1ed9i hai m\u1eb7t v\u1eadt li\u1ec7u s\u01a1n t\u0129nh \u0111i\u1ec7n, b\u00ean trong b\u1eb1ng th\u00e9p kh\u00f4ng g\u1ec9 ch\u1ecbu nhi\u1ec7t \u0111\u1ed9 cao SUS#304.<\/li>\n<li>V\u1eadt li\u1ec7u c\u00e1ch nhi\u1ec7t s\u1eed d\u1ee5ng v\u1eadt li\u1ec7u c\u00e1ch nhi\u1ec7t t\u1ea1o b\u1ecdt PU polyurethane c\u01b0\u1eddng \u0111\u1ed9 cao ch\u1ed1ng ch\u00e1y.<\/li>\n<li>Ti\u1ebft ki\u1ec7m \u0111\u01b0\u1ee3c h\u01a1n 20% n\u0103ng l\u01b0\u1ee3ng nh\u1edd \u00e1p d\u1ee5ng c\u00f4ng ngh\u1ec7 \u0111i\u1ec1u khi\u1ec3n t\u1ee7 l\u1ea1nh ti\u00ean ti\u1ebfn c\u1ee7a Nh\u1eadt B\u1ea3n v\u00e0 \u0110\u1ee9c.<\/li>\n<li>H\u1ec7 th\u1ed1ng \u0111i\u1ec1u khi\u1ec3n v\u00e0 c\u00e1c linh ki\u1ec7n m\u1ea1ch \u0111i\u1ec1u khi\u1ec3n \u0111\u1ec1u \u0111\u01b0\u1ee3c gi\u1edbi thi\u1ec7u b\u1edfi c\u00e1c th\u01b0\u01a1ng hi\u1ec7u n\u1ed5i ti\u1ebfng.<\/li>\n<\/ul>\n<p>&nbsp;<\/p>\n<p><strong>Ti\u00eau chu\u1ea9n<\/strong><\/p>\n<ul>\n<li>IEC 68-2-1 (GB2423.1-2008)<\/li>\n<li>IEC 68-2-2 (GB2423.2-2008)<\/li>\n<li>IEC 68-2-3 (GB2423.3-2006)<\/li>\n<li>IEC 68-2-30 (GB2423.4-2008)<\/li>\n<li>IEC 68-2-14 (GB2423.22-2008)<\/li>\n<li>MIL-STD-810D (GJB150.3A-2009)<\/li>\n<li>MIL-STD-810D (GJB150.4A-2009)<\/li>\n<li>MIL-STD-810D (GJB150.9A-2009)<\/li>\n<\/ul>\n<p>&nbsp;<\/p>\n<p><strong>Th\u00f4ng s\u1ed1 k\u1ef9 thu\u1eadt<\/strong><\/p>\n<div id=\"tablepress-44-scroll-wrapper\" class=\"tablepress-scroll-wrapper\">\n<table id=\"tablepress-44\" class=\"tablepress tablepress-id-44 tablepress-responsive\">\n<thead>\n<tr class=\"row-1 odd\">\n<th class=\"column-1\">M\u1eabu<\/th>\n<th class=\"column-2\">BTHZ-408<\/th>\n<th class=\"column-3\">BTHZ-800<\/th>\n<th class=\"column-4\">BTHZ-1000<\/th>\n<\/tr>\n<\/thead>\n<tbody class=\"row-hover\">\n<tr class=\"row-2 even\">\n<td class=\"column-1\">K\u00edch th\u01b0\u1edbc trong<\/td>\n<td class=\"column-2\">600x850x800<\/td>\n<td class=\"column-3\">1000x1000x800<\/td>\n<td class=\"column-4\">1000x1000x1000<\/td>\n<\/tr>\n<tr class=\"row-3 odd\">\n<td class=\"column-1\" colspan=\"4\">W x H x D(mm)<\/td>\n<\/tr>\n<tr class=\"row-4 even\">\n<td class=\"column-1\">K\u00edch th\u01b0\u1edbc ngo\u00e0i<\/td>\n<td class=\"column-2\">850x1650x1500 mm<\/td>\n<td class=\"column-3\">1250x1750x1600<\/td>\n<td class=\"column-4\">1250x1750x1800<\/td>\n<\/tr>\n<tr class=\"row-5 odd\">\n<td class=\"column-1\" colspan=\"4\">W x H x D(mm)<\/td>\n<\/tr>\n<tr class=\"row-6 even\">\n<td class=\"column-1\">D\u1ea3i nhi\u1ec7t \u0111\u1ed9<\/td>\n<td class=\"column-2\" colspan=\"3\">B\uff1a-20\uff5e150\u2103\u00a0\u00a0 C\uff1a-40\uff5e150\u2103\u00a0\u00a0 D\uff1a-70\uff5e150\u2103<\/td>\n<\/tr>\n<tr class=\"row-7 odd\">\n<td class=\"column-1\">D\u1ea3i \u0111\u1ed9 \u1ea9m<\/td>\n<td class=\"column-2\" colspan=\"3\">20-98%RH<\/td>\n<\/tr>\n<tr class=\"row-8 even\">\n<td class=\"column-1\">Bi\u1ebfn \u0111\u1ed9ng nhi\u1ec7t \u0111\u1ed9<\/td>\n<td class=\"column-2\" colspan=\"3\">\u2264\u00b10.5\u2103<\/td>\n<\/tr>\n<tr class=\"row-9 odd\">\n<td class=\"column-1\">\u0110\u1ed9 l\u1ec7ch nhi\u1ec7t \u0111\u1ed9<\/td>\n<td class=\"column-2\" colspan=\"3\">\u2264\u00b12\u2103<\/td>\n<\/tr>\n<tr class=\"row-10 even\">\n<td class=\"column-1\">\u0110\u1ed9 \u0111\u1ed3ng \u0111\u1ec1u nhi\u1ec7t \u0111\u1ed9<\/td>\n<td class=\"column-2\" colspan=\"3\">\u2264\u00b12\u2103<\/td>\n<\/tr>\n<tr class=\"row-11 odd\">\n<td class=\"column-1\">Bi\u1ebfn \u0111\u1ed9ng \u0111\u1ed9 \u1ea9m<\/td>\n<td class=\"column-2\" colspan=\"3\">\u2264\u00b12.5%RH<\/td>\n<\/tr>\n<tr class=\"row-12 even\">\n<td class=\"column-1\">\u0110\u1ed9 l\u1ec7ch \u0111\u1ed9 \u1ea9m<\/td>\n<td class=\"column-2\" colspan=\"3\">Nhi\u1ec7t \u0111\u1ed9 75%RH: \u2264+2\uff0c-3%RH\uff1b\u0110\u1ed9 \u1ea9m 75%RH: \u2264\u00b15%RH<\/td>\n<\/tr>\n<\/tbody>\n<\/table>\n<\/div>\n<\/div>\n<div role=\"tabpanel\" aria-labelledby=\"tab-title-description\"><\/div>\n<div role=\"tabpanel\" aria-labelledby=\"tab-title-description\"><\/div>\n","protected":false},"excerpt":{"rendered":"<p>Temperature Humidity Vibration Combined Test Chamber meets national standards and meets specific testing requirements. It is widely used in electrical and electronic products, automotive parts, materials, etc.<\/p>\n","protected":false},"featured_media":20426,"comment_status":"closed","ping_status":"closed","template":"","meta":[],"product_brand":[],"product_cat":[62],"product_tag":[],"class_list":{"0":"post-20425","1":"product","2":"type-product","3":"status-publish","4":"has-post-thumbnail","6":"product_cat-tu-moi-truong","8":"first","9":"instock","10":"shipping-taxable","11":"product-type-simple"},"acf":[],"_links":{"self":[{"href":"https:\/\/dgbellvietnam.com\/en\/wp-json\/wp\/v2\/product\/20425","targetHints":{"allow":["GET"]}}],"collection":[{"href":"https:\/\/dgbellvietnam.com\/en\/wp-json\/wp\/v2\/product"}],"about":[{"href":"https:\/\/dgbellvietnam.com\/en\/wp-json\/wp\/v2\/types\/product"}],"replies":[{"embeddable":true,"href":"https:\/\/dgbellvietnam.com\/en\/wp-json\/wp\/v2\/comments?post=20425"}],"wp:featuredmedia":[{"embeddable":true,"href":"https:\/\/dgbellvietnam.com\/en\/wp-json\/wp\/v2\/media\/20426"}],"wp:attachment":[{"href":"https:\/\/dgbellvietnam.com\/en\/wp-json\/wp\/v2\/media?parent=20425"}],"wp:term":[{"taxonomy":"product_brand","embeddable":true,"href":"https:\/\/dgbellvietnam.com\/en\/wp-json\/wp\/v2\/product_brand?post=20425"},{"taxonomy":"product_cat","embeddable":true,"href":"https:\/\/dgbellvietnam.com\/en\/wp-json\/wp\/v2\/product_cat?post=20425"},{"taxonomy":"product_tag","embeddable":true,"href":"https:\/\/dgbellvietnam.com\/en\/wp-json\/wp\/v2\/product_tag?post=20425"}],"curies":[{"name":"wp","href":"https:\/\/api.w.org\/{rel}","templated":true}]}}