{"id":20423,"date":"2024-05-27T22:13:50","date_gmt":"2024-05-27T22:13:50","guid":{"rendered":"http:\/\/dgbellvietnam.com\/san-pham\/double-deck-high-and-low-temperature-test-chamber\/"},"modified":"2024-09-12T10:05:48","modified_gmt":"2024-09-12T03:05:48","slug":"double-deck-high-and-low-temperature-test-chamber","status":"publish","type":"product","link":"https:\/\/dgbellvietnam.com\/en\/san-pham\/double-deck-high-and-low-temperature-test-chamber\/","title":{"rendered":"Bu\u1ed3ng th\u1eed nghi\u1ec7m nhi\u1ec7t \u0111\u1ed9 cao v\u00e0 th\u1ea5p 2 t\u1ea7ng"},"content":{"rendered":"<div id=\"tab-description\" class=\"woocommerce-Tabs-panel woocommerce-Tabs-panel--description panel entry-content active\" role=\"tabpanel\" aria-labelledby=\"tab-title-description\">\n<p><strong><b>\u1ee8ng d\u1ee5ng<\/b><\/strong><\/p>\n<p>Bu\u1ed3ng th\u1eed nghi\u1ec7m nhi\u1ec7t \u0111\u1ed9 cao-th\u1ea5p hai t\u1ea7ng cung c\u1ea5p \u0111i\u1ec1u ki\u1ec7n m\u00f4i tr\u01b0\u1eddng nhi\u1ec7t \u0111\u1ed9 cao v\u00e0 th\u1ea5p kh\u00f4ng \u0111\u1ed5i trong kho\u1ea3ng t\u1eeb -40\u00b0C \u0111\u1ebfn 150\u00b0C (thi\u1ebft k\u1ebf t\u00f9y ch\u1ec9nh). N\u00f3 \u0111\u01b0\u1ee3c s\u1eed d\u1ee5ng r\u1ed9ng r\u00e3i \u0111\u1ec3 th\u1eed nghi\u1ec7m hi\u1ec7u su\u1ea5t nhi\u1ec7t c\u1ee7a c\u00e1c s\u1ea3n ph\u1ea9m v\u00e0 linh ki\u1ec7n kh\u00e1c nhau. Hai t\u1ee7 th\u1eed nghi\u1ec7m ho\u1ea1t \u0111\u1ed9ng \u0111\u1ed9c l\u1eadp, mang l\u1ea1i hi\u1ec7u qu\u1ea3 v\u00e0 hi\u1ec7u su\u1ea5t cao cho vi\u1ec7c th\u1eed nghi\u1ec7m trong ph\u00f2ng th\u00ed nghi\u1ec7m. H\u01a1n n\u1eefa, ch\u1ee9c n\u0103ng ch\u1ed1ng ch\u00e1y n\u1ed5 b\u1ed5 sung cho ph\u00e9p bu\u1ed3ng th\u1eed nghi\u1ec7m n\u00e0y \u0111\u01b0\u1ee3c k\u1ebft h\u1ee3p v\u1edbi th\u1eed nghi\u1ec7m s\u1ea1c-x\u1ea3, cung c\u1ea5p m\u00f4i tr\u01b0\u1eddng nhi\u1ec7t \u0111\u1ed9 cho c\u00e1c th\u1eed nghi\u1ec7m hi\u1ec7u su\u1ea5t pin kh\u00e1c nhau.<\/p>\n<p><strong><b>T\u00ednh n\u0103ng<\/b><\/strong><\/p>\n<ol>\n<li>\u0110i\u1ec1u khi\u1ec3n PLC, l\u1eadp tr\u00ecnh, \u0111i\u1ec1u khi\u1ec3n m\u00e1y t\u00ednh t\u1eeb xa<\/li>\n<li>H\u1ec7 th\u1ed1ng s\u01b0\u1edfi<\/li>\n<li>H\u1ec7 th\u1ed1ng l\u00e0m l\u1ea1nh<\/li>\n<li>H\u1ec7 th\u1ed1ng tu\u1ea7n ho\u00e0n n\u1ed9i b\u1ed9 c\u01b0\u1ee1ng b\u1ee9c<\/li>\n<li>H\u1ec7 th\u1ed1ng x\u1ea3<\/li>\n<li>H\u1ec7 th\u1ed1ng ch\u1ed1ng ch\u00e1y n\u1ed5<\/li>\n<\/ol>\n<p><strong><b>Ti\u00eau chu\u1ea9n<\/b><\/strong><\/p>\n<ul>\n<li>IEC 60068-2-1:2007: Th\u1eed nghi\u1ec7m \u1edf nhi\u1ec7t \u0111\u1ed9 th\u1ea5p<\/li>\n<li>IEC 60068-2-2:2007: Th\u1eed nghi\u1ec7m \u1edf nhi\u1ec7t \u0111\u1ed9 cao<\/li>\n<li>GJB 150.3-1986: Th\u1eed nghi\u1ec7m \u1edf nhi\u1ec7t \u0111\u1ed9 cao<\/li>\n<li>GJB 150.4-1986: Th\u1eed nghi\u1ec7m \u1edf nhi\u1ec7t \u0111\u1ed9 th\u1ea5p<\/li>\n<li>GB\/T 2423.1-2008: Th\u1eed nghi\u1ec7m \u1edf nhi\u1ec7t \u0111\u1ed9 th\u1ea5p<\/li>\n<li>GB\/T 2423.2-2008: Th\u1eed nghi\u1ec7m \u1edf nhi\u1ec7t \u0111\u1ed9 cao<\/li>\n<li>GB\/T 31485-2015: C\u00e1c y\u00eau c\u1ea7u an to\u00e0n v\u00e0 ph\u01b0\u01a1ng ph\u00e1p th\u1eed nghi\u1ec7m \u0111\u1ed1i v\u1edbi pin xe \u0111i\u1ec7n<\/li>\n<\/ul>\n<p><strong><b>Th\u00f4ng s\u1ed1 k\u1ef9 thu\u1eadt<\/b><\/strong><\/p>\n<div id=\"tablepress-2-scroll-wrapper\" class=\"tablepress-scroll-wrapper\">\n<table id=\"tablepress-2\" class=\"tablepress tablepress-id-2 tablepress-responsive\">\n<thead>\n<tr class=\"row-1 odd\">\n<th class=\"column-1\">M\u1eabu<\/th>\n<th class=\"column-2\">BTL-D2-252C<\/th>\n<th class=\"column-3\">BTL-D2-288C<\/th>\n<\/tr>\n<\/thead>\n<tbody class=\"row-hover\">\n<tr class=\"row-2 even\">\n<td class=\"column-1\">K\u00edch th\u01b0\u1edbc trong c\u1ee7a t\u1ee7 \u0111\u01a1n<\/td>\n<td class=\"column-2\">W600 X D700 X H600 MM<\/td>\n<td class=\"column-3\">W800 X D600 X H600 MM<\/td>\n<\/tr>\n<tr class=\"row-3 odd\">\n<td class=\"column-1\">K\u00edch th\u01b0\u1edbc b\u00ean ngo\u00e0i<\/td>\n<td class=\"column-2\">W1300 X D1800 X H1950 MM<\/td>\n<td class=\"column-3\">W1500*H1950*D1700 MM<\/td>\n<\/tr>\n<tr class=\"row-4 even\">\n<td class=\"column-1\">Ch\u1ebf \u0111\u1ed9 c\u1ea5u tr\u00fac<\/td>\n<td class=\"column-2\" colspan=\"2\">C\u1ea5u tr\u00fac t\u00edch h\u1ee3p t\u1ee7 tr\u00ean v\u00e0 t\u1ee7 d\u01b0\u1edbi.<\/td>\n<\/tr>\n<tr class=\"row-5 odd\">\n<td class=\"column-1\">D\u1ea3i nhi\u1ec7t \u0111\u1ed9<\/td>\n<td class=\"column-2\" colspan=\"2\">-40\u2103 \u2014 +150\u2103<\/td>\n<\/tr>\n<tr class=\"row-6 even\">\n<td class=\"column-1\">Bi\u1ebfn \u0111\u1ed9ng nhi\u1ec7t \u0111\u1ed9<\/td>\n<td class=\"column-2\" colspan=\"2\">\u00b10.3\u2103<\/td>\n<\/tr>\n<tr class=\"row-7 odd\">\n<td class=\"column-1\">T\u1ed1c \u0111\u1ed9 gia nhi\u1ec7t<\/td>\n<td class=\"column-2\" colspan=\"2\">Trung b\u00ecnh 1~3\u00b0C\/ph\u00fat (phi tuy\u1ebfn t\u00ednh, kh\u00f4ng t\u1ea3i)<\/td>\n<\/tr>\n<tr class=\"row-8 even\">\n<td class=\"column-1\">T\u1ed1c \u0111\u1ed9 l\u00e0m m\u00e1t<\/td>\n<td class=\"column-2\" colspan=\"2\">Trung b\u00ecnh 1.0\u00b0C\/ph\u00fat (To\u00e0n b\u1ed9 d\u1ea3i) (phi tuy\u1ebfn t\u00ednh, kh\u00f4ng t\u1ea3i)<\/td>\n<\/tr>\n<tr class=\"row-9 odd\">\n<td class=\"column-1\">\u0110\u1ed9 \u0111\u1ed3ng \u0111\u1ec1u nhi\u1ec7t \u0111\u1ed9<\/td>\n<td class=\"column-2\" colspan=\"2\">\u2264\u00b12\u2103 (khi kh\u00f4ng t\u1ea3i, tr\u1ea1ng th\u00e1i kh\u00f4ng \u0111\u1ed5i)<\/td>\n<\/tr>\n<tr class=\"row-10 even\">\n<td class=\"column-1\">C\u1eeda s\u1ed5 quan s\u00e1t<\/td>\n<td class=\"column-2\" colspan=\"2\">K\u00ednh c\u01b0\u1eddng l\u1ef1c ch\u00e2n kh\u00f4ng ba l\u1edbp<\/td>\n<\/tr>\n<tr class=\"row-11 odd\">\n<td class=\"column-1\">Thi\u1ebft b\u1ecb \u0111\u1ea7u cu\u1ed1i th\u1eed nghi\u1ec7m<\/td>\n<td class=\"column-2\" colspan=\"2\">12 b\u1ed9 thi\u1ebft b\u1ecb \u0111\u1ea7u cu\u1ed1i \u0111\u01b0\u1ee3c k\u1ebft n\u1ed1i v\u1edbi t\u1ee7 th\u1eed nghi\u1ec7m b\u00ean trong v\u00e0 b\u00ean ngo\u00e0i t\u1ee7<\/td>\n<\/tr>\n<tr class=\"row-12 even\">\n<td class=\"column-1\">Ch\u1ebf \u0111\u1ed9 l\u00e0m m\u00e1t<\/td>\n<td class=\"column-2\" colspan=\"2\">L\u00e0m m\u00e1t b\u1eb1ng kh\u00f4ng kh\u00ed \/ L\u00e0m m\u00e1t b\u1eb1ng n\u01b0\u1edbc (T\u00f9y ch\u1ecdn)<\/td>\n<\/tr>\n<tr class=\"row-13 odd\">\n<td class=\"column-1\">M\u00e1y n\u00e9n<\/td>\n<td class=\"column-2\" colspan=\"2\">Tecumseh (Ph\u00e1p)<\/td>\n<\/tr>\n<tr class=\"row-14 even\">\n<td class=\"column-1\">Ch\u1ebf \u0111\u1ed9 \u0111i\u1ec1u khi\u1ec3n<\/td>\n<td class=\"column-2\" colspan=\"2\">\u0110i\u1ec1u khi\u1ec3n m\u00e0n h\u00ecnh c\u1ea3m \u1ee9ng \u0111\u00e3 l\u1eadp tr\u00ecnh PLC, v\u1edbi giao di\u1ec7n USB, giao di\u1ec7n RS485 c\u00f3 th\u1ec3 k\u1ebft n\u1ed1i v\u1edbi \u0111i\u1ec1u khi\u1ec3n m\u00e1y t\u00ednh, ph\u1ea7n m\u1ec1m \u0111i\u1ec1u khi\u1ec3n m\u1ea1ng \u0111\u1eb7c bi\u1ec7t, gi\u00e1m s\u00e1t t\u1eeb xa thu\u1eadn ti\u1ec7n, thu th\u1eadp d\u1eef li\u1ec7u<\/td>\n<\/tr>\n<tr class=\"row-15 odd\">\n<td class=\"column-1\">Ch\u1ea5t li\u1ec7u t\u1ee7 trong<\/td>\n<td class=\"column-2\" colspan=\"2\">Th\u00e9p kh\u00f4ng g\u1ec9 SUS304# d\u00e0y 1,0MM v\u1edbi l\u1edbp ho\u00e0n thi\u1ec7n g\u01b0\u01a1ng, \u0111\u01b0\u1ee3c phun l\u1edbp c\u00e1ch nhi\u1ec7t Teflon<\/td>\n<\/tr>\n<tr class=\"row-16 even\">\n<td class=\"column-1\">Ch\u1ea5t li\u1ec7u t\u1ee7 ngo\u00e0i<\/td>\n<td class=\"column-2\">T\u1ea5m m\u1ea1 k\u1ebdm d\u00e0y 1,2 MM, \u0111\u01b0\u1ee3c ph\u1ee7 b\u1ee5i b\u1eb1ng s\u01a1n ph\u1ee7 nh\u1ef1a nhi\u1ec7t \u0111\u1ed9 cao.<\/td>\n<td class=\"column-3\"><\/td>\n<\/tr>\n<tr class=\"row-17 odd\">\n<td class=\"column-1\">Ngu\u1ed3n \u0111i\u1ec7n<\/td>\n<td class=\"column-2\">AC380V 50HZ\u00a0\u00a0 12KW<\/td>\n<td class=\"column-3\">AC380V 50HZ\u00a0\u00a0 14KW<\/td>\n<\/tr>\n<tr class=\"row-18 even\">\n<td class=\"column-1\">Thi\u1ebft b\u1ecb b\u1ea3o v\u1ec7 an to\u00e0n<\/td>\n<td class=\"column-2\" colspan=\"2\">Thi\u1ebft b\u1ecb gi\u1ea3m \u00e1p t\u1ef1 \u0111\u1ed9ng ch\u1ed1ng ch\u00e1y n\u1ed5, x\u00edch ch\u1ed1ng ch\u00e1y n\u1ed5, thi\u1ebft b\u1ecb b\u00e1o \u0111\u1ed9ng b\u1eb1ng \u0111\u00e8n ba m\u00e0u, \u0111i\u1ec1u khi\u1ec3n t\u1eeb xa, thi\u1ebft b\u1ecb x\u1ea3 kh\u00f3i, thi\u1ebft b\u1ecb ch\u1eefa ch\u00e1y, v.v.<\/td>\n<\/tr>\n<tr class=\"row-19 odd\">\n<td class=\"column-1\">Ch\u1ee9c n\u0103ng m\u1edf r\u1ed9ng<\/td>\n<td class=\"column-2\" colspan=\"2\">Cung c\u1ea5p giao th\u1ee9c giao ti\u1ebfp, c\u00f3 th\u1ec3 \u0111i k\u00e8m m\u00e1y s\u1ea1c v\u00e0 x\u1ea3<\/td>\n<\/tr>\n<\/tbody>\n<\/table>\n<\/div>\n<p><strong>L\u01b0u \u00fd khi s\u1eed d\u1ee5ng<\/strong><\/p>\n<ol>\n<li>V\u1ecf c\u1ee7a t\u1ee7 th\u1eed nghi\u1ec7m cao v\u00e0 th\u1ea5p ph\u1ea3i \u0111\u01b0\u1ee3c n\u1ed1i \u0111\u1ea5t trong qu\u00e1 tr\u00ecnh l\u1eafp \u0111\u1eb7t. N\u1ebfu kh\u00f4ng s\u1ebd c\u00f3 nguy c\u01a1 b\u1ecb \u0111i\u1ec7n gi\u1eadt trong tr\u01b0\u1eddng h\u1ee3p r\u00f2 r\u1ec9.<\/li>\n<li>Kh\u00f4ng v\u1eadn h\u00e0nh t\u1ee7 tr\u01b0\u1edbc khi l\u1eafp \u0111\u1eb7t v\u00e0 \u0111\u1ea3m b\u1ea3o l\u1eafp \u0111\u00fang, chu\u1ea9n tr\u01b0\u1edbc khi ti\u1ebfn h\u00e0nh th\u1eed nghi\u1ec7m.<\/li>\n<li>N\u1ebfu c\u00e1c m\u1eabu gia nhi\u1ec7t \u0111\u01b0\u1ee3c \u0111\u1eb7t trong t\u1ee7 th\u1eed nghi\u1ec7m, vui l\u00f2ng s\u1eed d\u1ee5ng ngu\u1ed3n \u0111i\u1ec7n b\u00ean ngo\u00e0i \u0111\u1ec3 \u0111i\u1ec1u khi\u1ec3n m\u1eabu, kh\u00f4ng s\u1eed d\u1ee5ng tr\u1ef1c ti\u1ebfp ngu\u1ed3n \u0111i\u1ec7n c\u1ee7a t\u1ee7.<\/li>\n<li>Khi v\u1eadn h\u00e0nh t\u1ee7 s\u1ebd sinh ra d\u00f2ng \u0111i\u1ec7n r\u1ea5t nguy hi\u1ec3m, ng\u01b0\u1eddi kh\u00f4ng c\u00f3 chuy\u00ean m\u00f4n kh\u00f4ng n\u00ean m\u1edf n\u1eafp t\u1ee7.<\/li>\n<li>N\u1ebfu t\u1ee7 kh\u00f4ng \u0111\u01b0\u1ee3c trang b\u1ecb ch\u1ee9c n\u0103ng t\u1ea1o \u1ea9m, h\u00e3y l\u01b0u \u00fd \u0111\u1ecdc k\u1ef9 h\u01b0\u1edbng d\u1eabn v\u1ec1 c\u00e1ch s\u1eed d\u1ee5ng v\u00e0 y\u00eau c\u1ea7u.<\/li>\n<li>Khi t\u1ee7 \u0111ang v\u1eadn h\u00e0nh, c\u00e1c \u0111\u1ed9ng c\u01a1 v\u00e0 qu\u1ea1t kh\u00e1c nhau s\u1ebd \u0111\u01b0\u1ee3c kh\u1edfi \u0111\u1ed9ng theo h\u01b0\u1edbng d\u1eabn d\u01b0\u1edbi s\u1ef1 \u0111i\u1ec1u khi\u1ec3n c\u1ee7a b\u1ed9 \u0111i\u1ec1u khi\u1ec3n. Kh\u00f4ng d\u00f9ng tay ch\u1ea1m v\u00e0o c\u00e1c b\u1ed9 ph\u1eadn \u0111ang t\u1ea1m th\u1eddi \u1edf tr\u1ea1ng th\u00e1i t\u0129nh \u0111\u1ec3 tr\u00e1nh vi\u1ec7c c\u00e1c b\u1ed9 ph\u1eadn n\u00e0y kh\u1edfi \u0111\u1ed9ng \u0111\u1ed9t ng\u1ed9t v\u00e0 g\u00e2y th\u01b0\u01a1ng t\u00edch cho ng\u01b0\u1eddi s\u1eed d\u1ee5ng. N\u1ebfu b\u1eaft bu\u1ed9c ph\u1ea3i ti\u1ebfp c\u1eadn c\u00e1c b\u1ed9 ph\u1eadn quay, vui l\u00f2ng t\u1eaft c\u00f4ng t\u1eafc ngu\u1ed3n ch\u00ednh v\u00e0 \u0111\u1ea3m b\u1ea3o thi\u1ebft b\u1ecb b\u1ea3o v\u1ec7 \u0111ang \u1edf tr\u1ea1ng th\u00e1i t\u1ed1t.<\/li>\n<li>C\u1ea5m di chuy\u1ec3n t\u1ee7 th\u1eed khi c\u00f3 m\u1eabu b\u00ean trong, n\u1ebfu kh\u00f4ng m\u1eabu c\u00f3 th\u1ec3 b\u1ecb \u0111\u1ea3o ng\u01b0\u1ee3c ho\u1eb7c r\u01a1i.<\/li>\n<li>Tr\u01b0\u1edbc khi s\u1eed d\u1ee5ng, \u0111\u1ea3m b\u1ea3o c\u1ed1 \u0111\u1ecbnh t\u1ee7, b\u00e1nh xe kh\u00f4ng \u0111\u01b0\u1ee3c ch\u1ea1m m\u1eb7t \u0111\u1ea5t. N\u1ebfu kh\u00f4ng, t\u1ee7 c\u00f3 th\u1ec3 v\u00f4 t\u00ecnh di chuy\u1ec3n khi ch\u1ecbu t\u00e1c \u0111\u1ed9ng c\u1ee7a ngo\u1ea1i l\u1ef1c.<\/li>\n<\/ol>\n<p>&nbsp;<\/p>\n<h2>Tham kh\u1ea3o<\/h2>\n<p><a href=\"https:\/\/belltestchamber.com\/the-system-of-high-low-temperature-chamber-and-temperature-humidity-test-chamber.html\">https:\/\/belltestchamber.com\/the-system-of-high-low-temperature-chamber-and-temperature-humidity-test-chamber.html<\/a><\/p>\n<p><a href=\"https:\/\/belltestchamber.com\/4-questions-to-help-you-better-understand-the-high-and-low-temperature-chamber.html\">https:\/\/belltestchamber.com\/4-questions-to-help-you-better-understand-the-high-and-low-temperature-chamber.html<\/a><\/p>\n<p><a href=\"https:\/\/belltestchamber.com\/high-and-low-temperature-environmental-chamber-testing-the-durability-of-products.html\">https:\/\/belltestchamber.com\/high-and-low-temperature-environmental-chamber-testing-the-durability-of-products.html<\/a><\/p>\n<p><a href=\"https:\/\/belltestchamber.com\/is-your-high-low-temperature-humidity-test-chamber-safe.html\">https:\/\/belltestchamber.com\/is-your-high-low-temperature-humidity-test-chamber-safe.html<\/a><\/p>\n<\/div>\n","protected":false},"excerpt":{"rendered":"<p>Bu\u1ed3ng th\u1eed nghi\u1ec7m nhi\u1ec7t \u0111\u1ed9 cao v\u00e0 th\u1ea5p hai t\u1ea7ng c\u1ee7a DGBELL \u0111\u01b0\u1ee3c thi\u1ebft k\u1ebf \u0111\u1ec3 th\u1eed nghi\u1ec7m c\u00e1c cell pin k\u1ebft h\u1ee3p v\u1edbi thi\u1ebft b\u1ecb s\u1ea1c v\u00e0 x\u1ea3, \u0111\u1ed3ng th\u1eddi c\u0169ng c\u00f3 s\u1eb5n \u0111\u1ec3 th\u1eed nghi\u1ec7m nhi\u1ec7t cho c\u00e1c s\u1ea3n ph\u1ea9m v\u00e0 linh ki\u1ec7n nh\u1ecf.<\/p>\n","protected":false},"featured_media":20424,"comment_status":"closed","ping_status":"closed","template":"","meta":[],"product_brand":[],"product_cat":[63,62],"product_tag":[],"class_list":{"0":"post-20423","1":"product","2":"type-product","3":"status-publish","4":"has-post-thumbnail","6":"product_cat-buong-thu-nghiem-pin","7":"product_cat-tu-moi-truong","9":"first","10":"instock","11":"shipping-taxable","12":"product-type-simple"},"acf":[],"_links":{"self":[{"href":"https:\/\/dgbellvietnam.com\/en\/wp-json\/wp\/v2\/product\/20423","targetHints":{"allow":["GET"]}}],"collection":[{"href":"https:\/\/dgbellvietnam.com\/en\/wp-json\/wp\/v2\/product"}],"about":[{"href":"https:\/\/dgbellvietnam.com\/en\/wp-json\/wp\/v2\/types\/product"}],"replies":[{"embeddable":true,"href":"https:\/\/dgbellvietnam.com\/en\/wp-json\/wp\/v2\/comments?post=20423"}],"wp:featuredmedia":[{"embeddable":true,"href":"https:\/\/dgbellvietnam.com\/en\/wp-json\/wp\/v2\/media\/20424"}],"wp:attachment":[{"href":"https:\/\/dgbellvietnam.com\/en\/wp-json\/wp\/v2\/media?parent=20423"}],"wp:term":[{"taxonomy":"product_brand","embeddable":true,"href":"https:\/\/dgbellvietnam.com\/en\/wp-json\/wp\/v2\/product_brand?post=20423"},{"taxonomy":"product_cat","embeddable":true,"href":"https:\/\/dgbellvietnam.com\/en\/wp-json\/wp\/v2\/product_cat?post=20423"},{"taxonomy":"product_tag","embeddable":true,"href":"https:\/\/dgbellvietnam.com\/en\/wp-json\/wp\/v2\/product_tag?post=20423"}],"curies":[{"name":"wp","href":"https:\/\/api.w.org\/{rel}","templated":true}]}}