{"id":20417,"date":"2024-05-27T22:13:39","date_gmt":"2024-05-27T22:13:39","guid":{"rendered":"http:\/\/dgbellvietnam.com\/san-pham\/burn-in-environmental-test-chamber\/"},"modified":"2024-09-13T15:31:22","modified_gmt":"2024-09-13T08:31:22","slug":"burn-in-environmental-test-chamber","status":"publish","type":"product","link":"https:\/\/dgbellvietnam.com\/en\/san-pham\/burn-in-environmental-test-chamber\/","title":{"rendered":"T\u1ee7 th\u1eed nghi\u1ec7m m\u00f4i tr\u01b0\u1eddng \u0111\u1ed1t ch\u00e1y"},"content":{"rendered":"<div id=\"tab-description\" class=\"woocommerce-Tabs-panel woocommerce-Tabs-panel--description panel entry-content active\" role=\"tabpanel\" aria-labelledby=\"tab-title-description\">\n<p><strong>\u1ee8ng d\u1ee5ng<\/strong><\/p>\n<p>C\u00e1c t\u1ee7 \u0111\u1ed1t ch\u00e1y c\u1ee7a DGBELL \u0111\u01b0\u1ee3c \u00e1p d\u1ee5ng r\u1ed9ng r\u00e3i cho c\u00e1c b\u1ed9 ph\u1eadn \u00f4 t\u00f4, s\u1ea3n ph\u1ea9m \u0111i\u1ec7n v\u00e0 \u0111i\u1ec7n t\u1eed, linh ki\u1ec7n v\u00e0 v\u1eadt li\u1ec7u b\u1eb1ng c\u00e1ch th\u1eed nghi\u1ec7m \u0111\u1ed9 tin c\u1eady \u1edf nhi\u1ec7t \u0111\u1ed9 cao. N\u00f3 c\u0169ng c\u00f3 th\u1ec3 \u0111\u01b0\u1ee3c s\u1eed d\u1ee5ng cho c\u00e1c m\u1eabu kh\u00e1c nh\u01b0 thu\u1ed1c, m\u00e1y bay, v.v. T\u1ee7 th\u1eed nghi\u1ec7m \u0111\u1ed1t ch\u00e1y c\u1ee7a DGBell c\u00f3 th\u1ec3 \u0111\u01b0\u1ee3c t\u00f9y ch\u1ec9nh theo y\u00eau c\u1ea7u c\u1ee7a kh\u00e1ch h\u00e0ng. N\u1ebfu b\u1ea1n c\u00f3 nhu c\u1ea7u \u0111\u1eb7c bi\u1ec7t, \u0111\u1eebng ng\u1ea7n ng\u1ea1i li\u00ean h\u1ec7 v\u1edbi ch\u00fang t\u00f4i.<\/p>\n<p><strong>\u01afu \u0111i\u1ec3m<\/strong><\/p>\n<ol>\n<li class=\"\">Th\u00e9p kh\u00f4ng g\u1ec9 ch\u1ecbu nhi\u1ec7t \u0111\u1ed9 cao SUS # 304<\/li>\n<li class=\"\">V\u1eadt li\u1ec7u c\u00e1ch nhi\u1ec7t s\u1ee3i th\u1ee7y tinh c\u00f3 \u0111\u1ed9 b\u1ec1n cao, ch\u1ed1ng ch\u00e1y<\/li>\n<li class=\"\">H\u1ec7 th\u1ed1ng \u0111i\u1ec1u khi\u1ec3n v\u00e0 m\u1ea1ch \u0111i\u1ec1u khi\u1ec3n \u0111\u1ec1u \u0111\u01b0\u1ee3c gi\u1edbi thi\u1ec7u b\u1edfi th\u01b0\u01a1ng hi\u1ec7u n\u1ed5i ti\u1ebfng<\/li>\n<li class=\"\">T\u1ea5m c\u00e1n ngu\u1ed9i hai m\u1eb7t v\u1eadt li\u1ec7u s\u01a1n t\u0129nh \u0111i\u1ec7n<\/li>\n<\/ol>\n<p><strong>Ti\u00eau chu\u1ea9n<\/strong><\/p>\n<ul>\n<li>IEC 60068-2-2:2007<\/li>\n<\/ul>\n<p><strong>Th\u00f4ng s\u1ed1 k\u1ef9 thu\u1eadt<\/strong><\/p>\n<div id=\"tablepress-46-scroll-wrapper\" class=\"tablepress-scroll-wrapper\">\n<table id=\"tablepress-46\" class=\"tablepress tablepress-id-46 tablepress-responsive\">\n<thead>\n<tr class=\"row-1 odd\">\n<th class=\"column-1\">M\u1eabu<\/th>\n<th class=\"column-2\">BTG-072<\/th>\n<th class=\"column-3\">BTG-125<\/th>\n<th class=\"column-4\">BTG-270<\/th>\n<th class=\"column-5\">BTG-600<\/th>\n<th class=\"column-6\">BTG-1000<\/th>\n<\/tr>\n<\/thead>\n<tbody class=\"row-hover\">\n<tr class=\"row-2 even\">\n<td class=\"column-1\">Kh\u00f4ng gian th\u1eed nghi\u1ec7m<\/td>\n<td class=\"column-2\">450x400x400<\/td>\n<td class=\"column-3\">450x400x400<\/td>\n<td class=\"column-4\">600x900x500<\/td>\n<td class=\"column-5\">1000x1000x600<\/td>\n<td class=\"column-6\">1000x1000x1000<\/td>\n<\/tr>\n<tr class=\"row-3 odd\">\n<td class=\"column-1\" colspan=\"6\">W x H x D (mm)<\/td>\n<\/tr>\n<tr class=\"row-4 even\">\n<td class=\"column-1\">K\u00edch th\u01b0\u1edbc ngo\u00e0i<\/td>\n<td class=\"column-2\">850x1000x850<\/td>\n<td class=\"column-3\">900x1100x1000<\/td>\n<td class=\"column-4\">1000x1300x1000<\/td>\n<td class=\"column-5\">1200x1450x1100<\/td>\n<td class=\"column-6\">1200x1400x1450<\/td>\n<\/tr>\n<tr class=\"row-5 odd\">\n<td class=\"column-1\" colspan=\"6\">W x H x D (mm)<\/td>\n<\/tr>\n<tr class=\"row-6 even\">\n<td class=\"column-1\">D\u1ea3i nhi\u1ec7t \u0111\u1ed9<\/td>\n<td class=\"column-2\" colspan=\"5\">Rt-250\u2103\u00a0 (T\u00f9y ch\u1ecdn kho\u1ea3ng 500\u2103\uff09<\/td>\n<\/tr>\n<tr class=\"row-7 odd\">\n<td class=\"column-1\">Bi\u1ebfn \u0111\u1ed9ng nhi\u1ec7t \u0111\u1ed9<\/td>\n<td class=\"column-2\" colspan=\"5\">\u2264\u00b10.5\u2103<\/td>\n<\/tr>\n<tr class=\"row-8 even\">\n<td class=\"column-1\">\u0110\u1ed9 l\u1ec7ch nhi\u1ec7t \u0111\u1ed9<\/td>\n<td class=\"column-2\" colspan=\"5\">\u2264\u00b11.5\u2103<\/td>\n<\/tr>\n<tr class=\"row-9 odd\">\n<td class=\"column-1\">\u0110\u1ed9 \u0111\u1ed3ng \u0111\u1ec1u nhi\u1ec7t \u0111\u1ed9<\/td>\n<td class=\"column-2\" colspan=\"5\">\u2264\u00b11\u2103<\/td>\n<\/tr>\n<\/tbody>\n<\/table>\n<\/div>\n<p><b>B\u1ed9 \u0111i\u1ec1u khi\u1ec3n<\/b><\/p>\n<table style=\"height: 241px;\" width=\"556\">\n<tbody>\n<tr>\n<td width=\"169\">Hi\u1ec3n th\u1ecb<\/td>\n<td width=\"387\">M\u00e0n h\u00ecnh TFT LCD<\/td>\n<\/tr>\n<tr>\n<td width=\"169\">\u0110\u1ea7u v\u00e0o<\/td>\n<td width=\"387\">T\u01b0\u01a1ng th\u00edch v\u1edbi b\u00f3ng \u0111\u00e8n kh\u00f4 &#8211; \u01b0\u1edbt PT100 (T\/C, RTD, DCV)<\/td>\n<\/tr>\n<tr>\n<td width=\"169\">\u0110\u1ed9 ch\u00ednh x\u00e1c<\/td>\n<td width=\"387\">M\u1eabu c\u00f3 \u0111\u1ed9 ch\u00ednh x\u00e1c cao 0.01%<\/td>\n<\/tr>\n<tr>\n<td width=\"169\">Dung l\u01b0\u1ee3ng h\u1ec7 th\u1ed1ng<\/td>\n<td width=\"387\">\n<div>10 ch\u01b0\u01a1ng tr\u00ecnh, 100 ph\u00e2n \u0111o\u1ea1n cho m\u1ed7i ch\u01b0\u01a1ng tr\u00ecnh<\/div>\n<\/td>\n<\/tr>\n<tr>\n<td width=\"169\">Ch\u1ebf \u0111\u1ed9 v\u1eadn h\u00e0nh<\/td>\n<td width=\"387\">Gi\u00e1 tr\u1ecb c\u1ed1 \u0111\u1ecbnh\/Ch\u1ebf \u0111\u1ed9 v\u1eadn h\u00e0nh \u0111\u00e3 \u0111\u01b0\u1ee3c l\u1eadp tr\u00ecnh<\/td>\n<\/tr>\n<tr>\n<td width=\"169\">Ph\u01b0\u01a1ng th\u1ee9c \u0111\u1ea7u ra<\/td>\n<td width=\"387\">\u0110\u1ea7u ra \u0111\u1ed3ng b\u1ed9 hai chi\u1ec1u t\u1ef1 \u0111\u1ed9ng PID+SSR\/SCR<\/td>\n<\/tr>\n<tr>\n<td width=\"169\">C\u00e0i \u0111\u1eb7t s\u1eb5n ch\u01b0\u01a1ng tr\u00ecnh kh\u1edfi \u0111\u1ed9ng<\/td>\n<td width=\"387\">Kh\u1edfi \u0111\u1ed9ng thi\u1ebft b\u1ecb \u0111\u01b0\u1ee3c c\u00e0i \u0111\u1eb7t s\u1eb5n.<\/td>\n<\/tr>\n<tr>\n<td width=\"169\">Giao di\u1ec7n giao ti\u1ebfp<\/td>\n<td width=\"387\">Giao di\u1ec7n t\u01b0\u01a1ng th\u00edch v\u1edbi c\u00e1c giao th\u1ee9c (RS485, Modbus, v.v.)<\/td>\n<\/tr>\n<\/tbody>\n<\/table>\n<p><strong>Chi ti\u1ebft t\u1ee7<\/strong><\/p>\n<table style=\"border-collapse: collapse; width: 582px; height: 358px;\" border=\"0\" width=\"144\" cellspacing=\"0\" cellpadding=\"0\">\n<tbody>\n<tr style=\"height: 13.50pt;\">\n<td style=\"height: 13.50pt; width: 54.00pt;\" align=\"right\" width=\"72\" height=\"18\"><img decoding=\"async\" class=\"size-full wp-image-4002 aligncenter\" title=\"dgbell-panel-1\" src=\"http:\/\/dgbellvietnam.com\/wp-content\/uploads\/2024\/05\/dgbell-panel-1.jpg\" alt=\"DGBELL panel\" width=\"200\" height=\"150\" data-lazyloaded=\"1\" data-src=\"data:image\/svg+xml;base64,PHN2ZyB4bWxucz0iaHR0cHM6Ly93d3cudzMub3JnLzIwMDAvc3ZnIiB3aWR0aD0iMjAwIiBoZWlnaHQ9IjE1MCIgdmlld0JveD0iMCAwIDIwMCAxNTAiPjxyZWN0IHdpZHRoPSIxMDAlIiBoZWlnaHQ9IjEwMCUiIHN0eWxlPSJmaWxsOiNjZmQ0ZGI7ZmlsbC1vcGFjaXR5OiAwLjE7Ii8+PC9zdmc+\" \/><\/td>\n<td style=\"width: 54pt; text-align: left;\" align=\"right\" width=\"72\">\n<div>Trong b\u1ea3ng th\u1eed nghi\u1ec7m c\u1ee7a t\u1ee7 th\u1eed nghi\u1ec7m \u0111\u1ed1t ch\u00e1y, b\u1ea1n c\u00f3 th\u1ec3 nh\u1eadp c\u00e1c th\u00f4ng s\u1ed1 m\u00ecnh c\u1ea7n t\u1ea1i \u0111\u00e2y.<\/div>\n<\/td>\n<\/tr>\n<tr style=\"height: 13.50pt;\">\n<td style=\"height: 13.5pt; text-align: left;\" align=\"right\" height=\"18\"><\/td>\n<td style=\"text-align: left;\" align=\"right\">Gi\u00e1 th\u1eed nghi\u1ec7m \u0111\u01b0\u1ee3c s\u1eed d\u1ee5ng \u0111\u1ec3 \u0111\u1eb7t m\u1eabu. C\u00f3 nhi\u1ec1u l\u1ed7 tr\u00f2n nh\u1ecf tr\u00ean th\u00e0nh trong c\u1ee7a t\u1ee7, d\u00f9ng \u0111\u1ec3 c\u1ea5p kh\u00ed tr\u00e1i v\u00e0 ph\u1ea3i \u0111\u1ec3 nhi\u1ec7t \u0111\u1ed9 \u1edf m\u1ed7i g\u00f3c c\u1ee7a t\u1ee7 gi\u1ed1ng nhau.<\/td>\n<\/tr>\n<tr style=\"height: 13.50pt;\">\n<td style=\"height: 13.50pt;\" align=\"right\" height=\"18\"><img decoding=\"async\" class=\"size-full wp-image-4004 aligncenter\" title=\"dgbell-test-port-1\" src=\"http:\/\/dgbellvietnam.com\/wp-content\/uploads\/2024\/05\/dgbell-test-port-1.jpg\" alt=\"DGBELL Test Port\" width=\"200\" height=\"100\" data-lazyloaded=\"1\" data-src=\"data:image\/svg+xml;base64,PHN2ZyB4bWxucz0iaHR0cHM6Ly93d3cudzMub3JnLzIwMDAvc3ZnIiB3aWR0aD0iMjAwIiBoZWlnaHQ9IjEwMCIgdmlld0JveD0iMCAwIDIwMCAxMDAiPjxyZWN0IHdpZHRoPSIxMDAlIiBoZWlnaHQ9IjEwMCUiIHN0eWxlPSJmaWxsOiNjZmQ0ZGI7ZmlsbC1vcGFjaXR5OiAwLjE7Ii8+PC9zdmc+\" \/><\/td>\n<td style=\"text-align: left;\" align=\"right\">\n<div>L\u1ed7 ki\u1ec3m tra \u0111\u01b0\u1ee3c s\u1eed d\u1ee5ng \u0111\u1ec3 k\u1ebft n\u1ed1i thi\u1ebft b\u1ecb b\u00ean ngo\u00e0i. N\u1ebfu c\u1ea7n ki\u1ec3m tra nhi\u1ec7t \u0111\u1ed9 c\u1ee7a m\u1eabu b\u00ean trong th\u00ec c\u1ea7n ph\u1ea3i \u0111\u01b0a \u0111\u1ea7u d\u00f2 v\u00e0o nhi\u1ec7t k\u1ebf t\u1eeb b\u00ean ngo\u00e0i th\u00ec m\u1edbi c\u00f3 th\u1ec3 \u0111i v\u00e0o qua l\u1ed7 n\u00e0y. N\u1ebfu b\u1ea1n kh\u00f4ng c\u1ea7n l\u1ed7 n\u00e0y, ch\u1ec9 c\u1ea7n c\u1eafm l\u1ed7 ki\u1ec3m tra n\u00e0y.<\/div>\n<\/td>\n<\/tr>\n<tr style=\"height: 13.50pt;\">\n<td style=\"height: 13.50pt;\" align=\"right\" height=\"18\"><img decoding=\"async\" class=\"size-full wp-image-4005 aligncenter\" title=\"dgbell-vents-1\" src=\"http:\/\/dgbellvietnam.com\/wp-content\/uploads\/2024\/05\/dgbell-vents-1.jpg\" alt=\"DGBELL Vents\" width=\"200\" height=\"100\" data-lazyloaded=\"1\" data-src=\"data:image\/svg+xml;base64,PHN2ZyB4bWxucz0iaHR0cHM6Ly93d3cudzMub3JnLzIwMDAvc3ZnIiB3aWR0aD0iMjAwIiBoZWlnaHQ9IjEwMCIgdmlld0JveD0iMCAwIDIwMCAxMDAiPjxyZWN0IHdpZHRoPSIxMDAlIiBoZWlnaHQ9IjEwMCUiIHN0eWxlPSJmaWxsOiNjZmQ0ZGI7ZmlsbC1vcGFjaXR5OiAwLjE7Ii8+PC9zdmc+\" \/><\/td>\n<td style=\"text-align: left;\">L\u1ed7 t\u1ea3n nhi\u1ec7t d\u00f9ng \u0111\u1ec3 trao \u0111\u1ed5i v\u1edbi kh\u00f4ng kh\u00ed b\u00ean ngo\u00e0i \u0111\u1ec3 \u0111i\u1ec1u ch\u1ec9nh nhi\u1ec7t \u0111\u1ed9 c\u1ee7a khoang b\u00ean trong.<\/td>\n<\/tr>\n<\/tbody>\n<\/table>\n<p>&nbsp;<\/p>\n<p><strong>Tham kh\u1ea3o<\/strong><\/p>\n<p><a href=\"https:\/\/belltestchamber.com\/industrial-burn-in-oven-everything-you-need-to-know.html\">https:\/\/belltestchamber.com\/industrial-burn-in-oven-everything-you-need-to-know.html<\/a><\/p>\n<p><a href=\"https:\/\/belltestchamber.com\/what-is-aging-test.html\">https:\/\/belltestchamber.com\/what-is-aging-test.html<\/a><\/p>\n<\/div>\n","protected":false},"excerpt":{"rendered":"<p>Bu\u1ed3ng th\u1eed nhi\u1ec7t c\u1ee7a DGBELL (c\u00f2n g\u1ecdi l\u00e0 bu\u1ed3ng th\u1eed l\u00e3o h\u00f3a nhi\u1ec7t \u0111\u1ed9) \u0111\u01b0\u1ee3c \u1ee9ng d\u1ee5ng r\u1ed9ng r\u00e3i cho c\u00e1c b\u1ed9 ph\u1eadn \u00f4 t\u00f4, s\u1ea3n ph\u1ea9m \u0111i\u1ec7n t\u1eed v\u00e0 \u0111i\u1ec7n, linh ki\u1ec7n v\u00e0 v\u1eadt li\u1ec7u b\u1eb1ng c\u00e1c th\u1eed nghi\u1ec7m \u0111\u1ed9 tin c\u1eady \u1edf nhi\u1ec7t \u0111\u1ed9 cao li\u00ean t\u1ee5c.<\/p>\n","protected":false},"featured_media":20418,"comment_status":"closed","ping_status":"closed","template":"","meta":[],"product_brand":[],"product_cat":[62],"product_tag":[],"class_list":{"0":"post-20417","1":"product","2":"type-product","3":"status-publish","4":"has-post-thumbnail","6":"product_cat-tu-moi-truong","8":"first","9":"instock","10":"shipping-taxable","11":"product-type-simple"},"acf":[],"_links":{"self":[{"href":"https:\/\/dgbellvietnam.com\/en\/wp-json\/wp\/v2\/product\/20417","targetHints":{"allow":["GET"]}}],"collection":[{"href":"https:\/\/dgbellvietnam.com\/en\/wp-json\/wp\/v2\/product"}],"about":[{"href":"https:\/\/dgbellvietnam.com\/en\/wp-json\/wp\/v2\/types\/product"}],"replies":[{"embeddable":true,"href":"https:\/\/dgbellvietnam.com\/en\/wp-json\/wp\/v2\/comments?post=20417"}],"wp:featuredmedia":[{"embeddable":true,"href":"https:\/\/dgbellvietnam.com\/en\/wp-json\/wp\/v2\/media\/20418"}],"wp:attachment":[{"href":"https:\/\/dgbellvietnam.com\/en\/wp-json\/wp\/v2\/media?parent=20417"}],"wp:term":[{"taxonomy":"product_brand","embeddable":true,"href":"https:\/\/dgbellvietnam.com\/en\/wp-json\/wp\/v2\/product_brand?post=20417"},{"taxonomy":"product_cat","embeddable":true,"href":"https:\/\/dgbellvietnam.com\/en\/wp-json\/wp\/v2\/product_cat?post=20417"},{"taxonomy":"product_tag","embeddable":true,"href":"https:\/\/dgbellvietnam.com\/en\/wp-json\/wp\/v2\/product_tag?post=20417"}],"curies":[{"name":"wp","href":"https:\/\/api.w.org\/{rel}","templated":true}]}}