{"id":20415,"date":"2024-05-27T22:13:33","date_gmt":"2024-05-27T22:13:33","guid":{"rendered":"http:\/\/dgbellvietnam.com\/san-pham\/temperature-humidity-test-chamber\/"},"modified":"2024-09-13T14:37:51","modified_gmt":"2024-09-13T07:37:51","slug":"temperature-humidity-test-chamber","status":"publish","type":"product","link":"https:\/\/dgbellvietnam.com\/en\/san-pham\/temperature-humidity-test-chamber\/","title":{"rendered":"Bu\u1ed3ng th\u1eed nghi\u1ec7m nhi\u1ec7t \u1ea9m"},"content":{"rendered":"<div id=\"tab-description\" class=\"woocommerce-Tabs-panel woocommerce-Tabs-panel--description panel entry-content active\" role=\"tabpanel\" aria-labelledby=\"tab-title-description\">\n<p><strong>\u1ee8ng d\u1ee5ng<\/strong><\/p>\n<p>Bu\u1ed3ng th\u1eed nhi\u1ec7t \u1ea9m c\u1ee7a DGBELL c\u00f3 th\u1ec3 m\u00f4 ph\u1ecfng nhi\u1ec1u \u0111i\u1ec1u ki\u1ec7n m\u00f4i tr\u01b0\u1eddng nhi\u1ec7t \u0111\u1ed9 v\u00e0 \u0111\u1ed9 \u1ea9m kh\u00e1c nhau \u0111\u1ec3 th\u1eed nghi\u1ec7m nhi\u1ec1u s\u1ea3n ph\u1ea9m v\u00e0 linh ki\u1ec7n kh\u00e1c nhau. N\u00f3 \u0111\u01b0\u1ee3c s\u1eed d\u1ee5ng r\u1ed9ng r\u00e3i cho c\u00e1c th\u1eed nghi\u1ec7m chu k\u1ef3 nhi\u1ec7t c\u01a1 b\u1ea3n v\u00e0 th\u1eed nghi\u1ec7m \u1ee9ng su\u1ea5t t\u0103ng t\u1ed1c. Ch\u00fang t\u00f4i cung c\u1ea5p 6 m\u1eabu ti\u00eau chu\u1ea9n, t\u1ee7 th\u1eed nghi\u1ec7m t\u1eeb 80L \u0111\u1ebfn 1000L, c\u0169ng c\u00f3 s\u1eb5n k\u00edch th\u01b0\u1edbc t\u00f9y ch\u1ec9nh.<\/p>\n<p>Bu\u1ed3ng th\u1eed nhi\u1ec7t \u1ea9m s\u1eed d\u1ee5ng b\u1ed9 \u0111i\u1ec1u khi\u1ec3n nhi\u1ec7t \u0111\u1ed9 nh\u1eadp kh\u1ea9u \u0111\u1ec3 ki\u1ec3m so\u00e1t nhi\u1ec7t \u0111\u1ed9 v\u00e0 \u0111\u1ed9 \u1ea9m. B\u1ed9 \u0111i\u1ec1u khi\u1ec3n l\u1eadp tr\u00ecnh c\u00f3 th\u1ec3 \u0111\u01b0\u1ee3c s\u1eed d\u1ee5ng \u0111\u1ec3 thi\u1ebft l\u1eadp nhi\u1ec1u th\u00f4ng s\u1ed1 kh\u00e1c nhau. Nhi\u1ec7t \u0111\u1ed9 v\u00e0 \u0111\u1ed9 \u1ea9m \u0111\u01b0\u1ee3c hi\u1ec3n th\u1ecb tr\u1ef1c ti\u1ebfp d\u01b0\u1edbi d\u1ea1ng k\u1ef9 thu\u1eadt s\u1ed1 v\u00e0 ho\u1ea1t \u0111\u1ed9ng c\u1ee7a bu\u1ed3ng th\u1eed nhi\u1ec7t \u0111\u1ed9 kh\u00f4ng \u0111\u1ed5i r\u1ea5t ti\u1ec7n l\u1ee3i.<\/p>\n<p>Thi\u1ebft b\u1ecb \u0111\u01b0\u1ee3c \u0111o ch\u00ednh x\u00e1c b\u1eb1ng c\u1ea3m bi\u1ebfn nhi\u1ec7t \u0111\u1ed9 v\u00e0 \u0111\u1ed9 \u1ea9m v\u00e0 \u0111\u01b0\u1ee3c \u0111i\u1ec1u khi\u1ec3n b\u1edfi b\u1ed9 \u0111i\u1ec1u khi\u1ec3n l\u1eadp tr\u00ecnh c\u00f4ng nghi\u1ec7p. N\u00f3 c\u00f3 th\u1ec3 t\u1ef1 \u0111\u1ed9ng \u0111i\u1ec1u ch\u1ec9nh \u0111\u1ed9 \u1ea9m trong bu\u1ed3ng x\u00e1c minh nhi\u1ec7t \u0111\u1ed9 v\u00e0 \u0111\u1ed9 \u1ea9m, x\u1eed l\u00fd d\u1eef li\u1ec7u x\u00e1c minh \u0111\u1ed9 \u1ea9m v\u00e0 in k\u1ebft qu\u1ea3. V\u1edbi kh\u1ea3 n\u0103ng ki\u1ec3m so\u00e1t v\u00e0 \u0111\u1ed9 ch\u00ednh x\u00e1c th\u1eed nghi\u1ec7m cao, n\u00f3 c\u00f3 th\u1ec3 cung c\u1ea5p ph\u00e9p \u0111o \u0111\u1ed9 \u1ea9m li\u00ean t\u1ee5c v\u00e0 l\u1eb7p l\u1ea1i.<\/p>\n<p>N\u00f3 ph\u00f9 h\u1ee3p \u0111\u1ec3 th\u1eed nghi\u1ec7m s\u1ea3n ph\u1ea9m trong c\u00e1c \u0111\u01a1n v\u1ecb nghi\u00ean c\u1ee9u khoa h\u1ecdc nh\u01b0 h\u00e0ng kh\u00f4ng v\u0169 tr\u1ee5, \u0111o l\u01b0\u1eddng, c\u00f4ng nghi\u1ec7p h\u00f3a d\u1ea7u, k\u1ef9 thu\u1eadt d\u01b0\u1ee3c ph\u1ea9m, nghi\u00ean c\u1ee9u n\u00f4ng nghi\u1ec7p, khoa h\u1ecdc s\u1ef1 s\u1ed1ng, thi\u1ebft b\u1ecb \u0111i\u1ec7n t\u1eed, v.v.<\/p>\n<p><strong>T\u00ednh n\u0103ng<br \/>\n<\/strong><\/p>\n<ol>\n<li>Gi\u1edbi thi\u1ec7u c\u00f4ng ngh\u1ec7 l\u00e0m l\u1ea1nh c\u1ee7a Nh\u1eadt B\u1ea3n v\u00e0 \u0110\u1ee9c, Ti\u1ebft ki\u1ec7m n\u0103ng l\u01b0\u1ee3ng 20%.<\/li>\n<li>V\u1eadn h\u00e0nh d\u1ec5 d\u00e0ng, c\u00f3 s\u1eb5n cho c\u1ea3 th\u1eed nghi\u1ec7m gi\u00e1 tr\u1ecb c\u1ed1 \u0111\u1ecbnh v\u00e0 th\u1eed nghi\u1ec7m c\u00f3 th\u1ec3 l\u1eadp tr\u00ecnh.<\/li>\n<li>C\u00f3 s\u1eb5n cho thi\u1ebft k\u1ebf t\u00f9y ch\u1ec9nh v\u00e0 cung c\u1ea5p nhi\u1ec1u t\u00f9y ch\u1ecdn kh\u00e1c nhau \u0111\u1ec3 \u0111\u00e1p \u1ee9ng c\u00e1c y\u00eau c\u1ea7u th\u1eed nghi\u1ec7m kh\u00e1c nhau.<\/li>\n<li>Truy\u1ec1n th\u00f4ng RS485 v\u00e0 RJ45, c\u00f3 th\u1ec3 \u0111i\u1ec1u khi\u1ec3n t\u1eeb xa b\u1eb1ng m\u00e1y t\u00ednh.<\/li>\n<li>C\u1eeda s\u1ed5 quan s\u00e1t kh\u00f4ng c\u00f3 s\u01b0\u01a1ng m\u00f9 v\u00e0 \u0111\u00e8n b\u00ean trong \u0111\u1ec3 xem s\u1ea3n ph\u1ea9m \u0111ang th\u1eed nghi\u1ec7m.<\/li>\n<li>C\u00f3 th\u1ec3 l\u1eadp tr\u00ecnh<\/li>\n<\/ol>\n<p><strong>Ti\u00eau chu\u1ea9n<\/strong><\/p>\n<ul>\n<li>IEC 68-2-1\u00a0 Th\u1eed nghi\u1ec7m m\u00f4i tr\u01b0\u1eddng \u2013 Ph\u1ea7n 2: Ph\u01b0\u01a1ng ph\u00e1p th\u1eed \u2013 Th\u1eed nghi\u1ec7m A: L\u1ea1nh<\/li>\n<li>IEC 68-2-2\u00a0 Th\u1eed nghi\u1ec7m m\u00f4i tr\u01b0\u1eddng cho c\u00e1c s\u1ea3n ph\u1ea9m \u0111i\u1ec7n v\u00e0 \u0111i\u1ec7n t\u1eed &#8211; Ph\u01b0\u01a1ng ph\u00e1p th\u1eed \u2013 Th\u1eed nghi\u1ec7m B: Nhi\u1ec7t kh\u00f4<\/li>\n<li>IEC68-2-3\u00a0 Th\u1eed nghi\u1ec7m m\u00f4i tr\u01b0\u1eddng cho c\u00e1c s\u1ea3n ph\u1ea9m \u0111i\u1ec7n v\u00e0 \u0111i\u1ec7n t\u1eed \u2013 Ph\u1ea7n 2: Ph\u01b0\u01a1ng ph\u00e1p ki\u1ec3m th\u1eed Cab: Nhi\u1ec7t \u1ea9m Tr\u1ea1ng th\u00e1i \u1ed5n \u0111\u1ecbnh<\/li>\n<li>IEC 68-2-30\u00a0 Th\u1eed nghi\u1ec7m m\u00f4i tr\u01b0\u1eddng cho c\u00e1c s\u1ea3n ph\u1ea9m \u0111i\u1ec7n v\u00e0 \u0111i\u1ec7n t\u1eed \u2013 Ph\u1ea7n 2: Ph\u01b0\u01a1ng ph\u00e1p th\u1eed \u2013 Th\u1eed nghi\u1ec7m Db: Nhi\u1ec7t \u1ea9m, theo chu k\u1ef3 (chu k\u1ef3 12h+12h)<\/li>\n<li>IEC 68-2-14 Th\u1eed nghi\u1ec7m m\u00f4i tr\u01b0\u1eddng cho c\u00e1c s\u1ea3n ph\u1ea9m \u0111i\u1ec7n v\u00e0 \u0111i\u1ec7n t\u1eed &#8211; Ph\u1ea7n 2: Ph\u01b0\u01a1ng ph\u00e1p th\u1eed &#8211; Th\u1eed nghi\u1ec7m N: Thay \u0111\u1ed5i nhi\u1ec7t \u0111\u1ed9<\/li>\n<li>MIL-STD-810D Th\u1eed nghi\u1ec7m nhi\u1ec7t \u0111\u1ed9 cao<\/li>\n<li>MIL-STD-810D Th\u1eed nghi\u1ec7m nhi\u1ec7t \u0111\u1ed9 th\u1ea5p<\/li>\n<li>MIL-STD-810D Th\u1eed nghi\u1ec7m nhi\u1ec7t \u1ea9m<\/li>\n<\/ul>\n<p><strong>Th\u00f4ng s\u1ed1 k\u1ef9 thu\u1eadt<\/strong><\/p>\n<div id=\"tablepress-45-scroll-wrapper\" class=\"tablepress-scroll-wrapper\">\n<table id=\"tablepress-45\" class=\"tablepress tablepress-id-45 tablepress-responsive\">\n<thead>\n<tr class=\"row-1 odd\">\n<th class=\"column-1\">M\u1eabu<\/th>\n<th class=\"column-2\">BTH-80<\/th>\n<th class=\"column-3\">BTH-150<\/th>\n<th class=\"column-4\">BTH-408<\/th>\n<th class=\"column-5\">BTH-800<\/th>\n<th class=\"column-6\">BTH-1000<\/th>\n<\/tr>\n<\/thead>\n<tbody class=\"row-hover\">\n<tr class=\"row-2 even\">\n<td class=\"column-1\">Kh\u00f4ng gian th\u1eed nghi\u1ec7m W x H x D (mm)<\/td>\n<td class=\"column-2\">400x500x400<\/td>\n<td class=\"column-3\">500x600x500<\/td>\n<td class=\"column-4\">600x850x800<\/td>\n<td class=\"column-5\">1000x1000x800<\/td>\n<td class=\"column-6\">1000x1000x1000<\/td>\n<\/tr>\n<tr class=\"row-3 odd\">\n<td class=\"column-1\">K\u00edch th\u01b0\u1edbc b\u00ean ngo\u00e0i W x H x D (mm)<\/td>\n<td class=\"column-2\">650x1650x1270<\/td>\n<td class=\"column-3\">700x1700x1370<\/td>\n<td class=\"column-4\">650x1650x1270<\/td>\n<td class=\"column-5\">1200x1900x1620<\/td>\n<td class=\"column-6\">1200x1900x1820<\/td>\n<\/tr>\n<tr class=\"row-4 even\">\n<td class=\"column-1\">Ph\u01b0\u01a1ng ph\u00e1p l\u00e0m m\u00e1t<\/td>\n<td class=\"column-2\">L\u00e0m m\u00e1t b\u1eb1ng kh\u00f4ng kh\u00ed<\/td>\n<td class=\"column-3\">L\u00e0m m\u00e1t b\u1eb1ng kh\u00f4ng kh\u00ed<\/td>\n<td class=\"column-4\">L\u00e0m m\u00e1t b\u1eb1ng kh\u00f4ng kh\u00ed<\/td>\n<td class=\"column-5\">L\u00e0m m\u00e1t b\u1eb1ng kh\u00f4ng kh\u00ed<\/td>\n<td class=\"column-6\">L\u00e0m m\u00e1t b\u1eb1ng kh\u00f4ng kh\u00ed<\/td>\n<\/tr>\n<tr class=\"row-5 odd\">\n<td class=\"column-1\">D\u1ea3i nhi\u1ec7t \u0111\u1ed9<\/td>\n<td class=\"column-2\" colspan=\"5\">A\uff1a-0\uff5e150\u2103\u00a0\u00a0\u00a0B\uff1a-20\uff5e150\u2103\u00a0\u00a0\u00a0C\uff1a-40\uff5e150\u2103\u00a0\u00a0\u00a0D\uff1a-70\uff5e150\u2103<\/td>\n<\/tr>\n<tr class=\"row-6 even\">\n<td class=\"column-1\">D\u1ea3i \u0111\u1ed9 \u1ea9m<\/td>\n<td class=\"column-2\" colspan=\"5\">20%RH-98%RH (chi ti\u1ebft xem s\u01a1 \u0111\u1ed3 ki\u1ec3m so\u00e1t nhi\u1ec7t \u0111\u1ed9 \u0111\u1ed9 \u1ea9m).<\/td>\n<\/tr>\n<tr class=\"row-7 odd\">\n<td class=\"column-1\">Bi\u1ebfn \u0111\u1ed9ng nhi\u1ec7t \u0111\u1ed9<\/td>\n<td class=\"column-2\" colspan=\"5\">\u00b10.5\u2103<\/td>\n<\/tr>\n<tr class=\"row-8 even\">\n<td class=\"column-1\">Bi\u1ebfn \u0111\u1ed9ng \u0111\u1ed9 \u1ea9m<\/td>\n<td class=\"column-2\" colspan=\"5\">\u00b12\uff05RH<\/td>\n<\/tr>\n<tr class=\"row-9 odd\">\n<td class=\"column-1\">\u0110\u1ed9 l\u1ec7ch nhi\u1ec7t \u0111\u1ed9<\/td>\n<td class=\"column-2\" colspan=\"5\">\u22642.0\u2103<\/td>\n<\/tr>\n<tr class=\"row-10 even\">\n<td class=\"column-1\">\u0110\u1ed9 l\u1ec7ch \u0111\u1ed9 \u1ea9m<\/td>\n<td class=\"column-2\" colspan=\"5\">A)&gt;75%RH:\u2264+2,-3%RH\uff0cB)<\/td>\n<\/tr>\n<tr class=\"row-11 odd\">\n<td class=\"column-1\">\u0110\u1ed9 \u0111\u1ed3ng \u0111\u1ec1u nhi\u1ec7t \u0111\u1ed9<\/td>\n<td class=\"column-2\" colspan=\"5\">\u2264\u00b12.0\u2103<\/td>\n<\/tr>\n<tr class=\"row-12 even\">\n<td class=\"column-1\">\u0110\u1ed9 \u0111\u1ed3ng \u0111\u1ec1u \u0111\u1ed9 \u1ea9m<\/td>\n<td class=\"column-2\" colspan=\"5\">+2,-3%RH<\/td>\n<\/tr>\n<tr class=\"row-13 odd\">\n<td class=\"column-1\">T\u1ed1c \u0111\u1ed9 gia nhi\u1ec7t<\/td>\n<td class=\"column-2\" colspan=\"5\">Kho\u1ea3ng 3\u2103\/ph\u00fat\uff0ctrung b\u00ecnh, kh\u00f4ng tuy\u1ebfn t\u00ednh, kh\u00f4ng t\u1ea3i<\/td>\n<\/tr>\n<tr class=\"row-14 even\">\n<td class=\"column-1\">T\u1ed1c \u0111\u1ed9 l\u00e0m m\u00e1t<\/td>\n<td class=\"column-2\" colspan=\"5\">Kho\u1ea3ng 1\u2103\/ph\u00fat\uff0ctrung b\u00ecnh, kh\u00f4ng tuy\u1ebfn t\u00ednh, kh\u00f4ng t\u1ea3i<\/td>\n<\/tr>\n<tr class=\"row-15 odd\">\n<td class=\"column-1\">Nhi\u1ec7t \u0111\u1ed9 v\u01b0\u1ee3t ng\u01b0\u1ee1ng<\/td>\n<td class=\"column-2\" colspan=\"5\">\u2264\u00b12\u2103<\/td>\n<\/tr>\n<tr class=\"row-16 even\">\n<td class=\"column-1\">Ch\u1ea5t li\u1ec7u b\u00ean trong<\/td>\n<td class=\"column-2\" colspan=\"5\">Th\u00e9p kh\u00f4ng g\u1ec9 ch\u1ecbu nhi\u1ec7t \u0111\u1ed9 cao v\u00e0 th\u1ea5p SUS#304 d\u00e0y 1,2mm.<\/td>\n<\/tr>\n<tr class=\"row-17 odd\">\n<td class=\"column-1\">Ch\u1ea5t li\u1ec7u b\u00ean ngo\u00e0i<\/td>\n<td class=\"column-2\" colspan=\"5\">S\u1eed d\u1ee5ng v\u1eadt li\u1ec7u c\u00e1ch nhi\u1ec7t b\u1ecdt Polyurethane PU c\u01b0\u1eddng \u0111\u1ed9 cao ch\u1ed1ng ch\u00e1y.<\/td>\n<\/tr>\n<tr class=\"row-18 even\">\n<td class=\"column-1\">Ph\u01b0\u01a1ng ph\u00e1p \u0111i\u1ec1u khi\u1ec3n<\/td>\n<td class=\"column-2\" colspan=\"5\">PLC c\u00f3 th\u1ec3 l\u1eadp tr\u00ecnh b\u1eb1ng m\u00e0n h\u00ecnh c\u1ea3m \u1ee9ng, v\u1edbi giao di\u1ec7n USB, giao di\u1ec7n RJ485 c\u00f3 th\u1ec3 k\u1ebft n\u1ed1i v\u1edbi m\u00e1y t\u00ednh \u0111i\u1ec1u khi\u1ec3n, ph\u1ea7n m\u1ec1m \u0111i\u1ec1u khi\u1ec3n m\u1ea1ng \u0111\u1eb7c bi\u1ec7t, gi\u00e1m s\u00e1t t\u1eeb xa thu\u1eadn ti\u1ec7n, thu th\u1eadp d\u1eef li\u1ec7u.<\/td>\n<\/tr>\n<tr class=\"row-19 odd\">\n<td class=\"column-1\">\u0110\u1ed9 n\u00e9n<\/td>\n<td class=\"column-2\" colspan=\"5\">Tecumseh (Ph\u00e1p) &#8211; m\u00e1y n\u00e9n l\u00e0m m\u00e1t b\u1eb1ng kh\u00f4ng kh\u00ed k\u00e9p ho\u00e0n to\u00e0n. Ho\u1eb7c m\u00e1y l\u00e0m l\u1ea1nh b\u00e1n k\u00edn l\u00e0m m\u00e1t b\u1eb1ng kh\u00f4ng kh\u00ed Bock (\u0110\u1ee9c).<\/td>\n<\/tr>\n<tr class=\"row-20 even\">\n<td class=\"column-1\">Thi\u1ebft b\u1ecb b\u1ea3o v\u1ec7 an to\u00e0n<\/td>\n<td class=\"column-2\" colspan=\"5\">Thi\u1ebft b\u1ecb gi\u1ea3m \u00e1p ch\u1ed1ng ch\u00e1y n\u1ed5, x\u00edch ch\u1ed1ng ch\u00e1y n\u1ed5, thi\u1ebft b\u1ecb b\u00e1o \u0111\u1ed9ng \u0111i\u1ec7n tho\u1ea1i di \u0111\u1ed9ng, m\u1ea1ng, thi\u1ebft b\u1ecb x\u1ea3 kh\u00f3i, thi\u1ebft b\u1ecb ch\u1eefa ch\u00e1y, v.v.<\/td>\n<\/tr>\n<\/tbody>\n<\/table>\n<\/div>\n<p><strong>C\u00e1c l\u1ed7i th\u01b0\u1eddng g\u1eb7p v\u00e0 c\u00e1ch kh\u1eafc ph\u1ee5c s\u1ef1 c\u1ed1<\/strong><\/p>\n<ol>\n<li><strong>Trong qu\u00e1 tr\u00ecnh th\u1eed nhi\u1ec7t, n\u1ebfu kh\u00f4ng th\u1ec3 \u0111\u1ea1t \u0111\u1ebfn gi\u00e1 tr\u1ecb nhi\u1ec7t \u0111\u1ed9 th\u1eed nghi\u1ec7m, b\u1ea1n s\u1ebd ki\u1ec3m tra h\u1ec7 th\u1ed1ng \u0111i\u1ec7n \u0111\u1ec3 lo\u1ea1i b\u1ecf t\u1eebng l\u1ed7i m\u1ed9t.<\/strong>N\u1ebfu nhi\u1ec7t \u0111\u1ed9 t\u0103ng r\u1ea5t ch\u1eadm, c\u1ea7n ph\u1ea3i x\u00e1c \u0111\u1ecbnh h\u1ec7 th\u1ed1ng tu\u1ea7n ho\u00e0n gi\u00f3 \u0111\u1ec3 xem v\u00e1ch ng\u0103n \u0111i\u1ec1u ch\u1ec9nh c\u1ee7a tu\u1ea7n ho\u00e0n gi\u00f3 c\u00f3 m\u1edf b\u00ecnh th\u01b0\u1eddng kh\u00f4ng. N\u1ebfu kh\u00f4ng, h\u00e3y ki\u1ec3m tra xem \u0111\u1ed9ng c\u01a1 tu\u1ea7n ho\u00e0n gi\u00f3 c\u00f3 ch\u1ea1y b\u00ecnh th\u01b0\u1eddng kh\u00f4ng. N\u1ebfu nhi\u1ec7t \u0111\u1ed9 v\u01b0\u1ee3t ng\u01b0\u1ee1ng nghi\u00eam tr\u1ecdng, ph\u1ea3i thi\u1ebft l\u1eadp c\u00e1c th\u00f4ng s\u1ed1 c\u00e0i \u0111\u1eb7t PID. N\u1ebfu nhi\u1ec7t \u0111\u1ed9 t\u0103ng tr\u1ef1c ti\u1ebfp v\u00e0 do \u0111\u00f3 b\u1ea3o v\u1ec7 qu\u00e1 nhi\u1ec7t, th\u00ec b\u1ed9 \u0111i\u1ec1u khi\u1ec3n b\u1ecb h\u1ecfng, ph\u1ea3i thay th\u1ebf thi\u1ebft b\u1ecb \u0111i\u1ec1u khi\u1ec3n.<\/li>\n<\/ol>\n<ol start=\"2\">\n<li><strong>N\u1ebfu \u0111\u1ed9 l\u1ea1nh kh\u00f4ng \u0111\u1ea1t \u0111\u01b0\u1ee3c ch\u1ec9 s\u1ed1 th\u1eed nghi\u1ec7m, c\u1ea7n ph\u1ea3i theo d\u00f5i s\u1ef1 thay \u0111\u1ed5i nhi\u1ec7t \u0111\u1ed9.<\/strong> Nhi\u1ec7t \u0111\u1ed9 c\u00f3 gi\u1ea3m ch\u1eadm kh\u00f4ng, hay nhi\u1ec7t \u0111\u1ed9 c\u00f3 xu h\u01b0\u1edbng t\u0103ng sau khi nhi\u1ec7t \u0111\u1ed9 \u0111\u1ea1t \u0111\u1ebfn m\u1ed9t gi\u00e1 tr\u1ecb c\u1ee5 th\u1ec3? Tr\u01b0\u1edbc ti\u00ean, c\u1ea7n ki\u1ec3m tra xem ph\u00f2ng l\u00e0m vi\u1ec7c c\u00f3 kh\u00f4 kh\u00f4ng tr\u01b0\u1edbc khi th\u1ef1c hi\u1ec7n th\u1eed nghi\u1ec7m \u0111\u1ed9 l\u1ea1nh, gi\u1eef cho ph\u00f2ng l\u00e0m vi\u1ec7c kh\u00f4 r\u00e1o, sau \u0111\u00f3 \u0111\u1eb7t c\u00e1c m\u1eabu th\u1eed v\u00e0o ph\u00f2ng l\u00e0m vi\u1ec7c \u0111\u1ec3 th\u1eed nghi\u1ec7m. C\u00e1c m\u1eabu th\u1eed trong ph\u00f2ng l\u00e0m vi\u1ec7c c\u00f3 \u0111\u01b0\u1ee3c \u0111\u1eb7t qu\u00e1 nhi\u1ec1u kh\u00f4ng, \u0111\u1ec3 gi\u00f3 trong ph\u00f2ng l\u00e0m vi\u1ec7c kh\u00f4ng th\u1ec3 l\u01b0u th\u00f4ng ho\u00e0n to\u00e0n. Sau khi lo\u1ea1i tr\u1eeb c\u00e1c l\u00fd do tr\u00ean, c\u1ea7n ph\u1ea3i xem x\u00e9t li\u1ec7u c\u00f3 ph\u1ea3i l\u1ed7i trong h\u1ec7 th\u1ed1ng l\u00e0m m\u00e1t kh\u00f4ng. Trong tr\u01b0\u1eddng h\u1ee3p n\u00e0y, <strong>vui l\u00f2ng li\u00ean h\u1ec7 v\u1edbi DGBELL \u0111\u1ec3 b\u1ea3o tr\u00ec<\/strong>. Nhi\u1ec7t \u0111\u1ed9 m\u00f4i tr\u01b0\u1eddng c\u1ee7a thi\u1ebft b\u1ecb v\u00e0 do \u0111\u00f3 v\u1ecb tr\u00ed (kho\u1ea3ng c\u00e1ch gi\u1eefa bu\u1ed3ng v\u00e0 t\u01b0\u1eddng) ph\u1ea3i \u0111\u00e1p \u1ee9ng nhu c\u1ea7u (nh\u01b0 \u0111\u00e3 n\u00eau trong h\u01b0\u1edbng d\u1eabn v\u1eadn h\u00e0nh thi\u1ebft b\u1ecb).<\/li>\n<\/ol>\n<ol start=\"3\">\n<li><strong>Trong th\u1eed nghi\u1ec7m nhi\u1ec7t \u1ea9m, \u0111\u1ed9 \u1ea9m c\u1ee5 th\u1ec3 s\u1ebd \u0111\u1ea1t 100% ho\u1eb7c \u0111\u1ed9 \u1ea9m c\u1ee5 th\u1ec3 h\u01a1i kh\u00e1c so v\u1edbi \u0111\u1ed9 \u1ea9m m\u1ee5c ti\u00eau, gi\u00e1 tr\u1ecb th\u1ea5p h\u01a1n nhi\u1ec1u.<\/strong> Hi\u1ec7n t\u01b0\u1ee3ng tr\u01b0\u1edbc \u0111\u00f3: s\u1ebd do l\u01b0\u1edbi l\u1ecdc kh\u00f4 tr\u00ean c\u1ea3m bi\u1ebfn b\u00f3ng \u01b0\u1edbt g\u00e2y ra, v\u00ec v\u1eady c\u1ea7n ph\u1ea3i xem n\u01b0\u1edbc trong b\u00ecnh ch\u1ee9a c\u1ee7a c\u1ea3m bi\u1ebfn b\u00f3ng \u01b0\u1edbt c\u00f3 thi\u1ebfu n\u01b0\u1edbc kh\u00f4ng. M\u1ef1c n\u01b0\u1edbc trong b\u00ecnh ch\u1ee9a \u0111\u01b0\u1ee3c \u0111i\u1ec1u khi\u1ec3n t\u1ef1 \u0111\u1ed9ng b\u1edfi b\u1ed9 \u0111i\u1ec1u khi\u1ec3n m\u1ef1c n\u01b0\u1edbc v\u00e0 ki\u1ec3m tra xem h\u1ec7 th\u1ed1ng n\u01b0\u1edbc c\u1ee7a b\u1ed9 \u0111i\u1ec1u khi\u1ec3n m\u1ef1c n\u01b0\u1edbc c\u00f3 b\u00ecnh th\u01b0\u1eddng kh\u00f4ng v\u00e0 b\u1ed9 \u0111i\u1ec1u khi\u1ec3n m\u1ef1c n\u01b0\u1edbc c\u00f3 ho\u1ea1t \u0111\u1ed9ng b\u00ecnh th\u01b0\u1eddng kh\u00f4ng. M\u1ed9t kh\u1ea3 n\u0103ng kh\u00e1c l\u00e0 l\u01b0\u1edbi l\u1ecdc b\u00f3ng \u01b0\u1edbt s\u1ebd l\u00e0m l\u01b0\u1edbi c\u1ee9ng l\u1ea1i do th\u1eddi gian s\u1eed d\u1ee5ng l\u00e2u ho\u1eb7c \u0111\u1ed9 tinh khi\u1ebft c\u1ee7a h\u1ec7 th\u1ed1ng n\u01b0\u1edbc, \u0111i\u1ec1u n\u00e0y c\u00f3 th\u1ec3 khi\u1ebfn l\u01b0\u1edbi kh\u00f4ng th\u1ec3 th\u1ea5m n\u01b0\u1edbc v\u00e0 kh\u00f4. Mi\u1ec5n l\u00e0 l\u01b0\u1edbi l\u1ecdc \u0111\u01b0\u1ee3c thay th\u1ebf ho\u1eb7c v\u1ec7 sinh s\u1ea1ch s\u1ebd, c\u00e1c hi\u1ec7n t\u01b0\u1ee3ng tr\u00ean th\u01b0\u1eddng \u0111\u01b0\u1ee3c lo\u1ea1i b\u1ecf. Hi\u1ec7n t\u01b0\u1ee3ng sau \u0111\u1eb7c bi\u1ec7t l\u00e0 h\u1ec7 th\u1ed1ng t\u1ea1o \u1ea9m kh\u00f4ng ho\u1ea1t \u0111\u1ed9ng, h\u00e3y ki\u1ec3m tra h\u1ec7 th\u1ed1ng n\u01b0\u1edbc c\u1ee7a h\u1ec7 th\u1ed1ng t\u1ea1o \u1ea9m, xem c\u00f3 m\u1ed9t l\u01b0\u1ee3ng n\u01b0\u1edbc c\u1ee5 th\u1ec3 n\u00e0o \u0111\u00f3 trong h\u1ec7 th\u1ed1ng n\u01b0\u1edbc kh\u00f4ng, ki\u1ec3m so\u00e1t m\u1ef1c n\u01b0\u1edbc c\u1ee7a n\u1ed3i h\u01a1i t\u1ea1o \u1ea9m c\u00f3 b\u00ecnh th\u01b0\u1eddng kh\u00f4ng v\u00e0 m\u1ef1c n\u01b0\u1edbc trong n\u1ed3i h\u01a1i t\u1ea1o \u1ea9m c\u00f3 b\u00ecnh th\u01b0\u1eddng kh\u00f4ng. N\u1ebfu nh\u1eefng \u0111i\u1ec1u tr\u00ean l\u00e0 b\u00ecnh th\u01b0\u1eddng, th\u00ec b\u1ea1n n\u00ean y\u00eau c\u1ea7u nh\u00e2n vi\u00ean b\u1ea3o tr\u00ec ki\u1ec3m tra h\u1ec7 th\u1ed1ng \u0111i\u1ec7n v\u00e0 th\u1ef1c hi\u1ec7n b\u1ea3o tr\u00ec.<\/li>\n<li><strong>Khi thi\u1ebft b\u1ecb \u0111\u1ed9t nhi\u00ean h\u1ecfng trong qu\u00e1 tr\u00ecnh th\u1eed nghi\u1ec7m, c\u00e1c l\u1eddi nh\u1eafc hi\u1ec3n th\u1ecb l\u1ed7i t\u01b0\u01a1ng \u1ee9ng v\u00e0 l\u1eddi nh\u1eafc b\u00e1o \u0111\u1ed9ng b\u1eb1ng \u00e2m thanh s\u1ebd xu\u1ea5t hi\u1ec7n tr\u00ean thi\u1ebft b\u1ecb \u0111i\u1ec1u khi\u1ec3n.<\/strong> Ng\u01b0\u1eddi v\u1eadn h\u00e0nh c\u00f3 th\u1ec3 nhanh ch\u00f3ng ki\u1ec3m tra lo\u1ea1i l\u1ed7i n\u00e0o thu\u1ed9c ch\u01b0\u01a1ng x\u1eed l\u00fd s\u1ef1 c\u1ed1 trong qu\u00e1 tr\u00ecnh v\u1eadn h\u00e0nh v\u00e0 s\u1eed d\u1ee5ng thi\u1ebft b\u1ecb, sau \u0111\u00f3 b\u1ea1n s\u1ebd y\u00eau c\u1ea7u nh\u00e2n vi\u00ean c\u00f3 ki\u1ebfn \u200b\u200bth\u1ee9c nhanh ch\u00f3ng lo\u1ea1i b\u1ecf l\u1ed7i \u0111\u1ec3 \u0111\u1ea3m b\u1ea3o th\u1eed nghi\u1ec7m truy\u1ec1n th\u1ed1ng. S\u1ebd c\u00f3 nh\u1eefng hi\u1ec7n t\u01b0\u1ee3ng kh\u00e1c trong qu\u00e1 tr\u00ecnh s\u1eed d\u1ee5ng thi\u1ebft b\u1ecb th\u1eed nghi\u1ec7m m\u00f4i tr\u01b0\u1eddng kh\u00e1c, c\u1ea7n \u0111\u01b0\u1ee3c ph\u00e2n t\u00edch v\u00e0 lo\u1ea1i tr\u1eeb c\u1ee5 th\u1ec3. Bu\u1ed3ng th\u1eed nghi\u1ec7m nhi\u1ec7t \u0111\u1ed9 v\u00e0 \u0111\u1ed9 \u1ea9m c\u0169ng ph\u1ea3i \u0111\u01b0\u1ee3c b\u1ea3o d\u01b0\u1ee1ng th\u01b0\u1eddng xuy\u00ean, b\u1ed9 ng\u01b0ng t\u1ee5 c\u1ee7a h\u1ec7 th\u1ed1ng l\u00e0m m\u00e1t ph\u1ea3i \u0111\u01b0\u1ee3c v\u1ec7 sinh th\u01b0\u1eddng xuy\u00ean, c\u00e1c b\u1ed9 ph\u1eadn chuy\u1ec3n \u0111\u1ed9ng ph\u1ea3i \u0111\u01b0\u1ee3c b\u00f4i tr\u01a1n theo h\u01b0\u1edbng d\u1eabn v\u00e0 do \u0111\u00f3 h\u1ec7 th\u1ed1ng \u0111i\u1ec7n ph\u1ea3i \u0111\u01b0\u1ee3c b\u1ea3o d\u01b0\u1ee1ng v\u00e0 ki\u1ec3m tra th\u01b0\u1eddng xuy\u00ean, v.v., t\u1ea5t c\u1ea3 \u0111\u1ec1u r\u1ea5t c\u1ea7n thi\u1ebft.<\/li>\n<\/ol>\n<p>&nbsp;<\/p>\n<\/div>\n","protected":false},"excerpt":{"rendered":"<p>Bu\u1ed3ng th\u1eed nhi\u1ec7t \u1ea9m c\u1ee7a DGBELL c\u00f3 th\u1ec3 m\u00f4 ph\u1ecfng nhi\u1ec1u \u0111i\u1ec1u ki\u1ec7n m\u00f4i tr\u01b0\u1eddng nhi\u1ec7t \u0111\u1ed9 v\u00e0 \u0111\u1ed9 \u1ea9m kh\u00e1c nhau \u0111\u1ec3 th\u1eed nghi\u1ec7m nhi\u1ec1u s\u1ea3n ph\u1ea9m v\u00e0 linh ki\u1ec7n kh\u00e1c nhau. N\u00f3 \u0111\u01b0\u1ee3c s\u1eed d\u1ee5ng r\u1ed9ng r\u00e3i cho c\u00e1c th\u1eed nghi\u1ec7m chu k\u1ef3 nhi\u1ec7t c\u01a1 b\u1ea3n v\u00e0 th\u1eed nghi\u1ec7m \u1ee9ng su\u1ea5t t\u0103ng t\u1ed1c. Ch\u00fang t\u00f4i cung c\u1ea5p 6 m\u1eabu ti\u00eau chu\u1ea9n, t\u1ee7 th\u1eed nghi\u1ec7m t\u1eeb 80L \u0111\u1ebfn 1000L, c\u0169ng c\u00f3 s\u1eb5n k\u00edch th\u01b0\u1edbc t\u00f9y ch\u1ec9nh.<\/p>\n","protected":false},"featured_media":20416,"comment_status":"closed","ping_status":"closed","template":"","meta":[],"product_brand":[],"product_cat":[62],"product_tag":[],"class_list":{"0":"post-20415","1":"product","2":"type-product","3":"status-publish","4":"has-post-thumbnail","6":"product_cat-tu-moi-truong","8":"first","9":"instock","10":"shipping-taxable","11":"product-type-simple"},"acf":[],"_links":{"self":[{"href":"https:\/\/dgbellvietnam.com\/en\/wp-json\/wp\/v2\/product\/20415","targetHints":{"allow":["GET"]}}],"collection":[{"href":"https:\/\/dgbellvietnam.com\/en\/wp-json\/wp\/v2\/product"}],"about":[{"href":"https:\/\/dgbellvietnam.com\/en\/wp-json\/wp\/v2\/types\/product"}],"replies":[{"embeddable":true,"href":"https:\/\/dgbellvietnam.com\/en\/wp-json\/wp\/v2\/comments?post=20415"}],"wp:featuredmedia":[{"embeddable":true,"href":"https:\/\/dgbellvietnam.com\/en\/wp-json\/wp\/v2\/media\/20416"}],"wp:attachment":[{"href":"https:\/\/dgbellvietnam.com\/en\/wp-json\/wp\/v2\/media?parent=20415"}],"wp:term":[{"taxonomy":"product_brand","embeddable":true,"href":"https:\/\/dgbellvietnam.com\/en\/wp-json\/wp\/v2\/product_brand?post=20415"},{"taxonomy":"product_cat","embeddable":true,"href":"https:\/\/dgbellvietnam.com\/en\/wp-json\/wp\/v2\/product_cat?post=20415"},{"taxonomy":"product_tag","embeddable":true,"href":"https:\/\/dgbellvietnam.com\/en\/wp-json\/wp\/v2\/product_tag?post=20415"}],"curies":[{"name":"wp","href":"https:\/\/api.w.org\/{rel}","templated":true}]}}