{"id":20413,"date":"2024-05-27T22:13:27","date_gmt":"2024-05-27T22:13:27","guid":{"rendered":"http:\/\/dgbellvietnam.com\/san-pham\/benchtop-temperature-and-humidity-environmental-test-chamber\/"},"modified":"2024-09-13T14:59:00","modified_gmt":"2024-09-13T07:59:00","slug":"benchtop-temperature-and-humidity-environmental-test-chamber","status":"publish","type":"product","link":"https:\/\/dgbellvietnam.com\/en\/san-pham\/benchtop-temperature-and-humidity-environmental-test-chamber\/","title":{"rendered":"Bu\u1ed3ng th\u1eed m\u00f4i tr\u01b0\u1eddng nhi\u1ec7t \u1ea9m \u0111\u1ec3 b\u00e0n"},"content":{"rendered":"<div id=\"tab-description\" class=\"woocommerce-Tabs-panel woocommerce-Tabs-panel--description panel entry-content active\" role=\"tabpanel\" aria-labelledby=\"tab-title-description\">\n<p><strong>\u1ee8ng d\u1ee5ng<\/strong><\/p>\n<p>Bu\u1ed3ng th\u1eed nhi\u1ec7t \u0111\u1ed9 v\u00e0 \u0111\u1ed9 \u1ea9m \u0111\u1ec3 b\u00e0n c\u00f3 di\u1ec7n t\u00edch nh\u1ecf g\u1ecdn v\u00e0 hi\u1ec7u su\u1ea5t th\u1eed nghi\u1ec7m \u0111a ch\u1ee9c n\u0103ng. N\u00f3 \u0111\u01b0\u1ee3c s\u1eed d\u1ee5ng ph\u1ed5 bi\u1ebfn trong ph\u00f2ng th\u00ed nghi\u1ec7m v\u00e0 nh\u00e0 m\u00e1y s\u1ea3n xu\u1ea5t s\u1ea3n ph\u1ea9m \u0111\u1ec3 th\u1eed nghi\u1ec7m nhi\u1ec1u s\u1ea3n ph\u1ea9m \u0111i\u1ec7n t\u1eed nh\u1ecf, linh ki\u1ec7n \u0111i\u1ec7n t\u1eed v\u00e0 v\u1eadt li\u1ec7u kh\u00e1c nhau v\u1edbi \u0111i\u1ec1u ki\u1ec7n m\u00f4i tr\u01b0\u1eddng m\u00f4 ph\u1ecfng nhi\u1ec7t \u0111\u1ed9 v\u00e0 \u0111\u1ed9 \u1ea9m.<\/p>\n<p><strong>Ti\u00eau chu\u1ea9n<\/strong><\/p>\n<ul>\n<li>IEC 68-2-1 Th\u1eed nghi\u1ec7m A: Ph\u01b0\u01a1ng ph\u00e1p th\u1eed nghi\u1ec7m nhi\u1ec7t \u0111\u1ed9 th\u1ea5p.<\/li>\n<li>IEC 68-2-2 Th\u1eed nghi\u1ec7m B: Ph\u01b0\u01a1ng ph\u00e1p th\u1eed nghi\u1ec7m nhi\u1ec7t \u0111\u1ed9 cao.<\/li>\n<li>IEC 68-2-3 Th\u1eed nghi\u1ec7m CA: Ph\u01b0\u01a1ng ph\u00e1p th\u1eed nghi\u1ec7m nhi\u1ec7t \u1ea9m li\u00ean t\u1ee5c.<\/li>\n<li>IEC 68-2-30 Th\u1eed nghi\u1ec7m CB: Ph\u01b0\u01a1ng ph\u00e1p th\u1eed nghi\u1ec7m nhi\u1ec7t \u1ea9m xen k\u1ebd.<\/li>\n<li>IEC 68-2-14 Th\u1eed nghi\u1ec7m NB: Ph\u01b0\u01a1ng ph\u00e1p th\u1eed nghi\u1ec7m chu k\u1ef3 nhi\u1ec7t \u0111\u1ed9.<\/li>\n<li>MIL-STD-810D Ph\u01b0\u01a1ng ph\u00e1p th\u1eed nghi\u1ec7m nhi\u1ec7t \u0111\u1ed9 cao.<\/li>\n<li>MIL-STD-810D Ph\u01b0\u01a1ng ph\u00e1p th\u1eed nghi\u1ec7m nhi\u1ec7t \u1ea9m.<\/li>\n<\/ul>\n<p><strong>Th\u00f4ng s\u1ed1 k\u1ef9 thu\u1eadt<\/strong><\/p>\n<table style=\"height: 106px;\" width=\"476\">\n<tbody>\n<tr>\n<td width=\"114\">M\u1eabu<\/td>\n<td width=\"137\">K\u00edch th\u01b0\u1edbc b\u00ean trong (W\u00d7H\u00d7D)(mm)<\/td>\n<td width=\"225\">K\u00edch th\u01b0\u1edbc b\u00ean ngo\u00e0i (W\u00d7H\u00d7D)(mm)<\/td>\n<\/tr>\n<tr>\n<td width=\"114\">BTH-50<\/td>\n<td width=\"137\">400\u00d7450\u00d7280<\/td>\n<td width=\"225\">600\u00d7850\u00d71250<\/td>\n<\/tr>\n<tr>\n<td width=\"114\"><\/td>\n<td width=\"137\"><\/td>\n<td width=\"225\"><\/td>\n<\/tr>\n<\/tbody>\n<\/table>\n<p><strong>Th\u00f4ng s\u1ed1 hi\u1ec7u su\u1ea5t<\/strong><\/p>\n<table width=\"519\">\n<tbody>\n<tr>\n<td width=\"143\">D\u1ea3i nhi\u1ec7t \u0111\u1ed9<\/td>\n<td width=\"376\">A:-0~150\u2103\u00a0\u00a0 B:-20~150\u2103\u00a0\u00a0 C:-40~150\u2103<\/td>\n<\/tr>\n<tr>\n<td width=\"143\">D\u1ea3i \u0111\u1ed9 \u1ea9m<\/td>\n<td width=\"376\">20-98%RH<\/td>\n<\/tr>\n<tr>\n<td width=\"143\">Bi\u1ebfn \u0111\u1ed9ng nhi\u1ec7t \u0111\u1ed9<\/td>\n<td width=\"376\">\u2264\u00b10.5\u2103<\/td>\n<\/tr>\n<tr>\n<td width=\"143\">\u0110\u1ed9 l\u1ec7ch nhi\u1ec7t \u0111\u1ed9<\/td>\n<td width=\"376\">\u2264\u00b12\u2103<\/td>\n<\/tr>\n<tr>\n<td width=\"143\">\u0110\u1ed9 \u0111\u1ed3ng \u0111\u1ec1u nhi\u1ec7t \u0111\u1ed9<\/td>\n<td width=\"376\">\u2264\u00b12\u2103<\/td>\n<\/tr>\n<tr>\n<td width=\"143\">Bi\u1ebfn \u0111\u1ed9ng \u0111\u1ed9 \u1ea9m<\/td>\n<td width=\"376\">\u2264\u00b12.5%RH<\/td>\n<\/tr>\n<tr>\n<td width=\"143\">\u0110\u1ed9 l\u1ec7ch \u0111\u1ed9 \u1ea9m<\/td>\n<td width=\"376\">\u2264+2,-3%RH (\u226575%RH);\u2264\u00b15%RH\u00a0(\u226475%RH)<\/td>\n<\/tr>\n<\/tbody>\n<\/table>\n<p><strong>T\u00ednh n\u0103ng<\/strong><\/p>\n<ol>\n<li>Bu\u1ed3ng th\u1eed nghi\u1ec7m m\u00f4i tr\u01b0\u1eddng nhi\u1ec7t \u1ea9m \u0111\u1ec3 b\u00e0n c\u00f3 ch\u1ee9c n\u0103ng tuy\u1ec7t v\u1eddi, v\u1ebb ngo\u00e0i \u0111\u1eb9p m\u1eaft v\u00e0 \u0111\u1ed9 tin c\u1eady cao, l\u00e0 l\u1ef1a ch\u1ecdn h\u00e0ng \u0111\u1ea7u cho thi\u1ebft b\u1ecb th\u00ed nghi\u1ec7m trong m\u00f4i tr\u01b0\u1eddng ph\u00f2ng th\u00ed nghi\u1ec7m.<\/li>\n<li>B\u1ec3 ch\u1ee9a b\u00ean trong \u0111\u01b0\u1ee3c l\u00e0m b\u1eb1ng th\u00e9p kh\u00f4ng g\u1ec9 v\u00e0 v\u1ecf ngo\u00e0i \u0111\u01b0\u1ee3c l\u00e0m b\u1eb1ng t\u1ea5m th\u00e9p nh\u1eadp kh\u1ea9u. D\u1ea3i ni\u00eam phong trong bu\u1ed3ng \u0111\u01b0\u1ee3c l\u00e0m b\u1eb1ng cao su silicon ch\u1ecbu nhi\u1ec7t \u0111\u1ed9 cao v\u00e0 nhi\u1ec7t \u0111\u1ed9 th\u1ea5p nh\u1eadp kh\u1ea9u, c\u00f3 ch\u1ee9c n\u0103ng ni\u00eam phong v\u00e0 c\u00e1ch nhi\u1ec7t tuy\u1ec7t v\u1eddi.<\/li>\n<li>Bu\u1ed3ng th\u1eed nghi\u1ec7m m\u00f4i tr\u01b0\u1eddng nhi\u1ec7t \u0111\u1ed9 v\u00e0 \u0111\u1ed9 \u1ea9m \u0111\u1ec3 b\u00e0n s\u1eed d\u1ee5ng l\u01b0u th\u00f4ng kh\u00f4ng kh\u00ed \u0111\u1ec3 duy tr\u00ec t\u00ednh \u0111\u1ed3ng nh\u1ea5t c\u1ee7a nhi\u1ec7t \u0111\u1ed9 trong ph\u00f2ng ph\u1eabu thu\u1eadt. Trong qu\u00e1 tr\u00ecnh th\u1eed nghi\u1ec7m, c\u00e1c m\u1eabu th\u1eed nghi\u1ec7m s\u1ebd kh\u00f4ng b\u1ecb b\u1ee9c x\u1ea1 tr\u1ef1c ti\u1ebfp b\u1edfi c\u00e1c b\u1ed9 ph\u1eadn gia nhi\u1ec7t v\u00e0 l\u00e0m m\u00e1t trong bu\u1ed3ng th\u1eed nghi\u1ec7m.<\/li>\n<li>Theo y\u00eau c\u1ea7u v\u1ec1 m\u00f4i tr\u01b0\u1eddng c\u1ee7a b\u1ea1n, c\u00e1c \u0111\u1eb7c \u0111i\u1ec3m ph\u00f9 h\u1ee3p v\u1edbi bu\u1ed3ng th\u1eed nghi\u1ec7m m\u00f4i tr\u01b0\u1eddng c\u1ee7a b\u1ea1n.<\/li>\n<\/ol>\n<p><strong>B\u1ea3o tr\u00ec<\/strong><\/p>\n<ol>\n<li>Ch\u00fang ta ph\u1ea3i \u0111\u1ea3m b\u1ea3o r\u1eb1ng bu\u1ed3ng th\u1eed nghi\u1ec7m m\u00f4i tr\u01b0\u1eddng nh\u1ecf c\u00f3 m\u00f4i tr\u01b0\u1eddng s\u1eed d\u1ee5ng t\u1ed1t. S\u1eed d\u1ee5ng l\u00e2u d\u00e0i trong m\u00f4i tr\u01b0\u1eddng kh\u1eafc nghi\u1ec7t s\u1ebd \u1ea3nh h\u01b0\u1edfng \u0111\u1ebfn hi\u1ec7u su\u1ea5t c\u1ee7a bu\u1ed3ng th\u1eed nghi\u1ec7m v\u00e0 c\u00e1c tr\u01b0\u1eddng h\u1ee3p nghi\u00eam tr\u1ecdng c\u0169ng c\u00f3 th\u1ec3 g\u00e2y ra h\u1ecfng h\u00f3c thi\u1ebft b\u1ecb th\u01b0\u1eddng xuy\u00ean.<\/li>\n<li>\u0110\u1ec3 \u0111\u1ea3m b\u1ea3o an to\u00e0n cho ng\u01b0\u1eddi v\u1eadn h\u00e0nh v\u00e0 thi\u1ebft b\u1ecb, vi\u1ec7c v\u1eadn h\u00e0nh v\u00e0 b\u1ea3o d\u01b0\u1ee1ng bu\u1ed3ng th\u1eed nghi\u1ec7m ph\u1ea3i \u0111\u01b0\u1ee3c th\u1ef1c hi\u1ec7n b\u1edfi nh\u00e2n vi\u00ean chuy\u00ean nghi\u1ec7p.<\/li>\n<li>Ngay c\u1ea3 khi kh\u00f4ng c\u00f3 nhi\u1ec1u b\u1ee5i trong m\u00f4i tr\u01b0\u1eddng s\u1eed d\u1ee5ng bu\u1ed3ng th\u1eed nghi\u1ec7m, m\u1ed9t s\u1ed1 h\u1ea1t c\u00f3 th\u1ec3 xu\u1ea5t hi\u1ec7n tr\u00ean c\u00e1nh qu\u1ea1t tu\u1ea7n ho\u00e0n v\u00e0 b\u1ed9 ng\u01b0ng t\u1ee5 khi s\u1eed d\u1ee5ng l\u00e2u d\u00e0i. Trong tr\u01b0\u1eddng h\u1ee3p nghi\u00eam tr\u1ecdng, \u0111\u1ed9 ch\u00ednh x\u00e1c c\u1ee7a k\u1ebft qu\u1ea3 c\u00f3 th\u1ec3 b\u1ecb \u1ea3nh h\u01b0\u1edfng, v\u00ec v\u1eady h\u00e3y th\u01b0\u1eddng xuy\u00ean lo\u1ea1i b\u1ecf b\u1ee5i.<\/li>\n<\/ol>\n<p>Vi\u1ec7c b\u1ea3o d\u01b0\u1ee1ng bu\u1ed3ng th\u1eed nghi\u1ec7m m\u00f4i tr\u01b0\u1eddng nhi\u1ec7t \u0111\u1ed9 v\u00e0 \u0111\u1ed9 \u1ea9m \u0111\u1ec3 b\u00e0n l\u00e0 r\u1ea5t quan tr\u1ecdng. Tr\u01b0\u1edbc khi s\u1eed d\u1ee5ng \u0111\u1ec3 th\u1eed nghi\u1ec7m, b\u1ea1n ph\u1ea3i hi\u1ec3u \u0111\u1ea7y \u0111\u1ee7 c\u00e1c y\u00eau c\u1ea7u v\u1ec1 b\u1ea3o d\u01b0\u1ee1ng bu\u1ed3ng th\u1eed nghi\u1ec7m trong h\u01b0\u1edbng d\u1eabn \u0111\u1ec3 tr\u00e1nh t\u00edch t\u1ee5 nhi\u1ec1u n\u0103m v\u00e0 c\u00e1c m\u1ed1i nguy hi\u1ec3m ti\u1ec1m \u1ea9n trong bu\u1ed3ng th\u1eed nghi\u1ec7m.<\/p>\n<p>C\u00e1c bu\u1ed3ng th\u1eed nghi\u1ec7m m\u00f4i tr\u01b0\u1eddng \u0111\u1ec3 b\u00e0n ch\u1ec9 ph\u00f9 h\u1ee3p \u0111\u1ec3 th\u1eed nghi\u1ec7m c\u00e1c s\u1ea3n ph\u1ea9m nh\u1ecf do k\u00edch th\u01b0\u1edbc c\u1ee7a ch\u00fang. Kh\u00f4ng th\u1ec3 th\u1eed nghi\u1ec7m c\u00e1c s\u1ea3n ph\u1ea9m l\u1edbn h\u01a1n m\u1ed9t ch\u00fat. Hi\u1ec7n t\u1ea1i, c\u1ea7n c\u00f3 c\u00e1c k\u00edch th\u01b0\u1edbc bu\u1ed3ng th\u1eed nghi\u1ec7m m\u00f4i tr\u01b0\u1eddng kh\u00e1c, ch\u1eb3ng h\u1ea1n nh\u01b0 bu\u1ed3ng th\u1eed nghi\u1ec7m m\u00f4i tr\u01b0\u1eddng walk-in.<\/p>\n<p>&nbsp;<\/p>\n<p><strong>Tham kh\u1ea3o<\/strong><\/p>\n<p><a href=\"https:\/\/belltestchamber.com\/the-difference-between-the-walk-in-test-chamber-and-benchtop-test-chamber.html\">https:\/\/belltestchamber.com\/the-difference-between-the-walk-in-test-chamber-and-benchtop-test-chamber.html<\/a><\/p>\n<p><a href=\"https:\/\/belltestchamber.com\/benchtop-environmental-chamber-working-principle-and-features.html\">https:\/\/belltestchamber.com\/benchtop-environmental-chamber-working-principle-and-features.html<\/a><\/p>\n<p><a href=\"https:\/\/belltestchamber.com\/5-steps-to-teach-you-about-the-benchtop-environmental-testing-chamber.html\">https:\/\/belltestchamber.com\/5-steps-to-teach-you-about-the-benchtop-environmental-testing-chamber.html<\/a><\/p>\n<p><a href=\"https:\/\/belltestchamber.com\/small-environmental-test-chamber-guide.html\">https:\/\/belltestchamber.com\/small-environmental-test-chamber-guide.html<\/a><\/p>\n<p><a href=\"https:\/\/belltestchamber.com\/8-reasons-for-using-a-benchtop-temperature-chamber.html\">https:\/\/belltestchamber.com\/8-reasons-for-using-a-benchtop-temperature-chamber.html<\/a><\/p>\n<\/div>\n","protected":false},"excerpt":{"rendered":"<p>Bu\u1ed3ng th\u1eed nhi\u1ec7t \u0111\u1ed9 \u0111\u1ed9 \u1ea9m \u0111\u1ec3 b\u00e0n c\u00f2n g\u1ecdi l\u00e0 bu\u1ed3ng m\u00f4i tr\u01b0\u1eddng nh\u1ecf ho\u1eb7c bu\u1ed3ng m\u00f4i tr\u01b0\u1eddng mini, th\u01b0\u1eddng \u0111\u01b0\u1ee3c s\u1eed d\u1ee5ng \u0111\u1ec3 th\u1eed nghi\u1ec7m c\u00e1c s\u1ea3n ph\u1ea9m t\u01b0\u01a1ng \u0111\u1ed1i nh\u1ecf.<\/p>\n","protected":false},"featured_media":20414,"comment_status":"closed","ping_status":"closed","template":"","meta":[],"product_brand":[],"product_cat":[62],"product_tag":[],"class_list":{"0":"post-20413","1":"product","2":"type-product","3":"status-publish","4":"has-post-thumbnail","6":"product_cat-tu-moi-truong","8":"first","9":"instock","10":"shipping-taxable","11":"product-type-simple"},"acf":[],"_links":{"self":[{"href":"https:\/\/dgbellvietnam.com\/en\/wp-json\/wp\/v2\/product\/20413","targetHints":{"allow":["GET"]}}],"collection":[{"href":"https:\/\/dgbellvietnam.com\/en\/wp-json\/wp\/v2\/product"}],"about":[{"href":"https:\/\/dgbellvietnam.com\/en\/wp-json\/wp\/v2\/types\/product"}],"replies":[{"embeddable":true,"href":"https:\/\/dgbellvietnam.com\/en\/wp-json\/wp\/v2\/comments?post=20413"}],"wp:featuredmedia":[{"embeddable":true,"href":"https:\/\/dgbellvietnam.com\/en\/wp-json\/wp\/v2\/media\/20414"}],"wp:attachment":[{"href":"https:\/\/dgbellvietnam.com\/en\/wp-json\/wp\/v2\/media?parent=20413"}],"wp:term":[{"taxonomy":"product_brand","embeddable":true,"href":"https:\/\/dgbellvietnam.com\/en\/wp-json\/wp\/v2\/product_brand?post=20413"},{"taxonomy":"product_cat","embeddable":true,"href":"https:\/\/dgbellvietnam.com\/en\/wp-json\/wp\/v2\/product_cat?post=20413"},{"taxonomy":"product_tag","embeddable":true,"href":"https:\/\/dgbellvietnam.com\/en\/wp-json\/wp\/v2\/product_tag?post=20413"}],"curies":[{"name":"wp","href":"https:\/\/api.w.org\/{rel}","templated":true}]}}